{"id":58755,"date":"2026-04-20T08:09:01","date_gmt":"2026-04-20T08:09:01","guid":{"rendered":"http:\/\/localhost\/?p=58755"},"modified":"2026-04-20T08:09:01","modified_gmt":"2026-04-20T08:09:01","slug":"poignee-courbee-pour-une-canne","status":"publish","type":"product","link":"https:\/\/sneeboer.ratiodesign.dev\/fr\/outils-de-jardin-forges-a-la-main\/poignee-courbee-pour-une-canne\/","title":{"rendered":"Poign\u00e9e courb\u00e9e pour une canne"},"content":{"rendered":"<p>Magnifique manche courb\u00e9 \u00e0 la vapeur pour le tuteur Sneeboer<\/p>\n<p>Le courbage du bois \u00e0 la vapeur est une technique artisanale qui exige beaucoup d&#039;habilet\u00e9. Ces manches courb\u00e9s ont \u00e9t\u00e9 fabriqu\u00e9s par De Jong\u2019s Houtwarenfabriek \u00e0 Drogeham, en Frise.<\/p>\n","protected":false},"excerpt":{"rendered":"<p>Magnifique manche courb\u00e9 \u00e0 la vapeur pour le tuteur Sneeboer<\/p>\n<p>Le courbage du bois \u00e0 la vapeur est une technique artisanale qui exige beaucoup d&#039;habilet\u00e9. Ces manches courb\u00e9s ont \u00e9t\u00e9 fabriqu\u00e9s par De Jong\u2019s Houtwarenfabriek \u00e0 Drogeham, en Frise.<\/p>\n","protected":false},"featured_media":25255,"template":"","meta":{"inline_featured_image":false,"product_video_url":"","product_360_url":""},"product_brand":[],"product_cat":[282,164,121],"product_tag":[],"weeds":[],"soil_types":[],"class_list":{"0":"post-58755","1":"product","2":"type-product","3":"status-publish","4":"has-post-thumbnail","6":"product_cat-entretien","7":"product_cat-spare-handle-5","8":"product_cat-luxus-kollektion-2","9":"post","11":"first","12":"instock","13":"taxable","14":"shipping-taxable","15":"purchasable","16":"product-type-simple"},"exclude_global_add_ons":[],"addons":[],"yoast_head":"<!-- This site is optimized with the Yoast SEO plugin v27.4 - https:\/\/yoast.com\/product\/yoast-seo-wordpress\/ -->\n<title>Poign\u00e9e courb\u00e9e pour une canne - Sneeboer<\/title>\n<meta name=\"robots\" content=\"index, follow, max-snippet:-1, max-image-preview:large, max-video-preview:-1\" \/>\n<link rel=\"canonical\" href=\"https:\/\/sneeboer.ratiodesign.dev\/fr\/outils-de-jardin-forges-a-la-main\/poignee-courbee-pour-une-canne\/\" \/>\n<meta property=\"og:locale\" content=\"fr_FR\" \/>\n<meta property=\"og:type\" content=\"article\" \/>\n<meta property=\"og:title\" content=\"Poign\u00e9e courb\u00e9e pour une canne - Sneeboer\" \/>\n<meta property=\"og:description\" content=\"Magnifique manche courb\u00e9 \u00e0 la vapeur pour le tuteur Sneeboer Le courbage du bois \u00e0 la vapeur est une technique artisanale qui exige beaucoup d&#039;habilet\u00e9. Ces manches courb\u00e9s ont \u00e9t\u00e9 fabriqu\u00e9s par De Jong\u2019s Houtwarenfabriek \u00e0 Drogeham, en Frise.\" \/>\n<meta property=\"og:url\" content=\"https:\/\/sneeboer.ratiodesign.dev\/fr\/outils-de-jardin-forges-a-la-main\/poignee-courbee-pour-une-canne\/\" \/>\n<meta property=\"og:site_name\" content=\"Sneeboer\" \/>\n<meta property=\"article:publisher\" content=\"https:\/\/www.facebook.com\/Sneeboer\" \/>\n<meta property=\"og:image\" content=\"https:\/\/sneeboer.ratiodesign.dev\/wp-content\/uploads\/2023\/08\/871218.jpg\" \/>\n\t<meta property=\"og:image:width\" content=\"1000\" \/>\n\t<meta property=\"og:image:height\" content=\"1000\" \/>\n\t<meta property=\"og:image:type\" content=\"image\/jpeg\" \/>\n<meta name=\"twitter:card\" content=\"summary_large_image\" \/>\n<!-- \/ Yoast SEO plugin. -->","yoast_head_json":{"title":"Poign\u00e9e courb\u00e9e pour une canne - Sneeboer","robots":{"index":"index","follow":"follow","max-snippet":"max-snippet:-1","max-image-preview":"max-image-preview:large","max-video-preview":"max-video-preview:-1"},"canonical":"https:\/\/sneeboer.ratiodesign.dev\/fr\/outils-de-jardin-forges-a-la-main\/poignee-courbee-pour-une-canne\/","og_locale":"fr_FR","og_type":"article","og_title":"Poign\u00e9e courb\u00e9e pour une canne - Sneeboer","og_description":"Magnifique manche courb\u00e9 \u00e0 la vapeur pour le tuteur Sneeboer Le courbage du bois \u00e0 la vapeur est une technique artisanale qui exige beaucoup d&#039;habilet\u00e9. Ces manches courb\u00e9s ont \u00e9t\u00e9 fabriqu\u00e9s par De Jong\u2019s Houtwarenfabriek \u00e0 Drogeham, en Frise.","og_url":"https:\/\/sneeboer.ratiodesign.dev\/fr\/outils-de-jardin-forges-a-la-main\/poignee-courbee-pour-une-canne\/","og_site_name":"Sneeboer","article_publisher":"https:\/\/www.facebook.com\/Sneeboer","og_image":[{"width":1000,"height":1000,"url":"https:\/\/sneeboer.ratiodesign.dev\/wp-content\/uploads\/2023\/08\/871218.jpg","type":"image\/jpeg"}],"twitter_card":"summary_large_image","schema":{"@context":"https:\/\/schema.org","@graph":[{"@type":"WebPage","@id":"https:\/\/sneeboer.ratiodesign.dev\/fr\/outils-de-jardin-forges-a-la-main\/poignee-courbee-pour-une-canne\/","url":"https:\/\/sneeboer.ratiodesign.dev\/fr\/outils-de-jardin-forges-a-la-main\/poignee-courbee-pour-une-canne\/","name":"Poign\u00e9e courb\u00e9e pour une canne - Sneeboer","isPartOf":{"@id":"https:\/\/sneeboer.ratiodesign.dev\/fr\/#website"},"primaryImageOfPage":{"@id":"https:\/\/sneeboer.ratiodesign.dev\/fr\/outils-de-jardin-forges-a-la-main\/poignee-courbee-pour-une-canne\/#primaryimage"},"image":{"@id":"https:\/\/sneeboer.ratiodesign.dev\/fr\/outils-de-jardin-forges-a-la-main\/poignee-courbee-pour-une-canne\/#primaryimage"},"thumbnailUrl":"https:\/\/sneeboer.ratiodesign.dev\/wp-content\/uploads\/2023\/08\/871218.jpg","datePublished":"2026-04-20T08:09:01+00:00","breadcrumb":{"@id":"https:\/\/sneeboer.ratiodesign.dev\/fr\/outils-de-jardin-forges-a-la-main\/poignee-courbee-pour-une-canne\/#breadcrumb"},"inLanguage":"fr-FR","potentialAction":[{"@type":"ReadAction","target":["https:\/\/sneeboer.ratiodesign.dev\/fr\/outils-de-jardin-forges-a-la-main\/poignee-courbee-pour-une-canne\/"]}]},{"@type":"ImageObject","inLanguage":"fr-FR","@id":"https:\/\/sneeboer.ratiodesign.dev\/fr\/outils-de-jardin-forges-a-la-main\/poignee-courbee-pour-une-canne\/#primaryimage","url":"https:\/\/sneeboer.ratiodesign.dev\/wp-content\/uploads\/2023\/08\/871218.jpg","contentUrl":"https:\/\/sneeboer.ratiodesign.dev\/wp-content\/uploads\/2023\/08\/871218.jpg","width":1000,"height":1000},{"@type":"BreadcrumbList","@id":"https:\/\/sneeboer.ratiodesign.dev\/fr\/outils-de-jardin-forges-a-la-main\/poignee-courbee-pour-une-canne\/#breadcrumb","itemListElement":[{"@type":"ListItem","position":1,"name":"Home","item":"https:\/\/sneeboer.ratiodesign.dev\/fr\/"},{"@type":"ListItem","position":2,"name":"Boutique","item":"https:\/\/sneeboer.ratiodesign.dev\/tuingereedschap\/"},{"@type":"ListItem","position":3,"name":"Poign\u00e9e courb\u00e9e pour une canne"}]},{"@type":"WebSite","@id":"https:\/\/sneeboer.ratiodesign.dev\/fr\/#website","url":"https:\/\/sneeboer.ratiodesign.dev\/fr\/","name":"Sneeboer","description":"Tools for life - and generations to come...","publisher":{"@id":"https:\/\/sneeboer.ratiodesign.dev\/fr\/#organization"},"potentialAction":[{"@type":"SearchAction","target":{"@type":"EntryPoint","urlTemplate":"https:\/\/sneeboer.ratiodesign.dev\/fr\/?s={search_term_string}"},"query-input":{"@type":"PropertyValueSpecification","valueRequired":true,"valueName":"search_term_string"}}],"inLanguage":"fr-FR"},{"@type":"Organization","@id":"https:\/\/sneeboer.ratiodesign.dev\/fr\/#organization","name":"Sneeboer","url":"https:\/\/sneeboer.ratiodesign.dev\/fr\/","logo":{"@type":"ImageObject","inLanguage":"fr-FR","@id":"https:\/\/sneeboer.ratiodesign.dev\/fr\/#\/schema\/logo\/image\/","url":"https:\/\/sneeboer.ratiodesign.dev\/wp-content\/uploads\/2025\/01\/logo-sneeboer.svg","contentUrl":"https:\/\/sneeboer.ratiodesign.dev\/wp-content\/uploads\/2025\/01\/logo-sneeboer.svg","caption":"Sneeboer"},"image":{"@id":"https:\/\/sneeboer.ratiodesign.dev\/fr\/#\/schema\/logo\/image\/"},"sameAs":["https:\/\/www.facebook.com\/Sneeboer","https:\/\/www.instagram.com\/sneeboer\/","https:\/\/www.youtube.com\/channel\/UCW9Qf54JFJFwVHzRNJbLAcg","https:\/\/pinterest.com\/sneeboer"]}]}},"_links":{"self":[{"href":"https:\/\/sneeboer.ratiodesign.dev\/fr\/wp-json\/wp\/v2\/product\/58755","targetHints":{"allow":["GET"]}}],"collection":[{"href":"https:\/\/sneeboer.ratiodesign.dev\/fr\/wp-json\/wp\/v2\/product"}],"about":[{"href":"https:\/\/sneeboer.ratiodesign.dev\/fr\/wp-json\/wp\/v2\/types\/product"}],"wp:featuredmedia":[{"embeddable":true,"href":"https:\/\/sneeboer.ratiodesign.dev\/fr\/wp-json\/wp\/v2\/media\/25255"}],"wp:attachment":[{"href":"https:\/\/sneeboer.ratiodesign.dev\/fr\/wp-json\/wp\/v2\/media?parent=58755"}],"wp:term":[{"taxonomy":"product_brand","embeddable":true,"href":"https:\/\/sneeboer.ratiodesign.dev\/fr\/wp-json\/wp\/v2\/product_brand?post=58755"},{"taxonomy":"product_cat","embeddable":true,"href":"https:\/\/sneeboer.ratiodesign.dev\/fr\/wp-json\/wp\/v2\/product_cat?post=58755"},{"taxonomy":"product_tag","embeddable":true,"href":"https:\/\/sneeboer.ratiodesign.dev\/fr\/wp-json\/wp\/v2\/product_tag?post=58755"},{"taxonomy":"weeds","embeddable":true,"href":"https:\/\/sneeboer.ratiodesign.dev\/fr\/wp-json\/wp\/v2\/weeds?post=58755"},{"taxonomy":"soil_types","embeddable":true,"href":"https:\/\/sneeboer.ratiodesign.dev\/fr\/wp-json\/wp\/v2\/soil_types?post=58755"}],"curies":[{"name":"wp","href":"https:\/\/api.w.org\/{rel}","templated":true}]}}