{"id":53644,"date":"2023-06-20T16:33:51","date_gmt":"2023-06-20T14:33:51","guid":{"rendered":"https:\/\/sneeboer.com\/handgesmeed-tuingereedschap\/wrotter-de-luxe"},"modified":"2023-08-03T14:37:40","modified_gmt":"2023-08-03T12:37:40","slug":"wrotter-de-luxe","status":"publish","type":"product","link":"https:\/\/sneeboer.ratiodesign.dev\/fr\/outils-de-jardin-forges-a-la-main\/wrotter-de-luxe\/","title":{"rendered":"Wrotter de LUXE"},"content":{"rendered":"<p>Le nom\u00a0<em>Wrotter<\/em>\u00a0vient du frison, une des plus vieilles langues des Pays-Bas et veut dire &#8216;bon travailleur&#8217;. C&#8217;est un outil tr\u00e8s intelligent pour d\u00e9sherber les mauvaises herbes dans les espaces o\u00f9 le d\u00e9sherbage n&#8217;est presque pas possible (par exemple dans les parterres de roses). Aussi bien pour le d\u00e9sherbage de mauvaises herbes dans la pelouse. Avec le\u00a0<em>Wrotter\u00a0<\/em>vous tirez les racines compl\u00e8tement du sol.<\/p>\n","protected":false},"excerpt":{"rendered":"<p>Le nom\u00a0<em>Wrotter<\/em>\u00a0vient du frison, une des plus vieilles langues des Pays-Bas et veut dire &#8216;bon travailleur&#8217;. C&#8217;est un outil tr\u00e8s intelligent pour d\u00e9sherber les mauvaises herbes dans les espaces o\u00f9 le d\u00e9sherbage n&#8217;est presque pas possible (par exemple dans les parterres de roses). Aussi bien pour le d\u00e9sherbage de mauvaises herbes dans la pelouse. Avec le\u00a0<em>Wrotter\u00a0<\/em>vous tirez les racines compl\u00e8tement du sol.<\/p>\n","protected":false},"featured_media":0,"template":"","meta":{"inline_featured_image":false,"product_video_url":"","product_360_url":""},"product_brand":[],"product_cat":[78],"product_tag":[],"weeds":[],"soil_types":[],"class_list":{"0":"post-53644","1":"product","2":"type-product","3":"status-publish","5":"product_cat-nos-collections","6":"post","8":"first","9":"instock","10":"taxable","11":"shipping-taxable","12":"purchasable","13":"product-type-simple"},"exclude_global_add_ons":false,"addons":[{"name":"Gravure","type":"custom_text","position":0,"required":false,"title_format":"heading","default":"","description_enable":false,"description":"Entrez jusqu'\u00e0 50 caract\u00e8res.","placeholder_enable":false,"placeholder":"","display":"select","restrictions_type":"any_text","adjust_price":true,"price":"4.92","price_type":"quantity_based","restrictions":true,"min":"1","max":"50","options":[],"id":1684165753}],"yoast_head":"<!-- This site is optimized with the Yoast SEO plugin v27.4 - https:\/\/yoast.com\/product\/yoast-seo-wordpress\/ -->\n<title>Wrotter de LUXE - Sneeboer<\/title>\n<meta name=\"robots\" content=\"index, follow, max-snippet:-1, max-image-preview:large, max-video-preview:-1\" \/>\n<link rel=\"canonical\" href=\"https:\/\/sneeboer.ratiodesign.dev\/fr\/outils-de-jardin-forges-a-la-main\/wrotter-de-luxe\/\" \/>\n<meta property=\"og:locale\" content=\"fr_FR\" \/>\n<meta property=\"og:type\" content=\"article\" \/>\n<meta property=\"og:title\" content=\"Wrotter de LUXE - Sneeboer\" \/>\n<meta property=\"og:description\" content=\"Le nom\u00a0Wrotter\u00a0vient du frison, une des plus vieilles langues des Pays-Bas et veut dire &#039;bon travailleur&#039;. C&#039;est un outil tr\u00e8s intelligent pour d\u00e9sherber les mauvaises herbes dans les espaces o\u00f9 le d\u00e9sherbage n&#039;est presque pas possible (par exemple dans les parterres de roses). Aussi bien pour le d\u00e9sherbage de mauvaises herbes dans la pelouse. Avec le\u00a0Wrotter\u00a0vous tirez les racines compl\u00e8tement du sol.\" \/>\n<meta property=\"og:url\" content=\"https:\/\/sneeboer.ratiodesign.dev\/fr\/outils-de-jardin-forges-a-la-main\/wrotter-de-luxe\/\" \/>\n<meta property=\"og:site_name\" content=\"Sneeboer\" \/>\n<meta property=\"article:publisher\" content=\"https:\/\/www.facebook.com\/Sneeboer\" \/>\n<meta property=\"article:modified_time\" content=\"2023-08-03T12:37:40+00:00\" \/>\n<meta name=\"twitter:card\" content=\"summary_large_image\" \/>\n<!-- \/ Yoast SEO plugin. -->","yoast_head_json":{"title":"Wrotter de LUXE - Sneeboer","robots":{"index":"index","follow":"follow","max-snippet":"max-snippet:-1","max-image-preview":"max-image-preview:large","max-video-preview":"max-video-preview:-1"},"canonical":"https:\/\/sneeboer.ratiodesign.dev\/fr\/outils-de-jardin-forges-a-la-main\/wrotter-de-luxe\/","og_locale":"fr_FR","og_type":"article","og_title":"Wrotter de LUXE - Sneeboer","og_description":"Le nom\u00a0Wrotter\u00a0vient du frison, une des plus vieilles langues des Pays-Bas et veut dire 'bon travailleur'. C'est un outil tr\u00e8s intelligent pour d\u00e9sherber les mauvaises herbes dans les espaces o\u00f9 le d\u00e9sherbage n'est presque pas possible (par exemple dans les parterres de roses). Aussi bien pour le d\u00e9sherbage de mauvaises herbes dans la pelouse. Avec le\u00a0Wrotter\u00a0vous tirez les racines compl\u00e8tement du sol.","og_url":"https:\/\/sneeboer.ratiodesign.dev\/fr\/outils-de-jardin-forges-a-la-main\/wrotter-de-luxe\/","og_site_name":"Sneeboer","article_publisher":"https:\/\/www.facebook.com\/Sneeboer","article_modified_time":"2023-08-03T12:37:40+00:00","twitter_card":"summary_large_image","schema":{"@context":"https:\/\/schema.org","@graph":[{"@type":"WebPage","@id":"https:\/\/sneeboer.ratiodesign.dev\/fr\/outils-de-jardin-forges-a-la-main\/wrotter-de-luxe\/","url":"https:\/\/sneeboer.ratiodesign.dev\/fr\/outils-de-jardin-forges-a-la-main\/wrotter-de-luxe\/","name":"Wrotter de LUXE - Sneeboer","isPartOf":{"@id":"https:\/\/sneeboer.ratiodesign.dev\/fr\/#website"},"datePublished":"2023-06-20T14:33:51+00:00","dateModified":"2023-08-03T12:37:40+00:00","breadcrumb":{"@id":"https:\/\/sneeboer.ratiodesign.dev\/fr\/outils-de-jardin-forges-a-la-main\/wrotter-de-luxe\/#breadcrumb"},"inLanguage":"fr-FR","potentialAction":[{"@type":"ReadAction","target":["https:\/\/sneeboer.ratiodesign.dev\/fr\/outils-de-jardin-forges-a-la-main\/wrotter-de-luxe\/"]}]},{"@type":"BreadcrumbList","@id":"https:\/\/sneeboer.ratiodesign.dev\/fr\/outils-de-jardin-forges-a-la-main\/wrotter-de-luxe\/#breadcrumb","itemListElement":[{"@type":"ListItem","position":1,"name":"Home","item":"https:\/\/sneeboer.ratiodesign.dev\/fr\/"},{"@type":"ListItem","position":2,"name":"Boutique","item":"https:\/\/sneeboer.ratiodesign.dev\/tuingereedschap\/"},{"@type":"ListItem","position":3,"name":"Wrotter de LUXE"}]},{"@type":"WebSite","@id":"https:\/\/sneeboer.ratiodesign.dev\/fr\/#website","url":"https:\/\/sneeboer.ratiodesign.dev\/fr\/","name":"Sneeboer","description":"Tools for life - and generations to come...","publisher":{"@id":"https:\/\/sneeboer.ratiodesign.dev\/fr\/#organization"},"potentialAction":[{"@type":"SearchAction","target":{"@type":"EntryPoint","urlTemplate":"https:\/\/sneeboer.ratiodesign.dev\/fr\/?s={search_term_string}"},"query-input":{"@type":"PropertyValueSpecification","valueRequired":true,"valueName":"search_term_string"}}],"inLanguage":"fr-FR"},{"@type":"Organization","@id":"https:\/\/sneeboer.ratiodesign.dev\/fr\/#organization","name":"Sneeboer","url":"https:\/\/sneeboer.ratiodesign.dev\/fr\/","logo":{"@type":"ImageObject","inLanguage":"fr-FR","@id":"https:\/\/sneeboer.ratiodesign.dev\/fr\/#\/schema\/logo\/image\/","url":"https:\/\/sneeboer.ratiodesign.dev\/wp-content\/uploads\/2025\/01\/logo-sneeboer.svg","contentUrl":"https:\/\/sneeboer.ratiodesign.dev\/wp-content\/uploads\/2025\/01\/logo-sneeboer.svg","caption":"Sneeboer"},"image":{"@id":"https:\/\/sneeboer.ratiodesign.dev\/fr\/#\/schema\/logo\/image\/"},"sameAs":["https:\/\/www.facebook.com\/Sneeboer","https:\/\/www.instagram.com\/sneeboer\/","https:\/\/www.youtube.com\/channel\/UCW9Qf54JFJFwVHzRNJbLAcg","https:\/\/pinterest.com\/sneeboer"]}]}},"_links":{"self":[{"href":"https:\/\/sneeboer.ratiodesign.dev\/fr\/wp-json\/wp\/v2\/product\/53644","targetHints":{"allow":["GET"]}}],"collection":[{"href":"https:\/\/sneeboer.ratiodesign.dev\/fr\/wp-json\/wp\/v2\/product"}],"about":[{"href":"https:\/\/sneeboer.ratiodesign.dev\/fr\/wp-json\/wp\/v2\/types\/product"}],"wp:attachment":[{"href":"https:\/\/sneeboer.ratiodesign.dev\/fr\/wp-json\/wp\/v2\/media?parent=53644"}],"wp:term":[{"taxonomy":"product_brand","embeddable":true,"href":"https:\/\/sneeboer.ratiodesign.dev\/fr\/wp-json\/wp\/v2\/product_brand?post=53644"},{"taxonomy":"product_cat","embeddable":true,"href":"https:\/\/sneeboer.ratiodesign.dev\/fr\/wp-json\/wp\/v2\/product_cat?post=53644"},{"taxonomy":"product_tag","embeddable":true,"href":"https:\/\/sneeboer.ratiodesign.dev\/fr\/wp-json\/wp\/v2\/product_tag?post=53644"},{"taxonomy":"weeds","embeddable":true,"href":"https:\/\/sneeboer.ratiodesign.dev\/fr\/wp-json\/wp\/v2\/weeds?post=53644"},{"taxonomy":"soil_types","embeddable":true,"href":"https:\/\/sneeboer.ratiodesign.dev\/fr\/wp-json\/wp\/v2\/soil_types?post=53644"}],"curies":[{"name":"wp","href":"https:\/\/api.w.org\/{rel}","templated":true}]}}