{"id":53567,"date":"2023-05-10T07:12:13","date_gmt":"2023-05-10T05:12:13","guid":{"rendered":"https:\/\/testsite.sneeboer.com\/tuingereedschap\/tariere-pour-echantillon-de-sol"},"modified":"2024-02-08T11:18:05","modified_gmt":"2024-02-08T10:18:05","slug":"tariere-pour-echantillon-de-sol","status":"publish","type":"product","link":"https:\/\/sneeboer.ratiodesign.dev\/fr\/outils-de-jardin-forges-a-la-main\/tariere-pour-echantillon-de-sol\/","title":{"rendered":"Tari\u00e8re pour \u00e9chantillon de sol"},"content":{"rendered":"","protected":false},"excerpt":{"rendered":"<p>Cet outil est sp\u00e9cialement d\u00e9velopp\u00e9 pour collectionner des \u00e9chantillons de sol. Le tari\u00e8re est compl\u00e8tement fait en acier inox, donc vous pourriez donner beaucoup de force.<\/p>\n<p>\u00a0<\/p>\n<p>The soil sample drill set comes into two pieces, the actual soil sample drill and \u201cthe Thumb\u201d, a stainless-steel protection to get the core out.<\/p>\n<p>\u00a0<\/p>\n<p>Instruction:<\/p>\n<p>The drill, push the drill with 2 hands firmly into the soil, turn the drill a quarter and pull up, the sample (core) sticks into the drill and is ready to be examined. To get the sample (core) out of the drill we supplied the stainless thumb, your protection. Put your own thumb into the stainless thumb and push the core out.<\/p>\n<p>Due sharpness of both sides of the drill and possible burs, taking out the core with your own thumb (without the stainless protection) you might scratch\/open your thumb (Bleeding).<\/p>\n<p>\u00a0<\/p>\n<p>\u00a0<\/p>\n","protected":false},"featured_media":21552,"template":"","meta":{"inline_featured_image":false,"product_video_url":"","product_360_url":""},"product_brand":[],"product_cat":[209],"product_tag":[333],"weeds":[],"soil_types":[598,599],"class_list":{"0":"post-53567","1":"product","2":"type-product","3":"status-publish","4":"has-post-thumbnail","6":"product_cat-collections-speciales","7":"product_tag-creuser","8":"soil_types-klei-fr","9":"soil_types-modder-slijk-fr","10":"post","12":"first","13":"instock","14":"taxable","15":"shipping-taxable","16":"purchasable","17":"product-type-simple"},"exclude_global_add_ons":[],"addons":[],"yoast_head":"<!-- This site is optimized with the Yoast SEO plugin v27.4 - https:\/\/yoast.com\/product\/yoast-seo-wordpress\/ -->\n<title>Tari\u00e8re pour \u00e9chantillon de sol - Sneeboer<\/title>\n<meta name=\"robots\" content=\"index, follow, max-snippet:-1, max-image-preview:large, max-video-preview:-1\" \/>\n<link rel=\"canonical\" href=\"https:\/\/sneeboer.ratiodesign.dev\/fr\/outils-de-jardin-forges-a-la-main\/tariere-pour-echantillon-de-sol\/\" \/>\n<meta property=\"og:locale\" content=\"fr_FR\" \/>\n<meta property=\"og:type\" content=\"article\" \/>\n<meta property=\"og:title\" content=\"Tari\u00e8re pour \u00e9chantillon de sol - Sneeboer\" \/>\n<meta property=\"og:description\" content=\"Cet outil est sp\u00e9cialement d\u00e9velopp\u00e9 pour collectionner des \u00e9chantillons de sol. Le tari\u00e8re est compl\u00e8tement fait en acier inox, donc vous pourriez donner beaucoup de force. \u00a0 The soil sample drill set comes into two pieces, the actual soil sample drill and \u201cthe Thumb\u201d, a stainless-steel protection to get the core out. \u00a0 Instruction: The drill, push the drill with 2 hands firmly into the soil, turn the drill a quarter and pull up, the sample (core) sticks into the drill and is ready to be examined. To get the sample (core) out of the drill we supplied the stainless thumb, your protection. Put your own thumb into the stainless thumb and push the core out. Due sharpness of both sides of the drill and possible burs, taking out the core with your own thumb (without the stainless protection) you might scratch\/open your thumb (Bleeding). \u00a0 \u00a0\" \/>\n<meta property=\"og:url\" content=\"https:\/\/sneeboer.ratiodesign.dev\/fr\/outils-de-jardin-forges-a-la-main\/tariere-pour-echantillon-de-sol\/\" \/>\n<meta property=\"og:site_name\" content=\"Sneeboer\" \/>\n<meta property=\"article:publisher\" content=\"https:\/\/www.facebook.com\/Sneeboer\" \/>\n<meta property=\"article:modified_time\" content=\"2024-02-08T10:18:05+00:00\" \/>\n<meta property=\"og:image\" content=\"https:\/\/sneeboer.ratiodesign.dev\/wp-content\/uploads\/2023\/05\/8715093070022-1.jpg\" \/>\n\t<meta property=\"og:image:width\" content=\"1024\" \/>\n\t<meta property=\"og:image:height\" content=\"1024\" \/>\n\t<meta property=\"og:image:type\" content=\"image\/jpeg\" \/>\n<meta name=\"twitter:card\" content=\"summary_large_image\" \/>\n<!-- \/ Yoast SEO plugin. -->","yoast_head_json":{"title":"Tari\u00e8re pour \u00e9chantillon de sol - Sneeboer","robots":{"index":"index","follow":"follow","max-snippet":"max-snippet:-1","max-image-preview":"max-image-preview:large","max-video-preview":"max-video-preview:-1"},"canonical":"https:\/\/sneeboer.ratiodesign.dev\/fr\/outils-de-jardin-forges-a-la-main\/tariere-pour-echantillon-de-sol\/","og_locale":"fr_FR","og_type":"article","og_title":"Tari\u00e8re pour \u00e9chantillon de sol - Sneeboer","og_description":"Cet outil est sp\u00e9cialement d\u00e9velopp\u00e9 pour collectionner des \u00e9chantillons de sol. Le tari\u00e8re est compl\u00e8tement fait en acier inox, donc vous pourriez donner beaucoup de force. \u00a0 The soil sample drill set comes into two pieces, the actual soil sample drill and \u201cthe Thumb\u201d, a stainless-steel protection to get the core out. \u00a0 Instruction: The drill, push the drill with 2 hands firmly into the soil, turn the drill a quarter and pull up, the sample (core) sticks into the drill and is ready to be examined. To get the sample (core) out of the drill we supplied the stainless thumb, your protection. Put your own thumb into the stainless thumb and push the core out. Due sharpness of both sides of the drill and possible burs, taking out the core with your own thumb (without the stainless protection) you might scratch\/open your thumb (Bleeding). \u00a0 \u00a0","og_url":"https:\/\/sneeboer.ratiodesign.dev\/fr\/outils-de-jardin-forges-a-la-main\/tariere-pour-echantillon-de-sol\/","og_site_name":"Sneeboer","article_publisher":"https:\/\/www.facebook.com\/Sneeboer","article_modified_time":"2024-02-08T10:18:05+00:00","og_image":[{"width":1024,"height":1024,"url":"https:\/\/sneeboer.ratiodesign.dev\/wp-content\/uploads\/2023\/05\/8715093070022-1.jpg","type":"image\/jpeg"}],"twitter_card":"summary_large_image","schema":{"@context":"https:\/\/schema.org","@graph":[{"@type":"WebPage","@id":"https:\/\/sneeboer.ratiodesign.dev\/fr\/outils-de-jardin-forges-a-la-main\/tariere-pour-echantillon-de-sol\/","url":"https:\/\/sneeboer.ratiodesign.dev\/fr\/outils-de-jardin-forges-a-la-main\/tariere-pour-echantillon-de-sol\/","name":"Tari\u00e8re pour \u00e9chantillon de sol - Sneeboer","isPartOf":{"@id":"https:\/\/sneeboer.ratiodesign.dev\/fr\/#website"},"primaryImageOfPage":{"@id":"https:\/\/sneeboer.ratiodesign.dev\/fr\/outils-de-jardin-forges-a-la-main\/tariere-pour-echantillon-de-sol\/#primaryimage"},"image":{"@id":"https:\/\/sneeboer.ratiodesign.dev\/fr\/outils-de-jardin-forges-a-la-main\/tariere-pour-echantillon-de-sol\/#primaryimage"},"thumbnailUrl":"https:\/\/sneeboer.ratiodesign.dev\/wp-content\/uploads\/2023\/05\/8715093070022-1.jpg","datePublished":"2023-05-10T05:12:13+00:00","dateModified":"2024-02-08T10:18:05+00:00","breadcrumb":{"@id":"https:\/\/sneeboer.ratiodesign.dev\/fr\/outils-de-jardin-forges-a-la-main\/tariere-pour-echantillon-de-sol\/#breadcrumb"},"inLanguage":"fr-FR","potentialAction":[{"@type":"ReadAction","target":["https:\/\/sneeboer.ratiodesign.dev\/fr\/outils-de-jardin-forges-a-la-main\/tariere-pour-echantillon-de-sol\/"]}]},{"@type":"ImageObject","inLanguage":"fr-FR","@id":"https:\/\/sneeboer.ratiodesign.dev\/fr\/outils-de-jardin-forges-a-la-main\/tariere-pour-echantillon-de-sol\/#primaryimage","url":"https:\/\/sneeboer.ratiodesign.dev\/wp-content\/uploads\/2023\/05\/8715093070022-1.jpg","contentUrl":"https:\/\/sneeboer.ratiodesign.dev\/wp-content\/uploads\/2023\/05\/8715093070022-1.jpg","width":1024,"height":1024},{"@type":"BreadcrumbList","@id":"https:\/\/sneeboer.ratiodesign.dev\/fr\/outils-de-jardin-forges-a-la-main\/tariere-pour-echantillon-de-sol\/#breadcrumb","itemListElement":[{"@type":"ListItem","position":1,"name":"Home","item":"https:\/\/sneeboer.ratiodesign.dev\/fr\/"},{"@type":"ListItem","position":2,"name":"Boutique","item":"https:\/\/sneeboer.ratiodesign.dev\/tuingereedschap\/"},{"@type":"ListItem","position":3,"name":"Tari\u00e8re pour \u00e9chantillon de sol"}]},{"@type":"WebSite","@id":"https:\/\/sneeboer.ratiodesign.dev\/fr\/#website","url":"https:\/\/sneeboer.ratiodesign.dev\/fr\/","name":"Sneeboer","description":"Tools for life - and generations to come...","publisher":{"@id":"https:\/\/sneeboer.ratiodesign.dev\/fr\/#organization"},"potentialAction":[{"@type":"SearchAction","target":{"@type":"EntryPoint","urlTemplate":"https:\/\/sneeboer.ratiodesign.dev\/fr\/?s={search_term_string}"},"query-input":{"@type":"PropertyValueSpecification","valueRequired":true,"valueName":"search_term_string"}}],"inLanguage":"fr-FR"},{"@type":"Organization","@id":"https:\/\/sneeboer.ratiodesign.dev\/fr\/#organization","name":"Sneeboer","url":"https:\/\/sneeboer.ratiodesign.dev\/fr\/","logo":{"@type":"ImageObject","inLanguage":"fr-FR","@id":"https:\/\/sneeboer.ratiodesign.dev\/fr\/#\/schema\/logo\/image\/","url":"https:\/\/sneeboer.ratiodesign.dev\/wp-content\/uploads\/2025\/01\/logo-sneeboer.svg","contentUrl":"https:\/\/sneeboer.ratiodesign.dev\/wp-content\/uploads\/2025\/01\/logo-sneeboer.svg","caption":"Sneeboer"},"image":{"@id":"https:\/\/sneeboer.ratiodesign.dev\/fr\/#\/schema\/logo\/image\/"},"sameAs":["https:\/\/www.facebook.com\/Sneeboer","https:\/\/www.instagram.com\/sneeboer\/","https:\/\/www.youtube.com\/channel\/UCW9Qf54JFJFwVHzRNJbLAcg","https:\/\/pinterest.com\/sneeboer"]}]}},"_links":{"self":[{"href":"https:\/\/sneeboer.ratiodesign.dev\/fr\/wp-json\/wp\/v2\/product\/53567","targetHints":{"allow":["GET"]}}],"collection":[{"href":"https:\/\/sneeboer.ratiodesign.dev\/fr\/wp-json\/wp\/v2\/product"}],"about":[{"href":"https:\/\/sneeboer.ratiodesign.dev\/fr\/wp-json\/wp\/v2\/types\/product"}],"wp:featuredmedia":[{"embeddable":true,"href":"https:\/\/sneeboer.ratiodesign.dev\/fr\/wp-json\/wp\/v2\/media\/21552"}],"wp:attachment":[{"href":"https:\/\/sneeboer.ratiodesign.dev\/fr\/wp-json\/wp\/v2\/media?parent=53567"}],"wp:term":[{"taxonomy":"product_brand","embeddable":true,"href":"https:\/\/sneeboer.ratiodesign.dev\/fr\/wp-json\/wp\/v2\/product_brand?post=53567"},{"taxonomy":"product_cat","embeddable":true,"href":"https:\/\/sneeboer.ratiodesign.dev\/fr\/wp-json\/wp\/v2\/product_cat?post=53567"},{"taxonomy":"product_tag","embeddable":true,"href":"https:\/\/sneeboer.ratiodesign.dev\/fr\/wp-json\/wp\/v2\/product_tag?post=53567"},{"taxonomy":"weeds","embeddable":true,"href":"https:\/\/sneeboer.ratiodesign.dev\/fr\/wp-json\/wp\/v2\/weeds?post=53567"},{"taxonomy":"soil_types","embeddable":true,"href":"https:\/\/sneeboer.ratiodesign.dev\/fr\/wp-json\/wp\/v2\/soil_types?post=53567"}],"curies":[{"name":"wp","href":"https:\/\/api.w.org\/{rel}","templated":true}]}}