{"id":52532,"date":"2023-05-09T20:45:17","date_gmt":"2023-05-09T18:45:17","guid":{"rendered":"https:\/\/testsite.sneeboer.com\/tuingereedschap\/arends-pelle-a-transplanter-a-main"},"modified":"2026-03-16T09:59:55","modified_gmt":"2026-03-16T08:59:55","slug":"arends-pelle-a-transplanter-a-main","status":"publish","type":"product","link":"https:\/\/sneeboer.ratiodesign.dev\/fr\/outils-de-jardin-forges-a-la-main\/arends-pelle-a-transplanter-a-main\/","title":{"rendered":"Arends Pelle \u00e0 transplanter \u00e0 main"},"content":{"rendered":"","protected":false},"excerpt":{"rendered":"<p>Cette pelle \u00e0 transplanter est d\u00e9velopp\u00e9e par et pour Georg Arends. Arends a fond\u00e9 sa p\u00e9pini\u00e8re en 1888 et a gagn\u00e9 beaucoup de d\u00e9corations d&#8217;une soci\u00e9t\u00e9 anglais pour l&#8217;horticulture\u00a0<em>(Royal Horticultural Society)<\/em>\u00a0pour ses plantes. En 1920 sa pelle a \u00e9t\u00e9 r\u00e9alis\u00e9 pour l&#8217;utilisation professionnelle.\u00a0Nous avons trouv\u00e9 la pelle dans &#8220;l&#8217;archives d&#8217;Arends&#8221; et nous avons lanc\u00e9 encore une fois la pelle d&#8217;Arends.<\/p>\n<p>Avec cette pelle vous pouvez cr\u00e9er un trous parfait au sol. Par sa conception ergonomique, cette pelle \u00e9vite du mal au poignet. \u00a0<\/p>\n","protected":false},"featured_media":15132,"template":"","meta":{"inline_featured_image":false,"product_video_url":"","product_360_url":""},"product_brand":[],"product_cat":[102,182],"product_tag":[333,492,525],"weeds":[],"soil_types":[],"class_list":{"0":"post-52532","1":"product","2":"type-product","3":"status-publish","4":"has-post-thumbnail","6":"product_cat-outils-a-main","7":"product_cat-plantoir-truelle","8":"product_tag-creuser","9":"product_tag-plantation-fr","10":"product_tag-transplantation","11":"post","13":"first","14":"instock","15":"taxable","16":"shipping-taxable","17":"purchasable","18":"product-type-variable"},"exclude_global_add_ons":false,"addons":[{"name":"Gravure","type":"custom_text","position":0,"required":false,"title_format":"heading","default":"","description_enable":false,"description":"Entrez jusqu'\u00e0 50 caract\u00e8res.","placeholder_enable":false,"placeholder":"","display":"select","restrictions_type":"any_text","adjust_price":true,"price":"4.92","price_type":"quantity_based","restrictions":true,"min":"1","max":"50","options":[],"id":1684165753}],"yoast_head":"<!-- This site is optimized with the Yoast SEO plugin v27.4 - https:\/\/yoast.com\/product\/yoast-seo-wordpress\/ -->\n<title>Arends Pelle \u00e0 transplanter \u00e0 main - Sneeboer<\/title>\n<meta name=\"robots\" content=\"index, follow, max-snippet:-1, max-image-preview:large, max-video-preview:-1\" \/>\n<link rel=\"canonical\" href=\"https:\/\/sneeboer.ratiodesign.dev\/fr\/outils-de-jardin-forges-a-la-main\/arends-pelle-a-transplanter-a-main\/\" \/>\n<meta property=\"og:locale\" content=\"fr_FR\" \/>\n<meta property=\"og:type\" content=\"article\" \/>\n<meta property=\"og:title\" content=\"Arends Pelle \u00e0 transplanter \u00e0 main - Sneeboer\" \/>\n<meta property=\"og:description\" content=\"Cette pelle \u00e0 transplanter est d\u00e9velopp\u00e9e par et pour Georg Arends. Arends a fond\u00e9 sa p\u00e9pini\u00e8re en 1888 et a gagn\u00e9 beaucoup de d\u00e9corations d&#039;une soci\u00e9t\u00e9 anglais pour l&#039;horticulture\u00a0(Royal Horticultural Society)\u00a0pour ses plantes. En 1920 sa pelle a \u00e9t\u00e9 r\u00e9alis\u00e9 pour l&#039;utilisation professionnelle.\u00a0Nous avons trouv\u00e9 la pelle dans &quot;l&#039;archives d&#039;Arends&quot; et nous avons lanc\u00e9 encore une fois la pelle d&#039;Arends. Avec cette pelle vous pouvez cr\u00e9er un trous parfait au sol. Par sa conception ergonomique, cette pelle \u00e9vite du mal au poignet. \u00a0\" \/>\n<meta property=\"og:url\" content=\"https:\/\/sneeboer.ratiodesign.dev\/fr\/outils-de-jardin-forges-a-la-main\/arends-pelle-a-transplanter-a-main\/\" \/>\n<meta property=\"og:site_name\" content=\"Sneeboer\" \/>\n<meta property=\"article:publisher\" content=\"https:\/\/www.facebook.com\/Sneeboer\" \/>\n<meta property=\"article:modified_time\" content=\"2026-03-16T08:59:55+00:00\" \/>\n<meta property=\"og:image\" content=\"https:\/\/sneeboer.ratiodesign.dev\/wp-content\/uploads\/2023\/05\/8715093045174-1.jpg\" \/>\n\t<meta property=\"og:image:width\" content=\"1024\" \/>\n\t<meta property=\"og:image:height\" content=\"1024\" \/>\n\t<meta property=\"og:image:type\" content=\"image\/jpeg\" \/>\n<meta name=\"twitter:card\" content=\"summary_large_image\" \/>\n<!-- \/ Yoast SEO plugin. -->","yoast_head_json":{"title":"Arends Pelle \u00e0 transplanter \u00e0 main - Sneeboer","robots":{"index":"index","follow":"follow","max-snippet":"max-snippet:-1","max-image-preview":"max-image-preview:large","max-video-preview":"max-video-preview:-1"},"canonical":"https:\/\/sneeboer.ratiodesign.dev\/fr\/outils-de-jardin-forges-a-la-main\/arends-pelle-a-transplanter-a-main\/","og_locale":"fr_FR","og_type":"article","og_title":"Arends Pelle \u00e0 transplanter \u00e0 main - Sneeboer","og_description":"Cette pelle \u00e0 transplanter est d\u00e9velopp\u00e9e par et pour Georg Arends. Arends a fond\u00e9 sa p\u00e9pini\u00e8re en 1888 et a gagn\u00e9 beaucoup de d\u00e9corations d'une soci\u00e9t\u00e9 anglais pour l'horticulture\u00a0(Royal Horticultural Society)\u00a0pour ses plantes. En 1920 sa pelle a \u00e9t\u00e9 r\u00e9alis\u00e9 pour l'utilisation professionnelle.\u00a0Nous avons trouv\u00e9 la pelle dans \"l'archives d'Arends\" et nous avons lanc\u00e9 encore une fois la pelle d'Arends. Avec cette pelle vous pouvez cr\u00e9er un trous parfait au sol. Par sa conception ergonomique, cette pelle \u00e9vite du mal au poignet. \u00a0","og_url":"https:\/\/sneeboer.ratiodesign.dev\/fr\/outils-de-jardin-forges-a-la-main\/arends-pelle-a-transplanter-a-main\/","og_site_name":"Sneeboer","article_publisher":"https:\/\/www.facebook.com\/Sneeboer","article_modified_time":"2026-03-16T08:59:55+00:00","og_image":[{"width":1024,"height":1024,"url":"https:\/\/sneeboer.ratiodesign.dev\/wp-content\/uploads\/2023\/05\/8715093045174-1.jpg","type":"image\/jpeg"}],"twitter_card":"summary_large_image","schema":{"@context":"https:\/\/schema.org","@graph":[{"@type":"WebPage","@id":"https:\/\/sneeboer.ratiodesign.dev\/fr\/outils-de-jardin-forges-a-la-main\/arends-pelle-a-transplanter-a-main\/","url":"https:\/\/sneeboer.ratiodesign.dev\/fr\/outils-de-jardin-forges-a-la-main\/arends-pelle-a-transplanter-a-main\/","name":"Arends Pelle \u00e0 transplanter \u00e0 main - Sneeboer","isPartOf":{"@id":"https:\/\/sneeboer.ratiodesign.dev\/fr\/#website"},"primaryImageOfPage":{"@id":"https:\/\/sneeboer.ratiodesign.dev\/fr\/outils-de-jardin-forges-a-la-main\/arends-pelle-a-transplanter-a-main\/#primaryimage"},"image":{"@id":"https:\/\/sneeboer.ratiodesign.dev\/fr\/outils-de-jardin-forges-a-la-main\/arends-pelle-a-transplanter-a-main\/#primaryimage"},"thumbnailUrl":"https:\/\/sneeboer.ratiodesign.dev\/wp-content\/uploads\/2023\/05\/8715093045174-1.jpg","datePublished":"2023-05-09T18:45:17+00:00","dateModified":"2026-03-16T08:59:55+00:00","breadcrumb":{"@id":"https:\/\/sneeboer.ratiodesign.dev\/fr\/outils-de-jardin-forges-a-la-main\/arends-pelle-a-transplanter-a-main\/#breadcrumb"},"inLanguage":"fr-FR","potentialAction":[{"@type":"ReadAction","target":["https:\/\/sneeboer.ratiodesign.dev\/fr\/outils-de-jardin-forges-a-la-main\/arends-pelle-a-transplanter-a-main\/"]}]},{"@type":"ImageObject","inLanguage":"fr-FR","@id":"https:\/\/sneeboer.ratiodesign.dev\/fr\/outils-de-jardin-forges-a-la-main\/arends-pelle-a-transplanter-a-main\/#primaryimage","url":"https:\/\/sneeboer.ratiodesign.dev\/wp-content\/uploads\/2023\/05\/8715093045174-1.jpg","contentUrl":"https:\/\/sneeboer.ratiodesign.dev\/wp-content\/uploads\/2023\/05\/8715093045174-1.jpg","width":1024,"height":1024},{"@type":"BreadcrumbList","@id":"https:\/\/sneeboer.ratiodesign.dev\/fr\/outils-de-jardin-forges-a-la-main\/arends-pelle-a-transplanter-a-main\/#breadcrumb","itemListElement":[{"@type":"ListItem","position":1,"name":"Home","item":"https:\/\/sneeboer.ratiodesign.dev\/fr\/"},{"@type":"ListItem","position":2,"name":"Boutique","item":"https:\/\/sneeboer.ratiodesign.dev\/tuingereedschap\/"},{"@type":"ListItem","position":3,"name":"Arends Pelle \u00e0 transplanter \u00e0 main"}]},{"@type":"WebSite","@id":"https:\/\/sneeboer.ratiodesign.dev\/fr\/#website","url":"https:\/\/sneeboer.ratiodesign.dev\/fr\/","name":"Sneeboer","description":"Tools for life - and generations to come...","publisher":{"@id":"https:\/\/sneeboer.ratiodesign.dev\/fr\/#organization"},"potentialAction":[{"@type":"SearchAction","target":{"@type":"EntryPoint","urlTemplate":"https:\/\/sneeboer.ratiodesign.dev\/fr\/?s={search_term_string}"},"query-input":{"@type":"PropertyValueSpecification","valueRequired":true,"valueName":"search_term_string"}}],"inLanguage":"fr-FR"},{"@type":"Organization","@id":"https:\/\/sneeboer.ratiodesign.dev\/fr\/#organization","name":"Sneeboer","url":"https:\/\/sneeboer.ratiodesign.dev\/fr\/","logo":{"@type":"ImageObject","inLanguage":"fr-FR","@id":"https:\/\/sneeboer.ratiodesign.dev\/fr\/#\/schema\/logo\/image\/","url":"https:\/\/sneeboer.ratiodesign.dev\/wp-content\/uploads\/2025\/01\/logo-sneeboer.svg","contentUrl":"https:\/\/sneeboer.ratiodesign.dev\/wp-content\/uploads\/2025\/01\/logo-sneeboer.svg","caption":"Sneeboer"},"image":{"@id":"https:\/\/sneeboer.ratiodesign.dev\/fr\/#\/schema\/logo\/image\/"},"sameAs":["https:\/\/www.facebook.com\/Sneeboer","https:\/\/www.instagram.com\/sneeboer\/","https:\/\/www.youtube.com\/channel\/UCW9Qf54JFJFwVHzRNJbLAcg","https:\/\/pinterest.com\/sneeboer"]}]}},"_links":{"self":[{"href":"https:\/\/sneeboer.ratiodesign.dev\/fr\/wp-json\/wp\/v2\/product\/52532","targetHints":{"allow":["GET"]}}],"collection":[{"href":"https:\/\/sneeboer.ratiodesign.dev\/fr\/wp-json\/wp\/v2\/product"}],"about":[{"href":"https:\/\/sneeboer.ratiodesign.dev\/fr\/wp-json\/wp\/v2\/types\/product"}],"wp:featuredmedia":[{"embeddable":true,"href":"https:\/\/sneeboer.ratiodesign.dev\/fr\/wp-json\/wp\/v2\/media\/15132"}],"wp:attachment":[{"href":"https:\/\/sneeboer.ratiodesign.dev\/fr\/wp-json\/wp\/v2\/media?parent=52532"}],"wp:term":[{"taxonomy":"product_brand","embeddable":true,"href":"https:\/\/sneeboer.ratiodesign.dev\/fr\/wp-json\/wp\/v2\/product_brand?post=52532"},{"taxonomy":"product_cat","embeddable":true,"href":"https:\/\/sneeboer.ratiodesign.dev\/fr\/wp-json\/wp\/v2\/product_cat?post=52532"},{"taxonomy":"product_tag","embeddable":true,"href":"https:\/\/sneeboer.ratiodesign.dev\/fr\/wp-json\/wp\/v2\/product_tag?post=52532"},{"taxonomy":"weeds","embeddable":true,"href":"https:\/\/sneeboer.ratiodesign.dev\/fr\/wp-json\/wp\/v2\/weeds?post=52532"},{"taxonomy":"soil_types","embeddable":true,"href":"https:\/\/sneeboer.ratiodesign.dev\/fr\/wp-json\/wp\/v2\/soil_types?post=52532"}],"curies":[{"name":"wp","href":"https:\/\/api.w.org\/{rel}","templated":true}]}}