{"id":52370,"date":"2023-05-09T20:35:22","date_gmt":"2023-05-09T18:35:22","guid":{"rendered":"https:\/\/testsite.sneeboer.com\/tuingereedschap\/great-dixter-beche-pointue"},"modified":"2025-05-10T20:03:27","modified_gmt":"2025-05-10T18:03:27","slug":"great-dixter-beche-pointue","status":"publish","type":"product","link":"https:\/\/sneeboer.ratiodesign.dev\/fr\/outils-de-jardin-forges-a-la-main\/great-dixter-beche-pointue\/","title":{"rendered":"Great Dixter B\u00eache pointue"},"content":{"rendered":"","protected":false},"excerpt":{"rendered":"<p>Cet outil fait partie d&#8217;une collection r\u00e9alis\u00e9 par le\u00a0<em>Great Dixter<\/em>.\u00a0<\/p>\n<p>Le mod\u00e8le de cette fourche s&#8217;est fond\u00e9 selon les mod\u00e8les de Christohper Lloyd. Lloyd a r\u00e9alis\u00e9 les jardins\u00a0<em>Great Dixter<\/em>\u00a0dans le sud-est de l&#8217;Angleterre. SNEEBOER est la seule entreprise dans le monde entier qui a le droit de faire et vendre ces produits de\u00a0<em>Great Dixter.<\/em><\/p>\n<p>Cette b\u00eache pointue est id\u00e9ale pour creuser des trous un peu plus grand. Le travail \u00e0 genoux va \u00eatre moins dur, \u00e0 cause de son manche plus long qu&#8217;une pelle \u00e0 transplanter \u00e0 main. Vous pouvez utiliser deux mains et donc travailler plus pr\u00e9cis.<\/p><\/p>\n","protected":false},"featured_media":14237,"template":"","meta":{"inline_featured_image":false,"product_video_url":"","product_360_url":""},"product_brand":[],"product_cat":[155,413],"product_tag":[333,501,291,492,296,525,299],"weeds":[],"soil_types":[],"class_list":{"0":"post-52370","1":"product","2":"type-product","3":"status-publish","4":"has-post-thumbnail","6":"product_cat-beche","7":"product_cat-great-dixter-fr","8":"product_tag-creuser","9":"product_tag-empotage","10":"product_tag-graven","11":"product_tag-plantation-fr","12":"product_tag-planten","13":"product_tag-transplantation","14":"product_tag-verplanten","15":"post","17":"first","18":"instock","19":"taxable","20":"shipping-taxable","21":"purchasable","22":"product-type-simple"},"exclude_global_add_ons":false,"addons":[{"name":"Gravure","type":"custom_text","position":0,"required":false,"title_format":"heading","default":"","description_enable":false,"description":"Entrez jusqu'\u00e0 50 caract\u00e8res.","placeholder_enable":false,"placeholder":"","display":"select","restrictions_type":"any_text","adjust_price":true,"price":"4.92","price_type":"quantity_based","restrictions":true,"min":"1","max":"50","options":[],"id":1684165753}],"yoast_head":"<!-- This site is optimized with the Yoast SEO plugin v27.4 - https:\/\/yoast.com\/product\/yoast-seo-wordpress\/ -->\n<title>Great Dixter B\u00eache pointue - Sneeboer<\/title>\n<meta name=\"robots\" content=\"index, follow, max-snippet:-1, max-image-preview:large, max-video-preview:-1\" \/>\n<link rel=\"canonical\" href=\"https:\/\/sneeboer.ratiodesign.dev\/fr\/outils-de-jardin-forges-a-la-main\/great-dixter-beche-pointue\/\" \/>\n<meta property=\"og:locale\" content=\"fr_FR\" \/>\n<meta property=\"og:type\" content=\"article\" \/>\n<meta property=\"og:title\" content=\"Great Dixter B\u00eache pointue - Sneeboer\" \/>\n<meta property=\"og:description\" content=\"Cet outil fait partie d&#039;une collection r\u00e9alis\u00e9 par le\u00a0Great Dixter.\u00a0 Le mod\u00e8le de cette fourche s&#039;est fond\u00e9 selon les mod\u00e8les de Christohper Lloyd. Lloyd a r\u00e9alis\u00e9 les jardins\u00a0Great Dixter\u00a0dans le sud-est de l&#039;Angleterre. SNEEBOER est la seule entreprise dans le monde entier qui a le droit de faire et vendre ces produits de\u00a0Great Dixter. Cette b\u00eache pointue est id\u00e9ale pour creuser des trous un peu plus grand. Le travail \u00e0 genoux va \u00eatre moins dur, \u00e0 cause de son manche plus long qu&#039;une pelle \u00e0 transplanter \u00e0 main. Vous pouvez utiliser deux mains et donc travailler plus pr\u00e9cis.\" \/>\n<meta property=\"og:url\" content=\"https:\/\/sneeboer.ratiodesign.dev\/fr\/outils-de-jardin-forges-a-la-main\/great-dixter-beche-pointue\/\" \/>\n<meta property=\"og:site_name\" content=\"Sneeboer\" \/>\n<meta property=\"article:publisher\" content=\"https:\/\/www.facebook.com\/Sneeboer\" \/>\n<meta property=\"article:modified_time\" content=\"2025-05-10T18:03:27+00:00\" \/>\n<meta property=\"og:image\" content=\"https:\/\/sneeboer.ratiodesign.dev\/wp-content\/uploads\/2023\/05\/img-1109.jpg\" \/>\n\t<meta property=\"og:image:width\" content=\"1536\" \/>\n\t<meta property=\"og:image:height\" content=\"2048\" \/>\n\t<meta property=\"og:image:type\" content=\"image\/jpeg\" \/>\n<meta name=\"twitter:card\" content=\"summary_large_image\" \/>\n<!-- \/ Yoast SEO plugin. -->","yoast_head_json":{"title":"Great Dixter B\u00eache pointue - Sneeboer","robots":{"index":"index","follow":"follow","max-snippet":"max-snippet:-1","max-image-preview":"max-image-preview:large","max-video-preview":"max-video-preview:-1"},"canonical":"https:\/\/sneeboer.ratiodesign.dev\/fr\/outils-de-jardin-forges-a-la-main\/great-dixter-beche-pointue\/","og_locale":"fr_FR","og_type":"article","og_title":"Great Dixter B\u00eache pointue - Sneeboer","og_description":"Cet outil fait partie d'une collection r\u00e9alis\u00e9 par le\u00a0Great Dixter.\u00a0 Le mod\u00e8le de cette fourche s'est fond\u00e9 selon les mod\u00e8les de Christohper Lloyd. Lloyd a r\u00e9alis\u00e9 les jardins\u00a0Great Dixter\u00a0dans le sud-est de l'Angleterre. SNEEBOER est la seule entreprise dans le monde entier qui a le droit de faire et vendre ces produits de\u00a0Great Dixter. Cette b\u00eache pointue est id\u00e9ale pour creuser des trous un peu plus grand. Le travail \u00e0 genoux va \u00eatre moins dur, \u00e0 cause de son manche plus long qu'une pelle \u00e0 transplanter \u00e0 main. Vous pouvez utiliser deux mains et donc travailler plus pr\u00e9cis.","og_url":"https:\/\/sneeboer.ratiodesign.dev\/fr\/outils-de-jardin-forges-a-la-main\/great-dixter-beche-pointue\/","og_site_name":"Sneeboer","article_publisher":"https:\/\/www.facebook.com\/Sneeboer","article_modified_time":"2025-05-10T18:03:27+00:00","og_image":[{"width":1536,"height":2048,"url":"https:\/\/sneeboer.ratiodesign.dev\/wp-content\/uploads\/2023\/05\/img-1109.jpg","type":"image\/jpeg"}],"twitter_card":"summary_large_image","schema":{"@context":"https:\/\/schema.org","@graph":[{"@type":"WebPage","@id":"https:\/\/sneeboer.ratiodesign.dev\/fr\/outils-de-jardin-forges-a-la-main\/great-dixter-beche-pointue\/","url":"https:\/\/sneeboer.ratiodesign.dev\/fr\/outils-de-jardin-forges-a-la-main\/great-dixter-beche-pointue\/","name":"Great Dixter B\u00eache pointue - Sneeboer","isPartOf":{"@id":"https:\/\/sneeboer.ratiodesign.dev\/fr\/#website"},"primaryImageOfPage":{"@id":"https:\/\/sneeboer.ratiodesign.dev\/fr\/outils-de-jardin-forges-a-la-main\/great-dixter-beche-pointue\/#primaryimage"},"image":{"@id":"https:\/\/sneeboer.ratiodesign.dev\/fr\/outils-de-jardin-forges-a-la-main\/great-dixter-beche-pointue\/#primaryimage"},"thumbnailUrl":"https:\/\/sneeboer.ratiodesign.dev\/wp-content\/uploads\/2023\/05\/img-1109.jpg","datePublished":"2023-05-09T18:35:22+00:00","dateModified":"2025-05-10T18:03:27+00:00","breadcrumb":{"@id":"https:\/\/sneeboer.ratiodesign.dev\/fr\/outils-de-jardin-forges-a-la-main\/great-dixter-beche-pointue\/#breadcrumb"},"inLanguage":"fr-FR","potentialAction":[{"@type":"ReadAction","target":["https:\/\/sneeboer.ratiodesign.dev\/fr\/outils-de-jardin-forges-a-la-main\/great-dixter-beche-pointue\/"]}]},{"@type":"ImageObject","inLanguage":"fr-FR","@id":"https:\/\/sneeboer.ratiodesign.dev\/fr\/outils-de-jardin-forges-a-la-main\/great-dixter-beche-pointue\/#primaryimage","url":"https:\/\/sneeboer.ratiodesign.dev\/wp-content\/uploads\/2023\/05\/img-1109.jpg","contentUrl":"https:\/\/sneeboer.ratiodesign.dev\/wp-content\/uploads\/2023\/05\/img-1109.jpg","width":1536,"height":2048},{"@type":"BreadcrumbList","@id":"https:\/\/sneeboer.ratiodesign.dev\/fr\/outils-de-jardin-forges-a-la-main\/great-dixter-beche-pointue\/#breadcrumb","itemListElement":[{"@type":"ListItem","position":1,"name":"Home","item":"https:\/\/sneeboer.ratiodesign.dev\/fr\/"},{"@type":"ListItem","position":2,"name":"Boutique","item":"https:\/\/sneeboer.ratiodesign.dev\/tuingereedschap\/"},{"@type":"ListItem","position":3,"name":"Great Dixter B\u00eache pointue"}]},{"@type":"WebSite","@id":"https:\/\/sneeboer.ratiodesign.dev\/fr\/#website","url":"https:\/\/sneeboer.ratiodesign.dev\/fr\/","name":"Sneeboer","description":"Tools for life - and generations to come...","publisher":{"@id":"https:\/\/sneeboer.ratiodesign.dev\/fr\/#organization"},"potentialAction":[{"@type":"SearchAction","target":{"@type":"EntryPoint","urlTemplate":"https:\/\/sneeboer.ratiodesign.dev\/fr\/?s={search_term_string}"},"query-input":{"@type":"PropertyValueSpecification","valueRequired":true,"valueName":"search_term_string"}}],"inLanguage":"fr-FR"},{"@type":"Organization","@id":"https:\/\/sneeboer.ratiodesign.dev\/fr\/#organization","name":"Sneeboer","url":"https:\/\/sneeboer.ratiodesign.dev\/fr\/","logo":{"@type":"ImageObject","inLanguage":"fr-FR","@id":"https:\/\/sneeboer.ratiodesign.dev\/fr\/#\/schema\/logo\/image\/","url":"https:\/\/sneeboer.ratiodesign.dev\/wp-content\/uploads\/2025\/01\/logo-sneeboer.svg","contentUrl":"https:\/\/sneeboer.ratiodesign.dev\/wp-content\/uploads\/2025\/01\/logo-sneeboer.svg","caption":"Sneeboer"},"image":{"@id":"https:\/\/sneeboer.ratiodesign.dev\/fr\/#\/schema\/logo\/image\/"},"sameAs":["https:\/\/www.facebook.com\/Sneeboer","https:\/\/www.instagram.com\/sneeboer\/","https:\/\/www.youtube.com\/channel\/UCW9Qf54JFJFwVHzRNJbLAcg","https:\/\/pinterest.com\/sneeboer"]}]}},"_links":{"self":[{"href":"https:\/\/sneeboer.ratiodesign.dev\/fr\/wp-json\/wp\/v2\/product\/52370","targetHints":{"allow":["GET"]}}],"collection":[{"href":"https:\/\/sneeboer.ratiodesign.dev\/fr\/wp-json\/wp\/v2\/product"}],"about":[{"href":"https:\/\/sneeboer.ratiodesign.dev\/fr\/wp-json\/wp\/v2\/types\/product"}],"wp:featuredmedia":[{"embeddable":true,"href":"https:\/\/sneeboer.ratiodesign.dev\/fr\/wp-json\/wp\/v2\/media\/14237"}],"wp:attachment":[{"href":"https:\/\/sneeboer.ratiodesign.dev\/fr\/wp-json\/wp\/v2\/media?parent=52370"}],"wp:term":[{"taxonomy":"product_brand","embeddable":true,"href":"https:\/\/sneeboer.ratiodesign.dev\/fr\/wp-json\/wp\/v2\/product_brand?post=52370"},{"taxonomy":"product_cat","embeddable":true,"href":"https:\/\/sneeboer.ratiodesign.dev\/fr\/wp-json\/wp\/v2\/product_cat?post=52370"},{"taxonomy":"product_tag","embeddable":true,"href":"https:\/\/sneeboer.ratiodesign.dev\/fr\/wp-json\/wp\/v2\/product_tag?post=52370"},{"taxonomy":"weeds","embeddable":true,"href":"https:\/\/sneeboer.ratiodesign.dev\/fr\/wp-json\/wp\/v2\/weeds?post=52370"},{"taxonomy":"soil_types","embeddable":true,"href":"https:\/\/sneeboer.ratiodesign.dev\/fr\/wp-json\/wp\/v2\/soil_types?post=52370"}],"curies":[{"name":"wp","href":"https:\/\/api.w.org\/{rel}","templated":true}]}}