{"id":51985,"date":"2023-05-09T20:06:37","date_gmt":"2023-05-09T18:06:37","guid":{"rendered":"https:\/\/testsite.sneeboer.com\/tuingereedschap\/cultivateur-3-dents-pour-potager-sureleve"},"modified":"2023-06-26T12:01:36","modified_gmt":"2023-06-26T10:01:36","slug":"cultivateur-3-dents-pour-potager-sureleve","status":"publish","type":"product","link":"https:\/\/sneeboer.ratiodesign.dev\/fr\/outils-de-jardin-forges-a-la-main\/cultivateur-3-dents-pour-potager-sureleve\/","title":{"rendered":"Cultivateur 3 dents pour potager sur\u00e9lev\u00e9"},"content":{"rendered":"","protected":false},"excerpt":{"rendered":"<p>Le cultivateur est utilis\u00e9 pour cultiver le jardin et arracher les mauvaises herbes du jardin. Avec un manche solide de 60 cm de long en bois de fr\u00eane, il est id\u00e9al pour les potagers sur\u00e9lev\u00e9s.<\/p>\n","protected":false},"featured_media":11845,"template":"","meta":{"inline_featured_image":false,"product_video_url":"","product_360_url":""},"product_brand":[],"product_cat":[83,132],"product_tag":[304,287,288,533],"weeds":[],"soil_types":[],"class_list":{"0":"post-51985","1":"product","2":"type-product","3":"status-publish","4":"has-post-thumbnail","6":"product_cat-cultivateur","7":"product_cat-potager-sureleve","8":"product_tag-cultiver","9":"product_tag-cultiveren","10":"product_tag-egaliseren","11":"product_tag-mauvaises-herbes","12":"post","14":"first","15":"instock","16":"taxable","17":"shipping-taxable","18":"purchasable","19":"product-type-simple"},"exclude_global_add_ons":false,"addons":[{"name":"Gravure","type":"custom_text","position":0,"required":false,"title_format":"heading","default":"","description_enable":false,"description":"Entrez jusqu'\u00e0 50 caract\u00e8res.","placeholder_enable":false,"placeholder":"","display":"select","restrictions_type":"any_text","adjust_price":true,"price":"4.92","price_type":"quantity_based","restrictions":true,"min":"1","max":"50","options":[],"id":1684165753}],"yoast_head":"<!-- This site is optimized with the Yoast SEO plugin v27.4 - https:\/\/yoast.com\/product\/yoast-seo-wordpress\/ -->\n<title>Cultivateur 3 dents pour potager sur\u00e9lev\u00e9 - Sneeboer<\/title>\n<meta name=\"robots\" content=\"index, follow, max-snippet:-1, max-image-preview:large, max-video-preview:-1\" \/>\n<link rel=\"canonical\" href=\"https:\/\/sneeboer.ratiodesign.dev\/fr\/outils-de-jardin-forges-a-la-main\/cultivateur-3-dents-pour-potager-sureleve\/\" \/>\n<meta property=\"og:locale\" content=\"fr_FR\" \/>\n<meta property=\"og:type\" content=\"article\" \/>\n<meta property=\"og:title\" content=\"Cultivateur 3 dents pour potager sur\u00e9lev\u00e9 - Sneeboer\" \/>\n<meta property=\"og:description\" content=\"Le cultivateur est utilis\u00e9 pour cultiver le jardin et arracher les mauvaises herbes du jardin. Avec un manche solide de 60 cm de long en bois de fr\u00eane, il est id\u00e9al pour les potagers sur\u00e9lev\u00e9s.\" \/>\n<meta property=\"og:url\" content=\"https:\/\/sneeboer.ratiodesign.dev\/fr\/outils-de-jardin-forges-a-la-main\/cultivateur-3-dents-pour-potager-sureleve\/\" \/>\n<meta property=\"og:site_name\" content=\"Sneeboer\" \/>\n<meta property=\"article:publisher\" content=\"https:\/\/www.facebook.com\/Sneeboer\" \/>\n<meta property=\"article:modified_time\" content=\"2023-06-26T10:01:36+00:00\" \/>\n<meta property=\"og:image\" content=\"https:\/\/sneeboer.ratiodesign.dev\/wp-content\/uploads\/2023\/05\/8715093550302-1.jpg\" \/>\n\t<meta property=\"og:image:width\" content=\"1024\" \/>\n\t<meta property=\"og:image:height\" content=\"1024\" \/>\n\t<meta property=\"og:image:type\" content=\"image\/jpeg\" \/>\n<meta name=\"twitter:card\" content=\"summary_large_image\" \/>\n<!-- \/ Yoast SEO plugin. -->","yoast_head_json":{"title":"Cultivateur 3 dents pour potager sur\u00e9lev\u00e9 - Sneeboer","robots":{"index":"index","follow":"follow","max-snippet":"max-snippet:-1","max-image-preview":"max-image-preview:large","max-video-preview":"max-video-preview:-1"},"canonical":"https:\/\/sneeboer.ratiodesign.dev\/fr\/outils-de-jardin-forges-a-la-main\/cultivateur-3-dents-pour-potager-sureleve\/","og_locale":"fr_FR","og_type":"article","og_title":"Cultivateur 3 dents pour potager sur\u00e9lev\u00e9 - Sneeboer","og_description":"Le cultivateur est utilis\u00e9 pour cultiver le jardin et arracher les mauvaises herbes du jardin. Avec un manche solide de 60 cm de long en bois de fr\u00eane, il est id\u00e9al pour les potagers sur\u00e9lev\u00e9s.","og_url":"https:\/\/sneeboer.ratiodesign.dev\/fr\/outils-de-jardin-forges-a-la-main\/cultivateur-3-dents-pour-potager-sureleve\/","og_site_name":"Sneeboer","article_publisher":"https:\/\/www.facebook.com\/Sneeboer","article_modified_time":"2023-06-26T10:01:36+00:00","og_image":[{"width":1024,"height":1024,"url":"https:\/\/sneeboer.ratiodesign.dev\/wp-content\/uploads\/2023\/05\/8715093550302-1.jpg","type":"image\/jpeg"}],"twitter_card":"summary_large_image","schema":{"@context":"https:\/\/schema.org","@graph":[{"@type":"WebPage","@id":"https:\/\/sneeboer.ratiodesign.dev\/fr\/outils-de-jardin-forges-a-la-main\/cultivateur-3-dents-pour-potager-sureleve\/","url":"https:\/\/sneeboer.ratiodesign.dev\/fr\/outils-de-jardin-forges-a-la-main\/cultivateur-3-dents-pour-potager-sureleve\/","name":"Cultivateur 3 dents pour potager sur\u00e9lev\u00e9 - Sneeboer","isPartOf":{"@id":"https:\/\/sneeboer.ratiodesign.dev\/fr\/#website"},"primaryImageOfPage":{"@id":"https:\/\/sneeboer.ratiodesign.dev\/fr\/outils-de-jardin-forges-a-la-main\/cultivateur-3-dents-pour-potager-sureleve\/#primaryimage"},"image":{"@id":"https:\/\/sneeboer.ratiodesign.dev\/fr\/outils-de-jardin-forges-a-la-main\/cultivateur-3-dents-pour-potager-sureleve\/#primaryimage"},"thumbnailUrl":"https:\/\/sneeboer.ratiodesign.dev\/wp-content\/uploads\/2023\/05\/8715093550302-1.jpg","datePublished":"2023-05-09T18:06:37+00:00","dateModified":"2023-06-26T10:01:36+00:00","breadcrumb":{"@id":"https:\/\/sneeboer.ratiodesign.dev\/fr\/outils-de-jardin-forges-a-la-main\/cultivateur-3-dents-pour-potager-sureleve\/#breadcrumb"},"inLanguage":"fr-FR","potentialAction":[{"@type":"ReadAction","target":["https:\/\/sneeboer.ratiodesign.dev\/fr\/outils-de-jardin-forges-a-la-main\/cultivateur-3-dents-pour-potager-sureleve\/"]}]},{"@type":"ImageObject","inLanguage":"fr-FR","@id":"https:\/\/sneeboer.ratiodesign.dev\/fr\/outils-de-jardin-forges-a-la-main\/cultivateur-3-dents-pour-potager-sureleve\/#primaryimage","url":"https:\/\/sneeboer.ratiodesign.dev\/wp-content\/uploads\/2023\/05\/8715093550302-1.jpg","contentUrl":"https:\/\/sneeboer.ratiodesign.dev\/wp-content\/uploads\/2023\/05\/8715093550302-1.jpg","width":1024,"height":1024},{"@type":"BreadcrumbList","@id":"https:\/\/sneeboer.ratiodesign.dev\/fr\/outils-de-jardin-forges-a-la-main\/cultivateur-3-dents-pour-potager-sureleve\/#breadcrumb","itemListElement":[{"@type":"ListItem","position":1,"name":"Home","item":"https:\/\/sneeboer.ratiodesign.dev\/fr\/"},{"@type":"ListItem","position":2,"name":"Boutique","item":"https:\/\/sneeboer.ratiodesign.dev\/tuingereedschap\/"},{"@type":"ListItem","position":3,"name":"Cultivateur 3 dents pour potager sur\u00e9lev\u00e9"}]},{"@type":"WebSite","@id":"https:\/\/sneeboer.ratiodesign.dev\/fr\/#website","url":"https:\/\/sneeboer.ratiodesign.dev\/fr\/","name":"Sneeboer","description":"Tools for life - and generations to come...","publisher":{"@id":"https:\/\/sneeboer.ratiodesign.dev\/fr\/#organization"},"potentialAction":[{"@type":"SearchAction","target":{"@type":"EntryPoint","urlTemplate":"https:\/\/sneeboer.ratiodesign.dev\/fr\/?s={search_term_string}"},"query-input":{"@type":"PropertyValueSpecification","valueRequired":true,"valueName":"search_term_string"}}],"inLanguage":"fr-FR"},{"@type":"Organization","@id":"https:\/\/sneeboer.ratiodesign.dev\/fr\/#organization","name":"Sneeboer","url":"https:\/\/sneeboer.ratiodesign.dev\/fr\/","logo":{"@type":"ImageObject","inLanguage":"fr-FR","@id":"https:\/\/sneeboer.ratiodesign.dev\/fr\/#\/schema\/logo\/image\/","url":"https:\/\/sneeboer.ratiodesign.dev\/wp-content\/uploads\/2025\/01\/logo-sneeboer.svg","contentUrl":"https:\/\/sneeboer.ratiodesign.dev\/wp-content\/uploads\/2025\/01\/logo-sneeboer.svg","caption":"Sneeboer"},"image":{"@id":"https:\/\/sneeboer.ratiodesign.dev\/fr\/#\/schema\/logo\/image\/"},"sameAs":["https:\/\/www.facebook.com\/Sneeboer","https:\/\/www.instagram.com\/sneeboer\/","https:\/\/www.youtube.com\/channel\/UCW9Qf54JFJFwVHzRNJbLAcg","https:\/\/pinterest.com\/sneeboer"]}]}},"_links":{"self":[{"href":"https:\/\/sneeboer.ratiodesign.dev\/fr\/wp-json\/wp\/v2\/product\/51985","targetHints":{"allow":["GET"]}}],"collection":[{"href":"https:\/\/sneeboer.ratiodesign.dev\/fr\/wp-json\/wp\/v2\/product"}],"about":[{"href":"https:\/\/sneeboer.ratiodesign.dev\/fr\/wp-json\/wp\/v2\/types\/product"}],"wp:featuredmedia":[{"embeddable":true,"href":"https:\/\/sneeboer.ratiodesign.dev\/fr\/wp-json\/wp\/v2\/media\/11845"}],"wp:attachment":[{"href":"https:\/\/sneeboer.ratiodesign.dev\/fr\/wp-json\/wp\/v2\/media?parent=51985"}],"wp:term":[{"taxonomy":"product_brand","embeddable":true,"href":"https:\/\/sneeboer.ratiodesign.dev\/fr\/wp-json\/wp\/v2\/product_brand?post=51985"},{"taxonomy":"product_cat","embeddable":true,"href":"https:\/\/sneeboer.ratiodesign.dev\/fr\/wp-json\/wp\/v2\/product_cat?post=51985"},{"taxonomy":"product_tag","embeddable":true,"href":"https:\/\/sneeboer.ratiodesign.dev\/fr\/wp-json\/wp\/v2\/product_tag?post=51985"},{"taxonomy":"weeds","embeddable":true,"href":"https:\/\/sneeboer.ratiodesign.dev\/fr\/wp-json\/wp\/v2\/weeds?post=51985"},{"taxonomy":"soil_types","embeddable":true,"href":"https:\/\/sneeboer.ratiodesign.dev\/fr\/wp-json\/wp\/v2\/soil_types?post=51985"}],"curies":[{"name":"wp","href":"https:\/\/api.w.org\/{rel}","templated":true}]}}