{"id":51052,"date":"2023-05-09T13:52:30","date_gmt":"2023-05-09T11:52:30","guid":{"rendered":"https:\/\/testsite.sneeboer.com\/tuingereedschap\/pelle-beche-pour-les-sols-caillouteux-avec-repose-pied-et-cannelures"},"modified":"2025-01-18T21:10:04","modified_gmt":"2025-01-18T20:10:04","slug":"pelle-beche-pour-les-sols-caillouteux-avec-repose-pied-et-cannelures","status":"publish","type":"product","link":"https:\/\/sneeboer.ratiodesign.dev\/fr\/outils-de-jardin-forges-a-la-main\/pelle-beche-pour-les-sols-caillouteux-avec-repose-pied-et-cannelures\/","title":{"rendered":"Pelle b\u00eache pour les sols caillouteux avec repose pied et cannelures"},"content":{"rendered":"","protected":false},"excerpt":{"rendered":"<p>Cette pelle b\u00eache est d\u00e9velopp\u00e9e pour les sols et terrains avec des cailloux. Elle peut p\u00e9n\u00e9trer ces sols facilement,\u00a0l\u00e0 o\u00f9 d&#8217;autres outils \u00e9choueraient imm\u00e9diatement. Cette pelle peut \u00eatre utilis\u00e9e pour transplanter des arbustes et des rosiers aussi.<\/p><\/p>\n","protected":false},"featured_media":5980,"template":"","meta":{"inline_featured_image":false,"product_video_url":"","product_360_url":""},"product_brand":[],"product_cat":[155,173],"product_tag":[333,288,492,286],"weeds":[],"soil_types":[],"class_list":{"0":"post-51052","1":"product","2":"type-product","3":"status-publish","4":"has-post-thumbnail","6":"product_cat-beche","7":"product_cat-speciale","8":"product_tag-creuser","9":"product_tag-egaliseren","10":"product_tag-plantation-fr","11":"product_tag-wieden","12":"post","14":"first","15":"instock","16":"taxable","17":"shipping-taxable","18":"purchasable","19":"product-type-simple"},"exclude_global_add_ons":false,"addons":[{"name":"Gravure","type":"custom_text","position":0,"required":false,"title_format":"heading","default":"","description_enable":false,"description":"Entrez jusqu'\u00e0 50 caract\u00e8res.","placeholder_enable":false,"placeholder":"","display":"select","restrictions_type":"any_text","adjust_price":true,"price":"4.92","price_type":"quantity_based","restrictions":true,"min":"1","max":"50","options":[],"id":1684165753}],"yoast_head":"<!-- This site is optimized with the Yoast SEO plugin v27.4 - https:\/\/yoast.com\/product\/yoast-seo-wordpress\/ -->\n<title>Pelle b\u00eache pour les sols caillouteux avec repose pied et cannelures - Sneeboer<\/title>\n<meta name=\"robots\" content=\"index, follow, max-snippet:-1, max-image-preview:large, max-video-preview:-1\" \/>\n<link rel=\"canonical\" href=\"https:\/\/sneeboer.ratiodesign.dev\/fr\/outils-de-jardin-forges-a-la-main\/pelle-beche-pour-les-sols-caillouteux-avec-repose-pied-et-cannelures\/\" \/>\n<meta property=\"og:locale\" content=\"fr_FR\" \/>\n<meta property=\"og:type\" content=\"article\" \/>\n<meta property=\"og:title\" content=\"Pelle b\u00eache pour les sols caillouteux avec repose pied et cannelures - Sneeboer\" \/>\n<meta property=\"og:description\" content=\"Cette pelle b\u00eache est d\u00e9velopp\u00e9e pour les sols et terrains avec des cailloux. Elle peut p\u00e9n\u00e9trer ces sols facilement,\u00a0l\u00e0 o\u00f9 d&#039;autres outils \u00e9choueraient imm\u00e9diatement. Cette pelle peut \u00eatre utilis\u00e9e pour transplanter des arbustes et des rosiers aussi.\" \/>\n<meta property=\"og:url\" content=\"https:\/\/sneeboer.ratiodesign.dev\/fr\/outils-de-jardin-forges-a-la-main\/pelle-beche-pour-les-sols-caillouteux-avec-repose-pied-et-cannelures\/\" \/>\n<meta property=\"og:site_name\" content=\"Sneeboer\" \/>\n<meta property=\"article:publisher\" content=\"https:\/\/www.facebook.com\/Sneeboer\" \/>\n<meta property=\"article:modified_time\" content=\"2025-01-18T20:10:04+00:00\" \/>\n<meta property=\"og:image\" content=\"https:\/\/sneeboer.ratiodesign.dev\/wp-content\/uploads\/2023\/05\/8715093090174-1.jpg\" \/>\n\t<meta property=\"og:image:width\" content=\"1024\" \/>\n\t<meta property=\"og:image:height\" content=\"1023\" \/>\n\t<meta property=\"og:image:type\" content=\"image\/jpeg\" \/>\n<meta name=\"twitter:card\" content=\"summary_large_image\" \/>\n<!-- \/ Yoast SEO plugin. -->","yoast_head_json":{"title":"Pelle b\u00eache pour les sols caillouteux avec repose pied et cannelures - Sneeboer","robots":{"index":"index","follow":"follow","max-snippet":"max-snippet:-1","max-image-preview":"max-image-preview:large","max-video-preview":"max-video-preview:-1"},"canonical":"https:\/\/sneeboer.ratiodesign.dev\/fr\/outils-de-jardin-forges-a-la-main\/pelle-beche-pour-les-sols-caillouteux-avec-repose-pied-et-cannelures\/","og_locale":"fr_FR","og_type":"article","og_title":"Pelle b\u00eache pour les sols caillouteux avec repose pied et cannelures - Sneeboer","og_description":"Cette pelle b\u00eache est d\u00e9velopp\u00e9e pour les sols et terrains avec des cailloux. Elle peut p\u00e9n\u00e9trer ces sols facilement,\u00a0l\u00e0 o\u00f9 d'autres outils \u00e9choueraient imm\u00e9diatement. Cette pelle peut \u00eatre utilis\u00e9e pour transplanter des arbustes et des rosiers aussi.","og_url":"https:\/\/sneeboer.ratiodesign.dev\/fr\/outils-de-jardin-forges-a-la-main\/pelle-beche-pour-les-sols-caillouteux-avec-repose-pied-et-cannelures\/","og_site_name":"Sneeboer","article_publisher":"https:\/\/www.facebook.com\/Sneeboer","article_modified_time":"2025-01-18T20:10:04+00:00","og_image":[{"width":1024,"height":1023,"url":"https:\/\/sneeboer.ratiodesign.dev\/wp-content\/uploads\/2023\/05\/8715093090174-1.jpg","type":"image\/jpeg"}],"twitter_card":"summary_large_image","schema":{"@context":"https:\/\/schema.org","@graph":[{"@type":"WebPage","@id":"https:\/\/sneeboer.ratiodesign.dev\/fr\/outils-de-jardin-forges-a-la-main\/pelle-beche-pour-les-sols-caillouteux-avec-repose-pied-et-cannelures\/","url":"https:\/\/sneeboer.ratiodesign.dev\/fr\/outils-de-jardin-forges-a-la-main\/pelle-beche-pour-les-sols-caillouteux-avec-repose-pied-et-cannelures\/","name":"Pelle b\u00eache pour les sols caillouteux avec repose pied et cannelures - Sneeboer","isPartOf":{"@id":"https:\/\/sneeboer.ratiodesign.dev\/fr\/#website"},"primaryImageOfPage":{"@id":"https:\/\/sneeboer.ratiodesign.dev\/fr\/outils-de-jardin-forges-a-la-main\/pelle-beche-pour-les-sols-caillouteux-avec-repose-pied-et-cannelures\/#primaryimage"},"image":{"@id":"https:\/\/sneeboer.ratiodesign.dev\/fr\/outils-de-jardin-forges-a-la-main\/pelle-beche-pour-les-sols-caillouteux-avec-repose-pied-et-cannelures\/#primaryimage"},"thumbnailUrl":"https:\/\/sneeboer.ratiodesign.dev\/wp-content\/uploads\/2023\/05\/8715093090174-1.jpg","datePublished":"2023-05-09T11:52:30+00:00","dateModified":"2025-01-18T20:10:04+00:00","breadcrumb":{"@id":"https:\/\/sneeboer.ratiodesign.dev\/fr\/outils-de-jardin-forges-a-la-main\/pelle-beche-pour-les-sols-caillouteux-avec-repose-pied-et-cannelures\/#breadcrumb"},"inLanguage":"fr-FR","potentialAction":[{"@type":"ReadAction","target":["https:\/\/sneeboer.ratiodesign.dev\/fr\/outils-de-jardin-forges-a-la-main\/pelle-beche-pour-les-sols-caillouteux-avec-repose-pied-et-cannelures\/"]}]},{"@type":"ImageObject","inLanguage":"fr-FR","@id":"https:\/\/sneeboer.ratiodesign.dev\/fr\/outils-de-jardin-forges-a-la-main\/pelle-beche-pour-les-sols-caillouteux-avec-repose-pied-et-cannelures\/#primaryimage","url":"https:\/\/sneeboer.ratiodesign.dev\/wp-content\/uploads\/2023\/05\/8715093090174-1.jpg","contentUrl":"https:\/\/sneeboer.ratiodesign.dev\/wp-content\/uploads\/2023\/05\/8715093090174-1.jpg","width":1024,"height":1023},{"@type":"BreadcrumbList","@id":"https:\/\/sneeboer.ratiodesign.dev\/fr\/outils-de-jardin-forges-a-la-main\/pelle-beche-pour-les-sols-caillouteux-avec-repose-pied-et-cannelures\/#breadcrumb","itemListElement":[{"@type":"ListItem","position":1,"name":"Home","item":"https:\/\/sneeboer.ratiodesign.dev\/fr\/"},{"@type":"ListItem","position":2,"name":"Boutique","item":"https:\/\/sneeboer.ratiodesign.dev\/tuingereedschap\/"},{"@type":"ListItem","position":3,"name":"Pelle b\u00eache pour les sols caillouteux avec repose pied et cannelures"}]},{"@type":"WebSite","@id":"https:\/\/sneeboer.ratiodesign.dev\/fr\/#website","url":"https:\/\/sneeboer.ratiodesign.dev\/fr\/","name":"Sneeboer","description":"Tools for life - and generations to come...","publisher":{"@id":"https:\/\/sneeboer.ratiodesign.dev\/fr\/#organization"},"potentialAction":[{"@type":"SearchAction","target":{"@type":"EntryPoint","urlTemplate":"https:\/\/sneeboer.ratiodesign.dev\/fr\/?s={search_term_string}"},"query-input":{"@type":"PropertyValueSpecification","valueRequired":true,"valueName":"search_term_string"}}],"inLanguage":"fr-FR"},{"@type":"Organization","@id":"https:\/\/sneeboer.ratiodesign.dev\/fr\/#organization","name":"Sneeboer","url":"https:\/\/sneeboer.ratiodesign.dev\/fr\/","logo":{"@type":"ImageObject","inLanguage":"fr-FR","@id":"https:\/\/sneeboer.ratiodesign.dev\/fr\/#\/schema\/logo\/image\/","url":"https:\/\/sneeboer.ratiodesign.dev\/wp-content\/uploads\/2025\/01\/logo-sneeboer.svg","contentUrl":"https:\/\/sneeboer.ratiodesign.dev\/wp-content\/uploads\/2025\/01\/logo-sneeboer.svg","caption":"Sneeboer"},"image":{"@id":"https:\/\/sneeboer.ratiodesign.dev\/fr\/#\/schema\/logo\/image\/"},"sameAs":["https:\/\/www.facebook.com\/Sneeboer","https:\/\/www.instagram.com\/sneeboer\/","https:\/\/www.youtube.com\/channel\/UCW9Qf54JFJFwVHzRNJbLAcg","https:\/\/pinterest.com\/sneeboer"]}]}},"_links":{"self":[{"href":"https:\/\/sneeboer.ratiodesign.dev\/fr\/wp-json\/wp\/v2\/product\/51052","targetHints":{"allow":["GET"]}}],"collection":[{"href":"https:\/\/sneeboer.ratiodesign.dev\/fr\/wp-json\/wp\/v2\/product"}],"about":[{"href":"https:\/\/sneeboer.ratiodesign.dev\/fr\/wp-json\/wp\/v2\/types\/product"}],"wp:featuredmedia":[{"embeddable":true,"href":"https:\/\/sneeboer.ratiodesign.dev\/fr\/wp-json\/wp\/v2\/media\/5980"}],"wp:attachment":[{"href":"https:\/\/sneeboer.ratiodesign.dev\/fr\/wp-json\/wp\/v2\/media?parent=51052"}],"wp:term":[{"taxonomy":"product_brand","embeddable":true,"href":"https:\/\/sneeboer.ratiodesign.dev\/fr\/wp-json\/wp\/v2\/product_brand?post=51052"},{"taxonomy":"product_cat","embeddable":true,"href":"https:\/\/sneeboer.ratiodesign.dev\/fr\/wp-json\/wp\/v2\/product_cat?post=51052"},{"taxonomy":"product_tag","embeddable":true,"href":"https:\/\/sneeboer.ratiodesign.dev\/fr\/wp-json\/wp\/v2\/product_tag?post=51052"},{"taxonomy":"weeds","embeddable":true,"href":"https:\/\/sneeboer.ratiodesign.dev\/fr\/wp-json\/wp\/v2\/weeds?post=51052"},{"taxonomy":"soil_types","embeddable":true,"href":"https:\/\/sneeboer.ratiodesign.dev\/fr\/wp-json\/wp\/v2\/soil_types?post=51052"}],"curies":[{"name":"wp","href":"https:\/\/api.w.org\/{rel}","templated":true}]}}