{"id":50926,"date":"2023-05-09T13:45:46","date_gmt":"2023-05-09T11:45:46","guid":{"rendered":"https:\/\/testsite.sneeboer.com\/tuingereedschap\/binette-a-main-cole"},"modified":"2023-06-26T12:12:09","modified_gmt":"2023-06-26T10:12:09","slug":"binette-a-main-cole","status":"publish","type":"product","link":"https:\/\/sneeboer.ratiodesign.dev\/fr\/outils-de-jardin-forges-a-la-main\/binette-a-main-cole\/","title":{"rendered":"Binette \u00e0 main Cole"},"content":{"rendered":"","protected":false},"excerpt":{"rendered":"<p>Cette binette \u00e0 main a plusieurs fonctions, mais elle est d\u00e9velopp\u00e9e pour la plantation. Avec cette binette \u00e0 main vous pourriez planter efficacement. Avec une main vous utilisez la binette pour creuser un trou et avec l&#8217;autre main vous plantez la bulbe ou la semence florale. Cette binette a un manche en bois de cerisier.<\/p>\n<p>\u00a0<\/p>\n","protected":false},"featured_media":0,"template":"","meta":{"inline_featured_image":false,"product_video_url":"","product_360_url":""},"product_brand":[],"product_cat":[78],"product_tag":[],"weeds":[],"soil_types":[],"class_list":{"0":"post-50926","1":"product","2":"type-product","3":"status-publish","5":"product_cat-nos-collections","6":"post","8":"first","9":"instock","10":"taxable","11":"shipping-taxable","12":"product-type-simple"},"exclude_global_add_ons":false,"addons":[{"name":"Gravure","type":"custom_text","position":0,"required":false,"title_format":"heading","default":"","description_enable":false,"description":"Entrez jusqu'\u00e0 50 caract\u00e8res.","placeholder_enable":false,"placeholder":"","display":"select","restrictions_type":"any_text","adjust_price":true,"price":"4.92","price_type":"quantity_based","restrictions":true,"min":"1","max":"50","options":[],"id":1684165753}],"yoast_head":"<!-- This site is optimized with the Yoast SEO plugin v27.4 - https:\/\/yoast.com\/product\/yoast-seo-wordpress\/ -->\n<title>Binette \u00e0 main Cole - Sneeboer<\/title>\n<meta name=\"robots\" content=\"index, follow, max-snippet:-1, max-image-preview:large, max-video-preview:-1\" \/>\n<link rel=\"canonical\" href=\"https:\/\/sneeboer.ratiodesign.dev\/fr\/outils-de-jardin-forges-a-la-main\/binette-a-main-cole\/\" \/>\n<meta property=\"og:locale\" content=\"fr_FR\" \/>\n<meta property=\"og:type\" content=\"article\" \/>\n<meta property=\"og:title\" content=\"Binette \u00e0 main Cole - Sneeboer\" \/>\n<meta property=\"og:description\" content=\"Cette binette \u00e0 main a plusieurs fonctions, mais elle est d\u00e9velopp\u00e9e pour la plantation. Avec cette binette \u00e0 main vous pourriez planter efficacement. Avec une main vous utilisez la binette pour creuser un trou et avec l&#039;autre main vous plantez la bulbe ou la semence florale. Cette binette a un manche en bois de cerisier. \u00a0\" \/>\n<meta property=\"og:url\" content=\"https:\/\/sneeboer.ratiodesign.dev\/fr\/outils-de-jardin-forges-a-la-main\/binette-a-main-cole\/\" \/>\n<meta property=\"og:site_name\" content=\"Sneeboer\" \/>\n<meta property=\"article:publisher\" content=\"https:\/\/www.facebook.com\/Sneeboer\" \/>\n<meta property=\"article:modified_time\" content=\"2023-06-26T10:12:09+00:00\" \/>\n<meta name=\"twitter:card\" content=\"summary_large_image\" \/>\n<!-- \/ Yoast SEO plugin. -->","yoast_head_json":{"title":"Binette \u00e0 main Cole - Sneeboer","robots":{"index":"index","follow":"follow","max-snippet":"max-snippet:-1","max-image-preview":"max-image-preview:large","max-video-preview":"max-video-preview:-1"},"canonical":"https:\/\/sneeboer.ratiodesign.dev\/fr\/outils-de-jardin-forges-a-la-main\/binette-a-main-cole\/","og_locale":"fr_FR","og_type":"article","og_title":"Binette \u00e0 main Cole - Sneeboer","og_description":"Cette binette \u00e0 main a plusieurs fonctions, mais elle est d\u00e9velopp\u00e9e pour la plantation. Avec cette binette \u00e0 main vous pourriez planter efficacement. Avec une main vous utilisez la binette pour creuser un trou et avec l'autre main vous plantez la bulbe ou la semence florale. Cette binette a un manche en bois de cerisier. \u00a0","og_url":"https:\/\/sneeboer.ratiodesign.dev\/fr\/outils-de-jardin-forges-a-la-main\/binette-a-main-cole\/","og_site_name":"Sneeboer","article_publisher":"https:\/\/www.facebook.com\/Sneeboer","article_modified_time":"2023-06-26T10:12:09+00:00","twitter_card":"summary_large_image","schema":{"@context":"https:\/\/schema.org","@graph":[{"@type":"WebPage","@id":"https:\/\/sneeboer.ratiodesign.dev\/fr\/outils-de-jardin-forges-a-la-main\/binette-a-main-cole\/","url":"https:\/\/sneeboer.ratiodesign.dev\/fr\/outils-de-jardin-forges-a-la-main\/binette-a-main-cole\/","name":"Binette \u00e0 main Cole - Sneeboer","isPartOf":{"@id":"https:\/\/sneeboer.ratiodesign.dev\/fr\/#website"},"datePublished":"2023-05-09T11:45:46+00:00","dateModified":"2023-06-26T10:12:09+00:00","breadcrumb":{"@id":"https:\/\/sneeboer.ratiodesign.dev\/fr\/outils-de-jardin-forges-a-la-main\/binette-a-main-cole\/#breadcrumb"},"inLanguage":"fr-FR","potentialAction":[{"@type":"ReadAction","target":["https:\/\/sneeboer.ratiodesign.dev\/fr\/outils-de-jardin-forges-a-la-main\/binette-a-main-cole\/"]}]},{"@type":"BreadcrumbList","@id":"https:\/\/sneeboer.ratiodesign.dev\/fr\/outils-de-jardin-forges-a-la-main\/binette-a-main-cole\/#breadcrumb","itemListElement":[{"@type":"ListItem","position":1,"name":"Home","item":"https:\/\/sneeboer.ratiodesign.dev\/fr\/"},{"@type":"ListItem","position":2,"name":"Boutique","item":"https:\/\/sneeboer.ratiodesign.dev\/tuingereedschap\/"},{"@type":"ListItem","position":3,"name":"Binette \u00e0 main Cole"}]},{"@type":"WebSite","@id":"https:\/\/sneeboer.ratiodesign.dev\/fr\/#website","url":"https:\/\/sneeboer.ratiodesign.dev\/fr\/","name":"Sneeboer","description":"Tools for life - and generations to come...","publisher":{"@id":"https:\/\/sneeboer.ratiodesign.dev\/fr\/#organization"},"potentialAction":[{"@type":"SearchAction","target":{"@type":"EntryPoint","urlTemplate":"https:\/\/sneeboer.ratiodesign.dev\/fr\/?s={search_term_string}"},"query-input":{"@type":"PropertyValueSpecification","valueRequired":true,"valueName":"search_term_string"}}],"inLanguage":"fr-FR"},{"@type":"Organization","@id":"https:\/\/sneeboer.ratiodesign.dev\/fr\/#organization","name":"Sneeboer","url":"https:\/\/sneeboer.ratiodesign.dev\/fr\/","logo":{"@type":"ImageObject","inLanguage":"fr-FR","@id":"https:\/\/sneeboer.ratiodesign.dev\/fr\/#\/schema\/logo\/image\/","url":"https:\/\/sneeboer.ratiodesign.dev\/wp-content\/uploads\/2025\/01\/logo-sneeboer.svg","contentUrl":"https:\/\/sneeboer.ratiodesign.dev\/wp-content\/uploads\/2025\/01\/logo-sneeboer.svg","caption":"Sneeboer"},"image":{"@id":"https:\/\/sneeboer.ratiodesign.dev\/fr\/#\/schema\/logo\/image\/"},"sameAs":["https:\/\/www.facebook.com\/Sneeboer","https:\/\/www.instagram.com\/sneeboer\/","https:\/\/www.youtube.com\/channel\/UCW9Qf54JFJFwVHzRNJbLAcg","https:\/\/pinterest.com\/sneeboer"]}]}},"_links":{"self":[{"href":"https:\/\/sneeboer.ratiodesign.dev\/fr\/wp-json\/wp\/v2\/product\/50926","targetHints":{"allow":["GET"]}}],"collection":[{"href":"https:\/\/sneeboer.ratiodesign.dev\/fr\/wp-json\/wp\/v2\/product"}],"about":[{"href":"https:\/\/sneeboer.ratiodesign.dev\/fr\/wp-json\/wp\/v2\/types\/product"}],"wp:attachment":[{"href":"https:\/\/sneeboer.ratiodesign.dev\/fr\/wp-json\/wp\/v2\/media?parent=50926"}],"wp:term":[{"taxonomy":"product_brand","embeddable":true,"href":"https:\/\/sneeboer.ratiodesign.dev\/fr\/wp-json\/wp\/v2\/product_brand?post=50926"},{"taxonomy":"product_cat","embeddable":true,"href":"https:\/\/sneeboer.ratiodesign.dev\/fr\/wp-json\/wp\/v2\/product_cat?post=50926"},{"taxonomy":"product_tag","embeddable":true,"href":"https:\/\/sneeboer.ratiodesign.dev\/fr\/wp-json\/wp\/v2\/product_tag?post=50926"},{"taxonomy":"weeds","embeddable":true,"href":"https:\/\/sneeboer.ratiodesign.dev\/fr\/wp-json\/wp\/v2\/weeds?post=50926"},{"taxonomy":"soil_types","embeddable":true,"href":"https:\/\/sneeboer.ratiodesign.dev\/fr\/wp-json\/wp\/v2\/soil_types?post=50926"}],"curies":[{"name":"wp","href":"https:\/\/api.w.org\/{rel}","templated":true}]}}