{"id":50377,"date":"2023-05-09T12:56:00","date_gmt":"2023-05-09T10:56:00","guid":{"rendered":"https:\/\/testsite.sneeboer.com\/tuingereedschap\/pierre-a-aiguiser"},"modified":"2023-06-26T12:18:56","modified_gmt":"2023-06-26T10:18:56","slug":"pierre-a-aiguiser","status":"publish","type":"product","link":"https:\/\/sneeboer.ratiodesign.dev\/fr\/outils-de-jardin-forges-a-la-main\/pierre-a-aiguiser\/","title":{"rendered":"Pierre \u00e0 aiguiser"},"content":{"rendered":"","protected":false},"excerpt":{"rendered":"<p>La pierre \u00e0 aiguiser peut \u00eatre utilis\u00e9e pour aff\u00fbter vos outils. La pierre a un c\u00f4t\u00e9 rugueux (gris) et un c\u00f4t\u00e9 plus lisse (brun).<\/p>\n","protected":false},"featured_media":1787,"template":"","meta":{"inline_featured_image":false,"product_video_url":"","product_360_url":""},"product_brand":[],"product_cat":[],"product_tag":[290],"weeds":[],"soil_types":[],"class_list":{"0":"post-50377","1":"product","2":"type-product","3":"status-publish","4":"has-post-thumbnail","6":"product_tag-onderhoud","7":"post","9":"first","10":"instock","11":"taxable","12":"shipping-taxable","13":"purchasable","14":"product-type-simple"},"exclude_global_add_ons":[],"addons":[],"yoast_head":"<!-- This site is optimized with the Yoast SEO plugin v27.4 - https:\/\/yoast.com\/product\/yoast-seo-wordpress\/ -->\n<title>Pierre \u00e0 aiguiser - Sneeboer<\/title>\n<meta name=\"robots\" content=\"index, follow, max-snippet:-1, max-image-preview:large, max-video-preview:-1\" \/>\n<link rel=\"canonical\" href=\"https:\/\/sneeboer.ratiodesign.dev\/fr\/outils-de-jardin-forges-a-la-main\/pierre-a-aiguiser\/\" \/>\n<meta property=\"og:locale\" content=\"fr_FR\" \/>\n<meta property=\"og:type\" content=\"article\" \/>\n<meta property=\"og:title\" content=\"Pierre \u00e0 aiguiser - Sneeboer\" \/>\n<meta property=\"og:description\" content=\"La pierre \u00e0 aiguiser peut \u00eatre utilis\u00e9e pour aff\u00fbter vos outils. La pierre a un c\u00f4t\u00e9 rugueux (gris) et un c\u00f4t\u00e9 plus lisse (brun).\" \/>\n<meta property=\"og:url\" content=\"https:\/\/sneeboer.ratiodesign.dev\/fr\/outils-de-jardin-forges-a-la-main\/pierre-a-aiguiser\/\" \/>\n<meta property=\"og:site_name\" content=\"Sneeboer\" \/>\n<meta property=\"article:publisher\" content=\"https:\/\/www.facebook.com\/Sneeboer\" \/>\n<meta property=\"article:modified_time\" content=\"2023-06-26T10:18:56+00:00\" \/>\n<meta property=\"og:image\" content=\"https:\/\/sneeboer.ratiodesign.dev\/wp-content\/uploads\/2023\/05\/8715093050185-2-scaled-scaled-1.jpg\" \/>\n\t<meta property=\"og:image:width\" content=\"2048\" \/>\n\t<meta property=\"og:image:height\" content=\"2048\" \/>\n\t<meta property=\"og:image:type\" content=\"image\/jpeg\" \/>\n<meta name=\"twitter:card\" content=\"summary_large_image\" \/>\n<!-- \/ Yoast SEO plugin. -->","yoast_head_json":{"title":"Pierre \u00e0 aiguiser - Sneeboer","robots":{"index":"index","follow":"follow","max-snippet":"max-snippet:-1","max-image-preview":"max-image-preview:large","max-video-preview":"max-video-preview:-1"},"canonical":"https:\/\/sneeboer.ratiodesign.dev\/fr\/outils-de-jardin-forges-a-la-main\/pierre-a-aiguiser\/","og_locale":"fr_FR","og_type":"article","og_title":"Pierre \u00e0 aiguiser - Sneeboer","og_description":"La pierre \u00e0 aiguiser peut \u00eatre utilis\u00e9e pour aff\u00fbter vos outils. La pierre a un c\u00f4t\u00e9 rugueux (gris) et un c\u00f4t\u00e9 plus lisse (brun).","og_url":"https:\/\/sneeboer.ratiodesign.dev\/fr\/outils-de-jardin-forges-a-la-main\/pierre-a-aiguiser\/","og_site_name":"Sneeboer","article_publisher":"https:\/\/www.facebook.com\/Sneeboer","article_modified_time":"2023-06-26T10:18:56+00:00","og_image":[{"width":2048,"height":2048,"url":"https:\/\/sneeboer.ratiodesign.dev\/wp-content\/uploads\/2023\/05\/8715093050185-2-scaled-scaled-1.jpg","type":"image\/jpeg"}],"twitter_card":"summary_large_image","schema":{"@context":"https:\/\/schema.org","@graph":[{"@type":"WebPage","@id":"https:\/\/sneeboer.ratiodesign.dev\/fr\/outils-de-jardin-forges-a-la-main\/pierre-a-aiguiser\/","url":"https:\/\/sneeboer.ratiodesign.dev\/fr\/outils-de-jardin-forges-a-la-main\/pierre-a-aiguiser\/","name":"Pierre \u00e0 aiguiser - Sneeboer","isPartOf":{"@id":"https:\/\/sneeboer.ratiodesign.dev\/fr\/#website"},"primaryImageOfPage":{"@id":"https:\/\/sneeboer.ratiodesign.dev\/fr\/outils-de-jardin-forges-a-la-main\/pierre-a-aiguiser\/#primaryimage"},"image":{"@id":"https:\/\/sneeboer.ratiodesign.dev\/fr\/outils-de-jardin-forges-a-la-main\/pierre-a-aiguiser\/#primaryimage"},"thumbnailUrl":"https:\/\/sneeboer.ratiodesign.dev\/wp-content\/uploads\/2023\/05\/8715093050185-2-scaled-scaled-1.jpg","datePublished":"2023-05-09T10:56:00+00:00","dateModified":"2023-06-26T10:18:56+00:00","breadcrumb":{"@id":"https:\/\/sneeboer.ratiodesign.dev\/fr\/outils-de-jardin-forges-a-la-main\/pierre-a-aiguiser\/#breadcrumb"},"inLanguage":"fr-FR","potentialAction":[{"@type":"ReadAction","target":["https:\/\/sneeboer.ratiodesign.dev\/fr\/outils-de-jardin-forges-a-la-main\/pierre-a-aiguiser\/"]}]},{"@type":"ImageObject","inLanguage":"fr-FR","@id":"https:\/\/sneeboer.ratiodesign.dev\/fr\/outils-de-jardin-forges-a-la-main\/pierre-a-aiguiser\/#primaryimage","url":"https:\/\/sneeboer.ratiodesign.dev\/wp-content\/uploads\/2023\/05\/8715093050185-2-scaled-scaled-1.jpg","contentUrl":"https:\/\/sneeboer.ratiodesign.dev\/wp-content\/uploads\/2023\/05\/8715093050185-2-scaled-scaled-1.jpg","width":2048,"height":2048},{"@type":"BreadcrumbList","@id":"https:\/\/sneeboer.ratiodesign.dev\/fr\/outils-de-jardin-forges-a-la-main\/pierre-a-aiguiser\/#breadcrumb","itemListElement":[{"@type":"ListItem","position":1,"name":"Home","item":"https:\/\/sneeboer.ratiodesign.dev\/fr\/"},{"@type":"ListItem","position":2,"name":"Boutique","item":"https:\/\/sneeboer.ratiodesign.dev\/tuingereedschap\/"},{"@type":"ListItem","position":3,"name":"Pierre \u00e0 aiguiser"}]},{"@type":"WebSite","@id":"https:\/\/sneeboer.ratiodesign.dev\/fr\/#website","url":"https:\/\/sneeboer.ratiodesign.dev\/fr\/","name":"Sneeboer","description":"Tools for life - and generations to come...","publisher":{"@id":"https:\/\/sneeboer.ratiodesign.dev\/fr\/#organization"},"potentialAction":[{"@type":"SearchAction","target":{"@type":"EntryPoint","urlTemplate":"https:\/\/sneeboer.ratiodesign.dev\/fr\/?s={search_term_string}"},"query-input":{"@type":"PropertyValueSpecification","valueRequired":true,"valueName":"search_term_string"}}],"inLanguage":"fr-FR"},{"@type":"Organization","@id":"https:\/\/sneeboer.ratiodesign.dev\/fr\/#organization","name":"Sneeboer","url":"https:\/\/sneeboer.ratiodesign.dev\/fr\/","logo":{"@type":"ImageObject","inLanguage":"fr-FR","@id":"https:\/\/sneeboer.ratiodesign.dev\/fr\/#\/schema\/logo\/image\/","url":"https:\/\/sneeboer.ratiodesign.dev\/wp-content\/uploads\/2025\/01\/logo-sneeboer.svg","contentUrl":"https:\/\/sneeboer.ratiodesign.dev\/wp-content\/uploads\/2025\/01\/logo-sneeboer.svg","caption":"Sneeboer"},"image":{"@id":"https:\/\/sneeboer.ratiodesign.dev\/fr\/#\/schema\/logo\/image\/"},"sameAs":["https:\/\/www.facebook.com\/Sneeboer","https:\/\/www.instagram.com\/sneeboer\/","https:\/\/www.youtube.com\/channel\/UCW9Qf54JFJFwVHzRNJbLAcg","https:\/\/pinterest.com\/sneeboer"]}]}},"_links":{"self":[{"href":"https:\/\/sneeboer.ratiodesign.dev\/fr\/wp-json\/wp\/v2\/product\/50377","targetHints":{"allow":["GET"]}}],"collection":[{"href":"https:\/\/sneeboer.ratiodesign.dev\/fr\/wp-json\/wp\/v2\/product"}],"about":[{"href":"https:\/\/sneeboer.ratiodesign.dev\/fr\/wp-json\/wp\/v2\/types\/product"}],"wp:featuredmedia":[{"embeddable":true,"href":"https:\/\/sneeboer.ratiodesign.dev\/fr\/wp-json\/wp\/v2\/media\/1787"}],"wp:attachment":[{"href":"https:\/\/sneeboer.ratiodesign.dev\/fr\/wp-json\/wp\/v2\/media?parent=50377"}],"wp:term":[{"taxonomy":"product_brand","embeddable":true,"href":"https:\/\/sneeboer.ratiodesign.dev\/fr\/wp-json\/wp\/v2\/product_brand?post=50377"},{"taxonomy":"product_cat","embeddable":true,"href":"https:\/\/sneeboer.ratiodesign.dev\/fr\/wp-json\/wp\/v2\/product_cat?post=50377"},{"taxonomy":"product_tag","embeddable":true,"href":"https:\/\/sneeboer.ratiodesign.dev\/fr\/wp-json\/wp\/v2\/product_tag?post=50377"},{"taxonomy":"weeds","embeddable":true,"href":"https:\/\/sneeboer.ratiodesign.dev\/fr\/wp-json\/wp\/v2\/weeds?post=50377"},{"taxonomy":"soil_types","embeddable":true,"href":"https:\/\/sneeboer.ratiodesign.dev\/fr\/wp-json\/wp\/v2\/soil_types?post=50377"}],"curies":[{"name":"wp","href":"https:\/\/api.w.org\/{rel}","templated":true}]}}