{"id":50337,"date":"2023-05-09T12:51:19","date_gmt":"2023-05-09T10:51:19","guid":{"rendered":"https:\/\/testsite.sneeboer.com\/tuingereedschap\/seed-box"},"modified":"2023-06-26T12:19:27","modified_gmt":"2023-06-26T10:19:27","slug":"seed-box","status":"publish","type":"product","link":"https:\/\/sneeboer.ratiodesign.dev\/fr\/outils-de-jardin-forges-a-la-main\/seed-box\/","title":{"rendered":"Seed box"},"content":{"rendered":"","protected":false},"excerpt":{"rendered":"<h4><span style=\"color: #000080\"><strong>Ce produit sera en stock, pas la livraison sous 12 semaines.<\/strong><\/span><\/h4>\n<p><strong>Conversion en bo\u00eete de rangement<\/strong><\/p>\n<p>Si la bo\u00eete n\u2018est plus utilis\u00e9e pour ranger les outils, elle peut \u00e9galement \u00eatre transform\u00e9e en bo\u00eete de rangement, par exemple pour les petits objets ou les semences de plantes.<\/p>\n<p>Le coffret cadeau contient un s\u00e9parateur qui peut \u00eatre facilement assembl\u00e9 et embo\u00eet\u00e9 dans le coffret. Ceci divise la bo\u00eete en 8 petits compartiments.<\/p>\n<p>(Fits up to two hand tools)<\/p>\n<p>* comes without the tool and seeds on the photo<\/p>\n","protected":false},"featured_media":1456,"template":"","meta":{"inline_featured_image":false,"product_video_url":"","product_360_url":""},"product_brand":[],"product_cat":[227,282],"product_tag":[291,296,299],"weeds":[],"soil_types":[],"class_list":{"0":"post-50337","1":"product","2":"type-product","3":"status-publish","4":"has-post-thumbnail","6":"product_cat-cadeaux-de-noel","7":"product_cat-entretien","8":"product_tag-graven","9":"product_tag-planten","10":"product_tag-verplanten","11":"post","13":"first","14":"instock","15":"taxable","16":"shipping-taxable","17":"purchasable","18":"product-type-simple"},"exclude_global_add_ons":false,"addons":[{"name":"Gravure","type":"custom_text","position":0,"required":false,"title_format":"heading","default":"","description_enable":false,"description":"Entrez jusqu'\u00e0 50 caract\u00e8res.","placeholder_enable":false,"placeholder":"","display":"select","restrictions_type":"any_text","adjust_price":true,"price":"4.92","price_type":"quantity_based","restrictions":true,"min":"1","max":"50","options":[],"id":1684165753}],"yoast_head":"<!-- This site is optimized with the Yoast SEO plugin v27.4 - https:\/\/yoast.com\/product\/yoast-seo-wordpress\/ -->\n<title>Seed box - Sneeboer<\/title>\n<meta name=\"robots\" content=\"index, follow, max-snippet:-1, max-image-preview:large, max-video-preview:-1\" \/>\n<link rel=\"canonical\" href=\"https:\/\/sneeboer.ratiodesign.dev\/fr\/outils-de-jardin-forges-a-la-main\/seed-box\/\" \/>\n<meta property=\"og:locale\" content=\"fr_FR\" \/>\n<meta property=\"og:type\" content=\"article\" \/>\n<meta property=\"og:title\" content=\"Seed box - Sneeboer\" \/>\n<meta property=\"og:description\" content=\"Ce produit sera en stock, pas la livraison sous 12 semaines. Conversion en bo\u00eete de rangement Si la bo\u00eete n\u2018est plus utilis\u00e9e pour ranger les outils, elle peut \u00e9galement \u00eatre transform\u00e9e en bo\u00eete de rangement, par exemple pour les petits objets ou les semences de plantes. Le coffret cadeau contient un s\u00e9parateur qui peut \u00eatre facilement assembl\u00e9 et embo\u00eet\u00e9 dans le coffret. Ceci divise la bo\u00eete en 8 petits compartiments. (Fits up to two hand tools) * comes without the tool and seeds on the photo\" \/>\n<meta property=\"og:url\" content=\"https:\/\/sneeboer.ratiodesign.dev\/fr\/outils-de-jardin-forges-a-la-main\/seed-box\/\" \/>\n<meta property=\"og:site_name\" content=\"Sneeboer\" \/>\n<meta property=\"article:publisher\" content=\"https:\/\/www.facebook.com\/Sneeboer\" \/>\n<meta property=\"article:modified_time\" content=\"2023-06-26T10:19:27+00:00\" \/>\n<meta property=\"og:image\" content=\"https:\/\/sneeboer.ratiodesign.dev\/wp-content\/uploads\/2023\/05\/Chelsea-2019-2-klein.png\" \/>\n\t<meta property=\"og:image:width\" content=\"2000\" \/>\n\t<meta property=\"og:image:height\" content=\"2000\" \/>\n\t<meta property=\"og:image:type\" content=\"image\/png\" \/>\n<meta name=\"twitter:card\" content=\"summary_large_image\" \/>\n<!-- \/ Yoast SEO plugin. -->","yoast_head_json":{"title":"Seed box - Sneeboer","robots":{"index":"index","follow":"follow","max-snippet":"max-snippet:-1","max-image-preview":"max-image-preview:large","max-video-preview":"max-video-preview:-1"},"canonical":"https:\/\/sneeboer.ratiodesign.dev\/fr\/outils-de-jardin-forges-a-la-main\/seed-box\/","og_locale":"fr_FR","og_type":"article","og_title":"Seed box - Sneeboer","og_description":"Ce produit sera en stock, pas la livraison sous 12 semaines. Conversion en bo\u00eete de rangement Si la bo\u00eete n\u2018est plus utilis\u00e9e pour ranger les outils, elle peut \u00e9galement \u00eatre transform\u00e9e en bo\u00eete de rangement, par exemple pour les petits objets ou les semences de plantes. Le coffret cadeau contient un s\u00e9parateur qui peut \u00eatre facilement assembl\u00e9 et embo\u00eet\u00e9 dans le coffret. Ceci divise la bo\u00eete en 8 petits compartiments. (Fits up to two hand tools) * comes without the tool and seeds on the photo","og_url":"https:\/\/sneeboer.ratiodesign.dev\/fr\/outils-de-jardin-forges-a-la-main\/seed-box\/","og_site_name":"Sneeboer","article_publisher":"https:\/\/www.facebook.com\/Sneeboer","article_modified_time":"2023-06-26T10:19:27+00:00","og_image":[{"width":2000,"height":2000,"url":"https:\/\/sneeboer.ratiodesign.dev\/wp-content\/uploads\/2023\/05\/Chelsea-2019-2-klein.png","type":"image\/png"}],"twitter_card":"summary_large_image","schema":{"@context":"https:\/\/schema.org","@graph":[{"@type":"WebPage","@id":"https:\/\/sneeboer.ratiodesign.dev\/fr\/outils-de-jardin-forges-a-la-main\/seed-box\/","url":"https:\/\/sneeboer.ratiodesign.dev\/fr\/outils-de-jardin-forges-a-la-main\/seed-box\/","name":"Seed box - Sneeboer","isPartOf":{"@id":"https:\/\/sneeboer.ratiodesign.dev\/fr\/#website"},"primaryImageOfPage":{"@id":"https:\/\/sneeboer.ratiodesign.dev\/fr\/outils-de-jardin-forges-a-la-main\/seed-box\/#primaryimage"},"image":{"@id":"https:\/\/sneeboer.ratiodesign.dev\/fr\/outils-de-jardin-forges-a-la-main\/seed-box\/#primaryimage"},"thumbnailUrl":"https:\/\/sneeboer.ratiodesign.dev\/wp-content\/uploads\/2023\/05\/Chelsea-2019-2-klein.png","datePublished":"2023-05-09T10:51:19+00:00","dateModified":"2023-06-26T10:19:27+00:00","breadcrumb":{"@id":"https:\/\/sneeboer.ratiodesign.dev\/fr\/outils-de-jardin-forges-a-la-main\/seed-box\/#breadcrumb"},"inLanguage":"fr-FR","potentialAction":[{"@type":"ReadAction","target":["https:\/\/sneeboer.ratiodesign.dev\/fr\/outils-de-jardin-forges-a-la-main\/seed-box\/"]}]},{"@type":"ImageObject","inLanguage":"fr-FR","@id":"https:\/\/sneeboer.ratiodesign.dev\/fr\/outils-de-jardin-forges-a-la-main\/seed-box\/#primaryimage","url":"https:\/\/sneeboer.ratiodesign.dev\/wp-content\/uploads\/2023\/05\/Chelsea-2019-2-klein.png","contentUrl":"https:\/\/sneeboer.ratiodesign.dev\/wp-content\/uploads\/2023\/05\/Chelsea-2019-2-klein.png","width":2000,"height":2000},{"@type":"BreadcrumbList","@id":"https:\/\/sneeboer.ratiodesign.dev\/fr\/outils-de-jardin-forges-a-la-main\/seed-box\/#breadcrumb","itemListElement":[{"@type":"ListItem","position":1,"name":"Home","item":"https:\/\/sneeboer.ratiodesign.dev\/fr\/"},{"@type":"ListItem","position":2,"name":"Boutique","item":"https:\/\/sneeboer.ratiodesign.dev\/tuingereedschap\/"},{"@type":"ListItem","position":3,"name":"Seed box"}]},{"@type":"WebSite","@id":"https:\/\/sneeboer.ratiodesign.dev\/fr\/#website","url":"https:\/\/sneeboer.ratiodesign.dev\/fr\/","name":"Sneeboer","description":"Tools for life - and generations to come...","publisher":{"@id":"https:\/\/sneeboer.ratiodesign.dev\/fr\/#organization"},"potentialAction":[{"@type":"SearchAction","target":{"@type":"EntryPoint","urlTemplate":"https:\/\/sneeboer.ratiodesign.dev\/fr\/?s={search_term_string}"},"query-input":{"@type":"PropertyValueSpecification","valueRequired":true,"valueName":"search_term_string"}}],"inLanguage":"fr-FR"},{"@type":"Organization","@id":"https:\/\/sneeboer.ratiodesign.dev\/fr\/#organization","name":"Sneeboer","url":"https:\/\/sneeboer.ratiodesign.dev\/fr\/","logo":{"@type":"ImageObject","inLanguage":"fr-FR","@id":"https:\/\/sneeboer.ratiodesign.dev\/fr\/#\/schema\/logo\/image\/","url":"https:\/\/sneeboer.ratiodesign.dev\/wp-content\/uploads\/2025\/01\/logo-sneeboer.svg","contentUrl":"https:\/\/sneeboer.ratiodesign.dev\/wp-content\/uploads\/2025\/01\/logo-sneeboer.svg","caption":"Sneeboer"},"image":{"@id":"https:\/\/sneeboer.ratiodesign.dev\/fr\/#\/schema\/logo\/image\/"},"sameAs":["https:\/\/www.facebook.com\/Sneeboer","https:\/\/www.instagram.com\/sneeboer\/","https:\/\/www.youtube.com\/channel\/UCW9Qf54JFJFwVHzRNJbLAcg","https:\/\/pinterest.com\/sneeboer"]}]}},"_links":{"self":[{"href":"https:\/\/sneeboer.ratiodesign.dev\/fr\/wp-json\/wp\/v2\/product\/50337","targetHints":{"allow":["GET"]}}],"collection":[{"href":"https:\/\/sneeboer.ratiodesign.dev\/fr\/wp-json\/wp\/v2\/product"}],"about":[{"href":"https:\/\/sneeboer.ratiodesign.dev\/fr\/wp-json\/wp\/v2\/types\/product"}],"wp:featuredmedia":[{"embeddable":true,"href":"https:\/\/sneeboer.ratiodesign.dev\/fr\/wp-json\/wp\/v2\/media\/1456"}],"wp:attachment":[{"href":"https:\/\/sneeboer.ratiodesign.dev\/fr\/wp-json\/wp\/v2\/media?parent=50337"}],"wp:term":[{"taxonomy":"product_brand","embeddable":true,"href":"https:\/\/sneeboer.ratiodesign.dev\/fr\/wp-json\/wp\/v2\/product_brand?post=50337"},{"taxonomy":"product_cat","embeddable":true,"href":"https:\/\/sneeboer.ratiodesign.dev\/fr\/wp-json\/wp\/v2\/product_cat?post=50337"},{"taxonomy":"product_tag","embeddable":true,"href":"https:\/\/sneeboer.ratiodesign.dev\/fr\/wp-json\/wp\/v2\/product_tag?post=50337"},{"taxonomy":"weeds","embeddable":true,"href":"https:\/\/sneeboer.ratiodesign.dev\/fr\/wp-json\/wp\/v2\/weeds?post=50337"},{"taxonomy":"soil_types","embeddable":true,"href":"https:\/\/sneeboer.ratiodesign.dev\/fr\/wp-json\/wp\/v2\/soil_types?post=50337"}],"curies":[{"name":"wp","href":"https:\/\/api.w.org\/{rel}","templated":true}]}}