{"id":50019,"date":"2025-02-19T14:50:46","date_gmt":"2025-02-19T13:50:46","guid":{"rendered":"https:\/\/sneeboer.ratiodesign.dev\/?page_id=50019"},"modified":"2025-05-27T09:46:53","modified_gmt":"2025-05-27T07:46:53","slug":"service","status":"publish","type":"page","link":"https:\/\/sneeboer.ratiodesign.dev\/fr\/service\/","title":{"rendered":"Service"},"content":{"rendered":"\n<section class=\"wp-block-group alignfull base-grid layer layer-about is-layout-grid wp-container-core-group-is-layout-205bcd65 wp-block-group-is-layout-grid\">\n<div class=\"wp-block-group layer-about-img has-global-padding is-content-justification-right is-layout-constrained wp-container-core-group-is-layout-f1f2ed93 wp-block-group-is-layout-constrained\">\n<figure class=\"wp-block-image alignfull size-full\"><img loading=\"lazy\" decoding=\"async\" width=\"696\" height=\"456\" src=\"\/wp-content\/uploads\/2025\/02\/sneeboer-machine.jpg\" alt=\"\" class=\"wp-image-47363\" srcset=\"https:\/\/sneeboer.ratiodesign.dev\/wp-content\/uploads\/2025\/02\/sneeboer-machine.jpg 696w, https:\/\/sneeboer.ratiodesign.dev\/wp-content\/uploads\/2025\/02\/sneeboer-machine-250x164.jpg 250w, https:\/\/sneeboer.ratiodesign.dev\/wp-content\/uploads\/2025\/02\/sneeboer-machine-500x328.jpg 500w, https:\/\/sneeboer.ratiodesign.dev\/wp-content\/uploads\/2025\/02\/sneeboer-machine-600x393.jpg 600w\" sizes=\"auto, (max-width: 696px) 100vw, 696px\" \/><\/figure>\n<\/div>\n\n\n\n<div class=\"wp-block-group layer-about-img has-global-padding is-content-justification-right is-layout-constrained wp-container-core-group-is-layout-f1f2ed93 wp-block-group-is-layout-constrained\">\n<figure class=\"wp-block-image alignfull size-full\"><img loading=\"lazy\" decoding=\"async\" width=\"762\" height=\"486\" src=\"\/wp-content\/uploads\/2025\/02\/sneeboer-family.jpg\" alt=\"\" class=\"wp-image-47367\" srcset=\"https:\/\/sneeboer.ratiodesign.dev\/wp-content\/uploads\/2025\/02\/sneeboer-family.jpg 762w, https:\/\/sneeboer.ratiodesign.dev\/wp-content\/uploads\/2025\/02\/sneeboer-family-250x159.jpg 250w, https:\/\/sneeboer.ratiodesign.dev\/wp-content\/uploads\/2025\/02\/sneeboer-family-500x319.jpg 500w, https:\/\/sneeboer.ratiodesign.dev\/wp-content\/uploads\/2025\/02\/sneeboer-family-600x383.jpg 600w\" sizes=\"auto, (max-width: 762px) 100vw, 762px\" \/><\/figure>\n<\/div>\n\n\n\n<div class=\"wp-block-group layer-about-text has-global-padding is-layout-constrained wp-block-group-is-layout-constrained\">\n<h2 class=\"wp-block-heading\">Garantie<\/h2>\n\n\n\n<p>Chaque outil Sneeboer est fabriqu\u00e9 pour durer toute une vie. Cependant, si vous rencontrez un probl\u00e8me avec votre outil, n&#8217;h\u00e9sitez pas \u00e0 nous en informer. Nos produits sont garantis 50 ans \u00e0 compter de la date d&#8217;achat pour toutes les pi\u00e8ces en acier inoxydable, en acier et en titane, et 1 an pour toutes les pi\u00e8ces en bois (manches, poign\u00e9es).<\/p>\n\n\n\n<p>Si vous avez des questions ou souhaitez faire une r\u00e9clamation au titre de la garantie, veuillez envoyer un e-mail avec une photo ou contacter le revendeur Sneeboer le plus proche.<\/p>\n\n\n\n<p>Lorsque nous proposons un outil de remplacement, nous faisons de notre mieux pour fournir le m\u00eame outil. Si cela n&#8217;est pas possible, nous proposerons un instrument alternatif mais similaire.<\/p>\n\n\n\n<p>Les causes de dommages suivantes ne sont pas couvertes par notre garantie :<\/p>\n\n\n\n<ul class=\"wp-block-list\">\n<li>Usure normale des pi\u00e8ces, pi\u00e8ces manquantes ou cass\u00e9es, ou pi\u00e8ces que vous avez modifi\u00e9es ou alt\u00e9r\u00e9es.<\/li>\n\n\n\n<li>Dommages dus \u00e0 une mauvaise utilisation du produit, c&#8217;est-\u00e0-dire si un outil a \u00e9t\u00e9 utilis\u00e9 d&#8217;une mani\u00e8re pour laquelle il n&#8217;est pas con\u00e7u. Par exemple : une b\u00eache se casse parce qu&#8217;elle est utilis\u00e9e comme levier.<\/li>\n\n\n\n<li>Si l&#8217;outil est endommag\u00e9 parce qu&#8217;il n&#8217;a pas \u00e9t\u00e9 correctement entretenu ou stock\u00e9. Par exemple, si les outils sont laiss\u00e9s \u00e0 l&#8217;ext\u00e9rieur toute l&#8217;ann\u00e9e alors qu&#8217;ils doivent \u00eatre stock\u00e9s dans un endroit sec.<\/li>\n\n\n\n<li>Ces conditions de garantie ne s&#8217;appliquent pas non plus si un outil a subi des dommages esth\u00e9tiques qui n&#8217;affectent pas sa fonction.<\/li>\n<\/ul>\n<\/div>\n<\/section>\n\n\n\n<section class=\"wp-block-group alignfull base-grid layer layer-faq layer-faq-left has-salmon-light-background-color has-background is-layout-grid wp-container-core-group-is-layout-205bcd65 wp-block-group-is-layout-grid\">\n<div class=\"wp-block-group layer-faq-text has-global-padding is-layout-constrained wp-block-group-is-layout-constrained\">\n<h2 class=\"wp-block-heading\">R\u00e9paration<\/h2>\n\n\n\n<p>Il peut arriver que vos outils aient besoin d&#8217;\u00eatre r\u00e9par\u00e9s. Nous vous recommandons de contacter un revendeur Sneeboer pr\u00e8s de chez vous.<\/p>\n\n\n\n<p>Il est \u00e9galement possible de nous envoyer directement un e-mail avec une br\u00e8ve description et une photo de l&#8217;outil.<\/p>\n\n\n\n<p>Vous recevrez alors une r\u00e9ponse de notre part avec une proposition de r\u00e9paration et un devis.<\/p>\n\n\n\n<p>Ensuite, envoyez-nous l&#8217;outil avec votre nom, votre adresse, votre num\u00e9ro de t\u00e9l\u00e9phone et votre adresse e-mail. Apr\u00e8s r\u00e9ception du paiement, nous r\u00e9parerons l&#8217;outil et vous le renverrons. Cela prend g\u00e9n\u00e9ralement 1 \u00e0 2 semaines.<\/p>\n<\/div>\n\n\n\n<div class=\"wp-block-group layer-faq-cta has-global-padding is-layout-constrained wp-block-group-is-layout-constrained\">\n<div class=\"wp-block-group layer-faq-cta-wrap is-layout-flex wp-block-group-is-layout-flex\">\n<h2 class=\"wp-block-heading has-text-align-right is-style-alt layer-faq-cta-title has-xx-large-font-size\">Tu n\u2019y<br> arrives <br>pas ?<\/h2>\n\n\n\n<ul class=\"wp-block-social-links has-visible-labels has-icon-color is-style-buttons layer-faq-cta-buttons is-vertical is-nowrap is-layout-flex wp-container-core-social-links-is-layout-3655d5c7 wp-block-social-links-is-layout-flex\">\n<div class=\"wp-block-outermost-icon-block\"><a class=\"icon-container has-icon-color has-white-color\" href=\"tel:+31-228511365\" style=\"color:#ffffff;width:48px;transform:rotate(0deg) scaleX(1) scaleY(1)\" aria-label=\"Appelle\"><svg xmlns=\"http:\/\/www.w3.org\/2000\/svg\" viewBox=\"0 0 512 512\" aria-label=\"Appelle\"><path d=\"M493.4 24.6l-104-24c-11.3-2.6-22.9 3.3-27.5 13.9l-48 112c-4.2 9.8-1.4 21.3 6.9 28l60.6 49.6c-36 76.7-98.9 140.5-177.2 177.2l-49.6-60.6c-6.8-8.3-18.2-11.1-28-6.9l-112 48C3.9 366.5-2 378.1.6 389.4l24 104C27.1 504.2 36.7 512 48 512c256.1 0 464-207.5 464-464 0-11.2-7.7-20.9-18.6-23.4z\"><\/path><\/svg><\/a><\/div>\n\n\n<li style=\"color:#ffffff;\" class=\"wp-social-link wp-social-link-mail has-white-color wp-block-social-link\"><a rel=\"noopener nofollow\" target=\"_blank\" href=\"mailto:info@sneeboer.com\" class=\"wp-block-social-link-anchor\"><svg width=\"24\" height=\"24\" viewBox=\"0 0 24 24\" version=\"1.1\" xmlns=\"http:\/\/www.w3.org\/2000\/svg\" aria-hidden=\"true\" focusable=\"false\"><path d=\"M19,5H5c-1.1,0-2,.9-2,2v10c0,1.1.9,2,2,2h14c1.1,0,2-.9,2-2V7c0-1.1-.9-2-2-2zm.5,12c0,.3-.2.5-.5.5H5c-.3,0-.5-.2-.5-.5V9.8l7.5,5.6,7.5-5.6V17zm0-9.1L12,13.6,4.5,7.9V7c0-.3.2-.5.5-.5h14c.3,0,.5.2.5.5v.9z\"><\/path><\/svg><span class=\"wp-block-social-link-label\">Mail<\/span><\/a><\/li>\n\n<li style=\"color:#ffffff;\" class=\"wp-social-link wp-social-link-whatsapp has-white-color wp-block-social-link\"><a rel=\"noopener nofollow\" target=\"_blank\" href=\"https:\/\/wa.me\/31228511365\" class=\"wp-block-social-link-anchor\"><svg width=\"24\" height=\"24\" viewBox=\"0 0 24 24\" version=\"1.1\" xmlns=\"http:\/\/www.w3.org\/2000\/svg\" aria-hidden=\"true\" focusable=\"false\"><path d=\"M 12.011719 2 C 6.5057187 2 2.0234844 6.478375 2.0214844 11.984375 C 2.0204844 13.744375 2.4814687 15.462563 3.3554688 16.976562 L 2 22 L 7.2324219 20.763672 C 8.6914219 21.559672 10.333859 21.977516 12.005859 21.978516 L 12.009766 21.978516 C 17.514766 21.978516 21.995047 17.499141 21.998047 11.994141 C 22.000047 9.3251406 20.962172 6.8157344 19.076172 4.9277344 C 17.190172 3.0407344 14.683719 2.001 12.011719 2 z M 12.009766 4 C 14.145766 4.001 16.153109 4.8337969 17.662109 6.3417969 C 19.171109 7.8517969 20.000047 9.8581875 19.998047 11.992188 C 19.996047 16.396187 16.413812 19.978516 12.007812 19.978516 C 10.674812 19.977516 9.3544062 19.642812 8.1914062 19.007812 L 7.5175781 18.640625 L 6.7734375 18.816406 L 4.8046875 19.28125 L 5.2851562 17.496094 L 5.5019531 16.695312 L 5.0878906 15.976562 C 4.3898906 14.768562 4.0204844 13.387375 4.0214844 11.984375 C 4.0234844 7.582375 7.6067656 4 12.009766 4 z M 8.4765625 7.375 C 8.3095625 7.375 8.0395469 7.4375 7.8105469 7.6875 C 7.5815469 7.9365 6.9355469 8.5395781 6.9355469 9.7675781 C 6.9355469 10.995578 7.8300781 12.182609 7.9550781 12.349609 C 8.0790781 12.515609 9.68175 15.115234 12.21875 16.115234 C 14.32675 16.946234 14.754891 16.782234 15.212891 16.740234 C 15.670891 16.699234 16.690438 16.137687 16.898438 15.554688 C 17.106437 14.971687 17.106922 14.470187 17.044922 14.367188 C 16.982922 14.263188 16.816406 14.201172 16.566406 14.076172 C 16.317406 13.951172 15.090328 13.348625 14.861328 13.265625 C 14.632328 13.182625 14.464828 13.140625 14.298828 13.390625 C 14.132828 13.640625 13.655766 14.201187 13.509766 14.367188 C 13.363766 14.534188 13.21875 14.556641 12.96875 14.431641 C 12.71875 14.305641 11.914938 14.041406 10.960938 13.191406 C 10.218937 12.530406 9.7182656 11.714844 9.5722656 11.464844 C 9.4272656 11.215844 9.5585938 11.079078 9.6835938 10.955078 C 9.7955938 10.843078 9.9316406 10.663578 10.056641 10.517578 C 10.180641 10.371578 10.223641 10.267562 10.306641 10.101562 C 10.389641 9.9355625 10.347156 9.7890625 10.285156 9.6640625 C 10.223156 9.5390625 9.737625 8.3065 9.515625 7.8125 C 9.328625 7.3975 9.131125 7.3878594 8.953125 7.3808594 C 8.808125 7.3748594 8.6425625 7.375 8.4765625 7.375 z\"><\/path><\/svg><span class=\"wp-block-social-link-label\">WhatsApp<\/span><\/a><\/li><\/ul>\n<\/div>\n<\/div>\n\n\n\n<div class=\"wp-block-group layer-faq-img is-content-justification-right is-nowrap is-layout-flex wp-container-core-group-is-layout-17124a9a wp-block-group-is-layout-flex\">\n<figure class=\"wp-block-image alignright size-large is-resized\"><img loading=\"lazy\" decoding=\"async\" width=\"500\" height=\"343\" src=\"\/wp-content\/uploads\/2025\/02\/faq-example-product-500x343.png\" alt=\"\" class=\"wp-image-47297\" style=\"width:350px\" srcset=\"https:\/\/sneeboer.ratiodesign.dev\/wp-content\/uploads\/2025\/02\/faq-example-product-500x343.png 500w, https:\/\/sneeboer.ratiodesign.dev\/wp-content\/uploads\/2025\/02\/faq-example-product-250x171.png 250w, https:\/\/sneeboer.ratiodesign.dev\/wp-content\/uploads\/2025\/02\/faq-example-product-768x527.png 768w, https:\/\/sneeboer.ratiodesign.dev\/wp-content\/uploads\/2025\/02\/faq-example-product-1536x1053.png 1536w, https:\/\/sneeboer.ratiodesign.dev\/wp-content\/uploads\/2025\/02\/faq-example-product-600x411.png 600w, https:\/\/sneeboer.ratiodesign.dev\/wp-content\/uploads\/2025\/02\/faq-example-product.png 1775w\" sizes=\"auto, (max-width: 500px) 100vw, 500px\" \/><\/figure>\n<\/div>\n<\/section>\n\n\n\n<section class=\"wp-block-group alignfull base-grid layer layer-faq layer-faq-right is-layout-grid wp-container-core-group-is-layout-205bcd65 wp-block-group-is-layout-grid\">\n<div class=\"wp-block-group layer-faq-img has-global-padding is-layout-constrained wp-block-group-is-layout-constrained\">\n<figure class=\"wp-block-image alignfull size-large\"><img loading=\"lazy\" decoding=\"async\" width=\"500\" height=\"336\" src=\"http:\/\/localhost\/wp-content\/uploads\/2025\/02\/sneeboer-loading-500x336.jpg\" alt=\"\" class=\"wp-image-47317\" srcset=\"https:\/\/sneeboer.ratiodesign.dev\/wp-content\/uploads\/2025\/02\/sneeboer-loading-500x336.jpg 500w, https:\/\/sneeboer.ratiodesign.dev\/wp-content\/uploads\/2025\/02\/sneeboer-loading-250x168.jpg 250w, https:\/\/sneeboer.ratiodesign.dev\/wp-content\/uploads\/2025\/02\/sneeboer-loading-768x516.jpg 768w, https:\/\/sneeboer.ratiodesign.dev\/wp-content\/uploads\/2025\/02\/sneeboer-loading-1536x1032.jpg 1536w, https:\/\/sneeboer.ratiodesign.dev\/wp-content\/uploads\/2025\/02\/sneeboer-loading-600x403.jpg 600w, https:\/\/sneeboer.ratiodesign.dev\/wp-content\/uploads\/2025\/02\/sneeboer-loading.jpg 2048w\" sizes=\"auto, (max-width: 500px) 100vw, 500px\" \/><\/figure>\n<\/div>\n\n\n\n<div class=\"wp-block-group layer-faq-text wp-container-content-0562d7ac has-global-padding is-layout-constrained wp-block-group-is-layout-constrained\">\n<h2 class=\"wp-block-heading\">Entretien<\/h2>\n\n\n\n<h3 class=\"wp-block-heading\">Avant la premi\u00e8re utilisation :<\/h3>\n\n\n\n<p>Traitez vos outils avec de l&#8217;huile de lin. Les manches et les poign\u00e9es resteront ainsi beaux plus longtemps, ne se dess\u00e8cheront pas et la salet\u00e9 adh\u00e9rera moins facilement. M\u00eame les parties en acier inoxydable peuvent \u00eatre frott\u00e9es avec de l&#8217;huile de lin. La terre glissera alors encore mieux de la lame de la b\u00eache, du r\u00e2teau ou de l&#8217;outil \u00e0 main.<\/p>\n\n\n\n<h3 class=\"wp-block-heading\">Voici comment entretenir vos outils de jardin en 4 \u00e9tapes :<\/h3>\n\n\n\n<details class=\"wp-block-details\"><summary><h4 class=\"wp-block-heading is-layout-flow wp-block-details-is-layout-flow\">\u00c9tape 1 : Nettoyer<\/h4><\/summary>\n<p class=\"has-text-align-full wp-embed-aspect-16-9 wp-has-aspect-ratio\">Commencez par enlever les r\u00e9sidus de terre et autres salet\u00e9s \u00e0 l&#8217;aide d&#8217;une brosse dure. Notre brosse Sneeboer sp\u00e9cialement con\u00e7ue avec des poils en laiton est parfaite pour cela. Cela permet \u00e9galement d&#8217;\u00e9viter la propagation de maladies entre les plantes. Si vous avez \u00e9galement des outils en acier, vous pouvez \u00e9galement poncer les lames avec du papier de verre. Cela n&#8217;est pas n\u00e9cessaire pour les outils en acier inoxydable.<\/p>\n\n\n\n<figure class=\"wp-block-embed alignfull is-type-video is-provider-youtube wp-block-embed-youtube wp-embed-aspect-16-9 wp-has-aspect-ratio\"><div class=\"wp-block-embed__wrapper\">\n<iframe loading=\"lazy\" title=\"Maintenance Garden tools- Cleaning\" width=\"500\" height=\"281\" src=\"https:\/\/www.youtube.com\/embed\/1jdhNgVmY6Q?feature=oembed\" frameborder=\"0\" allow=\"accelerometer; autoplay; clipboard-write; encrypted-media; gyroscope; picture-in-picture; web-share\" referrerpolicy=\"strict-origin-when-cross-origin\" allowfullscreen><\/iframe>\n<\/div><\/figure>\n<\/details>\n\n\n\n<details class=\"wp-block-details\"><summary><h4 class=\"wp-block-heading is-layout-flow wp-block-details-is-layout-flow\"><strong>\u00c9tape 2 : Aff\u00fbter<\/strong><\/h4><\/summary>\n<p class=\"has-text-align-full wp-embed-aspect-16-9 wp-has-aspect-ratio\">Une b\u00eache bien aff\u00fbt\u00e9e est l&#8217;ami de chaque jardinier. Pour aff\u00fbter les bords, veuillez n&#8217;utiliser que des pierres \u00e0 aiguiser de qualit\u00e9. Nous avons con\u00e7u une lime \u00e0 aiguiser parfaite et tr\u00e8s maniable pour l&#8217;aff\u00fbtage des outils de jardin Sneeboer. Aff\u00fbtez avec une main l\u00e9g\u00e8re, uniquement le bord biseaut\u00e9, et maintenez l&#8217;angle d&#8217;inclinaison. Aff\u00fbtez d&#8217;abord le bord avant, puis retournez l&#8217;outil et aff\u00fbtez bri\u00e8vement le bord arri\u00e8re.<\/p>\n\n\n\n<p class=\"has-text-align-full wp-embed-aspect-16-9 wp-has-aspect-ratio\"><em>Conseil : N&#8217;aff\u00fbtez jamais vos outils avec des meules \u00e9lectriques. Les temp\u00e9ratures \u00e9lev\u00e9es influencent la qualit\u00e9 de l&#8217;acier inoxydable.<\/em><\/p>\n\n\n\n<figure class=\"wp-block-embed alignfull is-type-video is-provider-youtube wp-block-embed-youtube wp-embed-aspect-16-9 wp-has-aspect-ratio\"><div class=\"wp-block-embed__wrapper\">\n<iframe loading=\"lazy\" title=\"Maintenance Garden Tools- Sharpening\" width=\"500\" height=\"281\" src=\"https:\/\/www.youtube.com\/embed\/4xBQzvth4aA?feature=oembed\" frameborder=\"0\" allow=\"accelerometer; autoplay; clipboard-write; encrypted-media; gyroscope; picture-in-picture; web-share\" referrerpolicy=\"strict-origin-when-cross-origin\" allowfullscreen><\/iframe>\n<\/div><\/figure>\n<\/details>\n\n\n\n<details class=\"wp-block-details\"><summary><h4 class=\"wp-block-heading is-layout-flow wp-block-details-is-layout-flow\">\u00c9tape 3 : Huiler<\/h4><\/summary>\n<p class=\"has-text-align-full wp-embed-aspect-16-9 wp-has-aspect-ratio\">Apr\u00e8s le nettoyage et l&#8217;aff\u00fbtage, vous devez recouvrir la lame, les lames, le manche en bois et les poign\u00e9es d&#8217;une fine couche d&#8217;huile de lin. Attention : apr\u00e8s utilisation, conservez le chiffon dans un r\u00e9cipient herm\u00e9tique. L&#8217;huile de lin peut s&#8217;enflammer spontan\u00e9ment sous une chaleur s\u00e8che. Il y a un risque d&#8217;incendie !<\/p>\n\n\n\n<figure class=\"wp-block-embed alignfull is-type-video is-provider-youtube wp-block-embed-youtube wp-embed-aspect-16-9 wp-has-aspect-ratio\"><div class=\"wp-block-embed__wrapper\">\n<iframe loading=\"lazy\" title=\"Maintenance Garden Tools- Oiling\" width=\"500\" height=\"281\" src=\"https:\/\/www.youtube.com\/embed\/cbtMtFb9d3k?feature=oembed\" frameborder=\"0\" allow=\"accelerometer; autoplay; clipboard-write; encrypted-media; gyroscope; picture-in-picture; web-share\" referrerpolicy=\"strict-origin-when-cross-origin\" allowfullscreen><\/iframe>\n<\/div><\/figure>\n<\/details>\n\n\n\n<details class=\"wp-block-details\"><summary><h4 class=\"wp-block-heading is-layout-flow wp-block-details-is-layout-flow\">\u00c9tape 4 : Stocker<\/h4><\/summary>\n<p>Pour la plupart des amateurs de jardinage, c&#8217;est une \u00e9tape qui n&#8217;est souvent pas suivie avec pr\u00e9cision. Apr\u00e8s une journ\u00e9e de jardinage, un outil peut parfois \u00eatre laiss\u00e9 de c\u00f4t\u00e9. Mais n&#8217;oubliez pas \u2013 plus vous prenez soin de vos outils, plus ils dureront longtemps. Par cons\u00e9quent, conservez les outils avec des manches et des poign\u00e9es en bois dans un endroit sec et prot\u00e9gez vos outils de l&#8217;exposition directe au soleil et des fluctuations extr\u00eames de temp\u00e9rature et d&#8217;humidit\u00e9. Il est \u00e9galement judicieux de stocker les outils hors de port\u00e9e des enfants.<\/p>\n<\/details>\n<\/div>\n<\/section>\n","protected":false},"excerpt":{"rendered":"<p>Garantie Chaque outil Sneeboer est fabriqu\u00e9 pour durer toute une vie. Cependant, si vous rencontrez un probl\u00e8me avec votre outil, n&#8217;h\u00e9sitez pas \u00e0 nous en informer. Nos produits sont garantis 50 ans \u00e0 compter de la date d&#8217;achat pour toutes les pi\u00e8ces en acier inoxydable, en acier et en titane, et 1 an pour toutes [&hellip;]<\/p>\n","protected":false},"author":8062,"featured_media":0,"parent":0,"menu_order":71,"comment_status":"closed","ping_status":"closed","template":"","meta":{"inline_featured_image":false,"home_video_url":"","home_alt_img_url":"","footnotes":""},"class_list":["post-50019","page","type-page","status-publish","hentry","post"],"yoast_head":"<!-- This site is optimized with the Yoast SEO plugin v27.4 - https:\/\/yoast.com\/product\/yoast-seo-wordpress\/ -->\n<title>Service - Sneeboer<\/title>\n<meta name=\"robots\" content=\"index, follow, max-snippet:-1, max-image-preview:large, max-video-preview:-1\" \/>\n<link rel=\"canonical\" href=\"https:\/\/sneeboer.ratiodesign.dev\/fr\/service\/\" \/>\n<meta property=\"og:locale\" content=\"fr_FR\" \/>\n<meta property=\"og:type\" content=\"article\" \/>\n<meta property=\"og:title\" content=\"Service - Sneeboer\" \/>\n<meta property=\"og:description\" content=\"Garantie Chaque outil Sneeboer est fabriqu\u00e9 pour durer toute une vie. Cependant, si vous rencontrez un probl\u00e8me avec votre outil, n&#8217;h\u00e9sitez pas \u00e0 nous en informer. Nos produits sont garantis 50 ans \u00e0 compter de la date d&#8217;achat pour toutes les pi\u00e8ces en acier inoxydable, en acier et en titane, et 1 an pour toutes [&hellip;]\" \/>\n<meta property=\"og:url\" content=\"https:\/\/sneeboer.ratiodesign.dev\/fr\/service\/\" \/>\n<meta property=\"og:site_name\" content=\"Sneeboer\" \/>\n<meta property=\"article:publisher\" content=\"https:\/\/www.facebook.com\/Sneeboer\" \/>\n<meta property=\"article:modified_time\" content=\"2025-05-27T07:46:53+00:00\" \/>\n<meta property=\"og:image\" content=\"http:\/\/localhost\/wp-content\/uploads\/2025\/02\/sneeboer-loading-500x336.jpg\" \/>\n<meta name=\"twitter:card\" content=\"summary_large_image\" \/>\n<meta name=\"twitter:label1\" content=\"Dur\u00e9e de lecture estim\u00e9e\" \/>\n\t<meta name=\"twitter:data1\" content=\"4 minutes\" \/>\n<!-- \/ Yoast SEO plugin. -->","yoast_head_json":{"title":"Service - Sneeboer","robots":{"index":"index","follow":"follow","max-snippet":"max-snippet:-1","max-image-preview":"max-image-preview:large","max-video-preview":"max-video-preview:-1"},"canonical":"https:\/\/sneeboer.ratiodesign.dev\/fr\/service\/","og_locale":"fr_FR","og_type":"article","og_title":"Service - Sneeboer","og_description":"Garantie Chaque outil Sneeboer est fabriqu\u00e9 pour durer toute une vie. Cependant, si vous rencontrez un probl\u00e8me avec votre outil, n&#8217;h\u00e9sitez pas \u00e0 nous en informer. Nos produits sont garantis 50 ans \u00e0 compter de la date d&#8217;achat pour toutes les pi\u00e8ces en acier inoxydable, en acier et en titane, et 1 an pour toutes [&hellip;]","og_url":"https:\/\/sneeboer.ratiodesign.dev\/fr\/service\/","og_site_name":"Sneeboer","article_publisher":"https:\/\/www.facebook.com\/Sneeboer","article_modified_time":"2025-05-27T07:46:53+00:00","og_image":[{"url":"http:\/\/localhost\/wp-content\/uploads\/2025\/02\/sneeboer-loading-500x336.jpg","type":"","width":"","height":""}],"twitter_card":"summary_large_image","twitter_misc":{"Dur\u00e9e de lecture estim\u00e9e":"4 minutes"},"schema":{"@context":"https:\/\/schema.org","@graph":[{"@type":"WebPage","@id":"https:\/\/sneeboer.ratiodesign.dev\/fr\/service\/","url":"https:\/\/sneeboer.ratiodesign.dev\/fr\/service\/","name":"Service - Sneeboer","isPartOf":{"@id":"https:\/\/sneeboer.ratiodesign.dev\/fr\/#website"},"primaryImageOfPage":{"@id":"https:\/\/sneeboer.ratiodesign.dev\/fr\/service\/#primaryimage"},"image":{"@id":"https:\/\/sneeboer.ratiodesign.dev\/fr\/service\/#primaryimage"},"thumbnailUrl":"http:\/\/localhost\/wp-content\/uploads\/2025\/02\/sneeboer-loading-500x336.jpg","datePublished":"2025-02-19T13:50:46+00:00","dateModified":"2025-05-27T07:46:53+00:00","breadcrumb":{"@id":"https:\/\/sneeboer.ratiodesign.dev\/fr\/service\/#breadcrumb"},"inLanguage":"fr-FR","potentialAction":[{"@type":"ReadAction","target":["https:\/\/sneeboer.ratiodesign.dev\/fr\/service\/"]}]},{"@type":"ImageObject","inLanguage":"fr-FR","@id":"https:\/\/sneeboer.ratiodesign.dev\/fr\/service\/#primaryimage","url":"http:\/\/localhost\/wp-content\/uploads\/2025\/02\/sneeboer-loading-500x336.jpg","contentUrl":"http:\/\/localhost\/wp-content\/uploads\/2025\/02\/sneeboer-loading-500x336.jpg"},{"@type":"BreadcrumbList","@id":"https:\/\/sneeboer.ratiodesign.dev\/fr\/service\/#breadcrumb","itemListElement":[{"@type":"ListItem","position":1,"name":"Home","item":"https:\/\/sneeboer.ratiodesign.dev\/fr\/"},{"@type":"ListItem","position":2,"name":"Service"}]},{"@type":"WebSite","@id":"https:\/\/sneeboer.ratiodesign.dev\/fr\/#website","url":"https:\/\/sneeboer.ratiodesign.dev\/fr\/","name":"Sneeboer","description":"Tools for life - and generations to come...","publisher":{"@id":"https:\/\/sneeboer.ratiodesign.dev\/fr\/#organization"},"potentialAction":[{"@type":"SearchAction","target":{"@type":"EntryPoint","urlTemplate":"https:\/\/sneeboer.ratiodesign.dev\/fr\/?s={search_term_string}"},"query-input":{"@type":"PropertyValueSpecification","valueRequired":true,"valueName":"search_term_string"}}],"inLanguage":"fr-FR"},{"@type":"Organization","@id":"https:\/\/sneeboer.ratiodesign.dev\/fr\/#organization","name":"Sneeboer","url":"https:\/\/sneeboer.ratiodesign.dev\/fr\/","logo":{"@type":"ImageObject","inLanguage":"fr-FR","@id":"https:\/\/sneeboer.ratiodesign.dev\/fr\/#\/schema\/logo\/image\/","url":"https:\/\/sneeboer.ratiodesign.dev\/wp-content\/uploads\/2025\/01\/logo-sneeboer.svg","contentUrl":"https:\/\/sneeboer.ratiodesign.dev\/wp-content\/uploads\/2025\/01\/logo-sneeboer.svg","caption":"Sneeboer"},"image":{"@id":"https:\/\/sneeboer.ratiodesign.dev\/fr\/#\/schema\/logo\/image\/"},"sameAs":["https:\/\/www.facebook.com\/Sneeboer","https:\/\/www.instagram.com\/sneeboer\/","https:\/\/www.youtube.com\/channel\/UCW9Qf54JFJFwVHzRNJbLAcg","https:\/\/pinterest.com\/sneeboer"]}]}},"_links":{"self":[{"href":"https:\/\/sneeboer.ratiodesign.dev\/fr\/wp-json\/wp\/v2\/pages\/50019","targetHints":{"allow":["GET"]}}],"collection":[{"href":"https:\/\/sneeboer.ratiodesign.dev\/fr\/wp-json\/wp\/v2\/pages"}],"about":[{"href":"https:\/\/sneeboer.ratiodesign.dev\/fr\/wp-json\/wp\/v2\/types\/page"}],"author":[{"embeddable":true,"href":"https:\/\/sneeboer.ratiodesign.dev\/fr\/wp-json\/wp\/v2\/users\/8062"}],"replies":[{"embeddable":true,"href":"https:\/\/sneeboer.ratiodesign.dev\/fr\/wp-json\/wp\/v2\/comments?post=50019"}],"version-history":[{"count":0,"href":"https:\/\/sneeboer.ratiodesign.dev\/fr\/wp-json\/wp\/v2\/pages\/50019\/revisions"}],"wp:attachment":[{"href":"https:\/\/sneeboer.ratiodesign.dev\/fr\/wp-json\/wp\/v2\/media?parent=50019"}],"curies":[{"name":"wp","href":"https:\/\/api.w.org\/{rel}","templated":true}]}}