{"id":53379,"date":"2023-05-10T07:01:12","date_gmt":"2023-05-10T05:01:12","guid":{"rendered":"https:\/\/testsite.sneeboer.com\/tuingereedschap\/binette-a-tirer-125-cm"},"modified":"2023-06-26T12:22:16","modified_gmt":"2023-06-26T10:22:16","slug":"binette-a-tirer-125-cm","status":"publish","type":"product","link":"https:\/\/sneeboer.ratiodesign.dev\/fr-ch\/outils-de-jardin-forges-a-la-main\/binette-a-tirer-125-cm\/","title":{"rendered":"Binette \u00e0 tirer 12,5 cm"},"content":{"rendered":"","protected":false},"excerpt":{"rendered":"<p>Cette binette \u00e0 tirer est principalement utilis\u00e9e pour le binage des mauvaises herbes aux sols compacts. Cet outil peut \u00eatre utilis\u00e9 pour le r\u00e9colte des l\u00e9gumes, mais aussi pour faire des tranch\u00e9es. Les mauvaises herbes n&#8217;a aucune chance quand vous utilisez cette binette, parce que la lame a un angle pr\u00e9cis qui d\u00e9coupe les mauvaises herbes imm\u00e9diatement. Avec sa lame tranchante, ce travail peut \u00eatre r\u00e9alis\u00e9 sans effort.\u00a0<\/p>\n","protected":false},"featured_media":20576,"template":"","meta":{"inline_featured_image":false,"product_video_url":"","product_360_url":""},"product_brand":[],"product_cat":[],"product_tag":[],"weeds":[],"soil_types":[],"class_list":{"0":"post-53379","1":"product","2":"type-product","3":"status-publish","4":"has-post-thumbnail","6":"post","8":"first","9":"instock","10":"taxable","11":"shipping-taxable","12":"purchasable","13":"product-type-simple"},"exclude_global_add_ons":false,"addons":[{"name":"Gravure","type":"custom_text","position":0,"required":false,"title_format":"heading","default":"","description_enable":false,"description":"Voeg maximaal 50 karakters in.","placeholder_enable":false,"placeholder":"","display":"select","restrictions_type":"any_text","adjust_price":true,"price":"4.92","price_type":"quantity_based","restrictions":true,"min":"1","max":"50","options":[],"id":1684165753}],"yoast_head":"<!-- This site is optimized with the Yoast SEO plugin v27.4 - https:\/\/yoast.com\/product\/yoast-seo-wordpress\/ -->\n<title>Binette \u00e0 tirer 12,5 cm - Sneeboer<\/title>\n<meta name=\"robots\" content=\"index, follow, max-snippet:-1, max-image-preview:large, max-video-preview:-1\" \/>\n<link rel=\"canonical\" href=\"https:\/\/sneeboer.ratiodesign.dev\/fr-ch\/outils-de-jardin-forges-a-la-main\/binette-a-tirer-125-cm\/\" \/>\n<meta property=\"og:locale\" content=\"fr_FR\" \/>\n<meta property=\"og:type\" content=\"article\" \/>\n<meta property=\"og:title\" content=\"Binette \u00e0 tirer 12,5 cm - Sneeboer\" \/>\n<meta property=\"og:description\" content=\"Cette binette \u00e0 tirer est principalement utilis\u00e9e pour le binage des mauvaises herbes aux sols compacts. Cet outil peut \u00eatre utilis\u00e9 pour le r\u00e9colte des l\u00e9gumes, mais aussi pour faire des tranch\u00e9es. Les mauvaises herbes n&#039;a aucune chance quand vous utilisez cette binette, parce que la lame a un angle pr\u00e9cis qui d\u00e9coupe les mauvaises herbes imm\u00e9diatement. Avec sa lame tranchante, ce travail peut \u00eatre r\u00e9alis\u00e9 sans effort.\u00a0\" \/>\n<meta property=\"og:url\" content=\"https:\/\/sneeboer.ratiodesign.dev\/fr-ch\/outils-de-jardin-forges-a-la-main\/binette-a-tirer-125-cm\/\" \/>\n<meta property=\"og:site_name\" content=\"Sneeboer\" \/>\n<meta property=\"article:publisher\" content=\"https:\/\/www.facebook.com\/Sneeboer\" \/>\n<meta property=\"article:modified_time\" content=\"2023-06-26T10:22:16+00:00\" \/>\n<meta property=\"og:image\" content=\"https:\/\/sneeboer.ratiodesign.dev\/wp-content\/uploads\/2023\/05\/8715093010028-1.jpg\" \/>\n\t<meta property=\"og:image:width\" content=\"1024\" \/>\n\t<meta property=\"og:image:height\" content=\"1024\" \/>\n\t<meta property=\"og:image:type\" content=\"image\/jpeg\" \/>\n<meta name=\"twitter:card\" content=\"summary_large_image\" \/>\n<!-- \/ Yoast SEO plugin. -->","yoast_head_json":{"title":"Binette \u00e0 tirer 12,5 cm - Sneeboer","robots":{"index":"index","follow":"follow","max-snippet":"max-snippet:-1","max-image-preview":"max-image-preview:large","max-video-preview":"max-video-preview:-1"},"canonical":"https:\/\/sneeboer.ratiodesign.dev\/fr-ch\/outils-de-jardin-forges-a-la-main\/binette-a-tirer-125-cm\/","og_locale":"fr_FR","og_type":"article","og_title":"Binette \u00e0 tirer 12,5 cm - Sneeboer","og_description":"Cette binette \u00e0 tirer est principalement utilis\u00e9e pour le binage des mauvaises herbes aux sols compacts. Cet outil peut \u00eatre utilis\u00e9 pour le r\u00e9colte des l\u00e9gumes, mais aussi pour faire des tranch\u00e9es. Les mauvaises herbes n'a aucune chance quand vous utilisez cette binette, parce que la lame a un angle pr\u00e9cis qui d\u00e9coupe les mauvaises herbes imm\u00e9diatement. Avec sa lame tranchante, ce travail peut \u00eatre r\u00e9alis\u00e9 sans effort.\u00a0","og_url":"https:\/\/sneeboer.ratiodesign.dev\/fr-ch\/outils-de-jardin-forges-a-la-main\/binette-a-tirer-125-cm\/","og_site_name":"Sneeboer","article_publisher":"https:\/\/www.facebook.com\/Sneeboer","article_modified_time":"2023-06-26T10:22:16+00:00","og_image":[{"width":1024,"height":1024,"url":"https:\/\/sneeboer.ratiodesign.dev\/wp-content\/uploads\/2023\/05\/8715093010028-1.jpg","type":"image\/jpeg"}],"twitter_card":"summary_large_image","schema":{"@context":"https:\/\/schema.org","@graph":[{"@type":"WebPage","@id":"https:\/\/sneeboer.ratiodesign.dev\/fr-ch\/outils-de-jardin-forges-a-la-main\/binette-a-tirer-125-cm\/","url":"https:\/\/sneeboer.ratiodesign.dev\/fr-ch\/outils-de-jardin-forges-a-la-main\/binette-a-tirer-125-cm\/","name":"Binette \u00e0 tirer 12,5 cm - Sneeboer","isPartOf":{"@id":"https:\/\/sneeboer.ratiodesign.dev\/fr-ch\/#website"},"primaryImageOfPage":{"@id":"https:\/\/sneeboer.ratiodesign.dev\/fr-ch\/outils-de-jardin-forges-a-la-main\/binette-a-tirer-125-cm\/#primaryimage"},"image":{"@id":"https:\/\/sneeboer.ratiodesign.dev\/fr-ch\/outils-de-jardin-forges-a-la-main\/binette-a-tirer-125-cm\/#primaryimage"},"thumbnailUrl":"https:\/\/sneeboer.ratiodesign.dev\/wp-content\/uploads\/2023\/05\/8715093010028-1.jpg","datePublished":"2023-05-10T05:01:12+00:00","dateModified":"2023-06-26T10:22:16+00:00","breadcrumb":{"@id":"https:\/\/sneeboer.ratiodesign.dev\/fr-ch\/outils-de-jardin-forges-a-la-main\/binette-a-tirer-125-cm\/#breadcrumb"},"inLanguage":"fr-CH","potentialAction":[{"@type":"ReadAction","target":["https:\/\/sneeboer.ratiodesign.dev\/fr-ch\/outils-de-jardin-forges-a-la-main\/binette-a-tirer-125-cm\/"]}]},{"@type":"ImageObject","inLanguage":"fr-CH","@id":"https:\/\/sneeboer.ratiodesign.dev\/fr-ch\/outils-de-jardin-forges-a-la-main\/binette-a-tirer-125-cm\/#primaryimage","url":"https:\/\/sneeboer.ratiodesign.dev\/wp-content\/uploads\/2023\/05\/8715093010028-1.jpg","contentUrl":"https:\/\/sneeboer.ratiodesign.dev\/wp-content\/uploads\/2023\/05\/8715093010028-1.jpg","width":1024,"height":1024},{"@type":"BreadcrumbList","@id":"https:\/\/sneeboer.ratiodesign.dev\/fr-ch\/outils-de-jardin-forges-a-la-main\/binette-a-tirer-125-cm\/#breadcrumb","itemListElement":[{"@type":"ListItem","position":1,"name":"Home","item":"https:\/\/sneeboer.ratiodesign.dev\/fr-ch\/"},{"@type":"ListItem","position":2,"name":"Boutique","item":"https:\/\/sneeboer.ratiodesign.dev\/fr-ch\/outils-de-jardin\/"},{"@type":"ListItem","position":3,"name":"Binette \u00e0 tirer 12,5 cm"}]},{"@type":"WebSite","@id":"https:\/\/sneeboer.ratiodesign.dev\/fr-ch\/#website","url":"https:\/\/sneeboer.ratiodesign.dev\/fr-ch\/","name":"Sneeboer","description":"Tools for life - and generations to come...","publisher":{"@id":"https:\/\/sneeboer.ratiodesign.dev\/fr-ch\/#organization"},"potentialAction":[{"@type":"SearchAction","target":{"@type":"EntryPoint","urlTemplate":"https:\/\/sneeboer.ratiodesign.dev\/fr-ch\/?s={search_term_string}"},"query-input":{"@type":"PropertyValueSpecification","valueRequired":true,"valueName":"search_term_string"}}],"inLanguage":"fr-CH"},{"@type":"Organization","@id":"https:\/\/sneeboer.ratiodesign.dev\/fr-ch\/#organization","name":"Sneeboer","url":"https:\/\/sneeboer.ratiodesign.dev\/fr-ch\/","logo":{"@type":"ImageObject","inLanguage":"fr-CH","@id":"https:\/\/sneeboer.ratiodesign.dev\/fr-ch\/#\/schema\/logo\/image\/","url":"https:\/\/sneeboer.ratiodesign.dev\/wp-content\/uploads\/2025\/01\/logo-sneeboer.svg","contentUrl":"https:\/\/sneeboer.ratiodesign.dev\/wp-content\/uploads\/2025\/01\/logo-sneeboer.svg","caption":"Sneeboer"},"image":{"@id":"https:\/\/sneeboer.ratiodesign.dev\/fr-ch\/#\/schema\/logo\/image\/"},"sameAs":["https:\/\/www.facebook.com\/Sneeboer","https:\/\/www.instagram.com\/sneeboer\/","https:\/\/www.youtube.com\/channel\/UCW9Qf54JFJFwVHzRNJbLAcg","https:\/\/pinterest.com\/sneeboer"]}]}},"_links":{"self":[{"href":"https:\/\/sneeboer.ratiodesign.dev\/fr-ch\/wp-json\/wp\/v2\/product\/53379","targetHints":{"allow":["GET"]}}],"collection":[{"href":"https:\/\/sneeboer.ratiodesign.dev\/fr-ch\/wp-json\/wp\/v2\/product"}],"about":[{"href":"https:\/\/sneeboer.ratiodesign.dev\/fr-ch\/wp-json\/wp\/v2\/types\/product"}],"wp:featuredmedia":[{"embeddable":true,"href":"https:\/\/sneeboer.ratiodesign.dev\/fr-ch\/wp-json\/wp\/v2\/media\/20576"}],"wp:attachment":[{"href":"https:\/\/sneeboer.ratiodesign.dev\/fr-ch\/wp-json\/wp\/v2\/media?parent=53379"}],"wp:term":[{"taxonomy":"product_brand","embeddable":true,"href":"https:\/\/sneeboer.ratiodesign.dev\/fr-ch\/wp-json\/wp\/v2\/product_brand?post=53379"},{"taxonomy":"product_cat","embeddable":true,"href":"https:\/\/sneeboer.ratiodesign.dev\/fr-ch\/wp-json\/wp\/v2\/product_cat?post=53379"},{"taxonomy":"product_tag","embeddable":true,"href":"https:\/\/sneeboer.ratiodesign.dev\/fr-ch\/wp-json\/wp\/v2\/product_tag?post=53379"},{"taxonomy":"weeds","embeddable":true,"href":"https:\/\/sneeboer.ratiodesign.dev\/fr-ch\/wp-json\/wp\/v2\/weeds?post=53379"},{"taxonomy":"soil_types","embeddable":true,"href":"https:\/\/sneeboer.ratiodesign.dev\/fr-ch\/wp-json\/wp\/v2\/soil_types?post=53379"}],"curies":[{"name":"wp","href":"https:\/\/api.w.org\/{rel}","templated":true}]}}