{"id":52596,"date":"2023-05-09T20:49:45","date_gmt":"2023-05-09T18:49:45","guid":{"rendered":"https:\/\/testsite.sneeboer.com\/tuingereedschap\/pelle-a-planter-2"},"modified":"2023-06-26T12:34:11","modified_gmt":"2023-06-26T10:34:11","slug":"pelle-a-planter-2","status":"publish","type":"product","link":"https:\/\/sneeboer.ratiodesign.dev\/fr-ch\/outils-de-jardin-forges-a-la-main\/pelle-a-planter-2\/","title":{"rendered":"Pelle \u00e0 planter"},"content":{"rendered":"","protected":false},"excerpt":{"rendered":"<p>Une petite pelle pointue avec un manche court: id\u00e9ale pour transplanter, faire des trous et une aide utile \u00e0 d\u00e9chirer des plantes ou des buissons. Tr\u00e8s solide et pour les adultes un outil id\u00e9al lorsqu&#8217;ils travaillent \u00e0 genoux. Avec un manche de 42 cm de long.<\/p><\/p>\n","protected":false},"featured_media":15596,"template":"","meta":{"inline_featured_image":false,"product_video_url":"","product_360_url":""},"product_brand":[],"product_cat":[],"product_tag":[],"weeds":[],"soil_types":[],"class_list":{"0":"post-52596","1":"product","2":"type-product","3":"status-publish","4":"has-post-thumbnail","6":"post","8":"first","9":"instock","10":"taxable","11":"shipping-taxable","12":"purchasable","13":"product-type-simple"},"exclude_global_add_ons":false,"addons":[{"name":"Gravure","type":"custom_text","position":0,"required":false,"title_format":"heading","default":"","description_enable":false,"description":"Voeg maximaal 50 karakters in.","placeholder_enable":false,"placeholder":"","display":"select","restrictions_type":"any_text","adjust_price":true,"price":"4.92","price_type":"quantity_based","restrictions":true,"min":"1","max":"50","options":[],"id":1684165753}],"yoast_head":"<!-- This site is optimized with the Yoast SEO plugin v27.4 - https:\/\/yoast.com\/product\/yoast-seo-wordpress\/ -->\n<title>Pelle \u00e0 planter - Sneeboer<\/title>\n<meta name=\"robots\" content=\"index, follow, max-snippet:-1, max-image-preview:large, max-video-preview:-1\" \/>\n<link rel=\"canonical\" href=\"https:\/\/sneeboer.ratiodesign.dev\/fr-ch\/outils-de-jardin-forges-a-la-main\/pelle-a-planter-2\/\" \/>\n<meta property=\"og:locale\" content=\"fr_FR\" \/>\n<meta property=\"og:type\" content=\"article\" \/>\n<meta property=\"og:title\" content=\"Pelle \u00e0 planter - Sneeboer\" \/>\n<meta property=\"og:description\" content=\"Une petite pelle pointue avec un manche court: id\u00e9ale pour transplanter, faire des trous et une aide utile \u00e0 d\u00e9chirer des plantes ou des buissons. Tr\u00e8s solide et pour les adultes un outil id\u00e9al lorsqu&#039;ils travaillent \u00e0 genoux. Avec un manche de 42 cm de long.\" \/>\n<meta property=\"og:url\" content=\"https:\/\/sneeboer.ratiodesign.dev\/fr-ch\/outils-de-jardin-forges-a-la-main\/pelle-a-planter-2\/\" \/>\n<meta property=\"og:site_name\" content=\"Sneeboer\" \/>\n<meta property=\"article:publisher\" content=\"https:\/\/www.facebook.com\/Sneeboer\" \/>\n<meta property=\"article:modified_time\" content=\"2023-06-26T10:34:11+00:00\" \/>\n<meta property=\"og:image\" content=\"https:\/\/sneeboer.ratiodesign.dev\/wp-content\/uploads\/2023\/05\/8715093040049-1.jpg\" \/>\n\t<meta property=\"og:image:width\" content=\"1024\" \/>\n\t<meta property=\"og:image:height\" content=\"1024\" \/>\n\t<meta property=\"og:image:type\" content=\"image\/jpeg\" \/>\n<meta name=\"twitter:card\" content=\"summary_large_image\" \/>\n<!-- \/ Yoast SEO plugin. -->","yoast_head_json":{"title":"Pelle \u00e0 planter - Sneeboer","robots":{"index":"index","follow":"follow","max-snippet":"max-snippet:-1","max-image-preview":"max-image-preview:large","max-video-preview":"max-video-preview:-1"},"canonical":"https:\/\/sneeboer.ratiodesign.dev\/fr-ch\/outils-de-jardin-forges-a-la-main\/pelle-a-planter-2\/","og_locale":"fr_FR","og_type":"article","og_title":"Pelle \u00e0 planter - Sneeboer","og_description":"Une petite pelle pointue avec un manche court: id\u00e9ale pour transplanter, faire des trous et une aide utile \u00e0 d\u00e9chirer des plantes ou des buissons. Tr\u00e8s solide et pour les adultes un outil id\u00e9al lorsqu'ils travaillent \u00e0 genoux. Avec un manche de 42 cm de long.","og_url":"https:\/\/sneeboer.ratiodesign.dev\/fr-ch\/outils-de-jardin-forges-a-la-main\/pelle-a-planter-2\/","og_site_name":"Sneeboer","article_publisher":"https:\/\/www.facebook.com\/Sneeboer","article_modified_time":"2023-06-26T10:34:11+00:00","og_image":[{"width":1024,"height":1024,"url":"https:\/\/sneeboer.ratiodesign.dev\/wp-content\/uploads\/2023\/05\/8715093040049-1.jpg","type":"image\/jpeg"}],"twitter_card":"summary_large_image","schema":{"@context":"https:\/\/schema.org","@graph":[{"@type":"WebPage","@id":"https:\/\/sneeboer.ratiodesign.dev\/fr-ch\/outils-de-jardin-forges-a-la-main\/pelle-a-planter-2\/","url":"https:\/\/sneeboer.ratiodesign.dev\/fr-ch\/outils-de-jardin-forges-a-la-main\/pelle-a-planter-2\/","name":"Pelle \u00e0 planter - Sneeboer","isPartOf":{"@id":"https:\/\/sneeboer.ratiodesign.dev\/fr-ch\/#website"},"primaryImageOfPage":{"@id":"https:\/\/sneeboer.ratiodesign.dev\/fr-ch\/outils-de-jardin-forges-a-la-main\/pelle-a-planter-2\/#primaryimage"},"image":{"@id":"https:\/\/sneeboer.ratiodesign.dev\/fr-ch\/outils-de-jardin-forges-a-la-main\/pelle-a-planter-2\/#primaryimage"},"thumbnailUrl":"https:\/\/sneeboer.ratiodesign.dev\/wp-content\/uploads\/2023\/05\/8715093040049-1.jpg","datePublished":"2023-05-09T18:49:45+00:00","dateModified":"2023-06-26T10:34:11+00:00","breadcrumb":{"@id":"https:\/\/sneeboer.ratiodesign.dev\/fr-ch\/outils-de-jardin-forges-a-la-main\/pelle-a-planter-2\/#breadcrumb"},"inLanguage":"fr-CH","potentialAction":[{"@type":"ReadAction","target":["https:\/\/sneeboer.ratiodesign.dev\/fr-ch\/outils-de-jardin-forges-a-la-main\/pelle-a-planter-2\/"]}]},{"@type":"ImageObject","inLanguage":"fr-CH","@id":"https:\/\/sneeboer.ratiodesign.dev\/fr-ch\/outils-de-jardin-forges-a-la-main\/pelle-a-planter-2\/#primaryimage","url":"https:\/\/sneeboer.ratiodesign.dev\/wp-content\/uploads\/2023\/05\/8715093040049-1.jpg","contentUrl":"https:\/\/sneeboer.ratiodesign.dev\/wp-content\/uploads\/2023\/05\/8715093040049-1.jpg","width":1024,"height":1024},{"@type":"BreadcrumbList","@id":"https:\/\/sneeboer.ratiodesign.dev\/fr-ch\/outils-de-jardin-forges-a-la-main\/pelle-a-planter-2\/#breadcrumb","itemListElement":[{"@type":"ListItem","position":1,"name":"Home","item":"https:\/\/sneeboer.ratiodesign.dev\/fr-ch\/"},{"@type":"ListItem","position":2,"name":"Boutique","item":"https:\/\/sneeboer.ratiodesign.dev\/fr-ch\/outils-de-jardin\/"},{"@type":"ListItem","position":3,"name":"Pelle \u00e0 planter"}]},{"@type":"WebSite","@id":"https:\/\/sneeboer.ratiodesign.dev\/fr-ch\/#website","url":"https:\/\/sneeboer.ratiodesign.dev\/fr-ch\/","name":"Sneeboer","description":"Tools for life - and generations to come...","publisher":{"@id":"https:\/\/sneeboer.ratiodesign.dev\/fr-ch\/#organization"},"potentialAction":[{"@type":"SearchAction","target":{"@type":"EntryPoint","urlTemplate":"https:\/\/sneeboer.ratiodesign.dev\/fr-ch\/?s={search_term_string}"},"query-input":{"@type":"PropertyValueSpecification","valueRequired":true,"valueName":"search_term_string"}}],"inLanguage":"fr-CH"},{"@type":"Organization","@id":"https:\/\/sneeboer.ratiodesign.dev\/fr-ch\/#organization","name":"Sneeboer","url":"https:\/\/sneeboer.ratiodesign.dev\/fr-ch\/","logo":{"@type":"ImageObject","inLanguage":"fr-CH","@id":"https:\/\/sneeboer.ratiodesign.dev\/fr-ch\/#\/schema\/logo\/image\/","url":"https:\/\/sneeboer.ratiodesign.dev\/wp-content\/uploads\/2025\/01\/logo-sneeboer.svg","contentUrl":"https:\/\/sneeboer.ratiodesign.dev\/wp-content\/uploads\/2025\/01\/logo-sneeboer.svg","caption":"Sneeboer"},"image":{"@id":"https:\/\/sneeboer.ratiodesign.dev\/fr-ch\/#\/schema\/logo\/image\/"},"sameAs":["https:\/\/www.facebook.com\/Sneeboer","https:\/\/www.instagram.com\/sneeboer\/","https:\/\/www.youtube.com\/channel\/UCW9Qf54JFJFwVHzRNJbLAcg","https:\/\/pinterest.com\/sneeboer"]}]}},"_links":{"self":[{"href":"https:\/\/sneeboer.ratiodesign.dev\/fr-ch\/wp-json\/wp\/v2\/product\/52596","targetHints":{"allow":["GET"]}}],"collection":[{"href":"https:\/\/sneeboer.ratiodesign.dev\/fr-ch\/wp-json\/wp\/v2\/product"}],"about":[{"href":"https:\/\/sneeboer.ratiodesign.dev\/fr-ch\/wp-json\/wp\/v2\/types\/product"}],"wp:featuredmedia":[{"embeddable":true,"href":"https:\/\/sneeboer.ratiodesign.dev\/fr-ch\/wp-json\/wp\/v2\/media\/15596"}],"wp:attachment":[{"href":"https:\/\/sneeboer.ratiodesign.dev\/fr-ch\/wp-json\/wp\/v2\/media?parent=52596"}],"wp:term":[{"taxonomy":"product_brand","embeddable":true,"href":"https:\/\/sneeboer.ratiodesign.dev\/fr-ch\/wp-json\/wp\/v2\/product_brand?post=52596"},{"taxonomy":"product_cat","embeddable":true,"href":"https:\/\/sneeboer.ratiodesign.dev\/fr-ch\/wp-json\/wp\/v2\/product_cat?post=52596"},{"taxonomy":"product_tag","embeddable":true,"href":"https:\/\/sneeboer.ratiodesign.dev\/fr-ch\/wp-json\/wp\/v2\/product_tag?post=52596"},{"taxonomy":"weeds","embeddable":true,"href":"https:\/\/sneeboer.ratiodesign.dev\/fr-ch\/wp-json\/wp\/v2\/weeds?post=52596"},{"taxonomy":"soil_types","embeddable":true,"href":"https:\/\/sneeboer.ratiodesign.dev\/fr-ch\/wp-json\/wp\/v2\/soil_types?post=52596"}],"curies":[{"name":"wp","href":"https:\/\/api.w.org\/{rel}","templated":true}]}}