{"id":52497,"date":"2023-05-09T20:43:04","date_gmt":"2023-05-09T18:43:04","guid":{"rendered":"https:\/\/testsite.sneeboer.com\/tuingereedschap\/petite-pelle-a-desherber-a-main"},"modified":"2023-06-26T12:35:02","modified_gmt":"2023-06-26T10:35:02","slug":"petite-pelle-a-desherber-a-main","status":"publish","type":"product","link":"https:\/\/sneeboer.ratiodesign.dev\/fr-ch\/outils-de-jardin-forges-a-la-main\/petite-pelle-a-desherber-a-main\/","title":{"rendered":"Petite pelle \u00e0 d\u00e9sherber \u00e0 main"},"content":{"rendered":"","protected":false},"excerpt":{"rendered":"<p>Cette petite pelle \u00e0 d\u00e9sherber est utilis\u00e9e principalement pour les racines pivotantes dans le sol sableux\u00a0ou le sol tourbeux. Elle est aussi pratique pour la cultivation des petits bulbes. Avec un manche en bois de cerisier.\u00a0<\/p>\n","protected":false},"featured_media":14921,"template":"","meta":{"inline_featured_image":false,"product_video_url":"","product_360_url":""},"product_brand":[],"product_cat":[],"product_tag":[291,296],"weeds":[],"soil_types":[],"class_list":{"0":"post-52497","1":"product","2":"type-product","3":"status-publish","4":"has-post-thumbnail","6":"product_tag-graven","7":"product_tag-planten","8":"post","10":"first","11":"instock","12":"taxable","13":"shipping-taxable","14":"purchasable","15":"product-type-simple"},"exclude_global_add_ons":false,"addons":[{"name":"Gravure","type":"custom_text","position":0,"required":false,"title_format":"heading","default":"","description_enable":false,"description":"Voeg maximaal 50 karakters in.","placeholder_enable":false,"placeholder":"","display":"select","restrictions_type":"any_text","adjust_price":true,"price":"4.92","price_type":"quantity_based","restrictions":true,"min":"1","max":"50","options":[],"id":1684165753}],"yoast_head":"<!-- This site is optimized with the Yoast SEO plugin v27.4 - https:\/\/yoast.com\/product\/yoast-seo-wordpress\/ -->\n<title>Petite pelle \u00e0 d\u00e9sherber \u00e0 main - Sneeboer<\/title>\n<meta name=\"robots\" content=\"index, follow, max-snippet:-1, max-image-preview:large, max-video-preview:-1\" \/>\n<link rel=\"canonical\" href=\"https:\/\/sneeboer.ratiodesign.dev\/fr-ch\/outils-de-jardin-forges-a-la-main\/petite-pelle-a-desherber-a-main\/\" \/>\n<meta property=\"og:locale\" content=\"fr_FR\" \/>\n<meta property=\"og:type\" content=\"article\" \/>\n<meta property=\"og:title\" content=\"Petite pelle \u00e0 d\u00e9sherber \u00e0 main - Sneeboer\" \/>\n<meta property=\"og:description\" content=\"Cette petite pelle \u00e0 d\u00e9sherber est utilis\u00e9e principalement pour les racines pivotantes dans le sol sableux\u00a0ou le sol tourbeux. Elle est aussi pratique pour la cultivation des petits bulbes. Avec un manche en bois de cerisier.\u00a0\" \/>\n<meta property=\"og:url\" content=\"https:\/\/sneeboer.ratiodesign.dev\/fr-ch\/outils-de-jardin-forges-a-la-main\/petite-pelle-a-desherber-a-main\/\" \/>\n<meta property=\"og:site_name\" content=\"Sneeboer\" \/>\n<meta property=\"article:publisher\" content=\"https:\/\/www.facebook.com\/Sneeboer\" \/>\n<meta property=\"article:modified_time\" content=\"2023-06-26T10:35:02+00:00\" \/>\n<meta property=\"og:image\" content=\"https:\/\/sneeboer.ratiodesign.dev\/wp-content\/uploads\/2023\/05\/8715093045143-1.jpg\" \/>\n\t<meta property=\"og:image:width\" content=\"1024\" \/>\n\t<meta property=\"og:image:height\" content=\"1024\" \/>\n\t<meta property=\"og:image:type\" content=\"image\/jpeg\" \/>\n<meta name=\"twitter:card\" content=\"summary_large_image\" \/>\n<!-- \/ Yoast SEO plugin. -->","yoast_head_json":{"title":"Petite pelle \u00e0 d\u00e9sherber \u00e0 main - Sneeboer","robots":{"index":"index","follow":"follow","max-snippet":"max-snippet:-1","max-image-preview":"max-image-preview:large","max-video-preview":"max-video-preview:-1"},"canonical":"https:\/\/sneeboer.ratiodesign.dev\/fr-ch\/outils-de-jardin-forges-a-la-main\/petite-pelle-a-desherber-a-main\/","og_locale":"fr_FR","og_type":"article","og_title":"Petite pelle \u00e0 d\u00e9sherber \u00e0 main - Sneeboer","og_description":"Cette petite pelle \u00e0 d\u00e9sherber est utilis\u00e9e principalement pour les racines pivotantes dans le sol sableux\u00a0ou le sol tourbeux. Elle est aussi pratique pour la cultivation des petits bulbes. Avec un manche en bois de cerisier.\u00a0","og_url":"https:\/\/sneeboer.ratiodesign.dev\/fr-ch\/outils-de-jardin-forges-a-la-main\/petite-pelle-a-desherber-a-main\/","og_site_name":"Sneeboer","article_publisher":"https:\/\/www.facebook.com\/Sneeboer","article_modified_time":"2023-06-26T10:35:02+00:00","og_image":[{"width":1024,"height":1024,"url":"https:\/\/sneeboer.ratiodesign.dev\/wp-content\/uploads\/2023\/05\/8715093045143-1.jpg","type":"image\/jpeg"}],"twitter_card":"summary_large_image","schema":{"@context":"https:\/\/schema.org","@graph":[{"@type":"WebPage","@id":"https:\/\/sneeboer.ratiodesign.dev\/fr-ch\/outils-de-jardin-forges-a-la-main\/petite-pelle-a-desherber-a-main\/","url":"https:\/\/sneeboer.ratiodesign.dev\/fr-ch\/outils-de-jardin-forges-a-la-main\/petite-pelle-a-desherber-a-main\/","name":"Petite pelle \u00e0 d\u00e9sherber \u00e0 main - Sneeboer","isPartOf":{"@id":"https:\/\/sneeboer.ratiodesign.dev\/fr-ch\/#website"},"primaryImageOfPage":{"@id":"https:\/\/sneeboer.ratiodesign.dev\/fr-ch\/outils-de-jardin-forges-a-la-main\/petite-pelle-a-desherber-a-main\/#primaryimage"},"image":{"@id":"https:\/\/sneeboer.ratiodesign.dev\/fr-ch\/outils-de-jardin-forges-a-la-main\/petite-pelle-a-desherber-a-main\/#primaryimage"},"thumbnailUrl":"https:\/\/sneeboer.ratiodesign.dev\/wp-content\/uploads\/2023\/05\/8715093045143-1.jpg","datePublished":"2023-05-09T18:43:04+00:00","dateModified":"2023-06-26T10:35:02+00:00","breadcrumb":{"@id":"https:\/\/sneeboer.ratiodesign.dev\/fr-ch\/outils-de-jardin-forges-a-la-main\/petite-pelle-a-desherber-a-main\/#breadcrumb"},"inLanguage":"fr-CH","potentialAction":[{"@type":"ReadAction","target":["https:\/\/sneeboer.ratiodesign.dev\/fr-ch\/outils-de-jardin-forges-a-la-main\/petite-pelle-a-desherber-a-main\/"]}]},{"@type":"ImageObject","inLanguage":"fr-CH","@id":"https:\/\/sneeboer.ratiodesign.dev\/fr-ch\/outils-de-jardin-forges-a-la-main\/petite-pelle-a-desherber-a-main\/#primaryimage","url":"https:\/\/sneeboer.ratiodesign.dev\/wp-content\/uploads\/2023\/05\/8715093045143-1.jpg","contentUrl":"https:\/\/sneeboer.ratiodesign.dev\/wp-content\/uploads\/2023\/05\/8715093045143-1.jpg","width":1024,"height":1024},{"@type":"BreadcrumbList","@id":"https:\/\/sneeboer.ratiodesign.dev\/fr-ch\/outils-de-jardin-forges-a-la-main\/petite-pelle-a-desherber-a-main\/#breadcrumb","itemListElement":[{"@type":"ListItem","position":1,"name":"Home","item":"https:\/\/sneeboer.ratiodesign.dev\/fr-ch\/"},{"@type":"ListItem","position":2,"name":"Boutique","item":"https:\/\/sneeboer.ratiodesign.dev\/fr-ch\/outils-de-jardin\/"},{"@type":"ListItem","position":3,"name":"Petite pelle \u00e0 d\u00e9sherber \u00e0 main"}]},{"@type":"WebSite","@id":"https:\/\/sneeboer.ratiodesign.dev\/fr-ch\/#website","url":"https:\/\/sneeboer.ratiodesign.dev\/fr-ch\/","name":"Sneeboer","description":"Tools for life - and generations to come...","publisher":{"@id":"https:\/\/sneeboer.ratiodesign.dev\/fr-ch\/#organization"},"potentialAction":[{"@type":"SearchAction","target":{"@type":"EntryPoint","urlTemplate":"https:\/\/sneeboer.ratiodesign.dev\/fr-ch\/?s={search_term_string}"},"query-input":{"@type":"PropertyValueSpecification","valueRequired":true,"valueName":"search_term_string"}}],"inLanguage":"fr-CH"},{"@type":"Organization","@id":"https:\/\/sneeboer.ratiodesign.dev\/fr-ch\/#organization","name":"Sneeboer","url":"https:\/\/sneeboer.ratiodesign.dev\/fr-ch\/","logo":{"@type":"ImageObject","inLanguage":"fr-CH","@id":"https:\/\/sneeboer.ratiodesign.dev\/fr-ch\/#\/schema\/logo\/image\/","url":"https:\/\/sneeboer.ratiodesign.dev\/wp-content\/uploads\/2025\/01\/logo-sneeboer.svg","contentUrl":"https:\/\/sneeboer.ratiodesign.dev\/wp-content\/uploads\/2025\/01\/logo-sneeboer.svg","caption":"Sneeboer"},"image":{"@id":"https:\/\/sneeboer.ratiodesign.dev\/fr-ch\/#\/schema\/logo\/image\/"},"sameAs":["https:\/\/www.facebook.com\/Sneeboer","https:\/\/www.instagram.com\/sneeboer\/","https:\/\/www.youtube.com\/channel\/UCW9Qf54JFJFwVHzRNJbLAcg","https:\/\/pinterest.com\/sneeboer"]}]}},"_links":{"self":[{"href":"https:\/\/sneeboer.ratiodesign.dev\/fr-ch\/wp-json\/wp\/v2\/product\/52497","targetHints":{"allow":["GET"]}}],"collection":[{"href":"https:\/\/sneeboer.ratiodesign.dev\/fr-ch\/wp-json\/wp\/v2\/product"}],"about":[{"href":"https:\/\/sneeboer.ratiodesign.dev\/fr-ch\/wp-json\/wp\/v2\/types\/product"}],"wp:featuredmedia":[{"embeddable":true,"href":"https:\/\/sneeboer.ratiodesign.dev\/fr-ch\/wp-json\/wp\/v2\/media\/14921"}],"wp:attachment":[{"href":"https:\/\/sneeboer.ratiodesign.dev\/fr-ch\/wp-json\/wp\/v2\/media?parent=52497"}],"wp:term":[{"taxonomy":"product_brand","embeddable":true,"href":"https:\/\/sneeboer.ratiodesign.dev\/fr-ch\/wp-json\/wp\/v2\/product_brand?post=52497"},{"taxonomy":"product_cat","embeddable":true,"href":"https:\/\/sneeboer.ratiodesign.dev\/fr-ch\/wp-json\/wp\/v2\/product_cat?post=52497"},{"taxonomy":"product_tag","embeddable":true,"href":"https:\/\/sneeboer.ratiodesign.dev\/fr-ch\/wp-json\/wp\/v2\/product_tag?post=52497"},{"taxonomy":"weeds","embeddable":true,"href":"https:\/\/sneeboer.ratiodesign.dev\/fr-ch\/wp-json\/wp\/v2\/weeds?post=52497"},{"taxonomy":"soil_types","embeddable":true,"href":"https:\/\/sneeboer.ratiodesign.dev\/fr-ch\/wp-json\/wp\/v2\/soil_types?post=52497"}],"curies":[{"name":"wp","href":"https:\/\/api.w.org\/{rel}","templated":true}]}}