{"id":51368,"date":"2023-05-09T15:04:46","date_gmt":"2023-05-09T13:04:46","guid":{"rendered":"https:\/\/testsite.sneeboer.com\/tuingereedschap\/rateau-a-feuilles-a-main-7-dents-luxe"},"modified":"2023-06-26T12:44:17","modified_gmt":"2023-06-26T10:44:17","slug":"rateau-a-feuilles-a-main-7-dents-luxe","status":"publish","type":"product","link":"https:\/\/sneeboer.ratiodesign.dev\/fr-ch\/outils-de-jardin-forges-a-la-main\/rateau-a-feuilles-a-main-7-dents-luxe\/","title":{"rendered":"R\u00e2teau \u00e0 feuilles \u00e0 main 7 dents LUXE"},"content":{"rendered":"","protected":false},"excerpt":{"rendered":"<p>La ligne de luxe est une ligne de nouveaux outils avec des manches sp\u00e9cials qui sont d\u00e9velopp\u00e9s exclusivement pour les jardiniers avec de plus petits mains. Ce qui fait cette ligne caract\u00e9ristique, sont les nouveaux manches qui donnent plus d&#8217;adh\u00e9rence aux petits mains sensibles. Ce sont donc des outils parfaitement faits pour les petites mains!<\/p>\n<p>Ce r\u00e2teau \u00e0 feuilles avec un manche de luxe est est id\u00e9al pour ratisser des feuilles et\u00a0d&#8217;autres d\u00e9chets de jardin entre des plantes et fleurs et des espaces difficiles de votre jardin ou potager sur\u00e9lev\u00e9.<\/p>\n","protected":false},"featured_media":54308,"template":"","meta":{"inline_featured_image":false,"product_video_url":"","product_360_url":""},"product_brand":[],"product_cat":[],"product_tag":[288,286],"weeds":[],"soil_types":[],"class_list":{"0":"post-51368","1":"product","2":"type-product","3":"status-publish","4":"has-post-thumbnail","6":"product_tag-egaliseren","7":"product_tag-wieden","8":"post","10":"first","11":"onbackorder","12":"taxable","13":"shipping-taxable","14":"purchasable","15":"product-type-simple"},"exclude_global_add_ons":false,"addons":[{"name":"Gravure","type":"custom_text","position":0,"required":false,"title_format":"heading","default":"","description_enable":false,"description":"Voeg maximaal 50 karakters in.","placeholder_enable":false,"placeholder":"","display":"select","restrictions_type":"any_text","adjust_price":true,"price":"4.92","price_type":"quantity_based","restrictions":true,"min":"1","max":"50","options":[],"id":1684165753}],"yoast_head":"<!-- This site is optimized with the Yoast SEO plugin v27.4 - https:\/\/yoast.com\/product\/yoast-seo-wordpress\/ -->\n<title>R\u00e2teau \u00e0 feuilles \u00e0 main 7 dents LUXE - Sneeboer<\/title>\n<meta name=\"robots\" content=\"index, follow, max-snippet:-1, max-image-preview:large, max-video-preview:-1\" \/>\n<link rel=\"canonical\" href=\"https:\/\/sneeboer.ratiodesign.dev\/fr-ch\/outils-de-jardin-forges-a-la-main\/rateau-a-feuilles-a-main-7-dents-luxe\/\" \/>\n<meta property=\"og:locale\" content=\"fr_FR\" \/>\n<meta property=\"og:type\" content=\"article\" \/>\n<meta property=\"og:title\" content=\"R\u00e2teau \u00e0 feuilles \u00e0 main 7 dents LUXE - Sneeboer\" \/>\n<meta property=\"og:description\" content=\"La ligne de luxe est une ligne de nouveaux outils avec des manches sp\u00e9cials qui sont d\u00e9velopp\u00e9s exclusivement pour les jardiniers avec de plus petits mains. Ce qui fait cette ligne caract\u00e9ristique, sont les nouveaux manches qui donnent plus d&#039;adh\u00e9rence aux petits mains sensibles. Ce sont donc des outils parfaitement faits pour les petites mains! Ce r\u00e2teau \u00e0 feuilles avec un manche de luxe est est id\u00e9al pour ratisser des feuilles et\u00a0d&#039;autres d\u00e9chets de jardin entre des plantes et fleurs et des espaces difficiles de votre jardin ou potager sur\u00e9lev\u00e9.\" \/>\n<meta property=\"og:url\" content=\"https:\/\/sneeboer.ratiodesign.dev\/fr-ch\/outils-de-jardin-forges-a-la-main\/rateau-a-feuilles-a-main-7-dents-luxe\/\" \/>\n<meta property=\"og:site_name\" content=\"Sneeboer\" \/>\n<meta property=\"article:publisher\" content=\"https:\/\/www.facebook.com\/Sneeboer\" \/>\n<meta property=\"article:modified_time\" content=\"2023-06-26T10:44:17+00:00\" \/>\n<meta property=\"og:image\" content=\"https:\/\/sneeboer.ratiodesign.dev\/wp-content\/uploads\/2023\/05\/871509316035-1.jpg\" \/>\n\t<meta property=\"og:image:width\" content=\"1024\" \/>\n\t<meta property=\"og:image:height\" content=\"1024\" \/>\n\t<meta property=\"og:image:type\" content=\"image\/jpeg\" \/>\n<meta name=\"twitter:card\" content=\"summary_large_image\" \/>\n<!-- \/ Yoast SEO plugin. -->","yoast_head_json":{"title":"R\u00e2teau \u00e0 feuilles \u00e0 main 7 dents LUXE - Sneeboer","robots":{"index":"index","follow":"follow","max-snippet":"max-snippet:-1","max-image-preview":"max-image-preview:large","max-video-preview":"max-video-preview:-1"},"canonical":"https:\/\/sneeboer.ratiodesign.dev\/fr-ch\/outils-de-jardin-forges-a-la-main\/rateau-a-feuilles-a-main-7-dents-luxe\/","og_locale":"fr_FR","og_type":"article","og_title":"R\u00e2teau \u00e0 feuilles \u00e0 main 7 dents LUXE - Sneeboer","og_description":"La ligne de luxe est une ligne de nouveaux outils avec des manches sp\u00e9cials qui sont d\u00e9velopp\u00e9s exclusivement pour les jardiniers avec de plus petits mains. Ce qui fait cette ligne caract\u00e9ristique, sont les nouveaux manches qui donnent plus d'adh\u00e9rence aux petits mains sensibles. Ce sont donc des outils parfaitement faits pour les petites mains! Ce r\u00e2teau \u00e0 feuilles avec un manche de luxe est est id\u00e9al pour ratisser des feuilles et\u00a0d'autres d\u00e9chets de jardin entre des plantes et fleurs et des espaces difficiles de votre jardin ou potager sur\u00e9lev\u00e9.","og_url":"https:\/\/sneeboer.ratiodesign.dev\/fr-ch\/outils-de-jardin-forges-a-la-main\/rateau-a-feuilles-a-main-7-dents-luxe\/","og_site_name":"Sneeboer","article_publisher":"https:\/\/www.facebook.com\/Sneeboer","article_modified_time":"2023-06-26T10:44:17+00:00","og_image":[{"width":1024,"height":1024,"url":"https:\/\/sneeboer.ratiodesign.dev\/wp-content\/uploads\/2023\/05\/871509316035-1.jpg","type":"image\/jpeg"}],"twitter_card":"summary_large_image","schema":{"@context":"https:\/\/schema.org","@graph":[{"@type":"WebPage","@id":"https:\/\/sneeboer.ratiodesign.dev\/fr-ch\/outils-de-jardin-forges-a-la-main\/rateau-a-feuilles-a-main-7-dents-luxe\/","url":"https:\/\/sneeboer.ratiodesign.dev\/fr-ch\/outils-de-jardin-forges-a-la-main\/rateau-a-feuilles-a-main-7-dents-luxe\/","name":"R\u00e2teau \u00e0 feuilles \u00e0 main 7 dents LUXE - Sneeboer","isPartOf":{"@id":"https:\/\/sneeboer.ratiodesign.dev\/fr-ch\/#website"},"primaryImageOfPage":{"@id":"https:\/\/sneeboer.ratiodesign.dev\/fr-ch\/outils-de-jardin-forges-a-la-main\/rateau-a-feuilles-a-main-7-dents-luxe\/#primaryimage"},"image":{"@id":"https:\/\/sneeboer.ratiodesign.dev\/fr-ch\/outils-de-jardin-forges-a-la-main\/rateau-a-feuilles-a-main-7-dents-luxe\/#primaryimage"},"thumbnailUrl":"https:\/\/sneeboer.ratiodesign.dev\/wp-content\/uploads\/2023\/05\/871509316035-1.jpg","datePublished":"2023-05-09T13:04:46+00:00","dateModified":"2023-06-26T10:44:17+00:00","breadcrumb":{"@id":"https:\/\/sneeboer.ratiodesign.dev\/fr-ch\/outils-de-jardin-forges-a-la-main\/rateau-a-feuilles-a-main-7-dents-luxe\/#breadcrumb"},"inLanguage":"fr-CH","potentialAction":[{"@type":"ReadAction","target":["https:\/\/sneeboer.ratiodesign.dev\/fr-ch\/outils-de-jardin-forges-a-la-main\/rateau-a-feuilles-a-main-7-dents-luxe\/"]}]},{"@type":"ImageObject","inLanguage":"fr-CH","@id":"https:\/\/sneeboer.ratiodesign.dev\/fr-ch\/outils-de-jardin-forges-a-la-main\/rateau-a-feuilles-a-main-7-dents-luxe\/#primaryimage","url":"https:\/\/sneeboer.ratiodesign.dev\/wp-content\/uploads\/2023\/05\/871509316035-1.jpg","contentUrl":"https:\/\/sneeboer.ratiodesign.dev\/wp-content\/uploads\/2023\/05\/871509316035-1.jpg","width":1024,"height":1024},{"@type":"BreadcrumbList","@id":"https:\/\/sneeboer.ratiodesign.dev\/fr-ch\/outils-de-jardin-forges-a-la-main\/rateau-a-feuilles-a-main-7-dents-luxe\/#breadcrumb","itemListElement":[{"@type":"ListItem","position":1,"name":"Home","item":"https:\/\/sneeboer.ratiodesign.dev\/fr-ch\/"},{"@type":"ListItem","position":2,"name":"Boutique","item":"https:\/\/sneeboer.ratiodesign.dev\/fr-ch\/outils-de-jardin\/"},{"@type":"ListItem","position":3,"name":"R\u00e2teau \u00e0 feuilles \u00e0 main 7 dents LUXE"}]},{"@type":"WebSite","@id":"https:\/\/sneeboer.ratiodesign.dev\/fr-ch\/#website","url":"https:\/\/sneeboer.ratiodesign.dev\/fr-ch\/","name":"Sneeboer","description":"Tools for life - and generations to come...","publisher":{"@id":"https:\/\/sneeboer.ratiodesign.dev\/fr-ch\/#organization"},"potentialAction":[{"@type":"SearchAction","target":{"@type":"EntryPoint","urlTemplate":"https:\/\/sneeboer.ratiodesign.dev\/fr-ch\/?s={search_term_string}"},"query-input":{"@type":"PropertyValueSpecification","valueRequired":true,"valueName":"search_term_string"}}],"inLanguage":"fr-CH"},{"@type":"Organization","@id":"https:\/\/sneeboer.ratiodesign.dev\/fr-ch\/#organization","name":"Sneeboer","url":"https:\/\/sneeboer.ratiodesign.dev\/fr-ch\/","logo":{"@type":"ImageObject","inLanguage":"fr-CH","@id":"https:\/\/sneeboer.ratiodesign.dev\/fr-ch\/#\/schema\/logo\/image\/","url":"https:\/\/sneeboer.ratiodesign.dev\/wp-content\/uploads\/2025\/01\/logo-sneeboer.svg","contentUrl":"https:\/\/sneeboer.ratiodesign.dev\/wp-content\/uploads\/2025\/01\/logo-sneeboer.svg","caption":"Sneeboer"},"image":{"@id":"https:\/\/sneeboer.ratiodesign.dev\/fr-ch\/#\/schema\/logo\/image\/"},"sameAs":["https:\/\/www.facebook.com\/Sneeboer","https:\/\/www.instagram.com\/sneeboer\/","https:\/\/www.youtube.com\/channel\/UCW9Qf54JFJFwVHzRNJbLAcg","https:\/\/pinterest.com\/sneeboer"]}]}},"_links":{"self":[{"href":"https:\/\/sneeboer.ratiodesign.dev\/fr-ch\/wp-json\/wp\/v2\/product\/51368","targetHints":{"allow":["GET"]}}],"collection":[{"href":"https:\/\/sneeboer.ratiodesign.dev\/fr-ch\/wp-json\/wp\/v2\/product"}],"about":[{"href":"https:\/\/sneeboer.ratiodesign.dev\/fr-ch\/wp-json\/wp\/v2\/types\/product"}],"wp:featuredmedia":[{"embeddable":true,"href":"https:\/\/sneeboer.ratiodesign.dev\/fr-ch\/wp-json\/wp\/v2\/media\/54308"}],"wp:attachment":[{"href":"https:\/\/sneeboer.ratiodesign.dev\/fr-ch\/wp-json\/wp\/v2\/media?parent=51368"}],"wp:term":[{"taxonomy":"product_brand","embeddable":true,"href":"https:\/\/sneeboer.ratiodesign.dev\/fr-ch\/wp-json\/wp\/v2\/product_brand?post=51368"},{"taxonomy":"product_cat","embeddable":true,"href":"https:\/\/sneeboer.ratiodesign.dev\/fr-ch\/wp-json\/wp\/v2\/product_cat?post=51368"},{"taxonomy":"product_tag","embeddable":true,"href":"https:\/\/sneeboer.ratiodesign.dev\/fr-ch\/wp-json\/wp\/v2\/product_tag?post=51368"},{"taxonomy":"weeds","embeddable":true,"href":"https:\/\/sneeboer.ratiodesign.dev\/fr-ch\/wp-json\/wp\/v2\/weeds?post=51368"},{"taxonomy":"soil_types","embeddable":true,"href":"https:\/\/sneeboer.ratiodesign.dev\/fr-ch\/wp-json\/wp\/v2\/soil_types?post=51368"}],"curies":[{"name":"wp","href":"https:\/\/api.w.org\/{rel}","templated":true}]}}