{"id":51161,"date":"2023-05-09T14:51:37","date_gmt":"2023-05-09T12:51:37","guid":{"rendered":"https:\/\/testsite.sneeboer.com\/tuingereedschap\/couteau-etroit-a-main-petit"},"modified":"2023-06-26T12:45:54","modified_gmt":"2023-06-26T10:45:54","slug":"couteau-etroit-a-main-petit","status":"publish","type":"product","link":"https:\/\/sneeboer.ratiodesign.dev\/fr-ch\/outils-de-jardin-forges-a-la-main\/couteau-etroit-a-main-petit\/","title":{"rendered":"Couteau \u00e9troit \u00e0 main (petit)"},"content":{"rendered":"","protected":false},"excerpt":{"rendered":"<p>La lame -avec une longueur de 17 cm et une dimension de 3,5- donne la possibilit\u00e9 d&#8217;extirper les racines en pointe dans le sol et particuli\u00e8rement celles du pissenlit sans aucun effort. Cet outil vous permet de travailler avec pr\u00e9cision sans d\u00e9ranger les autres v\u00e9g\u00e9taux qui seraient proches. L&#8217;outil a un manche en bois de cerisier.<\/p>\n","protected":false},"featured_media":6568,"template":"","meta":{"inline_featured_image":false,"product_video_url":"","product_360_url":""},"product_brand":[],"product_cat":[],"product_tag":[286],"weeds":[],"soil_types":[],"class_list":{"0":"post-51161","1":"product","2":"type-product","3":"status-publish","4":"has-post-thumbnail","6":"product_tag-wieden","7":"post","9":"first","10":"instock","11":"taxable","12":"shipping-taxable","13":"purchasable","14":"product-type-simple"},"exclude_global_add_ons":false,"addons":[{"name":"Gravure","type":"custom_text","position":0,"required":false,"title_format":"heading","default":"","description_enable":false,"description":"Voeg maximaal 50 karakters in.","placeholder_enable":false,"placeholder":"","display":"select","restrictions_type":"any_text","adjust_price":true,"price":"4.92","price_type":"quantity_based","restrictions":true,"min":"1","max":"50","options":[],"id":1684165753}],"yoast_head":"<!-- This site is optimized with the Yoast SEO plugin v27.4 - https:\/\/yoast.com\/product\/yoast-seo-wordpress\/ -->\n<title>Couteau \u00e9troit \u00e0 main (petit) - Sneeboer<\/title>\n<meta name=\"robots\" content=\"index, follow, max-snippet:-1, max-image-preview:large, max-video-preview:-1\" \/>\n<link rel=\"canonical\" href=\"https:\/\/sneeboer.ratiodesign.dev\/fr-ch\/outils-de-jardin-forges-a-la-main\/couteau-etroit-a-main-petit\/\" \/>\n<meta property=\"og:locale\" content=\"fr_FR\" \/>\n<meta property=\"og:type\" content=\"article\" \/>\n<meta property=\"og:title\" content=\"Couteau \u00e9troit \u00e0 main (petit) - Sneeboer\" \/>\n<meta property=\"og:description\" content=\"La lame -avec une longueur de 17 cm et une dimension de 3,5- donne la possibilit\u00e9 d&#039;extirper les racines en pointe dans le sol et particuli\u00e8rement celles du pissenlit sans aucun effort. Cet outil vous permet de travailler avec pr\u00e9cision sans d\u00e9ranger les autres v\u00e9g\u00e9taux qui seraient proches. L&#039;outil a un manche en bois de cerisier.\" \/>\n<meta property=\"og:url\" content=\"https:\/\/sneeboer.ratiodesign.dev\/fr-ch\/outils-de-jardin-forges-a-la-main\/couteau-etroit-a-main-petit\/\" \/>\n<meta property=\"og:site_name\" content=\"Sneeboer\" \/>\n<meta property=\"article:publisher\" content=\"https:\/\/www.facebook.com\/Sneeboer\" \/>\n<meta property=\"article:modified_time\" content=\"2023-06-26T10:45:54+00:00\" \/>\n<meta property=\"og:image\" content=\"https:\/\/sneeboer.ratiodesign.dev\/wp-content\/uploads\/2023\/05\/8715093088119-1.jpg\" \/>\n\t<meta property=\"og:image:width\" content=\"1024\" \/>\n\t<meta property=\"og:image:height\" content=\"1024\" \/>\n\t<meta property=\"og:image:type\" content=\"image\/jpeg\" \/>\n<meta name=\"twitter:card\" content=\"summary_large_image\" \/>\n<!-- \/ Yoast SEO plugin. -->","yoast_head_json":{"title":"Couteau \u00e9troit \u00e0 main (petit) - Sneeboer","robots":{"index":"index","follow":"follow","max-snippet":"max-snippet:-1","max-image-preview":"max-image-preview:large","max-video-preview":"max-video-preview:-1"},"canonical":"https:\/\/sneeboer.ratiodesign.dev\/fr-ch\/outils-de-jardin-forges-a-la-main\/couteau-etroit-a-main-petit\/","og_locale":"fr_FR","og_type":"article","og_title":"Couteau \u00e9troit \u00e0 main (petit) - Sneeboer","og_description":"La lame -avec une longueur de 17 cm et une dimension de 3,5- donne la possibilit\u00e9 d'extirper les racines en pointe dans le sol et particuli\u00e8rement celles du pissenlit sans aucun effort. Cet outil vous permet de travailler avec pr\u00e9cision sans d\u00e9ranger les autres v\u00e9g\u00e9taux qui seraient proches. L'outil a un manche en bois de cerisier.","og_url":"https:\/\/sneeboer.ratiodesign.dev\/fr-ch\/outils-de-jardin-forges-a-la-main\/couteau-etroit-a-main-petit\/","og_site_name":"Sneeboer","article_publisher":"https:\/\/www.facebook.com\/Sneeboer","article_modified_time":"2023-06-26T10:45:54+00:00","og_image":[{"width":1024,"height":1024,"url":"https:\/\/sneeboer.ratiodesign.dev\/wp-content\/uploads\/2023\/05\/8715093088119-1.jpg","type":"image\/jpeg"}],"twitter_card":"summary_large_image","schema":{"@context":"https:\/\/schema.org","@graph":[{"@type":"WebPage","@id":"https:\/\/sneeboer.ratiodesign.dev\/fr-ch\/outils-de-jardin-forges-a-la-main\/couteau-etroit-a-main-petit\/","url":"https:\/\/sneeboer.ratiodesign.dev\/fr-ch\/outils-de-jardin-forges-a-la-main\/couteau-etroit-a-main-petit\/","name":"Couteau \u00e9troit \u00e0 main (petit) - Sneeboer","isPartOf":{"@id":"https:\/\/sneeboer.ratiodesign.dev\/fr-ch\/#website"},"primaryImageOfPage":{"@id":"https:\/\/sneeboer.ratiodesign.dev\/fr-ch\/outils-de-jardin-forges-a-la-main\/couteau-etroit-a-main-petit\/#primaryimage"},"image":{"@id":"https:\/\/sneeboer.ratiodesign.dev\/fr-ch\/outils-de-jardin-forges-a-la-main\/couteau-etroit-a-main-petit\/#primaryimage"},"thumbnailUrl":"https:\/\/sneeboer.ratiodesign.dev\/wp-content\/uploads\/2023\/05\/8715093088119-1.jpg","datePublished":"2023-05-09T12:51:37+00:00","dateModified":"2023-06-26T10:45:54+00:00","breadcrumb":{"@id":"https:\/\/sneeboer.ratiodesign.dev\/fr-ch\/outils-de-jardin-forges-a-la-main\/couteau-etroit-a-main-petit\/#breadcrumb"},"inLanguage":"fr-CH","potentialAction":[{"@type":"ReadAction","target":["https:\/\/sneeboer.ratiodesign.dev\/fr-ch\/outils-de-jardin-forges-a-la-main\/couteau-etroit-a-main-petit\/"]}]},{"@type":"ImageObject","inLanguage":"fr-CH","@id":"https:\/\/sneeboer.ratiodesign.dev\/fr-ch\/outils-de-jardin-forges-a-la-main\/couteau-etroit-a-main-petit\/#primaryimage","url":"https:\/\/sneeboer.ratiodesign.dev\/wp-content\/uploads\/2023\/05\/8715093088119-1.jpg","contentUrl":"https:\/\/sneeboer.ratiodesign.dev\/wp-content\/uploads\/2023\/05\/8715093088119-1.jpg","width":1024,"height":1024},{"@type":"BreadcrumbList","@id":"https:\/\/sneeboer.ratiodesign.dev\/fr-ch\/outils-de-jardin-forges-a-la-main\/couteau-etroit-a-main-petit\/#breadcrumb","itemListElement":[{"@type":"ListItem","position":1,"name":"Home","item":"https:\/\/sneeboer.ratiodesign.dev\/fr-ch\/"},{"@type":"ListItem","position":2,"name":"Boutique","item":"https:\/\/sneeboer.ratiodesign.dev\/fr-ch\/outils-de-jardin\/"},{"@type":"ListItem","position":3,"name":"Couteau \u00e9troit \u00e0 main (petit)"}]},{"@type":"WebSite","@id":"https:\/\/sneeboer.ratiodesign.dev\/fr-ch\/#website","url":"https:\/\/sneeboer.ratiodesign.dev\/fr-ch\/","name":"Sneeboer","description":"Tools for life - and generations to come...","publisher":{"@id":"https:\/\/sneeboer.ratiodesign.dev\/fr-ch\/#organization"},"potentialAction":[{"@type":"SearchAction","target":{"@type":"EntryPoint","urlTemplate":"https:\/\/sneeboer.ratiodesign.dev\/fr-ch\/?s={search_term_string}"},"query-input":{"@type":"PropertyValueSpecification","valueRequired":true,"valueName":"search_term_string"}}],"inLanguage":"fr-CH"},{"@type":"Organization","@id":"https:\/\/sneeboer.ratiodesign.dev\/fr-ch\/#organization","name":"Sneeboer","url":"https:\/\/sneeboer.ratiodesign.dev\/fr-ch\/","logo":{"@type":"ImageObject","inLanguage":"fr-CH","@id":"https:\/\/sneeboer.ratiodesign.dev\/fr-ch\/#\/schema\/logo\/image\/","url":"https:\/\/sneeboer.ratiodesign.dev\/wp-content\/uploads\/2025\/01\/logo-sneeboer.svg","contentUrl":"https:\/\/sneeboer.ratiodesign.dev\/wp-content\/uploads\/2025\/01\/logo-sneeboer.svg","caption":"Sneeboer"},"image":{"@id":"https:\/\/sneeboer.ratiodesign.dev\/fr-ch\/#\/schema\/logo\/image\/"},"sameAs":["https:\/\/www.facebook.com\/Sneeboer","https:\/\/www.instagram.com\/sneeboer\/","https:\/\/www.youtube.com\/channel\/UCW9Qf54JFJFwVHzRNJbLAcg","https:\/\/pinterest.com\/sneeboer"]}]}},"_links":{"self":[{"href":"https:\/\/sneeboer.ratiodesign.dev\/fr-ch\/wp-json\/wp\/v2\/product\/51161","targetHints":{"allow":["GET"]}}],"collection":[{"href":"https:\/\/sneeboer.ratiodesign.dev\/fr-ch\/wp-json\/wp\/v2\/product"}],"about":[{"href":"https:\/\/sneeboer.ratiodesign.dev\/fr-ch\/wp-json\/wp\/v2\/types\/product"}],"wp:featuredmedia":[{"embeddable":true,"href":"https:\/\/sneeboer.ratiodesign.dev\/fr-ch\/wp-json\/wp\/v2\/media\/6568"}],"wp:attachment":[{"href":"https:\/\/sneeboer.ratiodesign.dev\/fr-ch\/wp-json\/wp\/v2\/media?parent=51161"}],"wp:term":[{"taxonomy":"product_brand","embeddable":true,"href":"https:\/\/sneeboer.ratiodesign.dev\/fr-ch\/wp-json\/wp\/v2\/product_brand?post=51161"},{"taxonomy":"product_cat","embeddable":true,"href":"https:\/\/sneeboer.ratiodesign.dev\/fr-ch\/wp-json\/wp\/v2\/product_cat?post=51161"},{"taxonomy":"product_tag","embeddable":true,"href":"https:\/\/sneeboer.ratiodesign.dev\/fr-ch\/wp-json\/wp\/v2\/product_tag?post=51161"},{"taxonomy":"weeds","embeddable":true,"href":"https:\/\/sneeboer.ratiodesign.dev\/fr-ch\/wp-json\/wp\/v2\/weeds?post=51161"},{"taxonomy":"soil_types","embeddable":true,"href":"https:\/\/sneeboer.ratiodesign.dev\/fr-ch\/wp-json\/wp\/v2\/soil_types?post=51161"}],"curies":[{"name":"wp","href":"https:\/\/api.w.org\/{rel}","templated":true}]}}