{"id":50353,"date":"2023-05-09T12:53:13","date_gmt":"2023-05-09T10:53:13","guid":{"rendered":"https:\/\/sneeboer.com\/handgesmeed-tuingereedschap\/ensemble-de-titane"},"modified":"2023-05-09T12:53:13","modified_gmt":"2023-05-09T10:53:13","slug":"ensemble-de-titane","status":"publish","type":"product","link":"https:\/\/sneeboer.ratiodesign.dev\/fr-ch\/outils-de-jardin-forges-a-la-main\/ensemble-de-titane\/","title":{"rendered":"Ensemble de Titane"},"content":{"rendered":"<p>L\u2019ensemble en titane est livr\u00e9 dans une belle bo\u00eete cadeau en bois, avec une pochette en cuir et un certificat d\u2019authenticit\u00e9. Les outils de jardinage en titane Sneeboer sont les plus luxueux et les plus exclusifs que vous puissiez trouver ! <\/p>\n","protected":false},"excerpt":{"rendered":"<p>Pour c\u00e9l\u00e9brer le 100e anniversaire de la soci\u00e9t\u00e9 Sneeboer en 2013, la ligne d&#8217;outils en titane a \u00e9t\u00e9 d\u00e9velopp\u00e9e. Ce set contient les trois outils en titane tels que la truelle de repiquage, la fourche de d\u00e9sherbage et la houe \u00e0 main qui sont vraiment uniques en leur genre, avec un manche en bois de noyer et un anneau en laiton grav\u00e9 du logo Sneeboer \u00e0 l&#8217;extr\u00e9mit\u00e9 du manche. L&#8217;alliage de titane a \u00e9t\u00e9 affin\u00e9 avec soin et est un secret de forgeron. La lame forg\u00e9e \u00e0 la main est durcie et l\u00e9g\u00e8rement polie, afin qu&#8217;elle conserve la couleur que lui donne le feu de charbon.   <\/p>\n<p>&nbsp;<\/p>\n","protected":false},"featured_media":1573,"template":"","meta":{"inline_featured_image":false,"product_video_url":"","product_360_url":""},"product_brand":[],"product_cat":[],"product_tag":[291,296,299],"weeds":[],"soil_types":[],"class_list":{"0":"post-50353","1":"product","2":"type-product","3":"status-publish","4":"has-post-thumbnail","6":"product_tag-graven","7":"product_tag-planten","8":"product_tag-verplanten","9":"post","11":"first","12":"instock","13":"taxable","14":"shipping-taxable","15":"purchasable","16":"product-type-simple"},"exclude_global_add_ons":[],"addons":[],"yoast_head":"<!-- This site is optimized with the Yoast SEO plugin v27.4 - https:\/\/yoast.com\/product\/yoast-seo-wordpress\/ -->\n<title>Ensemble de Titane - Sneeboer<\/title>\n<meta name=\"robots\" content=\"index, follow, max-snippet:-1, max-image-preview:large, max-video-preview:-1\" \/>\n<link rel=\"canonical\" href=\"https:\/\/sneeboer.ratiodesign.dev\/fr-ch\/outils-de-jardin-forges-a-la-main\/ensemble-de-titane\/\" \/>\n<meta property=\"og:locale\" content=\"fr_FR\" \/>\n<meta property=\"og:type\" content=\"article\" \/>\n<meta property=\"og:title\" content=\"Ensemble de Titane - Sneeboer\" \/>\n<meta property=\"og:description\" content=\"Pour c\u00e9l\u00e9brer le 100e anniversaire de la soci\u00e9t\u00e9 Sneeboer en 2013, la ligne d&#039;outils en titane a \u00e9t\u00e9 d\u00e9velopp\u00e9e. Ce set contient les trois outils en titane tels que la truelle de repiquage, la fourche de d\u00e9sherbage et la houe \u00e0 main qui sont vraiment uniques en leur genre, avec un manche en bois de noyer et un anneau en laiton grav\u00e9 du logo Sneeboer \u00e0 l&#039;extr\u00e9mit\u00e9 du manche. L&#039;alliage de titane a \u00e9t\u00e9 affin\u00e9 avec soin et est un secret de forgeron. La lame forg\u00e9e \u00e0 la main est durcie et l\u00e9g\u00e8rement polie, afin qu&#039;elle conserve la couleur que lui donne le feu de charbon.  &nbsp;\" \/>\n<meta property=\"og:url\" content=\"https:\/\/sneeboer.ratiodesign.dev\/fr-ch\/outils-de-jardin-forges-a-la-main\/ensemble-de-titane\/\" \/>\n<meta property=\"og:site_name\" content=\"Sneeboer\" \/>\n<meta property=\"article:publisher\" content=\"https:\/\/www.facebook.com\/Sneeboer\" \/>\n<meta property=\"og:image\" content=\"https:\/\/sneeboer.ratiodesign.dev\/wp-content\/uploads\/2023\/05\/TI.jpg\" \/>\n\t<meta property=\"og:image:width\" content=\"1223\" \/>\n\t<meta property=\"og:image:height\" content=\"1223\" \/>\n\t<meta property=\"og:image:type\" content=\"image\/jpeg\" \/>\n<meta name=\"twitter:card\" content=\"summary_large_image\" \/>\n<!-- \/ Yoast SEO plugin. -->","yoast_head_json":{"title":"Ensemble de Titane - Sneeboer","robots":{"index":"index","follow":"follow","max-snippet":"max-snippet:-1","max-image-preview":"max-image-preview:large","max-video-preview":"max-video-preview:-1"},"canonical":"https:\/\/sneeboer.ratiodesign.dev\/fr-ch\/outils-de-jardin-forges-a-la-main\/ensemble-de-titane\/","og_locale":"fr_FR","og_type":"article","og_title":"Ensemble de Titane - Sneeboer","og_description":"Pour c\u00e9l\u00e9brer le 100e anniversaire de la soci\u00e9t\u00e9 Sneeboer en 2013, la ligne d'outils en titane a \u00e9t\u00e9 d\u00e9velopp\u00e9e. Ce set contient les trois outils en titane tels que la truelle de repiquage, la fourche de d\u00e9sherbage et la houe \u00e0 main qui sont vraiment uniques en leur genre, avec un manche en bois de noyer et un anneau en laiton grav\u00e9 du logo Sneeboer \u00e0 l'extr\u00e9mit\u00e9 du manche. L'alliage de titane a \u00e9t\u00e9 affin\u00e9 avec soin et est un secret de forgeron. La lame forg\u00e9e \u00e0 la main est durcie et l\u00e9g\u00e8rement polie, afin qu'elle conserve la couleur que lui donne le feu de charbon.  &nbsp;","og_url":"https:\/\/sneeboer.ratiodesign.dev\/fr-ch\/outils-de-jardin-forges-a-la-main\/ensemble-de-titane\/","og_site_name":"Sneeboer","article_publisher":"https:\/\/www.facebook.com\/Sneeboer","og_image":[{"width":1223,"height":1223,"url":"https:\/\/sneeboer.ratiodesign.dev\/wp-content\/uploads\/2023\/05\/TI.jpg","type":"image\/jpeg"}],"twitter_card":"summary_large_image","schema":{"@context":"https:\/\/schema.org","@graph":[{"@type":"WebPage","@id":"https:\/\/sneeboer.ratiodesign.dev\/fr-ch\/outils-de-jardin-forges-a-la-main\/ensemble-de-titane\/","url":"https:\/\/sneeboer.ratiodesign.dev\/fr-ch\/outils-de-jardin-forges-a-la-main\/ensemble-de-titane\/","name":"Ensemble de Titane - Sneeboer","isPartOf":{"@id":"https:\/\/sneeboer.ratiodesign.dev\/fr-ch\/#website"},"primaryImageOfPage":{"@id":"https:\/\/sneeboer.ratiodesign.dev\/fr-ch\/outils-de-jardin-forges-a-la-main\/ensemble-de-titane\/#primaryimage"},"image":{"@id":"https:\/\/sneeboer.ratiodesign.dev\/fr-ch\/outils-de-jardin-forges-a-la-main\/ensemble-de-titane\/#primaryimage"},"thumbnailUrl":"https:\/\/sneeboer.ratiodesign.dev\/wp-content\/uploads\/2023\/05\/TI.jpg","datePublished":"2023-05-09T10:53:13+00:00","breadcrumb":{"@id":"https:\/\/sneeboer.ratiodesign.dev\/fr-ch\/outils-de-jardin-forges-a-la-main\/ensemble-de-titane\/#breadcrumb"},"inLanguage":"fr-CH","potentialAction":[{"@type":"ReadAction","target":["https:\/\/sneeboer.ratiodesign.dev\/fr-ch\/outils-de-jardin-forges-a-la-main\/ensemble-de-titane\/"]}]},{"@type":"ImageObject","inLanguage":"fr-CH","@id":"https:\/\/sneeboer.ratiodesign.dev\/fr-ch\/outils-de-jardin-forges-a-la-main\/ensemble-de-titane\/#primaryimage","url":"https:\/\/sneeboer.ratiodesign.dev\/wp-content\/uploads\/2023\/05\/TI.jpg","contentUrl":"https:\/\/sneeboer.ratiodesign.dev\/wp-content\/uploads\/2023\/05\/TI.jpg","width":1223,"height":1223},{"@type":"BreadcrumbList","@id":"https:\/\/sneeboer.ratiodesign.dev\/fr-ch\/outils-de-jardin-forges-a-la-main\/ensemble-de-titane\/#breadcrumb","itemListElement":[{"@type":"ListItem","position":1,"name":"Home","item":"https:\/\/sneeboer.ratiodesign.dev\/fr-ch\/"},{"@type":"ListItem","position":2,"name":"Boutique","item":"https:\/\/sneeboer.ratiodesign.dev\/fr-ch\/outils-de-jardin\/"},{"@type":"ListItem","position":3,"name":"Ensemble de Titane"}]},{"@type":"WebSite","@id":"https:\/\/sneeboer.ratiodesign.dev\/fr-ch\/#website","url":"https:\/\/sneeboer.ratiodesign.dev\/fr-ch\/","name":"Sneeboer","description":"Tools for life - and generations to come...","publisher":{"@id":"https:\/\/sneeboer.ratiodesign.dev\/fr-ch\/#organization"},"potentialAction":[{"@type":"SearchAction","target":{"@type":"EntryPoint","urlTemplate":"https:\/\/sneeboer.ratiodesign.dev\/fr-ch\/?s={search_term_string}"},"query-input":{"@type":"PropertyValueSpecification","valueRequired":true,"valueName":"search_term_string"}}],"inLanguage":"fr-CH"},{"@type":"Organization","@id":"https:\/\/sneeboer.ratiodesign.dev\/fr-ch\/#organization","name":"Sneeboer","url":"https:\/\/sneeboer.ratiodesign.dev\/fr-ch\/","logo":{"@type":"ImageObject","inLanguage":"fr-CH","@id":"https:\/\/sneeboer.ratiodesign.dev\/fr-ch\/#\/schema\/logo\/image\/","url":"https:\/\/sneeboer.ratiodesign.dev\/wp-content\/uploads\/2025\/01\/logo-sneeboer.svg","contentUrl":"https:\/\/sneeboer.ratiodesign.dev\/wp-content\/uploads\/2025\/01\/logo-sneeboer.svg","caption":"Sneeboer"},"image":{"@id":"https:\/\/sneeboer.ratiodesign.dev\/fr-ch\/#\/schema\/logo\/image\/"},"sameAs":["https:\/\/www.facebook.com\/Sneeboer","https:\/\/www.instagram.com\/sneeboer\/","https:\/\/www.youtube.com\/channel\/UCW9Qf54JFJFwVHzRNJbLAcg","https:\/\/pinterest.com\/sneeboer"]}]}},"_links":{"self":[{"href":"https:\/\/sneeboer.ratiodesign.dev\/fr-ch\/wp-json\/wp\/v2\/product\/50353","targetHints":{"allow":["GET"]}}],"collection":[{"href":"https:\/\/sneeboer.ratiodesign.dev\/fr-ch\/wp-json\/wp\/v2\/product"}],"about":[{"href":"https:\/\/sneeboer.ratiodesign.dev\/fr-ch\/wp-json\/wp\/v2\/types\/product"}],"wp:featuredmedia":[{"embeddable":true,"href":"https:\/\/sneeboer.ratiodesign.dev\/fr-ch\/wp-json\/wp\/v2\/media\/1573"}],"wp:attachment":[{"href":"https:\/\/sneeboer.ratiodesign.dev\/fr-ch\/wp-json\/wp\/v2\/media?parent=50353"}],"wp:term":[{"taxonomy":"product_brand","embeddable":true,"href":"https:\/\/sneeboer.ratiodesign.dev\/fr-ch\/wp-json\/wp\/v2\/product_brand?post=50353"},{"taxonomy":"product_cat","embeddable":true,"href":"https:\/\/sneeboer.ratiodesign.dev\/fr-ch\/wp-json\/wp\/v2\/product_cat?post=50353"},{"taxonomy":"product_tag","embeddable":true,"href":"https:\/\/sneeboer.ratiodesign.dev\/fr-ch\/wp-json\/wp\/v2\/product_tag?post=50353"},{"taxonomy":"weeds","embeddable":true,"href":"https:\/\/sneeboer.ratiodesign.dev\/fr-ch\/wp-json\/wp\/v2\/weeds?post=50353"},{"taxonomy":"soil_types","embeddable":true,"href":"https:\/\/sneeboer.ratiodesign.dev\/fr-ch\/wp-json\/wp\/v2\/soil_types?post=50353"}],"curies":[{"name":"wp","href":"https:\/\/api.w.org\/{rel}","templated":true}]}}