{"id":51871,"date":"2023-05-09T15:50:48","date_gmt":"2023-05-09T13:50:48","guid":{"rendered":"https:\/\/testsite.sneeboer.com\/tuingereedschap\/kinder-gabel-3z"},"modified":"2024-12-27T15:05:28","modified_gmt":"2024-12-27T14:05:28","slug":"kinder-gabel-3z","status":"publish","type":"product","link":"https:\/\/sneeboer.ratiodesign.dev\/de\/handgeschmiedete-gartengeraete\/kinder-gabel-3z\/","title":{"rendered":"Kinder Gabel 3z"},"content":{"rendered":"<p>Diese starke Kindergabel mit einem festen Handgriff ist die perfekte Hilfe beim lockern und entfernen von Unkraut mitsamt der Wurzel. K\u00f6nnen Sie sich etwas sch\u00f6neres vorstellen als zusammen mit Ihrem Kind zu g\u00e4rtnern? Kinder sollten so fr\u00fch wie m\u00f6glich lernen im Garten zu arbeiten und am besten mit den besten Werkzeugen. Griff aus Eschenholz.<\/p>\n","protected":false},"excerpt":{"rendered":"<p>Dieses Sneeboer Ger\u00e4t, Kinder Gabel 3z (510) wurde handgeschmiedet in den Niederlanden. Gartenger\u00e4te allerh\u00f6chster Qualit\u00e4t.<\/p>\n","protected":false},"featured_media":11097,"template":"","meta":{"inline_featured_image":false,"product_video_url":"","product_360_url":""},"product_brand":[],"product_cat":[193,644],"product_tag":[291,531,286],"weeds":[],"soil_types":[],"class_list":{"0":"post-51871","1":"product","2":"type-product","3":"status-publish","4":"has-post-thumbnail","6":"product_cat-gabel","7":"product_cat-kinderwerkzeuge","8":"product_tag-graven","9":"product_tag-unkraut-entfernen","10":"product_tag-wieden","11":"post","13":"first","14":"instock","15":"taxable","16":"shipping-taxable","17":"purchasable","18":"product-type-simple"},"exclude_global_add_ons":false,"addons":[{"name":"Gravur","type":"custom_text","position":0,"required":false,"title_format":"heading","default":"","description_enable":false,"description":"Geben Sie bis zu 50 Zeichen ein.","placeholder_enable":false,"placeholder":"","display":"select","restrictions_type":"any_text","adjust_price":true,"price":"4.92","price_type":"quantity_based","restrictions":true,"min":"1","max":"50","options":[],"id":1684165753}],"yoast_head":"<!-- This site is optimized with the Yoast SEO plugin v27.4 - https:\/\/yoast.com\/product\/yoast-seo-wordpress\/ -->\n<title>Kinder Gabel 3z - Sneeboer<\/title>\n<meta name=\"robots\" content=\"index, follow, max-snippet:-1, max-image-preview:large, max-video-preview:-1\" \/>\n<link rel=\"canonical\" href=\"https:\/\/sneeboer.ratiodesign.dev\/de\/handgeschmiedete-gartengeraete\/kinder-gabel-3z\/\" \/>\n<meta property=\"og:locale\" content=\"de_DE\" \/>\n<meta property=\"og:type\" content=\"article\" \/>\n<meta property=\"og:title\" content=\"Kinder Gabel 3z - Sneeboer\" \/>\n<meta property=\"og:description\" content=\"Dieses Sneeboer Ger\u00e4t, Kinder Gabel 3z (510) wurde handgeschmiedet in den Niederlanden. Gartenger\u00e4te allerh\u00f6chster Qualit\u00e4t.\" \/>\n<meta property=\"og:url\" content=\"https:\/\/sneeboer.ratiodesign.dev\/de\/handgeschmiedete-gartengeraete\/kinder-gabel-3z\/\" \/>\n<meta property=\"og:site_name\" content=\"Sneeboer\" \/>\n<meta property=\"article:publisher\" content=\"https:\/\/www.facebook.com\/Sneeboer\" \/>\n<meta property=\"article:modified_time\" content=\"2024-12-27T14:05:28+00:00\" \/>\n<meta property=\"og:image\" content=\"https:\/\/sneeboer.ratiodesign.dev\/wp-content\/uploads\/2023\/05\/8715093005109-1.jpg\" \/>\n\t<meta property=\"og:image:width\" content=\"1024\" \/>\n\t<meta property=\"og:image:height\" content=\"1024\" \/>\n\t<meta property=\"og:image:type\" content=\"image\/jpeg\" \/>\n<meta name=\"twitter:card\" content=\"summary_large_image\" \/>\n<!-- \/ Yoast SEO plugin. -->","yoast_head_json":{"title":"Kinder Gabel 3z - Sneeboer","robots":{"index":"index","follow":"follow","max-snippet":"max-snippet:-1","max-image-preview":"max-image-preview:large","max-video-preview":"max-video-preview:-1"},"canonical":"https:\/\/sneeboer.ratiodesign.dev\/de\/handgeschmiedete-gartengeraete\/kinder-gabel-3z\/","og_locale":"de_DE","og_type":"article","og_title":"Kinder Gabel 3z - Sneeboer","og_description":"Dieses Sneeboer Ger\u00e4t, Kinder Gabel 3z (510) wurde handgeschmiedet in den Niederlanden. Gartenger\u00e4te allerh\u00f6chster Qualit\u00e4t.","og_url":"https:\/\/sneeboer.ratiodesign.dev\/de\/handgeschmiedete-gartengeraete\/kinder-gabel-3z\/","og_site_name":"Sneeboer","article_publisher":"https:\/\/www.facebook.com\/Sneeboer","article_modified_time":"2024-12-27T14:05:28+00:00","og_image":[{"width":1024,"height":1024,"url":"https:\/\/sneeboer.ratiodesign.dev\/wp-content\/uploads\/2023\/05\/8715093005109-1.jpg","type":"image\/jpeg"}],"twitter_card":"summary_large_image","schema":{"@context":"https:\/\/schema.org","@graph":[{"@type":"WebPage","@id":"https:\/\/sneeboer.ratiodesign.dev\/de\/handgeschmiedete-gartengeraete\/kinder-gabel-3z\/","url":"https:\/\/sneeboer.ratiodesign.dev\/de\/handgeschmiedete-gartengeraete\/kinder-gabel-3z\/","name":"Kinder Gabel 3z - Sneeboer","isPartOf":{"@id":"https:\/\/sneeboer.ratiodesign.dev\/de\/#website"},"primaryImageOfPage":{"@id":"https:\/\/sneeboer.ratiodesign.dev\/de\/handgeschmiedete-gartengeraete\/kinder-gabel-3z\/#primaryimage"},"image":{"@id":"https:\/\/sneeboer.ratiodesign.dev\/de\/handgeschmiedete-gartengeraete\/kinder-gabel-3z\/#primaryimage"},"thumbnailUrl":"https:\/\/sneeboer.ratiodesign.dev\/wp-content\/uploads\/2023\/05\/8715093005109-1.jpg","datePublished":"2023-05-09T13:50:48+00:00","dateModified":"2024-12-27T14:05:28+00:00","breadcrumb":{"@id":"https:\/\/sneeboer.ratiodesign.dev\/de\/handgeschmiedete-gartengeraete\/kinder-gabel-3z\/#breadcrumb"},"inLanguage":"de","potentialAction":[{"@type":"ReadAction","target":["https:\/\/sneeboer.ratiodesign.dev\/de\/handgeschmiedete-gartengeraete\/kinder-gabel-3z\/"]}]},{"@type":"ImageObject","inLanguage":"de","@id":"https:\/\/sneeboer.ratiodesign.dev\/de\/handgeschmiedete-gartengeraete\/kinder-gabel-3z\/#primaryimage","url":"https:\/\/sneeboer.ratiodesign.dev\/wp-content\/uploads\/2023\/05\/8715093005109-1.jpg","contentUrl":"https:\/\/sneeboer.ratiodesign.dev\/wp-content\/uploads\/2023\/05\/8715093005109-1.jpg","width":1024,"height":1024},{"@type":"BreadcrumbList","@id":"https:\/\/sneeboer.ratiodesign.dev\/de\/handgeschmiedete-gartengeraete\/kinder-gabel-3z\/#breadcrumb","itemListElement":[{"@type":"ListItem","position":1,"name":"Home","item":"https:\/\/sneeboer.ratiodesign.dev\/de\/"},{"@type":"ListItem","position":2,"name":"Shop","item":"https:\/\/sneeboer.ratiodesign.dev\/tuingereedschap\/"},{"@type":"ListItem","position":3,"name":"Kinder Gabel 3z"}]},{"@type":"WebSite","@id":"https:\/\/sneeboer.ratiodesign.dev\/de\/#website","url":"https:\/\/sneeboer.ratiodesign.dev\/de\/","name":"Sneeboer","description":"Tools for life - and generations to come...","publisher":{"@id":"https:\/\/sneeboer.ratiodesign.dev\/de\/#organization"},"potentialAction":[{"@type":"SearchAction","target":{"@type":"EntryPoint","urlTemplate":"https:\/\/sneeboer.ratiodesign.dev\/de\/?s={search_term_string}"},"query-input":{"@type":"PropertyValueSpecification","valueRequired":true,"valueName":"search_term_string"}}],"inLanguage":"de"},{"@type":"Organization","@id":"https:\/\/sneeboer.ratiodesign.dev\/de\/#organization","name":"Sneeboer","url":"https:\/\/sneeboer.ratiodesign.dev\/de\/","logo":{"@type":"ImageObject","inLanguage":"de","@id":"https:\/\/sneeboer.ratiodesign.dev\/de\/#\/schema\/logo\/image\/","url":"https:\/\/sneeboer.ratiodesign.dev\/wp-content\/uploads\/2025\/01\/logo-sneeboer.svg","contentUrl":"https:\/\/sneeboer.ratiodesign.dev\/wp-content\/uploads\/2025\/01\/logo-sneeboer.svg","caption":"Sneeboer"},"image":{"@id":"https:\/\/sneeboer.ratiodesign.dev\/de\/#\/schema\/logo\/image\/"},"sameAs":["https:\/\/www.facebook.com\/Sneeboer","https:\/\/www.instagram.com\/sneeboer\/","https:\/\/www.youtube.com\/channel\/UCW9Qf54JFJFwVHzRNJbLAcg","https:\/\/pinterest.com\/sneeboer"]}]}},"_links":{"self":[{"href":"https:\/\/sneeboer.ratiodesign.dev\/de\/wp-json\/wp\/v2\/product\/51871","targetHints":{"allow":["GET"]}}],"collection":[{"href":"https:\/\/sneeboer.ratiodesign.dev\/de\/wp-json\/wp\/v2\/product"}],"about":[{"href":"https:\/\/sneeboer.ratiodesign.dev\/de\/wp-json\/wp\/v2\/types\/product"}],"wp:featuredmedia":[{"embeddable":true,"href":"https:\/\/sneeboer.ratiodesign.dev\/de\/wp-json\/wp\/v2\/media\/11097"}],"wp:attachment":[{"href":"https:\/\/sneeboer.ratiodesign.dev\/de\/wp-json\/wp\/v2\/media?parent=51871"}],"wp:term":[{"taxonomy":"product_brand","embeddable":true,"href":"https:\/\/sneeboer.ratiodesign.dev\/de\/wp-json\/wp\/v2\/product_brand?post=51871"},{"taxonomy":"product_cat","embeddable":true,"href":"https:\/\/sneeboer.ratiodesign.dev\/de\/wp-json\/wp\/v2\/product_cat?post=51871"},{"taxonomy":"product_tag","embeddable":true,"href":"https:\/\/sneeboer.ratiodesign.dev\/de\/wp-json\/wp\/v2\/product_tag?post=51871"},{"taxonomy":"weeds","embeddable":true,"href":"https:\/\/sneeboer.ratiodesign.dev\/de\/wp-json\/wp\/v2\/weeds?post=51871"},{"taxonomy":"soil_types","embeddable":true,"href":"https:\/\/sneeboer.ratiodesign.dev\/de\/wp-json\/wp\/v2\/soil_types?post=51871"}],"curies":[{"name":"wp","href":"https:\/\/api.w.org\/{rel}","templated":true}]}}