{"id":51459,"date":"2023-05-09T15:10:26","date_gmt":"2023-05-09T13:10:26","guid":{"rendered":"https:\/\/testsite.sneeboer.com\/tuingereedschap\/fugenkratzer-hochbeet"},"modified":"2025-05-22T08:14:26","modified_gmt":"2025-05-22T06:14:26","slug":"fugenkratzer-hochbeet","status":"publish","type":"product","link":"https:\/\/sneeboer.ratiodesign.dev\/de\/handgeschmiedete-gartengeraete\/fugenkratzer-hochbeet\/","title":{"rendered":"Fugenkratzer Hochbeet"},"content":{"rendered":"<p>Der Steinkratzer ist mit einem Eschen- oder Kirschholzgriff oder mit einem l\u00e4ngeren Stiel aus Eschenholz erh\u00e4ltlich, der f\u00fcr den Einsatz in Hochbeeten gedacht ist.<\/p>\n","protected":false},"excerpt":{"rendered":"<p>Der Fugenkratzer ist ideal, um unerw\u00fcnschtes Unkraut und Keimlinge zwischen den Ritzen von Fliesen und Pflaster zu entfernen. Dank der scharfen Klinge aus rostfreiem Stahl l\u00e4sst sich unerw\u00fcnschtes Gr\u00fcnzeug mit Leichtigkeit aus dem Boden ziehen. Aufgrund seiner Form eignet sich der Fugenkratzer auch f\u00fcr die Bel\u00fcftung zwischen Pflanzen oder bei dicht stehenden Kulturen wie Knoblauch und Zwiebeln. Doch mit diesem Ger\u00e4t l\u00e4sst sich Unkraut nicht nur auf Wegen in Schach halten, sondern auch in Mauern und Mauerwerk.<\/p>\n","protected":false},"featured_media":8567,"template":"","meta":{"inline_featured_image":false,"product_video_url":"","product_360_url":""},"product_brand":[],"product_cat":[134,202],"product_tag":[289,531],"weeds":[],"soil_types":[],"class_list":{"0":"post-51459","1":"product","2":"type-product","3":"status-publish","4":"has-post-thumbnail","6":"product_cat-geraete-fuers-hochbeet","7":"product_cat-unkrautentfernung","8":"product_tag-harken","9":"product_tag-unkraut-entfernen","10":"post","12":"first","13":"instock","14":"taxable","15":"shipping-taxable","16":"purchasable","17":"product-type-simple"},"exclude_global_add_ons":false,"addons":[{"name":"Gravur","type":"custom_text","position":0,"required":false,"title_format":"heading","default":"","description_enable":false,"description":"Geben Sie bis zu 50 Zeichen ein.","placeholder_enable":false,"placeholder":"","display":"select","restrictions_type":"any_text","adjust_price":true,"price":"4.92","price_type":"quantity_based","restrictions":true,"min":"1","max":"50","options":[],"id":1684165753}],"yoast_head":"<!-- This site is optimized with the Yoast SEO plugin v27.4 - https:\/\/yoast.com\/product\/yoast-seo-wordpress\/ -->\n<title>Fugenkratzer Hochbeet - Sneeboer<\/title>\n<meta name=\"robots\" content=\"index, follow, max-snippet:-1, max-image-preview:large, max-video-preview:-1\" \/>\n<link rel=\"canonical\" href=\"https:\/\/sneeboer.ratiodesign.dev\/de\/handgeschmiedete-gartengeraete\/fugenkratzer-hochbeet\/\" \/>\n<meta property=\"og:locale\" content=\"de_DE\" \/>\n<meta property=\"og:type\" content=\"article\" \/>\n<meta property=\"og:title\" content=\"Fugenkratzer Hochbeet - Sneeboer\" \/>\n<meta property=\"og:description\" content=\"Der Fugenkratzer ist ideal, um unerw\u00fcnschtes Unkraut und Keimlinge zwischen den Ritzen von Fliesen und Pflaster zu entfernen. Dank der scharfen Klinge aus rostfreiem Stahl l\u00e4sst sich unerw\u00fcnschtes Gr\u00fcnzeug mit Leichtigkeit aus dem Boden ziehen. Aufgrund seiner Form eignet sich der Fugenkratzer auch f\u00fcr die Bel\u00fcftung zwischen Pflanzen oder bei dicht stehenden Kulturen wie Knoblauch und Zwiebeln. Doch mit diesem Ger\u00e4t l\u00e4sst sich Unkraut nicht nur auf Wegen in Schach halten, sondern auch in Mauern und Mauerwerk.\" \/>\n<meta property=\"og:url\" content=\"https:\/\/sneeboer.ratiodesign.dev\/de\/handgeschmiedete-gartengeraete\/fugenkratzer-hochbeet\/\" \/>\n<meta property=\"og:site_name\" content=\"Sneeboer\" \/>\n<meta property=\"article:publisher\" content=\"https:\/\/www.facebook.com\/Sneeboer\" \/>\n<meta property=\"article:modified_time\" content=\"2025-05-22T06:14:26+00:00\" \/>\n<meta property=\"og:image\" content=\"https:\/\/sneeboer.ratiodesign.dev\/wp-content\/uploads\/2023\/05\/8715093580064-1.jpg\" \/>\n\t<meta property=\"og:image:width\" content=\"1024\" \/>\n\t<meta property=\"og:image:height\" content=\"1024\" \/>\n\t<meta property=\"og:image:type\" content=\"image\/jpeg\" \/>\n<meta name=\"twitter:card\" content=\"summary_large_image\" \/>\n<!-- \/ Yoast SEO plugin. -->","yoast_head_json":{"title":"Fugenkratzer Hochbeet - Sneeboer","robots":{"index":"index","follow":"follow","max-snippet":"max-snippet:-1","max-image-preview":"max-image-preview:large","max-video-preview":"max-video-preview:-1"},"canonical":"https:\/\/sneeboer.ratiodesign.dev\/de\/handgeschmiedete-gartengeraete\/fugenkratzer-hochbeet\/","og_locale":"de_DE","og_type":"article","og_title":"Fugenkratzer Hochbeet - Sneeboer","og_description":"Der Fugenkratzer ist ideal, um unerw\u00fcnschtes Unkraut und Keimlinge zwischen den Ritzen von Fliesen und Pflaster zu entfernen. Dank der scharfen Klinge aus rostfreiem Stahl l\u00e4sst sich unerw\u00fcnschtes Gr\u00fcnzeug mit Leichtigkeit aus dem Boden ziehen. Aufgrund seiner Form eignet sich der Fugenkratzer auch f\u00fcr die Bel\u00fcftung zwischen Pflanzen oder bei dicht stehenden Kulturen wie Knoblauch und Zwiebeln. Doch mit diesem Ger\u00e4t l\u00e4sst sich Unkraut nicht nur auf Wegen in Schach halten, sondern auch in Mauern und Mauerwerk.","og_url":"https:\/\/sneeboer.ratiodesign.dev\/de\/handgeschmiedete-gartengeraete\/fugenkratzer-hochbeet\/","og_site_name":"Sneeboer","article_publisher":"https:\/\/www.facebook.com\/Sneeboer","article_modified_time":"2025-05-22T06:14:26+00:00","og_image":[{"width":1024,"height":1024,"url":"https:\/\/sneeboer.ratiodesign.dev\/wp-content\/uploads\/2023\/05\/8715093580064-1.jpg","type":"image\/jpeg"}],"twitter_card":"summary_large_image","schema":{"@context":"https:\/\/schema.org","@graph":[{"@type":"WebPage","@id":"https:\/\/sneeboer.ratiodesign.dev\/de\/handgeschmiedete-gartengeraete\/fugenkratzer-hochbeet\/","url":"https:\/\/sneeboer.ratiodesign.dev\/de\/handgeschmiedete-gartengeraete\/fugenkratzer-hochbeet\/","name":"Fugenkratzer Hochbeet - Sneeboer","isPartOf":{"@id":"https:\/\/sneeboer.ratiodesign.dev\/de\/#website"},"primaryImageOfPage":{"@id":"https:\/\/sneeboer.ratiodesign.dev\/de\/handgeschmiedete-gartengeraete\/fugenkratzer-hochbeet\/#primaryimage"},"image":{"@id":"https:\/\/sneeboer.ratiodesign.dev\/de\/handgeschmiedete-gartengeraete\/fugenkratzer-hochbeet\/#primaryimage"},"thumbnailUrl":"https:\/\/sneeboer.ratiodesign.dev\/wp-content\/uploads\/2023\/05\/8715093580064-1.jpg","datePublished":"2023-05-09T13:10:26+00:00","dateModified":"2025-05-22T06:14:26+00:00","breadcrumb":{"@id":"https:\/\/sneeboer.ratiodesign.dev\/de\/handgeschmiedete-gartengeraete\/fugenkratzer-hochbeet\/#breadcrumb"},"inLanguage":"de","potentialAction":[{"@type":"ReadAction","target":["https:\/\/sneeboer.ratiodesign.dev\/de\/handgeschmiedete-gartengeraete\/fugenkratzer-hochbeet\/"]}]},{"@type":"ImageObject","inLanguage":"de","@id":"https:\/\/sneeboer.ratiodesign.dev\/de\/handgeschmiedete-gartengeraete\/fugenkratzer-hochbeet\/#primaryimage","url":"https:\/\/sneeboer.ratiodesign.dev\/wp-content\/uploads\/2023\/05\/8715093580064-1.jpg","contentUrl":"https:\/\/sneeboer.ratiodesign.dev\/wp-content\/uploads\/2023\/05\/8715093580064-1.jpg","width":1024,"height":1024},{"@type":"BreadcrumbList","@id":"https:\/\/sneeboer.ratiodesign.dev\/de\/handgeschmiedete-gartengeraete\/fugenkratzer-hochbeet\/#breadcrumb","itemListElement":[{"@type":"ListItem","position":1,"name":"Home","item":"https:\/\/sneeboer.ratiodesign.dev\/de\/"},{"@type":"ListItem","position":2,"name":"Shop","item":"https:\/\/sneeboer.ratiodesign.dev\/tuingereedschap\/"},{"@type":"ListItem","position":3,"name":"Fugenkratzer Hochbeet"}]},{"@type":"WebSite","@id":"https:\/\/sneeboer.ratiodesign.dev\/de\/#website","url":"https:\/\/sneeboer.ratiodesign.dev\/de\/","name":"Sneeboer","description":"Tools for life - and generations to come...","publisher":{"@id":"https:\/\/sneeboer.ratiodesign.dev\/de\/#organization"},"potentialAction":[{"@type":"SearchAction","target":{"@type":"EntryPoint","urlTemplate":"https:\/\/sneeboer.ratiodesign.dev\/de\/?s={search_term_string}"},"query-input":{"@type":"PropertyValueSpecification","valueRequired":true,"valueName":"search_term_string"}}],"inLanguage":"de"},{"@type":"Organization","@id":"https:\/\/sneeboer.ratiodesign.dev\/de\/#organization","name":"Sneeboer","url":"https:\/\/sneeboer.ratiodesign.dev\/de\/","logo":{"@type":"ImageObject","inLanguage":"de","@id":"https:\/\/sneeboer.ratiodesign.dev\/de\/#\/schema\/logo\/image\/","url":"https:\/\/sneeboer.ratiodesign.dev\/wp-content\/uploads\/2025\/01\/logo-sneeboer.svg","contentUrl":"https:\/\/sneeboer.ratiodesign.dev\/wp-content\/uploads\/2025\/01\/logo-sneeboer.svg","caption":"Sneeboer"},"image":{"@id":"https:\/\/sneeboer.ratiodesign.dev\/de\/#\/schema\/logo\/image\/"},"sameAs":["https:\/\/www.facebook.com\/Sneeboer","https:\/\/www.instagram.com\/sneeboer\/","https:\/\/www.youtube.com\/channel\/UCW9Qf54JFJFwVHzRNJbLAcg","https:\/\/pinterest.com\/sneeboer"]}]}},"_links":{"self":[{"href":"https:\/\/sneeboer.ratiodesign.dev\/de\/wp-json\/wp\/v2\/product\/51459","targetHints":{"allow":["GET"]}}],"collection":[{"href":"https:\/\/sneeboer.ratiodesign.dev\/de\/wp-json\/wp\/v2\/product"}],"about":[{"href":"https:\/\/sneeboer.ratiodesign.dev\/de\/wp-json\/wp\/v2\/types\/product"}],"wp:featuredmedia":[{"embeddable":true,"href":"https:\/\/sneeboer.ratiodesign.dev\/de\/wp-json\/wp\/v2\/media\/8567"}],"wp:attachment":[{"href":"https:\/\/sneeboer.ratiodesign.dev\/de\/wp-json\/wp\/v2\/media?parent=51459"}],"wp:term":[{"taxonomy":"product_brand","embeddable":true,"href":"https:\/\/sneeboer.ratiodesign.dev\/de\/wp-json\/wp\/v2\/product_brand?post=51459"},{"taxonomy":"product_cat","embeddable":true,"href":"https:\/\/sneeboer.ratiodesign.dev\/de\/wp-json\/wp\/v2\/product_cat?post=51459"},{"taxonomy":"product_tag","embeddable":true,"href":"https:\/\/sneeboer.ratiodesign.dev\/de\/wp-json\/wp\/v2\/product_tag?post=51459"},{"taxonomy":"weeds","embeddable":true,"href":"https:\/\/sneeboer.ratiodesign.dev\/de\/wp-json\/wp\/v2\/weeds?post=51459"},{"taxonomy":"soil_types","embeddable":true,"href":"https:\/\/sneeboer.ratiodesign.dev\/de\/wp-json\/wp\/v2\/soil_types?post=51459"}],"curies":[{"name":"wp","href":"https:\/\/api.w.org\/{rel}","templated":true}]}}