{"id":51396,"date":"2023-05-09T15:06:48","date_gmt":"2023-05-09T13:06:48","guid":{"rendered":"https:\/\/testsite.sneeboer.com\/tuingereedschap\/vertikutierrechen"},"modified":"2025-05-22T08:14:24","modified_gmt":"2025-05-22T06:14:24","slug":"vertikutierrechen","status":"publish","type":"product","link":"https:\/\/sneeboer.ratiodesign.dev\/de\/handgeschmiedete-gartengeraete\/vertikutierrechen\/","title":{"rendered":"Vertikutierrechen"},"content":{"rendered":"<p>Zwecks Wartung oder Austausch lassen sich die sechs Klingen des Vertikutierrechens leicht abnehmen. Der Rechen wird mit einem 155 cm langen Eschenholzstiel mit Knauf geliefert.<\/p>\n","protected":false},"excerpt":{"rendered":"<p>Der Vertikutierrechen wurde speziell daf\u00fcr entwickelt, den Rasen zu l\u00fcften, Moos zu entfernen und das Wachstum von neuem Gras zu f\u00f6rdern. Der Vertikutierrechen verf\u00fcgt \u00fcber sechs scharfe Klingen und ist schmaler als andere Rechentypen, um das L\u00fcften des Rasens weniger m\u00fchsam zu machen. Das Vertikutieren des Rasens entfernt Moos und schneidet die Graswurzeln ab, was ein zus\u00e4tzliches Wurzelwachstum anregt und den Rasen somit st\u00e4rkt. Der Vertikutierrechen kann auch zum Anlegen schmaler Furchen in Saatbeeten verwendet werden.<\/p>\n","protected":false},"featured_media":8180,"template":"","meta":{"inline_featured_image":false,"product_video_url":"","product_360_url":""},"product_brand":[],"product_cat":[423],"product_tag":[477,323,286],"weeds":[],"soil_types":[],"class_list":{"0":"post-51396","1":"product","2":"type-product","3":"status-publish","4":"has-post-thumbnail","6":"product_cat-rechen-de","7":"product_tag-harken-de","8":"product_tag-rasenpflege","9":"product_tag-wieden","10":"post","12":"first","13":"instock","14":"taxable","15":"shipping-taxable","16":"purchasable","17":"product-type-simple"},"exclude_global_add_ons":false,"addons":[{"name":"Gravur","type":"custom_text","position":0,"required":false,"title_format":"heading","default":"","description_enable":false,"description":"Geben Sie bis zu 50 Zeichen ein.","placeholder_enable":false,"placeholder":"","display":"select","restrictions_type":"any_text","adjust_price":true,"price":"4.92","price_type":"quantity_based","restrictions":true,"min":"1","max":"50","options":[],"id":1684165753}],"yoast_head":"<!-- This site is optimized with the Yoast SEO plugin v27.4 - https:\/\/yoast.com\/product\/yoast-seo-wordpress\/ -->\n<title>Vertikutierrechen - Sneeboer<\/title>\n<meta name=\"robots\" content=\"index, follow, max-snippet:-1, max-image-preview:large, max-video-preview:-1\" \/>\n<link rel=\"canonical\" href=\"https:\/\/sneeboer.ratiodesign.dev\/de\/handgeschmiedete-gartengeraete\/vertikutierrechen\/\" \/>\n<meta property=\"og:locale\" content=\"de_DE\" \/>\n<meta property=\"og:type\" content=\"article\" \/>\n<meta property=\"og:title\" content=\"Vertikutierrechen - Sneeboer\" \/>\n<meta property=\"og:description\" content=\"Der Vertikutierrechen wurde speziell daf\u00fcr entwickelt, den Rasen zu l\u00fcften, Moos zu entfernen und das Wachstum von neuem Gras zu f\u00f6rdern. Der Vertikutierrechen verf\u00fcgt \u00fcber sechs scharfe Klingen und ist schmaler als andere Rechentypen, um das L\u00fcften des Rasens weniger m\u00fchsam zu machen. Das Vertikutieren des Rasens entfernt Moos und schneidet die Graswurzeln ab, was ein zus\u00e4tzliches Wurzelwachstum anregt und den Rasen somit st\u00e4rkt. Der Vertikutierrechen kann auch zum Anlegen schmaler Furchen in Saatbeeten verwendet werden.\" \/>\n<meta property=\"og:url\" content=\"https:\/\/sneeboer.ratiodesign.dev\/de\/handgeschmiedete-gartengeraete\/vertikutierrechen\/\" \/>\n<meta property=\"og:site_name\" content=\"Sneeboer\" \/>\n<meta property=\"article:publisher\" content=\"https:\/\/www.facebook.com\/Sneeboer\" \/>\n<meta property=\"article:modified_time\" content=\"2025-05-22T06:14:24+00:00\" \/>\n<meta property=\"og:image\" content=\"https:\/\/sneeboer.ratiodesign.dev\/wp-content\/uploads\/2023\/05\/8715093060405-1.jpg\" \/>\n\t<meta property=\"og:image:width\" content=\"1024\" \/>\n\t<meta property=\"og:image:height\" content=\"1024\" \/>\n\t<meta property=\"og:image:type\" content=\"image\/jpeg\" \/>\n<meta name=\"twitter:card\" content=\"summary_large_image\" \/>\n<!-- \/ Yoast SEO plugin. -->","yoast_head_json":{"title":"Vertikutierrechen - Sneeboer","robots":{"index":"index","follow":"follow","max-snippet":"max-snippet:-1","max-image-preview":"max-image-preview:large","max-video-preview":"max-video-preview:-1"},"canonical":"https:\/\/sneeboer.ratiodesign.dev\/de\/handgeschmiedete-gartengeraete\/vertikutierrechen\/","og_locale":"de_DE","og_type":"article","og_title":"Vertikutierrechen - Sneeboer","og_description":"Der Vertikutierrechen wurde speziell daf\u00fcr entwickelt, den Rasen zu l\u00fcften, Moos zu entfernen und das Wachstum von neuem Gras zu f\u00f6rdern. Der Vertikutierrechen verf\u00fcgt \u00fcber sechs scharfe Klingen und ist schmaler als andere Rechentypen, um das L\u00fcften des Rasens weniger m\u00fchsam zu machen. Das Vertikutieren des Rasens entfernt Moos und schneidet die Graswurzeln ab, was ein zus\u00e4tzliches Wurzelwachstum anregt und den Rasen somit st\u00e4rkt. Der Vertikutierrechen kann auch zum Anlegen schmaler Furchen in Saatbeeten verwendet werden.","og_url":"https:\/\/sneeboer.ratiodesign.dev\/de\/handgeschmiedete-gartengeraete\/vertikutierrechen\/","og_site_name":"Sneeboer","article_publisher":"https:\/\/www.facebook.com\/Sneeboer","article_modified_time":"2025-05-22T06:14:24+00:00","og_image":[{"width":1024,"height":1024,"url":"https:\/\/sneeboer.ratiodesign.dev\/wp-content\/uploads\/2023\/05\/8715093060405-1.jpg","type":"image\/jpeg"}],"twitter_card":"summary_large_image","schema":{"@context":"https:\/\/schema.org","@graph":[{"@type":"WebPage","@id":"https:\/\/sneeboer.ratiodesign.dev\/de\/handgeschmiedete-gartengeraete\/vertikutierrechen\/","url":"https:\/\/sneeboer.ratiodesign.dev\/de\/handgeschmiedete-gartengeraete\/vertikutierrechen\/","name":"Vertikutierrechen - Sneeboer","isPartOf":{"@id":"https:\/\/sneeboer.ratiodesign.dev\/de\/#website"},"primaryImageOfPage":{"@id":"https:\/\/sneeboer.ratiodesign.dev\/de\/handgeschmiedete-gartengeraete\/vertikutierrechen\/#primaryimage"},"image":{"@id":"https:\/\/sneeboer.ratiodesign.dev\/de\/handgeschmiedete-gartengeraete\/vertikutierrechen\/#primaryimage"},"thumbnailUrl":"https:\/\/sneeboer.ratiodesign.dev\/wp-content\/uploads\/2023\/05\/8715093060405-1.jpg","datePublished":"2023-05-09T13:06:48+00:00","dateModified":"2025-05-22T06:14:24+00:00","breadcrumb":{"@id":"https:\/\/sneeboer.ratiodesign.dev\/de\/handgeschmiedete-gartengeraete\/vertikutierrechen\/#breadcrumb"},"inLanguage":"de","potentialAction":[{"@type":"ReadAction","target":["https:\/\/sneeboer.ratiodesign.dev\/de\/handgeschmiedete-gartengeraete\/vertikutierrechen\/"]}]},{"@type":"ImageObject","inLanguage":"de","@id":"https:\/\/sneeboer.ratiodesign.dev\/de\/handgeschmiedete-gartengeraete\/vertikutierrechen\/#primaryimage","url":"https:\/\/sneeboer.ratiodesign.dev\/wp-content\/uploads\/2023\/05\/8715093060405-1.jpg","contentUrl":"https:\/\/sneeboer.ratiodesign.dev\/wp-content\/uploads\/2023\/05\/8715093060405-1.jpg","width":1024,"height":1024},{"@type":"BreadcrumbList","@id":"https:\/\/sneeboer.ratiodesign.dev\/de\/handgeschmiedete-gartengeraete\/vertikutierrechen\/#breadcrumb","itemListElement":[{"@type":"ListItem","position":1,"name":"Home","item":"https:\/\/sneeboer.ratiodesign.dev\/de\/"},{"@type":"ListItem","position":2,"name":"Shop","item":"https:\/\/sneeboer.ratiodesign.dev\/tuingereedschap\/"},{"@type":"ListItem","position":3,"name":"Vertikutierrechen"}]},{"@type":"WebSite","@id":"https:\/\/sneeboer.ratiodesign.dev\/de\/#website","url":"https:\/\/sneeboer.ratiodesign.dev\/de\/","name":"Sneeboer","description":"Tools for life - and generations to come...","publisher":{"@id":"https:\/\/sneeboer.ratiodesign.dev\/de\/#organization"},"potentialAction":[{"@type":"SearchAction","target":{"@type":"EntryPoint","urlTemplate":"https:\/\/sneeboer.ratiodesign.dev\/de\/?s={search_term_string}"},"query-input":{"@type":"PropertyValueSpecification","valueRequired":true,"valueName":"search_term_string"}}],"inLanguage":"de"},{"@type":"Organization","@id":"https:\/\/sneeboer.ratiodesign.dev\/de\/#organization","name":"Sneeboer","url":"https:\/\/sneeboer.ratiodesign.dev\/de\/","logo":{"@type":"ImageObject","inLanguage":"de","@id":"https:\/\/sneeboer.ratiodesign.dev\/de\/#\/schema\/logo\/image\/","url":"https:\/\/sneeboer.ratiodesign.dev\/wp-content\/uploads\/2025\/01\/logo-sneeboer.svg","contentUrl":"https:\/\/sneeboer.ratiodesign.dev\/wp-content\/uploads\/2025\/01\/logo-sneeboer.svg","caption":"Sneeboer"},"image":{"@id":"https:\/\/sneeboer.ratiodesign.dev\/de\/#\/schema\/logo\/image\/"},"sameAs":["https:\/\/www.facebook.com\/Sneeboer","https:\/\/www.instagram.com\/sneeboer\/","https:\/\/www.youtube.com\/channel\/UCW9Qf54JFJFwVHzRNJbLAcg","https:\/\/pinterest.com\/sneeboer"]}]}},"_links":{"self":[{"href":"https:\/\/sneeboer.ratiodesign.dev\/de\/wp-json\/wp\/v2\/product\/51396","targetHints":{"allow":["GET"]}}],"collection":[{"href":"https:\/\/sneeboer.ratiodesign.dev\/de\/wp-json\/wp\/v2\/product"}],"about":[{"href":"https:\/\/sneeboer.ratiodesign.dev\/de\/wp-json\/wp\/v2\/types\/product"}],"wp:featuredmedia":[{"embeddable":true,"href":"https:\/\/sneeboer.ratiodesign.dev\/de\/wp-json\/wp\/v2\/media\/8180"}],"wp:attachment":[{"href":"https:\/\/sneeboer.ratiodesign.dev\/de\/wp-json\/wp\/v2\/media?parent=51396"}],"wp:term":[{"taxonomy":"product_brand","embeddable":true,"href":"https:\/\/sneeboer.ratiodesign.dev\/de\/wp-json\/wp\/v2\/product_brand?post=51396"},{"taxonomy":"product_cat","embeddable":true,"href":"https:\/\/sneeboer.ratiodesign.dev\/de\/wp-json\/wp\/v2\/product_cat?post=51396"},{"taxonomy":"product_tag","embeddable":true,"href":"https:\/\/sneeboer.ratiodesign.dev\/de\/wp-json\/wp\/v2\/product_tag?post=51396"},{"taxonomy":"weeds","embeddable":true,"href":"https:\/\/sneeboer.ratiodesign.dev\/de\/wp-json\/wp\/v2\/weeds?post=51396"},{"taxonomy":"soil_types","embeddable":true,"href":"https:\/\/sneeboer.ratiodesign.dev\/de\/wp-json\/wp\/v2\/soil_types?post=51396"}],"curies":[{"name":"wp","href":"https:\/\/api.w.org\/{rel}","templated":true}]}}