{"id":51351,"date":"2023-05-09T15:03:41","date_gmt":"2023-05-09T13:03:41","guid":{"rendered":"https:\/\/testsite.sneeboer.com\/tuingereedschap\/egalisierungsspaten"},"modified":"2023-12-28T10:58:54","modified_gmt":"2023-12-28T09:58:54","slug":"egalisierungsspaten","status":"publish","type":"product","link":"https:\/\/sneeboer.ratiodesign.dev\/de\/handgeschmiedete-gartengeraete\/egalisierungsspaten\/","title":{"rendered":"Egalisierungsspaten"},"content":{"rendered":"<p>Die Rinnenschaufel hat eine solides Blatt aus rostfreiem Stahl und ist mit einem 170 cm langen Stiel aus Eschenholz ausgestattet.<\/p>\n","protected":false},"excerpt":{"rendered":"<p>Die Rinnenschaufel ist f\u00fcr die Nivellierung von Gr\u00e4ben im Garten gedacht, die zur Ableitung von Regenwasser ausgehoben werden. Durch das Ausrichten des Grabens auf den richtigen Winkel kann das Regenwasser optimal aus dem Garten abflie\u00dfen. Indem sie das Entfernen von loser, \u00fcbersch\u00fcssiger Erde aus dem Graben erm\u00f6glicht, erleichtert die Rinnenschaufel das Anlegen von Entw\u00e4sserungsgr\u00e4ben.<\/p>\n","protected":false},"featured_media":7865,"template":"","meta":{"inline_featured_image":false,"product_video_url":"","product_360_url":""},"product_brand":[],"product_cat":[175],"product_tag":[317],"weeds":[],"soil_types":[],"class_list":{"0":"post-51351","1":"product","2":"type-product","3":"status-publish","4":"has-post-thumbnail","6":"product_cat-spezial-geraete","7":"product_tag-drainage-de","8":"post","10":"first","11":"instock","12":"taxable","13":"shipping-taxable","14":"purchasable","15":"product-type-simple"},"exclude_global_add_ons":false,"addons":[{"name":"Gravur","type":"custom_text","position":0,"required":false,"title_format":"heading","default":"","description_enable":false,"description":"Geben Sie bis zu 50 Zeichen ein.","placeholder_enable":false,"placeholder":"","display":"select","restrictions_type":"any_text","adjust_price":true,"price":"4.92","price_type":"quantity_based","restrictions":true,"min":"1","max":"50","options":[],"id":1684165753}],"yoast_head":"<!-- This site is optimized with the Yoast SEO plugin v27.4 - https:\/\/yoast.com\/product\/yoast-seo-wordpress\/ -->\n<title>Egalisierungsspaten - Sneeboer<\/title>\n<meta name=\"robots\" content=\"index, follow, max-snippet:-1, max-image-preview:large, max-video-preview:-1\" \/>\n<link rel=\"canonical\" href=\"https:\/\/sneeboer.ratiodesign.dev\/de\/handgeschmiedete-gartengeraete\/egalisierungsspaten\/\" \/>\n<meta property=\"og:locale\" content=\"de_DE\" \/>\n<meta property=\"og:type\" content=\"article\" \/>\n<meta property=\"og:title\" content=\"Egalisierungsspaten - Sneeboer\" \/>\n<meta property=\"og:description\" content=\"Die Rinnenschaufel ist f\u00fcr die Nivellierung von Gr\u00e4ben im Garten gedacht, die zur Ableitung von Regenwasser ausgehoben werden. Durch das Ausrichten des Grabens auf den richtigen Winkel kann das Regenwasser optimal aus dem Garten abflie\u00dfen. Indem sie das Entfernen von loser, \u00fcbersch\u00fcssiger Erde aus dem Graben erm\u00f6glicht, erleichtert die Rinnenschaufel das Anlegen von Entw\u00e4sserungsgr\u00e4ben.\" \/>\n<meta property=\"og:url\" content=\"https:\/\/sneeboer.ratiodesign.dev\/de\/handgeschmiedete-gartengeraete\/egalisierungsspaten\/\" \/>\n<meta property=\"og:site_name\" content=\"Sneeboer\" \/>\n<meta property=\"article:publisher\" content=\"https:\/\/www.facebook.com\/Sneeboer\" \/>\n<meta property=\"article:modified_time\" content=\"2023-12-28T09:58:54+00:00\" \/>\n<meta property=\"og:image\" content=\"https:\/\/sneeboer.ratiodesign.dev\/wp-content\/uploads\/2023\/05\/8715093070015-1.jpg\" \/>\n\t<meta property=\"og:image:width\" content=\"1024\" \/>\n\t<meta property=\"og:image:height\" content=\"1024\" \/>\n\t<meta property=\"og:image:type\" content=\"image\/jpeg\" \/>\n<meta name=\"twitter:card\" content=\"summary_large_image\" \/>\n<!-- \/ Yoast SEO plugin. -->","yoast_head_json":{"title":"Egalisierungsspaten - Sneeboer","robots":{"index":"index","follow":"follow","max-snippet":"max-snippet:-1","max-image-preview":"max-image-preview:large","max-video-preview":"max-video-preview:-1"},"canonical":"https:\/\/sneeboer.ratiodesign.dev\/de\/handgeschmiedete-gartengeraete\/egalisierungsspaten\/","og_locale":"de_DE","og_type":"article","og_title":"Egalisierungsspaten - Sneeboer","og_description":"Die Rinnenschaufel ist f\u00fcr die Nivellierung von Gr\u00e4ben im Garten gedacht, die zur Ableitung von Regenwasser ausgehoben werden. Durch das Ausrichten des Grabens auf den richtigen Winkel kann das Regenwasser optimal aus dem Garten abflie\u00dfen. Indem sie das Entfernen von loser, \u00fcbersch\u00fcssiger Erde aus dem Graben erm\u00f6glicht, erleichtert die Rinnenschaufel das Anlegen von Entw\u00e4sserungsgr\u00e4ben.","og_url":"https:\/\/sneeboer.ratiodesign.dev\/de\/handgeschmiedete-gartengeraete\/egalisierungsspaten\/","og_site_name":"Sneeboer","article_publisher":"https:\/\/www.facebook.com\/Sneeboer","article_modified_time":"2023-12-28T09:58:54+00:00","og_image":[{"width":1024,"height":1024,"url":"https:\/\/sneeboer.ratiodesign.dev\/wp-content\/uploads\/2023\/05\/8715093070015-1.jpg","type":"image\/jpeg"}],"twitter_card":"summary_large_image","schema":{"@context":"https:\/\/schema.org","@graph":[{"@type":"WebPage","@id":"https:\/\/sneeboer.ratiodesign.dev\/de\/handgeschmiedete-gartengeraete\/egalisierungsspaten\/","url":"https:\/\/sneeboer.ratiodesign.dev\/de\/handgeschmiedete-gartengeraete\/egalisierungsspaten\/","name":"Egalisierungsspaten - Sneeboer","isPartOf":{"@id":"https:\/\/sneeboer.ratiodesign.dev\/de\/#website"},"primaryImageOfPage":{"@id":"https:\/\/sneeboer.ratiodesign.dev\/de\/handgeschmiedete-gartengeraete\/egalisierungsspaten\/#primaryimage"},"image":{"@id":"https:\/\/sneeboer.ratiodesign.dev\/de\/handgeschmiedete-gartengeraete\/egalisierungsspaten\/#primaryimage"},"thumbnailUrl":"https:\/\/sneeboer.ratiodesign.dev\/wp-content\/uploads\/2023\/05\/8715093070015-1.jpg","datePublished":"2023-05-09T13:03:41+00:00","dateModified":"2023-12-28T09:58:54+00:00","breadcrumb":{"@id":"https:\/\/sneeboer.ratiodesign.dev\/de\/handgeschmiedete-gartengeraete\/egalisierungsspaten\/#breadcrumb"},"inLanguage":"de","potentialAction":[{"@type":"ReadAction","target":["https:\/\/sneeboer.ratiodesign.dev\/de\/handgeschmiedete-gartengeraete\/egalisierungsspaten\/"]}]},{"@type":"ImageObject","inLanguage":"de","@id":"https:\/\/sneeboer.ratiodesign.dev\/de\/handgeschmiedete-gartengeraete\/egalisierungsspaten\/#primaryimage","url":"https:\/\/sneeboer.ratiodesign.dev\/wp-content\/uploads\/2023\/05\/8715093070015-1.jpg","contentUrl":"https:\/\/sneeboer.ratiodesign.dev\/wp-content\/uploads\/2023\/05\/8715093070015-1.jpg","width":1024,"height":1024},{"@type":"BreadcrumbList","@id":"https:\/\/sneeboer.ratiodesign.dev\/de\/handgeschmiedete-gartengeraete\/egalisierungsspaten\/#breadcrumb","itemListElement":[{"@type":"ListItem","position":1,"name":"Home","item":"https:\/\/sneeboer.ratiodesign.dev\/de\/"},{"@type":"ListItem","position":2,"name":"Shop","item":"https:\/\/sneeboer.ratiodesign.dev\/tuingereedschap\/"},{"@type":"ListItem","position":3,"name":"Egalisierungsspaten"}]},{"@type":"WebSite","@id":"https:\/\/sneeboer.ratiodesign.dev\/de\/#website","url":"https:\/\/sneeboer.ratiodesign.dev\/de\/","name":"Sneeboer","description":"Tools for life - and generations to come...","publisher":{"@id":"https:\/\/sneeboer.ratiodesign.dev\/de\/#organization"},"potentialAction":[{"@type":"SearchAction","target":{"@type":"EntryPoint","urlTemplate":"https:\/\/sneeboer.ratiodesign.dev\/de\/?s={search_term_string}"},"query-input":{"@type":"PropertyValueSpecification","valueRequired":true,"valueName":"search_term_string"}}],"inLanguage":"de"},{"@type":"Organization","@id":"https:\/\/sneeboer.ratiodesign.dev\/de\/#organization","name":"Sneeboer","url":"https:\/\/sneeboer.ratiodesign.dev\/de\/","logo":{"@type":"ImageObject","inLanguage":"de","@id":"https:\/\/sneeboer.ratiodesign.dev\/de\/#\/schema\/logo\/image\/","url":"https:\/\/sneeboer.ratiodesign.dev\/wp-content\/uploads\/2025\/01\/logo-sneeboer.svg","contentUrl":"https:\/\/sneeboer.ratiodesign.dev\/wp-content\/uploads\/2025\/01\/logo-sneeboer.svg","caption":"Sneeboer"},"image":{"@id":"https:\/\/sneeboer.ratiodesign.dev\/de\/#\/schema\/logo\/image\/"},"sameAs":["https:\/\/www.facebook.com\/Sneeboer","https:\/\/www.instagram.com\/sneeboer\/","https:\/\/www.youtube.com\/channel\/UCW9Qf54JFJFwVHzRNJbLAcg","https:\/\/pinterest.com\/sneeboer"]}]}},"_links":{"self":[{"href":"https:\/\/sneeboer.ratiodesign.dev\/de\/wp-json\/wp\/v2\/product\/51351","targetHints":{"allow":["GET"]}}],"collection":[{"href":"https:\/\/sneeboer.ratiodesign.dev\/de\/wp-json\/wp\/v2\/product"}],"about":[{"href":"https:\/\/sneeboer.ratiodesign.dev\/de\/wp-json\/wp\/v2\/types\/product"}],"wp:featuredmedia":[{"embeddable":true,"href":"https:\/\/sneeboer.ratiodesign.dev\/de\/wp-json\/wp\/v2\/media\/7865"}],"wp:attachment":[{"href":"https:\/\/sneeboer.ratiodesign.dev\/de\/wp-json\/wp\/v2\/media?parent=51351"}],"wp:term":[{"taxonomy":"product_brand","embeddable":true,"href":"https:\/\/sneeboer.ratiodesign.dev\/de\/wp-json\/wp\/v2\/product_brand?post=51351"},{"taxonomy":"product_cat","embeddable":true,"href":"https:\/\/sneeboer.ratiodesign.dev\/de\/wp-json\/wp\/v2\/product_cat?post=51351"},{"taxonomy":"product_tag","embeddable":true,"href":"https:\/\/sneeboer.ratiodesign.dev\/de\/wp-json\/wp\/v2\/product_tag?post=51351"},{"taxonomy":"weeds","embeddable":true,"href":"https:\/\/sneeboer.ratiodesign.dev\/de\/wp-json\/wp\/v2\/weeds?post=51351"},{"taxonomy":"soil_types","embeddable":true,"href":"https:\/\/sneeboer.ratiodesign.dev\/de\/wp-json\/wp\/v2\/soil_types?post=51351"}],"curies":[{"name":"wp","href":"https:\/\/api.w.org\/{rel}","templated":true}]}}