{"id":51216,"date":"2023-05-09T14:54:52","date_gmt":"2023-05-09T12:54:52","guid":{"rendered":"https:\/\/testsite.sneeboer.com\/tuingereedschap\/fugenkratzer-5"},"modified":"2025-01-10T16:14:26","modified_gmt":"2025-01-10T15:14:26","slug":"fugenkratzer-5","status":"publish","type":"product","link":"https:\/\/sneeboer.ratiodesign.dev\/de\/handgeschmiedete-gartengeraete\/fugenkratzer-5\/","title":{"rendered":"Fugenkratzer"},"content":{"rendered":"<p>Andere Varianten mit einem Griff aus Eschen- oder Kirschholz sind ebenfalls erh\u00e4ltlich.<\/p>\n","protected":false},"excerpt":{"rendered":"<p>Dieser flache Fugenkratzer ist ideal, um tief verwurzeltes Unkraut und Keimlinge zwischen den Ritzen von Fliesen und Pflaster zu entfernen. Durch die vielen gesch\u00e4rften Kanten ist der flache Fugenkratzer das perfekte Werkzeug, um Unkraut mit einer Vorw\u00e4rts- und R\u00fcckw\u00e4rtsbewegung zu entfernen. Dank des 155 cm langen Eschenholzstiels mit Knauf l\u00e4sst es sich mit diesem Werkzeug bequem arbeiten.<\/p>\n","protected":false},"featured_media":6892,"template":"","meta":{"inline_featured_image":false,"product_video_url":"","product_360_url":""},"product_brand":[],"product_cat":[202],"product_tag":[531,286],"weeds":[],"soil_types":[],"class_list":{"0":"post-51216","1":"product","2":"type-product","3":"status-publish","4":"has-post-thumbnail","6":"product_cat-unkrautentfernung","7":"product_tag-unkraut-entfernen","8":"product_tag-wieden","9":"post","11":"first","12":"instock","13":"taxable","14":"shipping-taxable","15":"purchasable","16":"product-type-simple"},"exclude_global_add_ons":false,"addons":[{"name":"Gravur","type":"custom_text","position":0,"required":false,"title_format":"heading","default":"","description_enable":false,"description":"Geben Sie bis zu 50 Zeichen ein.","placeholder_enable":false,"placeholder":"","display":"select","restrictions_type":"any_text","adjust_price":true,"price":"4.92","price_type":"quantity_based","restrictions":true,"min":"1","max":"50","options":[],"id":1684165753}],"yoast_head":"<!-- This site is optimized with the Yoast SEO plugin v27.4 - https:\/\/yoast.com\/product\/yoast-seo-wordpress\/ -->\n<title>Fugenkratzer - Sneeboer<\/title>\n<meta name=\"robots\" content=\"index, follow, max-snippet:-1, max-image-preview:large, max-video-preview:-1\" \/>\n<link rel=\"canonical\" href=\"https:\/\/sneeboer.ratiodesign.dev\/de\/handgeschmiedete-gartengeraete\/fugenkratzer-5\/\" \/>\n<meta property=\"og:locale\" content=\"de_DE\" \/>\n<meta property=\"og:type\" content=\"article\" \/>\n<meta property=\"og:title\" content=\"Fugenkratzer - Sneeboer\" \/>\n<meta property=\"og:description\" content=\"Dieser flache Fugenkratzer ist ideal, um tief verwurzeltes Unkraut und Keimlinge zwischen den Ritzen von Fliesen und Pflaster zu entfernen. Durch die vielen gesch\u00e4rften Kanten ist der flache Fugenkratzer das perfekte Werkzeug, um Unkraut mit einer Vorw\u00e4rts- und R\u00fcckw\u00e4rtsbewegung zu entfernen. Dank des 155 cm langen Eschenholzstiels mit Knauf l\u00e4sst es sich mit diesem Werkzeug bequem arbeiten.\" \/>\n<meta property=\"og:url\" content=\"https:\/\/sneeboer.ratiodesign.dev\/de\/handgeschmiedete-gartengeraete\/fugenkratzer-5\/\" \/>\n<meta property=\"og:site_name\" content=\"Sneeboer\" \/>\n<meta property=\"article:publisher\" content=\"https:\/\/www.facebook.com\/Sneeboer\" \/>\n<meta property=\"article:modified_time\" content=\"2025-01-10T15:14:26+00:00\" \/>\n<meta property=\"og:image\" content=\"https:\/\/sneeboer.ratiodesign.dev\/wp-content\/uploads\/2023\/05\/8715093088126-1.jpg\" \/>\n\t<meta property=\"og:image:width\" content=\"1024\" \/>\n\t<meta property=\"og:image:height\" content=\"1024\" \/>\n\t<meta property=\"og:image:type\" content=\"image\/jpeg\" \/>\n<meta name=\"twitter:card\" content=\"summary_large_image\" \/>\n<!-- \/ Yoast SEO plugin. -->","yoast_head_json":{"title":"Fugenkratzer - Sneeboer","robots":{"index":"index","follow":"follow","max-snippet":"max-snippet:-1","max-image-preview":"max-image-preview:large","max-video-preview":"max-video-preview:-1"},"canonical":"https:\/\/sneeboer.ratiodesign.dev\/de\/handgeschmiedete-gartengeraete\/fugenkratzer-5\/","og_locale":"de_DE","og_type":"article","og_title":"Fugenkratzer - Sneeboer","og_description":"Dieser flache Fugenkratzer ist ideal, um tief verwurzeltes Unkraut und Keimlinge zwischen den Ritzen von Fliesen und Pflaster zu entfernen. Durch die vielen gesch\u00e4rften Kanten ist der flache Fugenkratzer das perfekte Werkzeug, um Unkraut mit einer Vorw\u00e4rts- und R\u00fcckw\u00e4rtsbewegung zu entfernen. Dank des 155 cm langen Eschenholzstiels mit Knauf l\u00e4sst es sich mit diesem Werkzeug bequem arbeiten.","og_url":"https:\/\/sneeboer.ratiodesign.dev\/de\/handgeschmiedete-gartengeraete\/fugenkratzer-5\/","og_site_name":"Sneeboer","article_publisher":"https:\/\/www.facebook.com\/Sneeboer","article_modified_time":"2025-01-10T15:14:26+00:00","og_image":[{"width":1024,"height":1024,"url":"https:\/\/sneeboer.ratiodesign.dev\/wp-content\/uploads\/2023\/05\/8715093088126-1.jpg","type":"image\/jpeg"}],"twitter_card":"summary_large_image","schema":{"@context":"https:\/\/schema.org","@graph":[{"@type":"WebPage","@id":"https:\/\/sneeboer.ratiodesign.dev\/de\/handgeschmiedete-gartengeraete\/fugenkratzer-5\/","url":"https:\/\/sneeboer.ratiodesign.dev\/de\/handgeschmiedete-gartengeraete\/fugenkratzer-5\/","name":"Fugenkratzer - Sneeboer","isPartOf":{"@id":"https:\/\/sneeboer.ratiodesign.dev\/de\/#website"},"primaryImageOfPage":{"@id":"https:\/\/sneeboer.ratiodesign.dev\/de\/handgeschmiedete-gartengeraete\/fugenkratzer-5\/#primaryimage"},"image":{"@id":"https:\/\/sneeboer.ratiodesign.dev\/de\/handgeschmiedete-gartengeraete\/fugenkratzer-5\/#primaryimage"},"thumbnailUrl":"https:\/\/sneeboer.ratiodesign.dev\/wp-content\/uploads\/2023\/05\/8715093088126-1.jpg","datePublished":"2023-05-09T12:54:52+00:00","dateModified":"2025-01-10T15:14:26+00:00","breadcrumb":{"@id":"https:\/\/sneeboer.ratiodesign.dev\/de\/handgeschmiedete-gartengeraete\/fugenkratzer-5\/#breadcrumb"},"inLanguage":"de","potentialAction":[{"@type":"ReadAction","target":["https:\/\/sneeboer.ratiodesign.dev\/de\/handgeschmiedete-gartengeraete\/fugenkratzer-5\/"]}]},{"@type":"ImageObject","inLanguage":"de","@id":"https:\/\/sneeboer.ratiodesign.dev\/de\/handgeschmiedete-gartengeraete\/fugenkratzer-5\/#primaryimage","url":"https:\/\/sneeboer.ratiodesign.dev\/wp-content\/uploads\/2023\/05\/8715093088126-1.jpg","contentUrl":"https:\/\/sneeboer.ratiodesign.dev\/wp-content\/uploads\/2023\/05\/8715093088126-1.jpg","width":1024,"height":1024},{"@type":"BreadcrumbList","@id":"https:\/\/sneeboer.ratiodesign.dev\/de\/handgeschmiedete-gartengeraete\/fugenkratzer-5\/#breadcrumb","itemListElement":[{"@type":"ListItem","position":1,"name":"Home","item":"https:\/\/sneeboer.ratiodesign.dev\/de\/"},{"@type":"ListItem","position":2,"name":"Shop","item":"https:\/\/sneeboer.ratiodesign.dev\/tuingereedschap\/"},{"@type":"ListItem","position":3,"name":"Fugenkratzer"}]},{"@type":"WebSite","@id":"https:\/\/sneeboer.ratiodesign.dev\/de\/#website","url":"https:\/\/sneeboer.ratiodesign.dev\/de\/","name":"Sneeboer","description":"Tools for life - and generations to come...","publisher":{"@id":"https:\/\/sneeboer.ratiodesign.dev\/de\/#organization"},"potentialAction":[{"@type":"SearchAction","target":{"@type":"EntryPoint","urlTemplate":"https:\/\/sneeboer.ratiodesign.dev\/de\/?s={search_term_string}"},"query-input":{"@type":"PropertyValueSpecification","valueRequired":true,"valueName":"search_term_string"}}],"inLanguage":"de"},{"@type":"Organization","@id":"https:\/\/sneeboer.ratiodesign.dev\/de\/#organization","name":"Sneeboer","url":"https:\/\/sneeboer.ratiodesign.dev\/de\/","logo":{"@type":"ImageObject","inLanguage":"de","@id":"https:\/\/sneeboer.ratiodesign.dev\/de\/#\/schema\/logo\/image\/","url":"https:\/\/sneeboer.ratiodesign.dev\/wp-content\/uploads\/2025\/01\/logo-sneeboer.svg","contentUrl":"https:\/\/sneeboer.ratiodesign.dev\/wp-content\/uploads\/2025\/01\/logo-sneeboer.svg","caption":"Sneeboer"},"image":{"@id":"https:\/\/sneeboer.ratiodesign.dev\/de\/#\/schema\/logo\/image\/"},"sameAs":["https:\/\/www.facebook.com\/Sneeboer","https:\/\/www.instagram.com\/sneeboer\/","https:\/\/www.youtube.com\/channel\/UCW9Qf54JFJFwVHzRNJbLAcg","https:\/\/pinterest.com\/sneeboer"]}]}},"_links":{"self":[{"href":"https:\/\/sneeboer.ratiodesign.dev\/de\/wp-json\/wp\/v2\/product\/51216","targetHints":{"allow":["GET"]}}],"collection":[{"href":"https:\/\/sneeboer.ratiodesign.dev\/de\/wp-json\/wp\/v2\/product"}],"about":[{"href":"https:\/\/sneeboer.ratiodesign.dev\/de\/wp-json\/wp\/v2\/types\/product"}],"wp:featuredmedia":[{"embeddable":true,"href":"https:\/\/sneeboer.ratiodesign.dev\/de\/wp-json\/wp\/v2\/media\/6892"}],"wp:attachment":[{"href":"https:\/\/sneeboer.ratiodesign.dev\/de\/wp-json\/wp\/v2\/media?parent=51216"}],"wp:term":[{"taxonomy":"product_brand","embeddable":true,"href":"https:\/\/sneeboer.ratiodesign.dev\/de\/wp-json\/wp\/v2\/product_brand?post=51216"},{"taxonomy":"product_cat","embeddable":true,"href":"https:\/\/sneeboer.ratiodesign.dev\/de\/wp-json\/wp\/v2\/product_cat?post=51216"},{"taxonomy":"product_tag","embeddable":true,"href":"https:\/\/sneeboer.ratiodesign.dev\/de\/wp-json\/wp\/v2\/product_tag?post=51216"},{"taxonomy":"weeds","embeddable":true,"href":"https:\/\/sneeboer.ratiodesign.dev\/de\/wp-json\/wp\/v2\/weeds?post=51216"},{"taxonomy":"soil_types","embeddable":true,"href":"https:\/\/sneeboer.ratiodesign.dev\/de\/wp-json\/wp\/v2\/soil_types?post=51216"}],"curies":[{"name":"wp","href":"https:\/\/api.w.org\/{rel}","templated":true}]}}