{"id":50922,"date":"2023-05-09T13:45:33","date_gmt":"2023-05-09T11:45:33","guid":{"rendered":"https:\/\/testsite.sneeboer.com\/tuingereedschap\/kinder-rechen-2"},"modified":"2023-08-28T15:20:28","modified_gmt":"2023-08-28T13:20:28","slug":"kinder-rechen-2","status":"publish","type":"product","link":"https:\/\/sneeboer.ratiodesign.dev\/de\/handgeschmiedete-gartengeraete\/kinder-rechen-2\/","title":{"rendered":"Kinder Rechen"},"content":{"rendered":"<p>Viele Kinder finden Freude daran im Garten zu helfen. Mit den Kinderger\u00e4ten lernen Kinder im Handumdrehen die Anf\u00e4nge des G\u00e4rtners und Qualit\u00e4tswerkzeuge, die die Arbeit erleichtern, zu sch\u00e4tzen. Bitte beachten Sie dass es sich um echtes Werkzeug handelt. Handgeschmiedet. Edelstahl. Ein Rechen ist das geeignete Ger\u00e4t, um f\u00fcr die Aussaat vorbereitete Beete glattzuziehen und kleine Steinchen und Verunreinigungen zu entfernen.<\/p>\n","protected":false},"excerpt":{"rendered":"<p>Dieses Sneeboer Ger\u00e4t, Kinder Rechen (9620) wurde handgeschmiedet in den Niederlanden. Gartenger\u00e4te allerh\u00f6chster Qualit\u00e4t.<\/p>\n","protected":false},"featured_media":0,"template":"","meta":{"inline_featured_image":false,"product_video_url":"","product_360_url":""},"product_brand":[],"product_cat":[80],"product_tag":[],"weeds":[],"soil_types":[],"class_list":{"0":"post-50922","1":"product","2":"type-product","3":"status-publish","5":"product_cat-unsere-sammlung","6":"post","8":"first","9":"instock","10":"taxable","11":"shipping-taxable","12":"product-type-simple"},"exclude_global_add_ons":false,"addons":[{"name":"Gravur","type":"custom_text","position":0,"required":false,"title_format":"heading","default":"","description_enable":false,"description":"Geben Sie bis zu 50 Zeichen ein.","placeholder_enable":false,"placeholder":"","display":"select","restrictions_type":"any_text","adjust_price":true,"price":"4.92","price_type":"quantity_based","restrictions":true,"min":"1","max":"50","options":[],"id":1684165753}],"yoast_head":"<!-- This site is optimized with the Yoast SEO plugin v27.4 - https:\/\/yoast.com\/product\/yoast-seo-wordpress\/ -->\n<title>Kinder Rechen - Sneeboer<\/title>\n<meta name=\"robots\" content=\"index, follow, max-snippet:-1, max-image-preview:large, max-video-preview:-1\" \/>\n<link rel=\"canonical\" href=\"https:\/\/sneeboer.ratiodesign.dev\/de\/handgeschmiedete-gartengeraete\/kinder-rechen-2\/\" \/>\n<meta property=\"og:locale\" content=\"de_DE\" \/>\n<meta property=\"og:type\" content=\"article\" \/>\n<meta property=\"og:title\" content=\"Kinder Rechen - Sneeboer\" \/>\n<meta property=\"og:description\" content=\"Dieses Sneeboer Ger\u00e4t, Kinder Rechen (9620) wurde handgeschmiedet in den Niederlanden. Gartenger\u00e4te allerh\u00f6chster Qualit\u00e4t.\" \/>\n<meta property=\"og:url\" content=\"https:\/\/sneeboer.ratiodesign.dev\/de\/handgeschmiedete-gartengeraete\/kinder-rechen-2\/\" \/>\n<meta property=\"og:site_name\" content=\"Sneeboer\" \/>\n<meta property=\"article:publisher\" content=\"https:\/\/www.facebook.com\/Sneeboer\" \/>\n<meta property=\"article:modified_time\" content=\"2023-08-28T13:20:28+00:00\" \/>\n<meta name=\"twitter:card\" content=\"summary_large_image\" \/>\n<!-- \/ Yoast SEO plugin. -->","yoast_head_json":{"title":"Kinder Rechen - Sneeboer","robots":{"index":"index","follow":"follow","max-snippet":"max-snippet:-1","max-image-preview":"max-image-preview:large","max-video-preview":"max-video-preview:-1"},"canonical":"https:\/\/sneeboer.ratiodesign.dev\/de\/handgeschmiedete-gartengeraete\/kinder-rechen-2\/","og_locale":"de_DE","og_type":"article","og_title":"Kinder Rechen - Sneeboer","og_description":"Dieses Sneeboer Ger\u00e4t, Kinder Rechen (9620) wurde handgeschmiedet in den Niederlanden. Gartenger\u00e4te allerh\u00f6chster Qualit\u00e4t.","og_url":"https:\/\/sneeboer.ratiodesign.dev\/de\/handgeschmiedete-gartengeraete\/kinder-rechen-2\/","og_site_name":"Sneeboer","article_publisher":"https:\/\/www.facebook.com\/Sneeboer","article_modified_time":"2023-08-28T13:20:28+00:00","twitter_card":"summary_large_image","schema":{"@context":"https:\/\/schema.org","@graph":[{"@type":"WebPage","@id":"https:\/\/sneeboer.ratiodesign.dev\/de\/handgeschmiedete-gartengeraete\/kinder-rechen-2\/","url":"https:\/\/sneeboer.ratiodesign.dev\/de\/handgeschmiedete-gartengeraete\/kinder-rechen-2\/","name":"Kinder Rechen - Sneeboer","isPartOf":{"@id":"https:\/\/sneeboer.ratiodesign.dev\/de\/#website"},"datePublished":"2023-05-09T11:45:33+00:00","dateModified":"2023-08-28T13:20:28+00:00","breadcrumb":{"@id":"https:\/\/sneeboer.ratiodesign.dev\/de\/handgeschmiedete-gartengeraete\/kinder-rechen-2\/#breadcrumb"},"inLanguage":"de","potentialAction":[{"@type":"ReadAction","target":["https:\/\/sneeboer.ratiodesign.dev\/de\/handgeschmiedete-gartengeraete\/kinder-rechen-2\/"]}]},{"@type":"BreadcrumbList","@id":"https:\/\/sneeboer.ratiodesign.dev\/de\/handgeschmiedete-gartengeraete\/kinder-rechen-2\/#breadcrumb","itemListElement":[{"@type":"ListItem","position":1,"name":"Home","item":"https:\/\/sneeboer.ratiodesign.dev\/de\/"},{"@type":"ListItem","position":2,"name":"Shop","item":"https:\/\/sneeboer.ratiodesign.dev\/tuingereedschap\/"},{"@type":"ListItem","position":3,"name":"Kinder Rechen"}]},{"@type":"WebSite","@id":"https:\/\/sneeboer.ratiodesign.dev\/de\/#website","url":"https:\/\/sneeboer.ratiodesign.dev\/de\/","name":"Sneeboer","description":"Tools for life - and generations to come...","publisher":{"@id":"https:\/\/sneeboer.ratiodesign.dev\/de\/#organization"},"potentialAction":[{"@type":"SearchAction","target":{"@type":"EntryPoint","urlTemplate":"https:\/\/sneeboer.ratiodesign.dev\/de\/?s={search_term_string}"},"query-input":{"@type":"PropertyValueSpecification","valueRequired":true,"valueName":"search_term_string"}}],"inLanguage":"de"},{"@type":"Organization","@id":"https:\/\/sneeboer.ratiodesign.dev\/de\/#organization","name":"Sneeboer","url":"https:\/\/sneeboer.ratiodesign.dev\/de\/","logo":{"@type":"ImageObject","inLanguage":"de","@id":"https:\/\/sneeboer.ratiodesign.dev\/de\/#\/schema\/logo\/image\/","url":"https:\/\/sneeboer.ratiodesign.dev\/wp-content\/uploads\/2025\/01\/logo-sneeboer.svg","contentUrl":"https:\/\/sneeboer.ratiodesign.dev\/wp-content\/uploads\/2025\/01\/logo-sneeboer.svg","caption":"Sneeboer"},"image":{"@id":"https:\/\/sneeboer.ratiodesign.dev\/de\/#\/schema\/logo\/image\/"},"sameAs":["https:\/\/www.facebook.com\/Sneeboer","https:\/\/www.instagram.com\/sneeboer\/","https:\/\/www.youtube.com\/channel\/UCW9Qf54JFJFwVHzRNJbLAcg","https:\/\/pinterest.com\/sneeboer"]}]}},"_links":{"self":[{"href":"https:\/\/sneeboer.ratiodesign.dev\/de\/wp-json\/wp\/v2\/product\/50922","targetHints":{"allow":["GET"]}}],"collection":[{"href":"https:\/\/sneeboer.ratiodesign.dev\/de\/wp-json\/wp\/v2\/product"}],"about":[{"href":"https:\/\/sneeboer.ratiodesign.dev\/de\/wp-json\/wp\/v2\/types\/product"}],"wp:attachment":[{"href":"https:\/\/sneeboer.ratiodesign.dev\/de\/wp-json\/wp\/v2\/media?parent=50922"}],"wp:term":[{"taxonomy":"product_brand","embeddable":true,"href":"https:\/\/sneeboer.ratiodesign.dev\/de\/wp-json\/wp\/v2\/product_brand?post=50922"},{"taxonomy":"product_cat","embeddable":true,"href":"https:\/\/sneeboer.ratiodesign.dev\/de\/wp-json\/wp\/v2\/product_cat?post=50922"},{"taxonomy":"product_tag","embeddable":true,"href":"https:\/\/sneeboer.ratiodesign.dev\/de\/wp-json\/wp\/v2\/product_tag?post=50922"},{"taxonomy":"weeds","embeddable":true,"href":"https:\/\/sneeboer.ratiodesign.dev\/de\/wp-json\/wp\/v2\/weeds?post=50922"},{"taxonomy":"soil_types","embeddable":true,"href":"https:\/\/sneeboer.ratiodesign.dev\/de\/wp-json\/wp\/v2\/soil_types?post=50922"}],"curies":[{"name":"wp","href":"https:\/\/api.w.org\/{rel}","templated":true}]}}