{"id":53747,"date":"2023-08-28T15:27:49","date_gmt":"2023-08-28T13:27:49","guid":{"rendered":"https:\/\/sneeboer.com\/?post_type=product&#038;p=26317"},"modified":"2023-09-22T16:23:40","modified_gmt":"2023-09-22T14:23:40","slug":"unkrautstecher-kopie","status":"publish","type":"product","link":"https:\/\/sneeboer.ratiodesign.dev\/de-ch\/handgeschmiedete-gartengeraete\/unkrautstecher-kopie\/","title":{"rendered":"Unkrautstecher"},"content":{"rendered":"<p class=\"P68B1DB1-Normal1\"><span lang=\"DE\">F\u00fcr den Einsatz des Unkrautstechers sollte der Boden leicht feucht sein. Wenn der Boden zu trocken ist, neigen die Wurzeln dazu, abzubrechen, anstatt sich entfernen zu lassen, wodurch das Unkraut wieder nachwachsen kann. Der Unkrautstecher ist mit einem Griff aus Eschen- oder Kirschholz erh\u00e4ltlich. <\/span><\/p>\n","protected":false},"excerpt":{"rendered":"<p class=\"P68B1DB1-Normal1\"><span lang=\"DE\">Dank seiner speziellen Form ist dieser Unkrautstecher ideal zum J\u00e4ten von G\u00e4nsebl\u00fcmchen und Butterblumen. Die Klinge aus massivem Edelstahl ist in der Mitte so geformt, dass sie perfekt ausgerichtet ist und die Handgelenke nicht belastet werden. Setzen Sie dieses Handger\u00e4t einfach unten an der Pflanze an (insbesondere bei G\u00e4nsebl\u00fcmchen oder L\u00f6wenzahn), um das Unkraut in einem St\u00fcck zu entfernen und somit ein erneutes Auftreten oder l\u00e4stiges Nachwachsen zu verhindern.<\/span><\/p>\n","protected":false},"featured_media":26326,"template":"","meta":{"inline_featured_image":false,"product_video_url":"","product_360_url":""},"product_brand":[],"product_cat":[105,203],"product_tag":[532],"weeds":[],"soil_types":[],"class_list":{"0":"post-53747","1":"product","2":"type-product","3":"status-publish","4":"has-post-thumbnail","6":"product_cat-handgeraete-2","7":"product_cat-unkrautentfernung-2","8":"product_tag-unkraut-entfernen-de-ch","9":"post","11":"first","12":"instock","13":"taxable","14":"shipping-taxable","15":"purchasable","16":"product-type-simple"},"exclude_global_add_ons":false,"addons":[{"name":"Gravur","type":"custom_text","position":0,"required":false,"title_format":"heading","default":"","description_enable":false,"description":"Voeg maximaal 50 karakters in.","placeholder_enable":false,"placeholder":"","display":"select","restrictions_type":"any_text","adjust_price":true,"price":"4.92","price_type":"quantity_based","restrictions":true,"min":"1","max":"50","options":[],"id":1684165753}],"yoast_head":"<!-- This site is optimized with the Yoast SEO plugin v27.4 - https:\/\/yoast.com\/product\/yoast-seo-wordpress\/ -->\n<title>Unkrautstecher - Sneeboer<\/title>\n<meta name=\"robots\" content=\"index, follow, max-snippet:-1, max-image-preview:large, max-video-preview:-1\" \/>\n<link rel=\"canonical\" href=\"https:\/\/sneeboer.ratiodesign.dev\/de-ch\/handgeschmiedete-gartengeraete\/unkrautstecher-kopie\/\" \/>\n<meta property=\"og:locale\" content=\"de_DE\" \/>\n<meta property=\"og:type\" content=\"article\" \/>\n<meta property=\"og:title\" content=\"Unkrautstecher - Sneeboer\" \/>\n<meta property=\"og:description\" content=\"Dank seiner speziellen Form ist dieser Unkrautstecher ideal zum J\u00e4ten von G\u00e4nsebl\u00fcmchen und Butterblumen. Die Klinge aus massivem Edelstahl ist in der Mitte so geformt, dass sie perfekt ausgerichtet ist und die Handgelenke nicht belastet werden. Setzen Sie dieses Handger\u00e4t einfach unten an der Pflanze an (insbesondere bei G\u00e4nsebl\u00fcmchen oder L\u00f6wenzahn), um das Unkraut in einem St\u00fcck zu entfernen und somit ein erneutes Auftreten oder l\u00e4stiges Nachwachsen zu verhindern.\" \/>\n<meta property=\"og:url\" content=\"https:\/\/sneeboer.ratiodesign.dev\/de-ch\/handgeschmiedete-gartengeraete\/unkrautstecher-kopie\/\" \/>\n<meta property=\"og:site_name\" content=\"Sneeboer\" \/>\n<meta property=\"article:publisher\" content=\"https:\/\/www.facebook.com\/Sneeboer\" \/>\n<meta property=\"article:modified_time\" content=\"2023-09-22T14:23:40+00:00\" \/>\n<meta property=\"og:image\" content=\"https:\/\/sneeboer.ratiodesign.dev\/wp-content\/uploads\/2023\/08\/8715093080168-1.jpg\" \/>\n\t<meta property=\"og:image:width\" content=\"2376\" \/>\n\t<meta property=\"og:image:height\" content=\"2376\" \/>\n\t<meta property=\"og:image:type\" content=\"image\/jpeg\" \/>\n<meta name=\"twitter:card\" content=\"summary_large_image\" \/>\n<!-- \/ Yoast SEO plugin. -->","yoast_head_json":{"title":"Unkrautstecher - Sneeboer","robots":{"index":"index","follow":"follow","max-snippet":"max-snippet:-1","max-image-preview":"max-image-preview:large","max-video-preview":"max-video-preview:-1"},"canonical":"https:\/\/sneeboer.ratiodesign.dev\/de-ch\/handgeschmiedete-gartengeraete\/unkrautstecher-kopie\/","og_locale":"de_DE","og_type":"article","og_title":"Unkrautstecher - Sneeboer","og_description":"Dank seiner speziellen Form ist dieser Unkrautstecher ideal zum J\u00e4ten von G\u00e4nsebl\u00fcmchen und Butterblumen. Die Klinge aus massivem Edelstahl ist in der Mitte so geformt, dass sie perfekt ausgerichtet ist und die Handgelenke nicht belastet werden. Setzen Sie dieses Handger\u00e4t einfach unten an der Pflanze an (insbesondere bei G\u00e4nsebl\u00fcmchen oder L\u00f6wenzahn), um das Unkraut in einem St\u00fcck zu entfernen und somit ein erneutes Auftreten oder l\u00e4stiges Nachwachsen zu verhindern.","og_url":"https:\/\/sneeboer.ratiodesign.dev\/de-ch\/handgeschmiedete-gartengeraete\/unkrautstecher-kopie\/","og_site_name":"Sneeboer","article_publisher":"https:\/\/www.facebook.com\/Sneeboer","article_modified_time":"2023-09-22T14:23:40+00:00","og_image":[{"width":2376,"height":2376,"url":"https:\/\/sneeboer.ratiodesign.dev\/wp-content\/uploads\/2023\/08\/8715093080168-1.jpg","type":"image\/jpeg"}],"twitter_card":"summary_large_image","schema":{"@context":"https:\/\/schema.org","@graph":[{"@type":"WebPage","@id":"https:\/\/sneeboer.ratiodesign.dev\/de-ch\/handgeschmiedete-gartengeraete\/unkrautstecher-kopie\/","url":"https:\/\/sneeboer.ratiodesign.dev\/de-ch\/handgeschmiedete-gartengeraete\/unkrautstecher-kopie\/","name":"Unkrautstecher - Sneeboer","isPartOf":{"@id":"https:\/\/sneeboer.ratiodesign.dev\/de-ch\/#website"},"primaryImageOfPage":{"@id":"https:\/\/sneeboer.ratiodesign.dev\/de-ch\/handgeschmiedete-gartengeraete\/unkrautstecher-kopie\/#primaryimage"},"image":{"@id":"https:\/\/sneeboer.ratiodesign.dev\/de-ch\/handgeschmiedete-gartengeraete\/unkrautstecher-kopie\/#primaryimage"},"thumbnailUrl":"https:\/\/sneeboer.ratiodesign.dev\/wp-content\/uploads\/2023\/08\/8715093080168-1.jpg","datePublished":"2023-08-28T13:27:49+00:00","dateModified":"2023-09-22T14:23:40+00:00","breadcrumb":{"@id":"https:\/\/sneeboer.ratiodesign.dev\/de-ch\/handgeschmiedete-gartengeraete\/unkrautstecher-kopie\/#breadcrumb"},"inLanguage":"de-CH","potentialAction":[{"@type":"ReadAction","target":["https:\/\/sneeboer.ratiodesign.dev\/de-ch\/handgeschmiedete-gartengeraete\/unkrautstecher-kopie\/"]}]},{"@type":"ImageObject","inLanguage":"de-CH","@id":"https:\/\/sneeboer.ratiodesign.dev\/de-ch\/handgeschmiedete-gartengeraete\/unkrautstecher-kopie\/#primaryimage","url":"https:\/\/sneeboer.ratiodesign.dev\/wp-content\/uploads\/2023\/08\/8715093080168-1.jpg","contentUrl":"https:\/\/sneeboer.ratiodesign.dev\/wp-content\/uploads\/2023\/08\/8715093080168-1.jpg","width":2376,"height":2376,"caption":"OLYMPUS DIGITAL CAMERA"},{"@type":"BreadcrumbList","@id":"https:\/\/sneeboer.ratiodesign.dev\/de-ch\/handgeschmiedete-gartengeraete\/unkrautstecher-kopie\/#breadcrumb","itemListElement":[{"@type":"ListItem","position":1,"name":"Home","item":"https:\/\/sneeboer.ratiodesign.dev\/de-ch\/"},{"@type":"ListItem","position":2,"name":"Shop","item":"https:\/\/sneeboer.ratiodesign.dev\/tuingereedschap\/"},{"@type":"ListItem","position":3,"name":"Unkrautstecher"}]},{"@type":"WebSite","@id":"https:\/\/sneeboer.ratiodesign.dev\/de-ch\/#website","url":"https:\/\/sneeboer.ratiodesign.dev\/de-ch\/","name":"Sneeboer","description":"Tools for life - and generations to come...","publisher":{"@id":"https:\/\/sneeboer.ratiodesign.dev\/de-ch\/#organization"},"potentialAction":[{"@type":"SearchAction","target":{"@type":"EntryPoint","urlTemplate":"https:\/\/sneeboer.ratiodesign.dev\/de-ch\/?s={search_term_string}"},"query-input":{"@type":"PropertyValueSpecification","valueRequired":true,"valueName":"search_term_string"}}],"inLanguage":"de-CH"},{"@type":"Organization","@id":"https:\/\/sneeboer.ratiodesign.dev\/de-ch\/#organization","name":"Sneeboer","url":"https:\/\/sneeboer.ratiodesign.dev\/de-ch\/","logo":{"@type":"ImageObject","inLanguage":"de-CH","@id":"https:\/\/sneeboer.ratiodesign.dev\/de-ch\/#\/schema\/logo\/image\/","url":"https:\/\/sneeboer.ratiodesign.dev\/wp-content\/uploads\/2025\/01\/logo-sneeboer.svg","contentUrl":"https:\/\/sneeboer.ratiodesign.dev\/wp-content\/uploads\/2025\/01\/logo-sneeboer.svg","caption":"Sneeboer"},"image":{"@id":"https:\/\/sneeboer.ratiodesign.dev\/de-ch\/#\/schema\/logo\/image\/"},"sameAs":["https:\/\/www.facebook.com\/Sneeboer","https:\/\/www.instagram.com\/sneeboer\/","https:\/\/www.youtube.com\/channel\/UCW9Qf54JFJFwVHzRNJbLAcg","https:\/\/pinterest.com\/sneeboer"]}]}},"_links":{"self":[{"href":"https:\/\/sneeboer.ratiodesign.dev\/de-ch\/wp-json\/wp\/v2\/product\/53747","targetHints":{"allow":["GET"]}}],"collection":[{"href":"https:\/\/sneeboer.ratiodesign.dev\/de-ch\/wp-json\/wp\/v2\/product"}],"about":[{"href":"https:\/\/sneeboer.ratiodesign.dev\/de-ch\/wp-json\/wp\/v2\/types\/product"}],"wp:featuredmedia":[{"embeddable":true,"href":"https:\/\/sneeboer.ratiodesign.dev\/de-ch\/wp-json\/wp\/v2\/media\/26326"}],"wp:attachment":[{"href":"https:\/\/sneeboer.ratiodesign.dev\/de-ch\/wp-json\/wp\/v2\/media?parent=53747"}],"wp:term":[{"taxonomy":"product_brand","embeddable":true,"href":"https:\/\/sneeboer.ratiodesign.dev\/de-ch\/wp-json\/wp\/v2\/product_brand?post=53747"},{"taxonomy":"product_cat","embeddable":true,"href":"https:\/\/sneeboer.ratiodesign.dev\/de-ch\/wp-json\/wp\/v2\/product_cat?post=53747"},{"taxonomy":"product_tag","embeddable":true,"href":"https:\/\/sneeboer.ratiodesign.dev\/de-ch\/wp-json\/wp\/v2\/product_tag?post=53747"},{"taxonomy":"weeds","embeddable":true,"href":"https:\/\/sneeboer.ratiodesign.dev\/de-ch\/wp-json\/wp\/v2\/weeds?post=53747"},{"taxonomy":"soil_types","embeddable":true,"href":"https:\/\/sneeboer.ratiodesign.dev\/de-ch\/wp-json\/wp\/v2\/soil_types?post=53747"}],"curies":[{"name":"wp","href":"https:\/\/api.w.org\/{rel}","templated":true}]}}