{"id":52132,"date":"2023-05-09T20:15:19","date_gmt":"2023-05-09T18:15:19","guid":{"rendered":"https:\/\/sneeboer.com\/handgesmeed-tuingereedschap\/kultivator-3z"},"modified":"2023-08-28T15:37:39","modified_gmt":"2023-08-28T13:37:39","slug":"kultivator-3z","status":"publish","type":"product","link":"https:\/\/sneeboer.ratiodesign.dev\/de-ch\/handgeschmiedete-gartengeraete\/kultivator-3z\/","title":{"rendered":"Kultivator 3z"},"content":{"rendered":"<p>Der Kultivator ist ideal geeignet, um Unkraut mit langen Wurzeln zu entfernen, den Boden zu l\u00fcften sowie Kompost oder andere D\u00fcngemittel unterzumischen. Er kann in allen Arten von B\u00f6den verwendet werden. Das Aufw\u00fchlen des Bodens w\u00e4hrend der Zugbewegung verbessert die Durchl\u00fcftung, w\u00e4hrend die Schubbewegung den aufgew\u00fchlten Boden dann in kleinere St\u00fccke zerteilt. Der Kultivator ist mit einem 155 cm langen Eschenholzstiel mit Knauf erh\u00e4ltlich.<\/p>\n","protected":false},"excerpt":{"rendered":"<p>Dieser Kultivator hat drei scharfe, gebogene Zinken, die tief in den Boden eindringen und ihn so m\u00fchelos aufbrechen. Durch das Aufbrechen der obersten Bodenschicht gelangen Luft, Licht, Wasser und N\u00e4hrstoffe in die tieferen Bodenschichten, wo sich die Wurzeln der Pflanzen befinden. Auch dicke Erdschichten k\u00f6nnen dank der langen Zinken durchbrochen werden, da diese so angeordnet sind, dass der Kultivator leicht durch den Boden gezogen werden kann. Die Funktion dieses Werkzeugs \u00e4hnelt der eines Pfluges, weshalb die Zinken unten breiter sind als oben.<\/p>\n","protected":false},"featured_media":12673,"template":"","meta":{"inline_featured_image":false,"product_video_url":"","product_360_url":""},"product_brand":[],"product_cat":[86],"product_tag":[305,291,296],"weeds":[],"soil_types":[],"class_list":{"0":"post-52132","1":"product","2":"type-product","3":"status-publish","4":"has-post-thumbnail","6":"product_cat-kultivator-2","7":"product_tag-geraetepflege-de-ch","8":"product_tag-graven","9":"product_tag-planten","10":"post","12":"first","13":"instock","14":"taxable","15":"shipping-taxable","16":"purchasable","17":"product-type-simple"},"exclude_global_add_ons":false,"addons":[{"name":"Gravur","type":"custom_text","position":0,"required":false,"title_format":"heading","default":"","description_enable":false,"description":"Voeg maximaal 50 karakters in.","placeholder_enable":false,"placeholder":"","display":"select","restrictions_type":"any_text","adjust_price":true,"price":"4.92","price_type":"quantity_based","restrictions":true,"min":"1","max":"50","options":[],"id":1684165753}],"yoast_head":"<!-- This site is optimized with the Yoast SEO plugin v27.4 - https:\/\/yoast.com\/product\/yoast-seo-wordpress\/ -->\n<title>Kultivator 3z - Sneeboer<\/title>\n<meta name=\"robots\" content=\"index, follow, max-snippet:-1, max-image-preview:large, max-video-preview:-1\" \/>\n<link rel=\"canonical\" href=\"https:\/\/sneeboer.ratiodesign.dev\/de-ch\/handgeschmiedete-gartengeraete\/kultivator-3z\/\" \/>\n<meta property=\"og:locale\" content=\"de_DE\" \/>\n<meta property=\"og:type\" content=\"article\" \/>\n<meta property=\"og:title\" content=\"Kultivator 3z - Sneeboer\" \/>\n<meta property=\"og:description\" content=\"Dieser Kultivator hat drei scharfe, gebogene Zinken, die tief in den Boden eindringen und ihn so m\u00fchelos aufbrechen. Durch das Aufbrechen der obersten Bodenschicht gelangen Luft, Licht, Wasser und N\u00e4hrstoffe in die tieferen Bodenschichten, wo sich die Wurzeln der Pflanzen befinden. Auch dicke Erdschichten k\u00f6nnen dank der langen Zinken durchbrochen werden, da diese so angeordnet sind, dass der Kultivator leicht durch den Boden gezogen werden kann. Die Funktion dieses Werkzeugs \u00e4hnelt der eines Pfluges, weshalb die Zinken unten breiter sind als oben.\" \/>\n<meta property=\"og:url\" content=\"https:\/\/sneeboer.ratiodesign.dev\/de-ch\/handgeschmiedete-gartengeraete\/kultivator-3z\/\" \/>\n<meta property=\"og:site_name\" content=\"Sneeboer\" \/>\n<meta property=\"article:publisher\" content=\"https:\/\/www.facebook.com\/Sneeboer\" \/>\n<meta property=\"article:modified_time\" content=\"2023-08-28T13:37:39+00:00\" \/>\n<meta property=\"og:image\" content=\"https:\/\/sneeboer.ratiodesign.dev\/wp-content\/uploads\/2023\/05\/8715093050031-1.jpg\" \/>\n\t<meta property=\"og:image:width\" content=\"1024\" \/>\n\t<meta property=\"og:image:height\" content=\"1024\" \/>\n\t<meta property=\"og:image:type\" content=\"image\/jpeg\" \/>\n<meta name=\"twitter:card\" content=\"summary_large_image\" \/>\n<!-- \/ Yoast SEO plugin. -->","yoast_head_json":{"title":"Kultivator 3z - Sneeboer","robots":{"index":"index","follow":"follow","max-snippet":"max-snippet:-1","max-image-preview":"max-image-preview:large","max-video-preview":"max-video-preview:-1"},"canonical":"https:\/\/sneeboer.ratiodesign.dev\/de-ch\/handgeschmiedete-gartengeraete\/kultivator-3z\/","og_locale":"de_DE","og_type":"article","og_title":"Kultivator 3z - Sneeboer","og_description":"Dieser Kultivator hat drei scharfe, gebogene Zinken, die tief in den Boden eindringen und ihn so m\u00fchelos aufbrechen. Durch das Aufbrechen der obersten Bodenschicht gelangen Luft, Licht, Wasser und N\u00e4hrstoffe in die tieferen Bodenschichten, wo sich die Wurzeln der Pflanzen befinden. Auch dicke Erdschichten k\u00f6nnen dank der langen Zinken durchbrochen werden, da diese so angeordnet sind, dass der Kultivator leicht durch den Boden gezogen werden kann. Die Funktion dieses Werkzeugs \u00e4hnelt der eines Pfluges, weshalb die Zinken unten breiter sind als oben.","og_url":"https:\/\/sneeboer.ratiodesign.dev\/de-ch\/handgeschmiedete-gartengeraete\/kultivator-3z\/","og_site_name":"Sneeboer","article_publisher":"https:\/\/www.facebook.com\/Sneeboer","article_modified_time":"2023-08-28T13:37:39+00:00","og_image":[{"width":1024,"height":1024,"url":"https:\/\/sneeboer.ratiodesign.dev\/wp-content\/uploads\/2023\/05\/8715093050031-1.jpg","type":"image\/jpeg"}],"twitter_card":"summary_large_image","schema":{"@context":"https:\/\/schema.org","@graph":[{"@type":"WebPage","@id":"https:\/\/sneeboer.ratiodesign.dev\/de-ch\/handgeschmiedete-gartengeraete\/kultivator-3z\/","url":"https:\/\/sneeboer.ratiodesign.dev\/de-ch\/handgeschmiedete-gartengeraete\/kultivator-3z\/","name":"Kultivator 3z - Sneeboer","isPartOf":{"@id":"https:\/\/sneeboer.ratiodesign.dev\/de-ch\/#website"},"primaryImageOfPage":{"@id":"https:\/\/sneeboer.ratiodesign.dev\/de-ch\/handgeschmiedete-gartengeraete\/kultivator-3z\/#primaryimage"},"image":{"@id":"https:\/\/sneeboer.ratiodesign.dev\/de-ch\/handgeschmiedete-gartengeraete\/kultivator-3z\/#primaryimage"},"thumbnailUrl":"https:\/\/sneeboer.ratiodesign.dev\/wp-content\/uploads\/2023\/05\/8715093050031-1.jpg","datePublished":"2023-05-09T18:15:19+00:00","dateModified":"2023-08-28T13:37:39+00:00","breadcrumb":{"@id":"https:\/\/sneeboer.ratiodesign.dev\/de-ch\/handgeschmiedete-gartengeraete\/kultivator-3z\/#breadcrumb"},"inLanguage":"de-CH","potentialAction":[{"@type":"ReadAction","target":["https:\/\/sneeboer.ratiodesign.dev\/de-ch\/handgeschmiedete-gartengeraete\/kultivator-3z\/"]}]},{"@type":"ImageObject","inLanguage":"de-CH","@id":"https:\/\/sneeboer.ratiodesign.dev\/de-ch\/handgeschmiedete-gartengeraete\/kultivator-3z\/#primaryimage","url":"https:\/\/sneeboer.ratiodesign.dev\/wp-content\/uploads\/2023\/05\/8715093050031-1.jpg","contentUrl":"https:\/\/sneeboer.ratiodesign.dev\/wp-content\/uploads\/2023\/05\/8715093050031-1.jpg","width":1024,"height":1024},{"@type":"BreadcrumbList","@id":"https:\/\/sneeboer.ratiodesign.dev\/de-ch\/handgeschmiedete-gartengeraete\/kultivator-3z\/#breadcrumb","itemListElement":[{"@type":"ListItem","position":1,"name":"Home","item":"https:\/\/sneeboer.ratiodesign.dev\/de-ch\/"},{"@type":"ListItem","position":2,"name":"Shop","item":"https:\/\/sneeboer.ratiodesign.dev\/tuingereedschap\/"},{"@type":"ListItem","position":3,"name":"Kultivator 3z"}]},{"@type":"WebSite","@id":"https:\/\/sneeboer.ratiodesign.dev\/de-ch\/#website","url":"https:\/\/sneeboer.ratiodesign.dev\/de-ch\/","name":"Sneeboer","description":"Tools for life - and generations to come...","publisher":{"@id":"https:\/\/sneeboer.ratiodesign.dev\/de-ch\/#organization"},"potentialAction":[{"@type":"SearchAction","target":{"@type":"EntryPoint","urlTemplate":"https:\/\/sneeboer.ratiodesign.dev\/de-ch\/?s={search_term_string}"},"query-input":{"@type":"PropertyValueSpecification","valueRequired":true,"valueName":"search_term_string"}}],"inLanguage":"de-CH"},{"@type":"Organization","@id":"https:\/\/sneeboer.ratiodesign.dev\/de-ch\/#organization","name":"Sneeboer","url":"https:\/\/sneeboer.ratiodesign.dev\/de-ch\/","logo":{"@type":"ImageObject","inLanguage":"de-CH","@id":"https:\/\/sneeboer.ratiodesign.dev\/de-ch\/#\/schema\/logo\/image\/","url":"https:\/\/sneeboer.ratiodesign.dev\/wp-content\/uploads\/2025\/01\/logo-sneeboer.svg","contentUrl":"https:\/\/sneeboer.ratiodesign.dev\/wp-content\/uploads\/2025\/01\/logo-sneeboer.svg","caption":"Sneeboer"},"image":{"@id":"https:\/\/sneeboer.ratiodesign.dev\/de-ch\/#\/schema\/logo\/image\/"},"sameAs":["https:\/\/www.facebook.com\/Sneeboer","https:\/\/www.instagram.com\/sneeboer\/","https:\/\/www.youtube.com\/channel\/UCW9Qf54JFJFwVHzRNJbLAcg","https:\/\/pinterest.com\/sneeboer"]}]}},"_links":{"self":[{"href":"https:\/\/sneeboer.ratiodesign.dev\/de-ch\/wp-json\/wp\/v2\/product\/52132","targetHints":{"allow":["GET"]}}],"collection":[{"href":"https:\/\/sneeboer.ratiodesign.dev\/de-ch\/wp-json\/wp\/v2\/product"}],"about":[{"href":"https:\/\/sneeboer.ratiodesign.dev\/de-ch\/wp-json\/wp\/v2\/types\/product"}],"wp:featuredmedia":[{"embeddable":true,"href":"https:\/\/sneeboer.ratiodesign.dev\/de-ch\/wp-json\/wp\/v2\/media\/12673"}],"wp:attachment":[{"href":"https:\/\/sneeboer.ratiodesign.dev\/de-ch\/wp-json\/wp\/v2\/media?parent=52132"}],"wp:term":[{"taxonomy":"product_brand","embeddable":true,"href":"https:\/\/sneeboer.ratiodesign.dev\/de-ch\/wp-json\/wp\/v2\/product_brand?post=52132"},{"taxonomy":"product_cat","embeddable":true,"href":"https:\/\/sneeboer.ratiodesign.dev\/de-ch\/wp-json\/wp\/v2\/product_cat?post=52132"},{"taxonomy":"product_tag","embeddable":true,"href":"https:\/\/sneeboer.ratiodesign.dev\/de-ch\/wp-json\/wp\/v2\/product_tag?post=52132"},{"taxonomy":"weeds","embeddable":true,"href":"https:\/\/sneeboer.ratiodesign.dev\/de-ch\/wp-json\/wp\/v2\/weeds?post=52132"},{"taxonomy":"soil_types","embeddable":true,"href":"https:\/\/sneeboer.ratiodesign.dev\/de-ch\/wp-json\/wp\/v2\/soil_types?post=52132"}],"curies":[{"name":"wp","href":"https:\/\/api.w.org\/{rel}","templated":true}]}}