{"id":51539,"date":"2023-05-09T15:15:12","date_gmt":"2023-05-09T13:15:12","guid":{"rendered":"https:\/\/sneeboer.com\/handgesmeed-tuingereedschap\/gartenrechen-5z-gebogen"},"modified":"2023-08-28T15:39:59","modified_gmt":"2023-08-28T13:39:59","slug":"gartenrechen-5z-gebogen","status":"publish","type":"product","link":"https:\/\/sneeboer.ratiodesign.dev\/de-ch\/handgeschmiedete-gartengeraete\/gartenrechen-5z-gebogen\/","title":{"rendered":"Gartenrechen 5z gebogen"},"content":{"rendered":"<p>Sneeboer hat eine gro\u00dfe Auswahl an Rechen und Gartenharken im Angebot, die sich in der Breite, der Anzahl und L\u00e4nge der Zinken sowie dem Abstand zwischen ihnen unterscheiden. Sneeboer bietet f\u00fcr jede Anwendung im Garten den passenden Rechen, jeweils mit einem Stiel aus massivem Eschenholz von 155 cm L\u00e4nge. Dieser Rechen ist auch als Luxusversion mit Eschenholzstiel erh\u00e4ltlich. Bei normalem Gebrauch und ordnungsgem\u00e4\u00dfer Wartung halten die Rechen von Sneeboer ein Leben lang.<\/p>\n","protected":false},"excerpt":{"rendered":"<p>Der Rosen-\/Gartenrechen eignet sich perfekt zum Einebnen von Rosenbeeten, Aufsammeln von Material und Kr\u00fcmeln der Erde. Die geschmiedeten Zinken sind gesch\u00e4rft und nach innen gebogen, um die Druck- und Zugbewegung zu verbessern. Die beiden \u00e4u\u00dferen Zinken sind nicht rechtwinklig, sondern gebogen am Rechen befestigt, um Sch\u00e4den an Rosenst\u00f6cken und anderen Pflanzen zu vermeiden. Dar\u00fcber hinaus eignet sich der Rechen f\u00fcr alle \u00fcblichen Gartenarbeiten wie die Bodenbearbeitung, Harken, das Entfernen von Unkraut und das Verteilen von Mulch und D\u00fcnger.<\/p>\n","protected":false},"featured_media":9071,"template":"","meta":{"inline_featured_image":false,"product_video_url":"","product_360_url":""},"product_brand":[],"product_cat":[424],"product_tag":[478],"weeds":[],"soil_types":[],"class_list":{"0":"post-51539","1":"product","2":"type-product","3":"status-publish","4":"has-post-thumbnail","6":"product_cat-rechen-de-ch","7":"product_tag-harken-de-ch","8":"post","10":"first","11":"outofstock","12":"taxable","13":"shipping-taxable","14":"purchasable","15":"product-type-simple"},"exclude_global_add_ons":false,"addons":[{"name":"Gravur","type":"custom_text","position":0,"required":false,"title_format":"heading","default":"","description_enable":false,"description":"Voeg maximaal 50 karakters in.","placeholder_enable":false,"placeholder":"","display":"select","restrictions_type":"any_text","adjust_price":true,"price":"4.92","price_type":"quantity_based","restrictions":true,"min":"1","max":"50","options":[],"id":1684165753}],"yoast_head":"<!-- This site is optimized with the Yoast SEO plugin v27.4 - https:\/\/yoast.com\/product\/yoast-seo-wordpress\/ -->\n<title>Gartenrechen 5z gebogen - Sneeboer<\/title>\n<meta name=\"robots\" content=\"index, follow, max-snippet:-1, max-image-preview:large, max-video-preview:-1\" \/>\n<link rel=\"canonical\" href=\"https:\/\/sneeboer.ratiodesign.dev\/de-ch\/handgeschmiedete-gartengeraete\/gartenrechen-5z-gebogen\/\" \/>\n<meta property=\"og:locale\" content=\"de_DE\" \/>\n<meta property=\"og:type\" content=\"article\" \/>\n<meta property=\"og:title\" content=\"Gartenrechen 5z gebogen - Sneeboer\" \/>\n<meta property=\"og:description\" content=\"Der Rosen-\/Gartenrechen eignet sich perfekt zum Einebnen von Rosenbeeten, Aufsammeln von Material und Kr\u00fcmeln der Erde. Die geschmiedeten Zinken sind gesch\u00e4rft und nach innen gebogen, um die Druck- und Zugbewegung zu verbessern. Die beiden \u00e4u\u00dferen Zinken sind nicht rechtwinklig, sondern gebogen am Rechen befestigt, um Sch\u00e4den an Rosenst\u00f6cken und anderen Pflanzen zu vermeiden. Dar\u00fcber hinaus eignet sich der Rechen f\u00fcr alle \u00fcblichen Gartenarbeiten wie die Bodenbearbeitung, Harken, das Entfernen von Unkraut und das Verteilen von Mulch und D\u00fcnger.\" \/>\n<meta property=\"og:url\" content=\"https:\/\/sneeboer.ratiodesign.dev\/de-ch\/handgeschmiedete-gartengeraete\/gartenrechen-5z-gebogen\/\" \/>\n<meta property=\"og:site_name\" content=\"Sneeboer\" \/>\n<meta property=\"article:publisher\" content=\"https:\/\/www.facebook.com\/Sneeboer\" \/>\n<meta property=\"article:modified_time\" content=\"2023-08-28T13:39:59+00:00\" \/>\n<meta property=\"og:image\" content=\"https:\/\/sneeboer.ratiodesign.dev\/wp-content\/uploads\/2023\/05\/6032-11.jpg\" \/>\n\t<meta property=\"og:image:width\" content=\"1024\" \/>\n\t<meta property=\"og:image:height\" content=\"1024\" \/>\n\t<meta property=\"og:image:type\" content=\"image\/jpeg\" \/>\n<meta name=\"twitter:card\" content=\"summary_large_image\" \/>\n<!-- \/ Yoast SEO plugin. -->","yoast_head_json":{"title":"Gartenrechen 5z gebogen - Sneeboer","robots":{"index":"index","follow":"follow","max-snippet":"max-snippet:-1","max-image-preview":"max-image-preview:large","max-video-preview":"max-video-preview:-1"},"canonical":"https:\/\/sneeboer.ratiodesign.dev\/de-ch\/handgeschmiedete-gartengeraete\/gartenrechen-5z-gebogen\/","og_locale":"de_DE","og_type":"article","og_title":"Gartenrechen 5z gebogen - Sneeboer","og_description":"Der Rosen-\/Gartenrechen eignet sich perfekt zum Einebnen von Rosenbeeten, Aufsammeln von Material und Kr\u00fcmeln der Erde. Die geschmiedeten Zinken sind gesch\u00e4rft und nach innen gebogen, um die Druck- und Zugbewegung zu verbessern. Die beiden \u00e4u\u00dferen Zinken sind nicht rechtwinklig, sondern gebogen am Rechen befestigt, um Sch\u00e4den an Rosenst\u00f6cken und anderen Pflanzen zu vermeiden. Dar\u00fcber hinaus eignet sich der Rechen f\u00fcr alle \u00fcblichen Gartenarbeiten wie die Bodenbearbeitung, Harken, das Entfernen von Unkraut und das Verteilen von Mulch und D\u00fcnger.","og_url":"https:\/\/sneeboer.ratiodesign.dev\/de-ch\/handgeschmiedete-gartengeraete\/gartenrechen-5z-gebogen\/","og_site_name":"Sneeboer","article_publisher":"https:\/\/www.facebook.com\/Sneeboer","article_modified_time":"2023-08-28T13:39:59+00:00","og_image":[{"width":1024,"height":1024,"url":"https:\/\/sneeboer.ratiodesign.dev\/wp-content\/uploads\/2023\/05\/6032-11.jpg","type":"image\/jpeg"}],"twitter_card":"summary_large_image","schema":{"@context":"https:\/\/schema.org","@graph":[{"@type":"WebPage","@id":"https:\/\/sneeboer.ratiodesign.dev\/de-ch\/handgeschmiedete-gartengeraete\/gartenrechen-5z-gebogen\/","url":"https:\/\/sneeboer.ratiodesign.dev\/de-ch\/handgeschmiedete-gartengeraete\/gartenrechen-5z-gebogen\/","name":"Gartenrechen 5z gebogen - Sneeboer","isPartOf":{"@id":"https:\/\/sneeboer.ratiodesign.dev\/de-ch\/#website"},"primaryImageOfPage":{"@id":"https:\/\/sneeboer.ratiodesign.dev\/de-ch\/handgeschmiedete-gartengeraete\/gartenrechen-5z-gebogen\/#primaryimage"},"image":{"@id":"https:\/\/sneeboer.ratiodesign.dev\/de-ch\/handgeschmiedete-gartengeraete\/gartenrechen-5z-gebogen\/#primaryimage"},"thumbnailUrl":"https:\/\/sneeboer.ratiodesign.dev\/wp-content\/uploads\/2023\/05\/6032-11.jpg","datePublished":"2023-05-09T13:15:12+00:00","dateModified":"2023-08-28T13:39:59+00:00","breadcrumb":{"@id":"https:\/\/sneeboer.ratiodesign.dev\/de-ch\/handgeschmiedete-gartengeraete\/gartenrechen-5z-gebogen\/#breadcrumb"},"inLanguage":"de-CH","potentialAction":[{"@type":"ReadAction","target":["https:\/\/sneeboer.ratiodesign.dev\/de-ch\/handgeschmiedete-gartengeraete\/gartenrechen-5z-gebogen\/"]}]},{"@type":"ImageObject","inLanguage":"de-CH","@id":"https:\/\/sneeboer.ratiodesign.dev\/de-ch\/handgeschmiedete-gartengeraete\/gartenrechen-5z-gebogen\/#primaryimage","url":"https:\/\/sneeboer.ratiodesign.dev\/wp-content\/uploads\/2023\/05\/6032-11.jpg","contentUrl":"https:\/\/sneeboer.ratiodesign.dev\/wp-content\/uploads\/2023\/05\/6032-11.jpg","width":1024,"height":1024},{"@type":"BreadcrumbList","@id":"https:\/\/sneeboer.ratiodesign.dev\/de-ch\/handgeschmiedete-gartengeraete\/gartenrechen-5z-gebogen\/#breadcrumb","itemListElement":[{"@type":"ListItem","position":1,"name":"Home","item":"https:\/\/sneeboer.ratiodesign.dev\/de-ch\/"},{"@type":"ListItem","position":2,"name":"Shop","item":"https:\/\/sneeboer.ratiodesign.dev\/tuingereedschap\/"},{"@type":"ListItem","position":3,"name":"Gartenrechen 5z gebogen"}]},{"@type":"WebSite","@id":"https:\/\/sneeboer.ratiodesign.dev\/de-ch\/#website","url":"https:\/\/sneeboer.ratiodesign.dev\/de-ch\/","name":"Sneeboer","description":"Tools for life - and generations to come...","publisher":{"@id":"https:\/\/sneeboer.ratiodesign.dev\/de-ch\/#organization"},"potentialAction":[{"@type":"SearchAction","target":{"@type":"EntryPoint","urlTemplate":"https:\/\/sneeboer.ratiodesign.dev\/de-ch\/?s={search_term_string}"},"query-input":{"@type":"PropertyValueSpecification","valueRequired":true,"valueName":"search_term_string"}}],"inLanguage":"de-CH"},{"@type":"Organization","@id":"https:\/\/sneeboer.ratiodesign.dev\/de-ch\/#organization","name":"Sneeboer","url":"https:\/\/sneeboer.ratiodesign.dev\/de-ch\/","logo":{"@type":"ImageObject","inLanguage":"de-CH","@id":"https:\/\/sneeboer.ratiodesign.dev\/de-ch\/#\/schema\/logo\/image\/","url":"https:\/\/sneeboer.ratiodesign.dev\/wp-content\/uploads\/2025\/01\/logo-sneeboer.svg","contentUrl":"https:\/\/sneeboer.ratiodesign.dev\/wp-content\/uploads\/2025\/01\/logo-sneeboer.svg","caption":"Sneeboer"},"image":{"@id":"https:\/\/sneeboer.ratiodesign.dev\/de-ch\/#\/schema\/logo\/image\/"},"sameAs":["https:\/\/www.facebook.com\/Sneeboer","https:\/\/www.instagram.com\/sneeboer\/","https:\/\/www.youtube.com\/channel\/UCW9Qf54JFJFwVHzRNJbLAcg","https:\/\/pinterest.com\/sneeboer"]}]}},"_links":{"self":[{"href":"https:\/\/sneeboer.ratiodesign.dev\/de-ch\/wp-json\/wp\/v2\/product\/51539","targetHints":{"allow":["GET"]}}],"collection":[{"href":"https:\/\/sneeboer.ratiodesign.dev\/de-ch\/wp-json\/wp\/v2\/product"}],"about":[{"href":"https:\/\/sneeboer.ratiodesign.dev\/de-ch\/wp-json\/wp\/v2\/types\/product"}],"wp:featuredmedia":[{"embeddable":true,"href":"https:\/\/sneeboer.ratiodesign.dev\/de-ch\/wp-json\/wp\/v2\/media\/9071"}],"wp:attachment":[{"href":"https:\/\/sneeboer.ratiodesign.dev\/de-ch\/wp-json\/wp\/v2\/media?parent=51539"}],"wp:term":[{"taxonomy":"product_brand","embeddable":true,"href":"https:\/\/sneeboer.ratiodesign.dev\/de-ch\/wp-json\/wp\/v2\/product_brand?post=51539"},{"taxonomy":"product_cat","embeddable":true,"href":"https:\/\/sneeboer.ratiodesign.dev\/de-ch\/wp-json\/wp\/v2\/product_cat?post=51539"},{"taxonomy":"product_tag","embeddable":true,"href":"https:\/\/sneeboer.ratiodesign.dev\/de-ch\/wp-json\/wp\/v2\/product_tag?post=51539"},{"taxonomy":"weeds","embeddable":true,"href":"https:\/\/sneeboer.ratiodesign.dev\/de-ch\/wp-json\/wp\/v2\/weeds?post=51539"},{"taxonomy":"soil_types","embeddable":true,"href":"https:\/\/sneeboer.ratiodesign.dev\/de-ch\/wp-json\/wp\/v2\/soil_types?post=51539"}],"curies":[{"name":"wp","href":"https:\/\/api.w.org\/{rel}","templated":true}]}}