{"id":50833,"date":"2023-05-09T13:38:33","date_gmt":"2023-05-09T11:38:33","guid":{"rendered":"https:\/\/sneeboer.com\/handgesmeed-tuingereedschap\/unkrautspaten-mit-tritt"},"modified":"2023-08-28T15:42:45","modified_gmt":"2023-08-28T13:42:45","slug":"unkrautspaten-mit-tritt","status":"publish","type":"product","link":"https:\/\/sneeboer.ratiodesign.dev\/de-ch\/handgeschmiedete-gartengeraete\/unkrautspaten-mit-tritt\/","title":{"rendered":"Unkrautspaten mit Tritt"},"content":{"rendered":"<p>Obwohl der Unkrautspaten einem alten viktorianischen Werkzeug nachempfunden ist, leistet er dennoch jedem modernen G\u00e4rtner gute Dienste. Der Unkrautspaten ist mit einem 78 cm langen T-Stiel aus Eschenholz erh\u00e4ltlich, wodurch sich die Gesamtl\u00e4nge des Ger\u00e4ts auf 96 cm bel\u00e4uft.<\/p>\n","protected":false},"excerpt":{"rendered":"<p>Der Unkrautspaten wurde speziell f\u00fcr eine bestimmte Funktion entwickelt: zum Entfernen von l\u00e4stigem L\u00f6wenzahn (und anderem Unkraut mit langen Wurzeln), das den Anblick eines gepflegten Gartens st\u00f6rt. Mit dem langen, schmalen und scharfen Blatt lassen sich L\u00f6wenzahn, G\u00e4nsebl\u00fcmchen und Butterblumen m\u00fchelos entfernen. Der Auftritt auf beiden Seiten des Blattes sorgt daf\u00fcr, dass viel Kraft aufgewendet werden kann, um das Ger\u00e4t in den Boden zu treiben.<\/p>\n","protected":false},"featured_media":4705,"template":"","meta":{"inline_featured_image":false,"product_video_url":"","product_360_url":""},"product_brand":[],"product_cat":[158,203],"product_tag":[294,532],"weeds":[],"soil_types":[],"class_list":{"0":"post-50833","1":"product","2":"type-product","3":"status-publish","4":"has-post-thumbnail","6":"product_cat-spaten-2","7":"product_cat-unkrautentfernung-2","8":"product_tag-scheppen","9":"product_tag-unkraut-entfernen-de-ch","10":"post","12":"first","13":"instock","14":"taxable","15":"shipping-taxable","16":"purchasable","17":"product-type-simple"},"exclude_global_add_ons":false,"addons":[{"name":"Gravur","type":"custom_text","position":0,"required":false,"title_format":"heading","default":"","description_enable":false,"description":"Voeg maximaal 50 karakters in.","placeholder_enable":false,"placeholder":"","display":"select","restrictions_type":"any_text","adjust_price":true,"price":"4.92","price_type":"quantity_based","restrictions":true,"min":"1","max":"50","options":[],"id":1684165753}],"yoast_head":"<!-- This site is optimized with the Yoast SEO plugin v27.4 - https:\/\/yoast.com\/product\/yoast-seo-wordpress\/ -->\n<title>Unkrautspaten mit Tritt - Sneeboer<\/title>\n<meta name=\"robots\" content=\"index, follow, max-snippet:-1, max-image-preview:large, max-video-preview:-1\" \/>\n<link rel=\"canonical\" href=\"https:\/\/sneeboer.ratiodesign.dev\/de-ch\/handgeschmiedete-gartengeraete\/unkrautspaten-mit-tritt\/\" \/>\n<meta property=\"og:locale\" content=\"de_DE\" \/>\n<meta property=\"og:type\" content=\"article\" \/>\n<meta property=\"og:title\" content=\"Unkrautspaten mit Tritt - Sneeboer\" \/>\n<meta property=\"og:description\" content=\"Der Unkrautspaten wurde speziell f\u00fcr eine bestimmte Funktion entwickelt: zum Entfernen von l\u00e4stigem L\u00f6wenzahn (und anderem Unkraut mit langen Wurzeln), das den Anblick eines gepflegten Gartens st\u00f6rt. Mit dem langen, schmalen und scharfen Blatt lassen sich L\u00f6wenzahn, G\u00e4nsebl\u00fcmchen und Butterblumen m\u00fchelos entfernen. Der Auftritt auf beiden Seiten des Blattes sorgt daf\u00fcr, dass viel Kraft aufgewendet werden kann, um das Ger\u00e4t in den Boden zu treiben.\" \/>\n<meta property=\"og:url\" content=\"https:\/\/sneeboer.ratiodesign.dev\/de-ch\/handgeschmiedete-gartengeraete\/unkrautspaten-mit-tritt\/\" \/>\n<meta property=\"og:site_name\" content=\"Sneeboer\" \/>\n<meta property=\"article:publisher\" content=\"https:\/\/www.facebook.com\/Sneeboer\" \/>\n<meta property=\"article:modified_time\" content=\"2023-08-28T13:42:45+00:00\" \/>\n<meta property=\"og:image\" content=\"https:\/\/sneeboer.ratiodesign.dev\/wp-content\/uploads\/2023\/05\/8715093090617-1.jpg\" \/>\n\t<meta property=\"og:image:width\" content=\"1024\" \/>\n\t<meta property=\"og:image:height\" content=\"1023\" \/>\n\t<meta property=\"og:image:type\" content=\"image\/jpeg\" \/>\n<meta name=\"twitter:card\" content=\"summary_large_image\" \/>\n<!-- \/ Yoast SEO plugin. -->","yoast_head_json":{"title":"Unkrautspaten mit Tritt - Sneeboer","robots":{"index":"index","follow":"follow","max-snippet":"max-snippet:-1","max-image-preview":"max-image-preview:large","max-video-preview":"max-video-preview:-1"},"canonical":"https:\/\/sneeboer.ratiodesign.dev\/de-ch\/handgeschmiedete-gartengeraete\/unkrautspaten-mit-tritt\/","og_locale":"de_DE","og_type":"article","og_title":"Unkrautspaten mit Tritt - Sneeboer","og_description":"Der Unkrautspaten wurde speziell f\u00fcr eine bestimmte Funktion entwickelt: zum Entfernen von l\u00e4stigem L\u00f6wenzahn (und anderem Unkraut mit langen Wurzeln), das den Anblick eines gepflegten Gartens st\u00f6rt. Mit dem langen, schmalen und scharfen Blatt lassen sich L\u00f6wenzahn, G\u00e4nsebl\u00fcmchen und Butterblumen m\u00fchelos entfernen. Der Auftritt auf beiden Seiten des Blattes sorgt daf\u00fcr, dass viel Kraft aufgewendet werden kann, um das Ger\u00e4t in den Boden zu treiben.","og_url":"https:\/\/sneeboer.ratiodesign.dev\/de-ch\/handgeschmiedete-gartengeraete\/unkrautspaten-mit-tritt\/","og_site_name":"Sneeboer","article_publisher":"https:\/\/www.facebook.com\/Sneeboer","article_modified_time":"2023-08-28T13:42:45+00:00","og_image":[{"width":1024,"height":1023,"url":"https:\/\/sneeboer.ratiodesign.dev\/wp-content\/uploads\/2023\/05\/8715093090617-1.jpg","type":"image\/jpeg"}],"twitter_card":"summary_large_image","schema":{"@context":"https:\/\/schema.org","@graph":[{"@type":"WebPage","@id":"https:\/\/sneeboer.ratiodesign.dev\/de-ch\/handgeschmiedete-gartengeraete\/unkrautspaten-mit-tritt\/","url":"https:\/\/sneeboer.ratiodesign.dev\/de-ch\/handgeschmiedete-gartengeraete\/unkrautspaten-mit-tritt\/","name":"Unkrautspaten mit Tritt - Sneeboer","isPartOf":{"@id":"https:\/\/sneeboer.ratiodesign.dev\/de-ch\/#website"},"primaryImageOfPage":{"@id":"https:\/\/sneeboer.ratiodesign.dev\/de-ch\/handgeschmiedete-gartengeraete\/unkrautspaten-mit-tritt\/#primaryimage"},"image":{"@id":"https:\/\/sneeboer.ratiodesign.dev\/de-ch\/handgeschmiedete-gartengeraete\/unkrautspaten-mit-tritt\/#primaryimage"},"thumbnailUrl":"https:\/\/sneeboer.ratiodesign.dev\/wp-content\/uploads\/2023\/05\/8715093090617-1.jpg","datePublished":"2023-05-09T11:38:33+00:00","dateModified":"2023-08-28T13:42:45+00:00","breadcrumb":{"@id":"https:\/\/sneeboer.ratiodesign.dev\/de-ch\/handgeschmiedete-gartengeraete\/unkrautspaten-mit-tritt\/#breadcrumb"},"inLanguage":"de-CH","potentialAction":[{"@type":"ReadAction","target":["https:\/\/sneeboer.ratiodesign.dev\/de-ch\/handgeschmiedete-gartengeraete\/unkrautspaten-mit-tritt\/"]}]},{"@type":"ImageObject","inLanguage":"de-CH","@id":"https:\/\/sneeboer.ratiodesign.dev\/de-ch\/handgeschmiedete-gartengeraete\/unkrautspaten-mit-tritt\/#primaryimage","url":"https:\/\/sneeboer.ratiodesign.dev\/wp-content\/uploads\/2023\/05\/8715093090617-1.jpg","contentUrl":"https:\/\/sneeboer.ratiodesign.dev\/wp-content\/uploads\/2023\/05\/8715093090617-1.jpg","width":1024,"height":1023},{"@type":"BreadcrumbList","@id":"https:\/\/sneeboer.ratiodesign.dev\/de-ch\/handgeschmiedete-gartengeraete\/unkrautspaten-mit-tritt\/#breadcrumb","itemListElement":[{"@type":"ListItem","position":1,"name":"Home","item":"https:\/\/sneeboer.ratiodesign.dev\/de-ch\/"},{"@type":"ListItem","position":2,"name":"Shop","item":"https:\/\/sneeboer.ratiodesign.dev\/tuingereedschap\/"},{"@type":"ListItem","position":3,"name":"Unkrautspaten mit Tritt"}]},{"@type":"WebSite","@id":"https:\/\/sneeboer.ratiodesign.dev\/de-ch\/#website","url":"https:\/\/sneeboer.ratiodesign.dev\/de-ch\/","name":"Sneeboer","description":"Tools for life - and generations to come...","publisher":{"@id":"https:\/\/sneeboer.ratiodesign.dev\/de-ch\/#organization"},"potentialAction":[{"@type":"SearchAction","target":{"@type":"EntryPoint","urlTemplate":"https:\/\/sneeboer.ratiodesign.dev\/de-ch\/?s={search_term_string}"},"query-input":{"@type":"PropertyValueSpecification","valueRequired":true,"valueName":"search_term_string"}}],"inLanguage":"de-CH"},{"@type":"Organization","@id":"https:\/\/sneeboer.ratiodesign.dev\/de-ch\/#organization","name":"Sneeboer","url":"https:\/\/sneeboer.ratiodesign.dev\/de-ch\/","logo":{"@type":"ImageObject","inLanguage":"de-CH","@id":"https:\/\/sneeboer.ratiodesign.dev\/de-ch\/#\/schema\/logo\/image\/","url":"https:\/\/sneeboer.ratiodesign.dev\/wp-content\/uploads\/2025\/01\/logo-sneeboer.svg","contentUrl":"https:\/\/sneeboer.ratiodesign.dev\/wp-content\/uploads\/2025\/01\/logo-sneeboer.svg","caption":"Sneeboer"},"image":{"@id":"https:\/\/sneeboer.ratiodesign.dev\/de-ch\/#\/schema\/logo\/image\/"},"sameAs":["https:\/\/www.facebook.com\/Sneeboer","https:\/\/www.instagram.com\/sneeboer\/","https:\/\/www.youtube.com\/channel\/UCW9Qf54JFJFwVHzRNJbLAcg","https:\/\/pinterest.com\/sneeboer"]}]}},"_links":{"self":[{"href":"https:\/\/sneeboer.ratiodesign.dev\/de-ch\/wp-json\/wp\/v2\/product\/50833","targetHints":{"allow":["GET"]}}],"collection":[{"href":"https:\/\/sneeboer.ratiodesign.dev\/de-ch\/wp-json\/wp\/v2\/product"}],"about":[{"href":"https:\/\/sneeboer.ratiodesign.dev\/de-ch\/wp-json\/wp\/v2\/types\/product"}],"wp:featuredmedia":[{"embeddable":true,"href":"https:\/\/sneeboer.ratiodesign.dev\/de-ch\/wp-json\/wp\/v2\/media\/4705"}],"wp:attachment":[{"href":"https:\/\/sneeboer.ratiodesign.dev\/de-ch\/wp-json\/wp\/v2\/media?parent=50833"}],"wp:term":[{"taxonomy":"product_brand","embeddable":true,"href":"https:\/\/sneeboer.ratiodesign.dev\/de-ch\/wp-json\/wp\/v2\/product_brand?post=50833"},{"taxonomy":"product_cat","embeddable":true,"href":"https:\/\/sneeboer.ratiodesign.dev\/de-ch\/wp-json\/wp\/v2\/product_cat?post=50833"},{"taxonomy":"product_tag","embeddable":true,"href":"https:\/\/sneeboer.ratiodesign.dev\/de-ch\/wp-json\/wp\/v2\/product_tag?post=50833"},{"taxonomy":"weeds","embeddable":true,"href":"https:\/\/sneeboer.ratiodesign.dev\/de-ch\/wp-json\/wp\/v2\/weeds?post=50833"},{"taxonomy":"soil_types","embeddable":true,"href":"https:\/\/sneeboer.ratiodesign.dev\/de-ch\/wp-json\/wp\/v2\/soil_types?post=50833"}],"curies":[{"name":"wp","href":"https:\/\/api.w.org\/{rel}","templated":true}]}}