{"id":50594,"date":"2023-05-09T13:17:17","date_gmt":"2023-05-09T11:17:17","guid":{"rendered":"https:\/\/sneeboer.com\/handgesmeed-tuingereedschap\/stiel-fur-rasenkantenstecher"},"modified":"2023-08-28T15:43:46","modified_gmt":"2023-08-28T13:43:46","slug":"stiel-fur-rasenkantenstecher","status":"publish","type":"product","link":"https:\/\/sneeboer.ratiodesign.dev\/de-ch\/handgeschmiedete-gartengeraete\/stiel-fur-rasenkantenstecher\/","title":{"rendered":"Stiel fur Rasenkantenstecher"},"content":{"rendered":"<p>Kennen Sie schon unseren umfangreichen YouTube-Kanal, der auch Videos mit Anleitungen f\u00fcr den Austausch von Griffen bereith\u00e4lt?<\/p>\n","protected":false},"excerpt":{"rendered":"<p>80 cm langer Eschenholzstiel f\u00fcr den Rasenkantenstecher (8075 &amp; 8080) und den Rasenbel\u00fcfter (8030) von Sneeboer. Um die Lebensdauer des Griffs zu erh\u00f6hen, empfehlen wir, das Holz mit gekochtem Lein\u00f6l einzureiben. F\u00fcr die Befestigung des Griffs am Ger\u00e4t empfehlen wir die Verwendung von Loctite Double Bubble-Kleber.<\/p>\n","protected":false},"featured_media":43875,"template":"","meta":{"inline_featured_image":false,"product_video_url":"","product_360_url":""},"product_brand":[],"product_cat":[285,167],"product_tag":[],"weeds":[],"soil_types":[],"class_list":{"0":"post-50594","1":"product","2":"type-product","3":"status-publish","4":"has-post-thumbnail","6":"product_cat-geraetepflege-2","7":"product_cat-spare-handle-8","8":"post","10":"first","11":"instock","12":"taxable","13":"shipping-taxable","14":"purchasable","15":"product-type-simple"},"exclude_global_add_ons":false,"addons":[{"name":"Gravur","type":"custom_text","position":0,"required":false,"title_format":"heading","default":"","description_enable":false,"description":"Voeg maximaal 50 karakters in.","placeholder_enable":false,"placeholder":"","display":"select","restrictions_type":"any_text","adjust_price":true,"price":"4.92","price_type":"quantity_based","restrictions":true,"min":"1","max":"50","options":[],"id":1684165753}],"yoast_head":"<!-- This site is optimized with the Yoast SEO plugin v27.4 - https:\/\/yoast.com\/product\/yoast-seo-wordpress\/ -->\n<title>Stiel fur Rasenkantenstecher - Sneeboer<\/title>\n<meta name=\"robots\" content=\"index, follow, max-snippet:-1, max-image-preview:large, max-video-preview:-1\" \/>\n<link rel=\"canonical\" href=\"https:\/\/sneeboer.ratiodesign.dev\/de-ch\/handgeschmiedete-gartengeraete\/stiel-fur-rasenkantenstecher\/\" \/>\n<meta property=\"og:locale\" content=\"de_DE\" \/>\n<meta property=\"og:type\" content=\"article\" \/>\n<meta property=\"og:title\" content=\"Stiel fur Rasenkantenstecher - Sneeboer\" \/>\n<meta property=\"og:description\" content=\"80 cm langer Eschenholzstiel f\u00fcr den Rasenkantenstecher (8075 &amp; 8080) und den Rasenbel\u00fcfter (8030) von Sneeboer. Um die Lebensdauer des Griffs zu erh\u00f6hen, empfehlen wir, das Holz mit gekochtem Lein\u00f6l einzureiben. F\u00fcr die Befestigung des Griffs am Ger\u00e4t empfehlen wir die Verwendung von Loctite Double Bubble-Kleber.\" \/>\n<meta property=\"og:url\" content=\"https:\/\/sneeboer.ratiodesign.dev\/de-ch\/handgeschmiedete-gartengeraete\/stiel-fur-rasenkantenstecher\/\" \/>\n<meta property=\"og:site_name\" content=\"Sneeboer\" \/>\n<meta property=\"article:publisher\" content=\"https:\/\/www.facebook.com\/Sneeboer\" \/>\n<meta property=\"article:modified_time\" content=\"2023-08-28T13:43:46+00:00\" \/>\n<meta property=\"og:image\" content=\"https:\/\/sneeboer.ratiodesign.dev\/wp-content\/uploads\/2023\/05\/140250-voor-website.jpg\" \/>\n\t<meta property=\"og:image:width\" content=\"1000\" \/>\n\t<meta property=\"og:image:height\" content=\"1000\" \/>\n\t<meta property=\"og:image:type\" content=\"image\/jpeg\" \/>\n<meta name=\"twitter:card\" content=\"summary_large_image\" \/>\n<!-- \/ Yoast SEO plugin. -->","yoast_head_json":{"title":"Stiel fur Rasenkantenstecher - Sneeboer","robots":{"index":"index","follow":"follow","max-snippet":"max-snippet:-1","max-image-preview":"max-image-preview:large","max-video-preview":"max-video-preview:-1"},"canonical":"https:\/\/sneeboer.ratiodesign.dev\/de-ch\/handgeschmiedete-gartengeraete\/stiel-fur-rasenkantenstecher\/","og_locale":"de_DE","og_type":"article","og_title":"Stiel fur Rasenkantenstecher - Sneeboer","og_description":"80 cm langer Eschenholzstiel f\u00fcr den Rasenkantenstecher (8075 &amp; 8080) und den Rasenbel\u00fcfter (8030) von Sneeboer. Um die Lebensdauer des Griffs zu erh\u00f6hen, empfehlen wir, das Holz mit gekochtem Lein\u00f6l einzureiben. F\u00fcr die Befestigung des Griffs am Ger\u00e4t empfehlen wir die Verwendung von Loctite Double Bubble-Kleber.","og_url":"https:\/\/sneeboer.ratiodesign.dev\/de-ch\/handgeschmiedete-gartengeraete\/stiel-fur-rasenkantenstecher\/","og_site_name":"Sneeboer","article_publisher":"https:\/\/www.facebook.com\/Sneeboer","article_modified_time":"2023-08-28T13:43:46+00:00","og_image":[{"width":1000,"height":1000,"url":"https:\/\/sneeboer.ratiodesign.dev\/wp-content\/uploads\/2023\/05\/140250-voor-website.jpg","type":"image\/jpeg"}],"twitter_card":"summary_large_image","schema":{"@context":"https:\/\/schema.org","@graph":[{"@type":"WebPage","@id":"https:\/\/sneeboer.ratiodesign.dev\/de-ch\/handgeschmiedete-gartengeraete\/stiel-fur-rasenkantenstecher\/","url":"https:\/\/sneeboer.ratiodesign.dev\/de-ch\/handgeschmiedete-gartengeraete\/stiel-fur-rasenkantenstecher\/","name":"Stiel fur Rasenkantenstecher - Sneeboer","isPartOf":{"@id":"https:\/\/sneeboer.ratiodesign.dev\/de-ch\/#website"},"primaryImageOfPage":{"@id":"https:\/\/sneeboer.ratiodesign.dev\/de-ch\/handgeschmiedete-gartengeraete\/stiel-fur-rasenkantenstecher\/#primaryimage"},"image":{"@id":"https:\/\/sneeboer.ratiodesign.dev\/de-ch\/handgeschmiedete-gartengeraete\/stiel-fur-rasenkantenstecher\/#primaryimage"},"thumbnailUrl":"https:\/\/sneeboer.ratiodesign.dev\/wp-content\/uploads\/2023\/05\/140250-voor-website.jpg","datePublished":"2023-05-09T11:17:17+00:00","dateModified":"2023-08-28T13:43:46+00:00","breadcrumb":{"@id":"https:\/\/sneeboer.ratiodesign.dev\/de-ch\/handgeschmiedete-gartengeraete\/stiel-fur-rasenkantenstecher\/#breadcrumb"},"inLanguage":"de-CH","potentialAction":[{"@type":"ReadAction","target":["https:\/\/sneeboer.ratiodesign.dev\/de-ch\/handgeschmiedete-gartengeraete\/stiel-fur-rasenkantenstecher\/"]}]},{"@type":"ImageObject","inLanguage":"de-CH","@id":"https:\/\/sneeboer.ratiodesign.dev\/de-ch\/handgeschmiedete-gartengeraete\/stiel-fur-rasenkantenstecher\/#primaryimage","url":"https:\/\/sneeboer.ratiodesign.dev\/wp-content\/uploads\/2023\/05\/140250-voor-website.jpg","contentUrl":"https:\/\/sneeboer.ratiodesign.dev\/wp-content\/uploads\/2023\/05\/140250-voor-website.jpg","width":1000,"height":1000},{"@type":"BreadcrumbList","@id":"https:\/\/sneeboer.ratiodesign.dev\/de-ch\/handgeschmiedete-gartengeraete\/stiel-fur-rasenkantenstecher\/#breadcrumb","itemListElement":[{"@type":"ListItem","position":1,"name":"Home","item":"https:\/\/sneeboer.ratiodesign.dev\/de-ch\/"},{"@type":"ListItem","position":2,"name":"Shop","item":"https:\/\/sneeboer.ratiodesign.dev\/tuingereedschap\/"},{"@type":"ListItem","position":3,"name":"Stiel fur Rasenkantenstecher"}]},{"@type":"WebSite","@id":"https:\/\/sneeboer.ratiodesign.dev\/de-ch\/#website","url":"https:\/\/sneeboer.ratiodesign.dev\/de-ch\/","name":"Sneeboer","description":"Tools for life - and generations to come...","publisher":{"@id":"https:\/\/sneeboer.ratiodesign.dev\/de-ch\/#organization"},"potentialAction":[{"@type":"SearchAction","target":{"@type":"EntryPoint","urlTemplate":"https:\/\/sneeboer.ratiodesign.dev\/de-ch\/?s={search_term_string}"},"query-input":{"@type":"PropertyValueSpecification","valueRequired":true,"valueName":"search_term_string"}}],"inLanguage":"de-CH"},{"@type":"Organization","@id":"https:\/\/sneeboer.ratiodesign.dev\/de-ch\/#organization","name":"Sneeboer","url":"https:\/\/sneeboer.ratiodesign.dev\/de-ch\/","logo":{"@type":"ImageObject","inLanguage":"de-CH","@id":"https:\/\/sneeboer.ratiodesign.dev\/de-ch\/#\/schema\/logo\/image\/","url":"https:\/\/sneeboer.ratiodesign.dev\/wp-content\/uploads\/2025\/01\/logo-sneeboer.svg","contentUrl":"https:\/\/sneeboer.ratiodesign.dev\/wp-content\/uploads\/2025\/01\/logo-sneeboer.svg","caption":"Sneeboer"},"image":{"@id":"https:\/\/sneeboer.ratiodesign.dev\/de-ch\/#\/schema\/logo\/image\/"},"sameAs":["https:\/\/www.facebook.com\/Sneeboer","https:\/\/www.instagram.com\/sneeboer\/","https:\/\/www.youtube.com\/channel\/UCW9Qf54JFJFwVHzRNJbLAcg","https:\/\/pinterest.com\/sneeboer"]}]}},"_links":{"self":[{"href":"https:\/\/sneeboer.ratiodesign.dev\/de-ch\/wp-json\/wp\/v2\/product\/50594","targetHints":{"allow":["GET"]}}],"collection":[{"href":"https:\/\/sneeboer.ratiodesign.dev\/de-ch\/wp-json\/wp\/v2\/product"}],"about":[{"href":"https:\/\/sneeboer.ratiodesign.dev\/de-ch\/wp-json\/wp\/v2\/types\/product"}],"wp:featuredmedia":[{"embeddable":true,"href":"https:\/\/sneeboer.ratiodesign.dev\/de-ch\/wp-json\/wp\/v2\/media\/43875"}],"wp:attachment":[{"href":"https:\/\/sneeboer.ratiodesign.dev\/de-ch\/wp-json\/wp\/v2\/media?parent=50594"}],"wp:term":[{"taxonomy":"product_brand","embeddable":true,"href":"https:\/\/sneeboer.ratiodesign.dev\/de-ch\/wp-json\/wp\/v2\/product_brand?post=50594"},{"taxonomy":"product_cat","embeddable":true,"href":"https:\/\/sneeboer.ratiodesign.dev\/de-ch\/wp-json\/wp\/v2\/product_cat?post=50594"},{"taxonomy":"product_tag","embeddable":true,"href":"https:\/\/sneeboer.ratiodesign.dev\/de-ch\/wp-json\/wp\/v2\/product_tag?post=50594"},{"taxonomy":"weeds","embeddable":true,"href":"https:\/\/sneeboer.ratiodesign.dev\/de-ch\/wp-json\/wp\/v2\/weeds?post=50594"},{"taxonomy":"soil_types","embeddable":true,"href":"https:\/\/sneeboer.ratiodesign.dev\/de-ch\/wp-json\/wp\/v2\/soil_types?post=50594"}],"curies":[{"name":"wp","href":"https:\/\/api.w.org\/{rel}","templated":true}]}}