{"id":50506,"date":"2023-05-09T13:10:01","date_gmt":"2023-05-09T11:10:01","guid":{"rendered":"https:\/\/sneeboer.com\/handgesmeed-tuingereedschap\/kirsch-griff-14-cm"},"modified":"2024-03-05T11:09:35","modified_gmt":"2024-03-05T10:09:35","slug":"kirsch-griff-14-cm","status":"publish","type":"product","link":"https:\/\/sneeboer.ratiodesign.dev\/de-ch\/handgeschmiedete-gartengeraete\/kirsch-griff-14-cm\/","title":{"rendered":"Kirschholzgriff f\u00fcr Handwerkzeuge"},"content":{"rendered":"<p>Kennen Sie schon unseren umfangreichen YouTube-Kanal, der auch Videos mit Anleitungen f\u00fcr den Austausch von Griffen bereith\u00e4lt?<\/p>\n","protected":false},"excerpt":{"rendered":"<p>Standard-Griff aus Kirschbaumholz mit einer L\u00e4nge von 14 cm, der mit den meisten Handger\u00e4ten von Sneeboer kombiniert werden kann. Das Loch hat einen Durchmesser von 7,9 mm oder 9,9 mm. Bitte teilen Sie uns w\u00e4hrend des Bestellvorgangs mit, welchen Durchmesser Sie ben\u00f6tigen. Um die Lebensdauer des Griffs zu erh\u00f6hen, empfehlen wir, das Holz mit gekochtem Lein\u00f6l einzureiben. F\u00fcr die Befestigung des Griffs am Ger\u00e4t empfehlen wir die Verwendung von Loctite Double Bubble-Kleber.<\/p>\n","protected":false},"featured_media":2496,"template":"","meta":{"inline_featured_image":false,"product_video_url":"","product_360_url":""},"product_brand":[],"product_cat":[285],"product_tag":[],"weeds":[],"soil_types":[],"class_list":{"0":"post-50506","1":"product","2":"type-product","3":"status-publish","4":"has-post-thumbnail","6":"product_cat-geraetepflege-2","7":"post","9":"first","10":"instock","11":"taxable","12":"shipping-taxable","13":"purchasable","14":"product-type-simple"},"exclude_global_add_ons":false,"addons":[{"name":"Gravur","type":"custom_text","position":0,"required":false,"title_format":"heading","default":"","description_enable":false,"description":"Voeg maximaal 50 karakters in.","placeholder_enable":false,"placeholder":"","display":"select","restrictions_type":"any_text","adjust_price":true,"price":"4.92","price_type":"quantity_based","restrictions":true,"min":"1","max":"50","options":[],"id":1684165753}],"yoast_head":"<!-- This site is optimized with the Yoast SEO plugin v27.4 - https:\/\/yoast.com\/product\/yoast-seo-wordpress\/ -->\n<title>Kirschholzgriff f\u00fcr Handwerkzeuge - Sneeboer<\/title>\n<meta name=\"robots\" content=\"index, follow, max-snippet:-1, max-image-preview:large, max-video-preview:-1\" \/>\n<link rel=\"canonical\" href=\"https:\/\/sneeboer.ratiodesign.dev\/de-ch\/handgeschmiedete-gartengeraete\/kirsch-griff-14-cm\/\" \/>\n<meta property=\"og:locale\" content=\"de_DE\" \/>\n<meta property=\"og:type\" content=\"article\" \/>\n<meta property=\"og:title\" content=\"Kirschholzgriff f\u00fcr Handwerkzeuge - Sneeboer\" \/>\n<meta property=\"og:description\" content=\"Standard-Griff aus Kirschbaumholz mit einer L\u00e4nge von 14 cm, der mit den meisten Handger\u00e4ten von Sneeboer kombiniert werden kann. Das Loch hat einen Durchmesser von 7,9 mm oder 9,9 mm. Bitte teilen Sie uns w\u00e4hrend des Bestellvorgangs mit, welchen Durchmesser Sie ben\u00f6tigen. Um die Lebensdauer des Griffs zu erh\u00f6hen, empfehlen wir, das Holz mit gekochtem Lein\u00f6l einzureiben. F\u00fcr die Befestigung des Griffs am Ger\u00e4t empfehlen wir die Verwendung von Loctite Double Bubble-Kleber.\" \/>\n<meta property=\"og:url\" content=\"https:\/\/sneeboer.ratiodesign.dev\/de-ch\/handgeschmiedete-gartengeraete\/kirsch-griff-14-cm\/\" \/>\n<meta property=\"og:site_name\" content=\"Sneeboer\" \/>\n<meta property=\"article:publisher\" content=\"https:\/\/www.facebook.com\/Sneeboer\" \/>\n<meta property=\"article:modified_time\" content=\"2024-03-05T10:09:35+00:00\" \/>\n<meta property=\"og:image\" content=\"https:\/\/sneeboer.ratiodesign.dev\/wp-content\/uploads\/2023\/05\/140249.jpg\" \/>\n\t<meta property=\"og:image:width\" content=\"1932\" \/>\n\t<meta property=\"og:image:height\" content=\"1950\" \/>\n\t<meta property=\"og:image:type\" content=\"image\/jpeg\" \/>\n<meta name=\"twitter:card\" content=\"summary_large_image\" \/>\n<!-- \/ Yoast SEO plugin. -->","yoast_head_json":{"title":"Kirschholzgriff f\u00fcr Handwerkzeuge - Sneeboer","robots":{"index":"index","follow":"follow","max-snippet":"max-snippet:-1","max-image-preview":"max-image-preview:large","max-video-preview":"max-video-preview:-1"},"canonical":"https:\/\/sneeboer.ratiodesign.dev\/de-ch\/handgeschmiedete-gartengeraete\/kirsch-griff-14-cm\/","og_locale":"de_DE","og_type":"article","og_title":"Kirschholzgriff f\u00fcr Handwerkzeuge - Sneeboer","og_description":"Standard-Griff aus Kirschbaumholz mit einer L\u00e4nge von 14 cm, der mit den meisten Handger\u00e4ten von Sneeboer kombiniert werden kann. Das Loch hat einen Durchmesser von 7,9 mm oder 9,9 mm. Bitte teilen Sie uns w\u00e4hrend des Bestellvorgangs mit, welchen Durchmesser Sie ben\u00f6tigen. Um die Lebensdauer des Griffs zu erh\u00f6hen, empfehlen wir, das Holz mit gekochtem Lein\u00f6l einzureiben. F\u00fcr die Befestigung des Griffs am Ger\u00e4t empfehlen wir die Verwendung von Loctite Double Bubble-Kleber.","og_url":"https:\/\/sneeboer.ratiodesign.dev\/de-ch\/handgeschmiedete-gartengeraete\/kirsch-griff-14-cm\/","og_site_name":"Sneeboer","article_publisher":"https:\/\/www.facebook.com\/Sneeboer","article_modified_time":"2024-03-05T10:09:35+00:00","og_image":[{"width":1932,"height":1950,"url":"https:\/\/sneeboer.ratiodesign.dev\/wp-content\/uploads\/2023\/05\/140249.jpg","type":"image\/jpeg"}],"twitter_card":"summary_large_image","schema":{"@context":"https:\/\/schema.org","@graph":[{"@type":"WebPage","@id":"https:\/\/sneeboer.ratiodesign.dev\/de-ch\/handgeschmiedete-gartengeraete\/kirsch-griff-14-cm\/","url":"https:\/\/sneeboer.ratiodesign.dev\/de-ch\/handgeschmiedete-gartengeraete\/kirsch-griff-14-cm\/","name":"Kirschholzgriff f\u00fcr Handwerkzeuge - Sneeboer","isPartOf":{"@id":"https:\/\/sneeboer.ratiodesign.dev\/de-ch\/#website"},"primaryImageOfPage":{"@id":"https:\/\/sneeboer.ratiodesign.dev\/de-ch\/handgeschmiedete-gartengeraete\/kirsch-griff-14-cm\/#primaryimage"},"image":{"@id":"https:\/\/sneeboer.ratiodesign.dev\/de-ch\/handgeschmiedete-gartengeraete\/kirsch-griff-14-cm\/#primaryimage"},"thumbnailUrl":"https:\/\/sneeboer.ratiodesign.dev\/wp-content\/uploads\/2023\/05\/140249.jpg","datePublished":"2023-05-09T11:10:01+00:00","dateModified":"2024-03-05T10:09:35+00:00","breadcrumb":{"@id":"https:\/\/sneeboer.ratiodesign.dev\/de-ch\/handgeschmiedete-gartengeraete\/kirsch-griff-14-cm\/#breadcrumb"},"inLanguage":"de-CH","potentialAction":[{"@type":"ReadAction","target":["https:\/\/sneeboer.ratiodesign.dev\/de-ch\/handgeschmiedete-gartengeraete\/kirsch-griff-14-cm\/"]}]},{"@type":"ImageObject","inLanguage":"de-CH","@id":"https:\/\/sneeboer.ratiodesign.dev\/de-ch\/handgeschmiedete-gartengeraete\/kirsch-griff-14-cm\/#primaryimage","url":"https:\/\/sneeboer.ratiodesign.dev\/wp-content\/uploads\/2023\/05\/140249.jpg","contentUrl":"https:\/\/sneeboer.ratiodesign.dev\/wp-content\/uploads\/2023\/05\/140249.jpg","width":1932,"height":1950},{"@type":"BreadcrumbList","@id":"https:\/\/sneeboer.ratiodesign.dev\/de-ch\/handgeschmiedete-gartengeraete\/kirsch-griff-14-cm\/#breadcrumb","itemListElement":[{"@type":"ListItem","position":1,"name":"Home","item":"https:\/\/sneeboer.ratiodesign.dev\/de-ch\/"},{"@type":"ListItem","position":2,"name":"Shop","item":"https:\/\/sneeboer.ratiodesign.dev\/tuingereedschap\/"},{"@type":"ListItem","position":3,"name":"Kirschholzgriff f\u00fcr Handwerkzeuge"}]},{"@type":"WebSite","@id":"https:\/\/sneeboer.ratiodesign.dev\/de-ch\/#website","url":"https:\/\/sneeboer.ratiodesign.dev\/de-ch\/","name":"Sneeboer","description":"Tools for life - and generations to come...","publisher":{"@id":"https:\/\/sneeboer.ratiodesign.dev\/de-ch\/#organization"},"potentialAction":[{"@type":"SearchAction","target":{"@type":"EntryPoint","urlTemplate":"https:\/\/sneeboer.ratiodesign.dev\/de-ch\/?s={search_term_string}"},"query-input":{"@type":"PropertyValueSpecification","valueRequired":true,"valueName":"search_term_string"}}],"inLanguage":"de-CH"},{"@type":"Organization","@id":"https:\/\/sneeboer.ratiodesign.dev\/de-ch\/#organization","name":"Sneeboer","url":"https:\/\/sneeboer.ratiodesign.dev\/de-ch\/","logo":{"@type":"ImageObject","inLanguage":"de-CH","@id":"https:\/\/sneeboer.ratiodesign.dev\/de-ch\/#\/schema\/logo\/image\/","url":"https:\/\/sneeboer.ratiodesign.dev\/wp-content\/uploads\/2025\/01\/logo-sneeboer.svg","contentUrl":"https:\/\/sneeboer.ratiodesign.dev\/wp-content\/uploads\/2025\/01\/logo-sneeboer.svg","caption":"Sneeboer"},"image":{"@id":"https:\/\/sneeboer.ratiodesign.dev\/de-ch\/#\/schema\/logo\/image\/"},"sameAs":["https:\/\/www.facebook.com\/Sneeboer","https:\/\/www.instagram.com\/sneeboer\/","https:\/\/www.youtube.com\/channel\/UCW9Qf54JFJFwVHzRNJbLAcg","https:\/\/pinterest.com\/sneeboer"]}]}},"_links":{"self":[{"href":"https:\/\/sneeboer.ratiodesign.dev\/de-ch\/wp-json\/wp\/v2\/product\/50506","targetHints":{"allow":["GET"]}}],"collection":[{"href":"https:\/\/sneeboer.ratiodesign.dev\/de-ch\/wp-json\/wp\/v2\/product"}],"about":[{"href":"https:\/\/sneeboer.ratiodesign.dev\/de-ch\/wp-json\/wp\/v2\/types\/product"}],"wp:featuredmedia":[{"embeddable":true,"href":"https:\/\/sneeboer.ratiodesign.dev\/de-ch\/wp-json\/wp\/v2\/media\/2496"}],"wp:attachment":[{"href":"https:\/\/sneeboer.ratiodesign.dev\/de-ch\/wp-json\/wp\/v2\/media?parent=50506"}],"wp:term":[{"taxonomy":"product_brand","embeddable":true,"href":"https:\/\/sneeboer.ratiodesign.dev\/de-ch\/wp-json\/wp\/v2\/product_brand?post=50506"},{"taxonomy":"product_cat","embeddable":true,"href":"https:\/\/sneeboer.ratiodesign.dev\/de-ch\/wp-json\/wp\/v2\/product_cat?post=50506"},{"taxonomy":"product_tag","embeddable":true,"href":"https:\/\/sneeboer.ratiodesign.dev\/de-ch\/wp-json\/wp\/v2\/product_tag?post=50506"},{"taxonomy":"weeds","embeddable":true,"href":"https:\/\/sneeboer.ratiodesign.dev\/de-ch\/wp-json\/wp\/v2\/weeds?post=50506"},{"taxonomy":"soil_types","embeddable":true,"href":"https:\/\/sneeboer.ratiodesign.dev\/de-ch\/wp-json\/wp\/v2\/soil_types?post=50506"}],"curies":[{"name":"wp","href":"https:\/\/api.w.org\/{rel}","templated":true}]}}