{"id":50379,"date":"2023-05-09T12:56:00","date_gmt":"2023-05-09T10:56:00","guid":{"rendered":"https:\/\/sneeboer.com\/handgesmeed-tuingereedschap\/wetzstein"},"modified":"2023-08-28T15:44:55","modified_gmt":"2023-08-28T13:44:55","slug":"wetzstein","status":"publish","type":"product","link":"https:\/\/sneeboer.ratiodesign.dev\/de-ch\/handgeschmiedete-gartengeraete\/wetzstein\/","title":{"rendered":"Wetzstein"},"content":{"rendered":"","protected":false},"excerpt":{"rendered":"<p>Herbst und Winter sind der beste Zeitpunkt f\u00fcr die Wartung und Pflege Ihrer Ger\u00e4te. Mit diesem Schleifstein lassen sich die Ger\u00e4te von Sneeboer nachsch\u00e4rfen oder etwaige Grate entfernen. Der Schleifstein ist ein unverzichtbares Hilfsmittel f\u00fcr die richtige Pflege Ihrer Gartenger\u00e4te. Er verf\u00fcgt \u00fcber eine raue (grau) sowie eine glatte Seite (braun). Um eine perfekte Schneide zu erhalten, wird das Gartenger\u00e4t zun\u00e4chst mit der rauen Seite gesch\u00e4rft und anschlie\u00dfend mit der glatteren Seite nachgearbeitet.<\/p>\n","protected":false},"featured_media":1787,"template":"","meta":{"inline_featured_image":false,"product_video_url":"","product_360_url":""},"product_brand":[],"product_cat":[],"product_tag":[290],"weeds":[],"soil_types":[],"class_list":{"0":"post-50379","1":"product","2":"type-product","3":"status-publish","4":"has-post-thumbnail","6":"product_tag-onderhoud","7":"post","9":"first","10":"instock","11":"taxable","12":"shipping-taxable","13":"purchasable","14":"product-type-simple"},"exclude_global_add_ons":[],"addons":[],"yoast_head":"<!-- This site is optimized with the Yoast SEO plugin v27.4 - https:\/\/yoast.com\/product\/yoast-seo-wordpress\/ -->\n<title>Wetzstein - Sneeboer<\/title>\n<meta name=\"robots\" content=\"index, follow, max-snippet:-1, max-image-preview:large, max-video-preview:-1\" \/>\n<link rel=\"canonical\" href=\"https:\/\/sneeboer.ratiodesign.dev\/de-ch\/handgeschmiedete-gartengeraete\/wetzstein\/\" \/>\n<meta property=\"og:locale\" content=\"de_DE\" \/>\n<meta property=\"og:type\" content=\"article\" \/>\n<meta property=\"og:title\" content=\"Wetzstein - Sneeboer\" \/>\n<meta property=\"og:description\" content=\"Herbst und Winter sind der beste Zeitpunkt f\u00fcr die Wartung und Pflege Ihrer Ger\u00e4te. Mit diesem Schleifstein lassen sich die Ger\u00e4te von Sneeboer nachsch\u00e4rfen oder etwaige Grate entfernen. Der Schleifstein ist ein unverzichtbares Hilfsmittel f\u00fcr die richtige Pflege Ihrer Gartenger\u00e4te. Er verf\u00fcgt \u00fcber eine raue (grau) sowie eine glatte Seite (braun). Um eine perfekte Schneide zu erhalten, wird das Gartenger\u00e4t zun\u00e4chst mit der rauen Seite gesch\u00e4rft und anschlie\u00dfend mit der glatteren Seite nachgearbeitet.\" \/>\n<meta property=\"og:url\" content=\"https:\/\/sneeboer.ratiodesign.dev\/de-ch\/handgeschmiedete-gartengeraete\/wetzstein\/\" \/>\n<meta property=\"og:site_name\" content=\"Sneeboer\" \/>\n<meta property=\"article:publisher\" content=\"https:\/\/www.facebook.com\/Sneeboer\" \/>\n<meta property=\"article:modified_time\" content=\"2023-08-28T13:44:55+00:00\" \/>\n<meta property=\"og:image\" content=\"https:\/\/sneeboer.ratiodesign.dev\/wp-content\/uploads\/2023\/05\/8715093050185-2-scaled-scaled-1.jpg\" \/>\n\t<meta property=\"og:image:width\" content=\"2048\" \/>\n\t<meta property=\"og:image:height\" content=\"2048\" \/>\n\t<meta property=\"og:image:type\" content=\"image\/jpeg\" \/>\n<meta name=\"twitter:card\" content=\"summary_large_image\" \/>\n<!-- \/ Yoast SEO plugin. -->","yoast_head_json":{"title":"Wetzstein - Sneeboer","robots":{"index":"index","follow":"follow","max-snippet":"max-snippet:-1","max-image-preview":"max-image-preview:large","max-video-preview":"max-video-preview:-1"},"canonical":"https:\/\/sneeboer.ratiodesign.dev\/de-ch\/handgeschmiedete-gartengeraete\/wetzstein\/","og_locale":"de_DE","og_type":"article","og_title":"Wetzstein - Sneeboer","og_description":"Herbst und Winter sind der beste Zeitpunkt f\u00fcr die Wartung und Pflege Ihrer Ger\u00e4te. Mit diesem Schleifstein lassen sich die Ger\u00e4te von Sneeboer nachsch\u00e4rfen oder etwaige Grate entfernen. Der Schleifstein ist ein unverzichtbares Hilfsmittel f\u00fcr die richtige Pflege Ihrer Gartenger\u00e4te. Er verf\u00fcgt \u00fcber eine raue (grau) sowie eine glatte Seite (braun). Um eine perfekte Schneide zu erhalten, wird das Gartenger\u00e4t zun\u00e4chst mit der rauen Seite gesch\u00e4rft und anschlie\u00dfend mit der glatteren Seite nachgearbeitet.","og_url":"https:\/\/sneeboer.ratiodesign.dev\/de-ch\/handgeschmiedete-gartengeraete\/wetzstein\/","og_site_name":"Sneeboer","article_publisher":"https:\/\/www.facebook.com\/Sneeboer","article_modified_time":"2023-08-28T13:44:55+00:00","og_image":[{"width":2048,"height":2048,"url":"https:\/\/sneeboer.ratiodesign.dev\/wp-content\/uploads\/2023\/05\/8715093050185-2-scaled-scaled-1.jpg","type":"image\/jpeg"}],"twitter_card":"summary_large_image","schema":{"@context":"https:\/\/schema.org","@graph":[{"@type":"WebPage","@id":"https:\/\/sneeboer.ratiodesign.dev\/de-ch\/handgeschmiedete-gartengeraete\/wetzstein\/","url":"https:\/\/sneeboer.ratiodesign.dev\/de-ch\/handgeschmiedete-gartengeraete\/wetzstein\/","name":"Wetzstein - Sneeboer","isPartOf":{"@id":"https:\/\/sneeboer.ratiodesign.dev\/de-ch\/#website"},"primaryImageOfPage":{"@id":"https:\/\/sneeboer.ratiodesign.dev\/de-ch\/handgeschmiedete-gartengeraete\/wetzstein\/#primaryimage"},"image":{"@id":"https:\/\/sneeboer.ratiodesign.dev\/de-ch\/handgeschmiedete-gartengeraete\/wetzstein\/#primaryimage"},"thumbnailUrl":"https:\/\/sneeboer.ratiodesign.dev\/wp-content\/uploads\/2023\/05\/8715093050185-2-scaled-scaled-1.jpg","datePublished":"2023-05-09T10:56:00+00:00","dateModified":"2023-08-28T13:44:55+00:00","breadcrumb":{"@id":"https:\/\/sneeboer.ratiodesign.dev\/de-ch\/handgeschmiedete-gartengeraete\/wetzstein\/#breadcrumb"},"inLanguage":"de-CH","potentialAction":[{"@type":"ReadAction","target":["https:\/\/sneeboer.ratiodesign.dev\/de-ch\/handgeschmiedete-gartengeraete\/wetzstein\/"]}]},{"@type":"ImageObject","inLanguage":"de-CH","@id":"https:\/\/sneeboer.ratiodesign.dev\/de-ch\/handgeschmiedete-gartengeraete\/wetzstein\/#primaryimage","url":"https:\/\/sneeboer.ratiodesign.dev\/wp-content\/uploads\/2023\/05\/8715093050185-2-scaled-scaled-1.jpg","contentUrl":"https:\/\/sneeboer.ratiodesign.dev\/wp-content\/uploads\/2023\/05\/8715093050185-2-scaled-scaled-1.jpg","width":2048,"height":2048},{"@type":"BreadcrumbList","@id":"https:\/\/sneeboer.ratiodesign.dev\/de-ch\/handgeschmiedete-gartengeraete\/wetzstein\/#breadcrumb","itemListElement":[{"@type":"ListItem","position":1,"name":"Home","item":"https:\/\/sneeboer.ratiodesign.dev\/de-ch\/"},{"@type":"ListItem","position":2,"name":"Shop","item":"https:\/\/sneeboer.ratiodesign.dev\/tuingereedschap\/"},{"@type":"ListItem","position":3,"name":"Wetzstein"}]},{"@type":"WebSite","@id":"https:\/\/sneeboer.ratiodesign.dev\/de-ch\/#website","url":"https:\/\/sneeboer.ratiodesign.dev\/de-ch\/","name":"Sneeboer","description":"Tools for life - and generations to come...","publisher":{"@id":"https:\/\/sneeboer.ratiodesign.dev\/de-ch\/#organization"},"potentialAction":[{"@type":"SearchAction","target":{"@type":"EntryPoint","urlTemplate":"https:\/\/sneeboer.ratiodesign.dev\/de-ch\/?s={search_term_string}"},"query-input":{"@type":"PropertyValueSpecification","valueRequired":true,"valueName":"search_term_string"}}],"inLanguage":"de-CH"},{"@type":"Organization","@id":"https:\/\/sneeboer.ratiodesign.dev\/de-ch\/#organization","name":"Sneeboer","url":"https:\/\/sneeboer.ratiodesign.dev\/de-ch\/","logo":{"@type":"ImageObject","inLanguage":"de-CH","@id":"https:\/\/sneeboer.ratiodesign.dev\/de-ch\/#\/schema\/logo\/image\/","url":"https:\/\/sneeboer.ratiodesign.dev\/wp-content\/uploads\/2025\/01\/logo-sneeboer.svg","contentUrl":"https:\/\/sneeboer.ratiodesign.dev\/wp-content\/uploads\/2025\/01\/logo-sneeboer.svg","caption":"Sneeboer"},"image":{"@id":"https:\/\/sneeboer.ratiodesign.dev\/de-ch\/#\/schema\/logo\/image\/"},"sameAs":["https:\/\/www.facebook.com\/Sneeboer","https:\/\/www.instagram.com\/sneeboer\/","https:\/\/www.youtube.com\/channel\/UCW9Qf54JFJFwVHzRNJbLAcg","https:\/\/pinterest.com\/sneeboer"]}]}},"_links":{"self":[{"href":"https:\/\/sneeboer.ratiodesign.dev\/de-ch\/wp-json\/wp\/v2\/product\/50379","targetHints":{"allow":["GET"]}}],"collection":[{"href":"https:\/\/sneeboer.ratiodesign.dev\/de-ch\/wp-json\/wp\/v2\/product"}],"about":[{"href":"https:\/\/sneeboer.ratiodesign.dev\/de-ch\/wp-json\/wp\/v2\/types\/product"}],"wp:featuredmedia":[{"embeddable":true,"href":"https:\/\/sneeboer.ratiodesign.dev\/de-ch\/wp-json\/wp\/v2\/media\/1787"}],"wp:attachment":[{"href":"https:\/\/sneeboer.ratiodesign.dev\/de-ch\/wp-json\/wp\/v2\/media?parent=50379"}],"wp:term":[{"taxonomy":"product_brand","embeddable":true,"href":"https:\/\/sneeboer.ratiodesign.dev\/de-ch\/wp-json\/wp\/v2\/product_brand?post=50379"},{"taxonomy":"product_cat","embeddable":true,"href":"https:\/\/sneeboer.ratiodesign.dev\/de-ch\/wp-json\/wp\/v2\/product_cat?post=50379"},{"taxonomy":"product_tag","embeddable":true,"href":"https:\/\/sneeboer.ratiodesign.dev\/de-ch\/wp-json\/wp\/v2\/product_tag?post=50379"},{"taxonomy":"weeds","embeddable":true,"href":"https:\/\/sneeboer.ratiodesign.dev\/de-ch\/wp-json\/wp\/v2\/weeds?post=50379"},{"taxonomy":"soil_types","embeddable":true,"href":"https:\/\/sneeboer.ratiodesign.dev\/de-ch\/wp-json\/wp\/v2\/soil_types?post=50379"}],"curies":[{"name":"wp","href":"https:\/\/api.w.org\/{rel}","templated":true}]}}