{"id":54169,"date":"2025-02-19T14:50:46","date_gmt":"2025-02-19T13:50:46","guid":{"rendered":"https:\/\/sneeboer.ratiodesign.dev\/service\/"},"modified":"2025-02-19T14:50:46","modified_gmt":"2025-02-19T13:50:46","slug":"service","status":"publish","type":"page","link":"https:\/\/sneeboer.ratiodesign.dev\/de-ch\/service\/","title":{"rendered":"Service"},"content":{"rendered":"\n<section class=\"wp-block-group alignfull base-grid layer layer-about is-layout-grid wp-container-core-group-is-layout-205bcd65 wp-block-group-is-layout-grid\">\n<div class=\"wp-block-group layer-about-img has-global-padding is-content-justification-right is-layout-constrained wp-container-core-group-is-layout-f1f2ed93 wp-block-group-is-layout-constrained\">\n<figure class=\"wp-block-image alignfull size-full\"><img loading=\"lazy\" decoding=\"async\" width=\"696\" height=\"456\" src=\"\/wp-content\/uploads\/2025\/02\/sneeboer-machine.jpg\" alt=\"\" class=\"wp-image-47363\" srcset=\"https:\/\/sneeboer.ratiodesign.dev\/wp-content\/uploads\/2025\/02\/sneeboer-machine.jpg 696w, https:\/\/sneeboer.ratiodesign.dev\/wp-content\/uploads\/2025\/02\/sneeboer-machine-250x164.jpg 250w, https:\/\/sneeboer.ratiodesign.dev\/wp-content\/uploads\/2025\/02\/sneeboer-machine-500x328.jpg 500w, https:\/\/sneeboer.ratiodesign.dev\/wp-content\/uploads\/2025\/02\/sneeboer-machine-600x393.jpg 600w\" sizes=\"auto, (max-width: 696px) 100vw, 696px\" \/><\/figure>\n<\/div>\n\n\n\n<div class=\"wp-block-group layer-about-img has-global-padding is-content-justification-right is-layout-constrained wp-container-core-group-is-layout-f1f2ed93 wp-block-group-is-layout-constrained\">\n<figure class=\"wp-block-image alignfull size-full\"><img loading=\"lazy\" decoding=\"async\" width=\"762\" height=\"486\" src=\"\/wp-content\/uploads\/2025\/02\/sneeboer-family.jpg\" alt=\"\" class=\"wp-image-47367\" srcset=\"https:\/\/sneeboer.ratiodesign.dev\/wp-content\/uploads\/2025\/02\/sneeboer-family.jpg 762w, https:\/\/sneeboer.ratiodesign.dev\/wp-content\/uploads\/2025\/02\/sneeboer-family-250x159.jpg 250w, https:\/\/sneeboer.ratiodesign.dev\/wp-content\/uploads\/2025\/02\/sneeboer-family-500x319.jpg 500w, https:\/\/sneeboer.ratiodesign.dev\/wp-content\/uploads\/2025\/02\/sneeboer-family-600x383.jpg 600w\" sizes=\"auto, (max-width: 762px) 100vw, 762px\" \/><\/figure>\n<\/div>\n\n\n\n<div class=\"wp-block-group layer-about-text has-global-padding is-layout-constrained wp-block-group-is-layout-constrained\">\n<h2 class=\"wp-block-heading\">Ger\u00e4te Garantie<\/h2>\n\n\n\n<p>Jedes einzigartige Sneeboer-Werkzeug ist f\u00fcr das Leben gemacht, aber sollte es irgendwelche Probleme mit Ihrem Werkzeug geben, lassen Sie es uns bitte wissen. Die Garantie betr\u00e4gt 50 Jahre ab Kauf auf alle Teile aus Edelstahl, Stahl und Titan und 1 Jahr auf alle Teile aus Holz (Stiele, Griffe). Wenn Sie Fragen haben oder einen Garantieanspruch geltend machen m\u00f6chten, senden Sie bitte eine E-Mail mit einem Foto oder wenden Sie sich an den n\u00e4chstgelegenen Sneeboer-H\u00e4ndler.<\/p>\n\n\n\n<p>Wenn wir ein Ersatzwerkzeug anbieten, werden wir unser Bestes tun, um das gleiche Werkzeug anzubieten. Sollte dies nicht m\u00f6glich sein, werden wir ein alternatives, aber \u00e4hnliches Instrument anbieten.<\/p>\n\n\n\n<p>Die folgenden Schadensursachen sind nicht von unserer Garantie abgedeckt:<\/p>\n\n\n\n<ul class=\"wp-block-list\">\n<li>Normaler Verschlei\u00df der Teile, fehlende oder gebrochene Teile oder Teile, die von Ihnen modifiziert oder ver\u00e4ndert wurden.<\/li>\n\n\n\n<li>Sch\u00e4den durch unsachgem\u00e4\u00dfen Gebrauch des Produkts, d. h. wenn ein Werkzeug auf eine Weise verwendet wurde, f\u00fcr die es nicht ausgelegt ist. Ein Beispiel: Ein Spaten bricht, weil er als Brechstange benutzt wird.<\/li>\n\n\n\n<li>Wenn das Werkzeug besch\u00e4digt ist, weil es nicht richtig gewartet oder gelagert wurde. Ein Beispiel daf\u00fcr ist, wenn Werkzeuge das ganze Jahr \u00fcber im Freien stehen, obwohl sie an einem trockenen Ort gelagert werden m\u00fcssen.<\/li>\n\n\n\n<li>Diese Garantiebedingungen gelten auch nicht, wenn ein Werkzeug einen kosmetischen Schaden erlitten hat, der seine Funktion nicht beeintr\u00e4chtigt.<\/li>\n<\/ul>\n<\/div>\n<\/section>\n\n\n\n<section class=\"wp-block-group alignfull base-grid layer layer-faq layer-faq-left has-salmon-light-background-color has-background is-layout-grid wp-container-core-group-is-layout-205bcd65 wp-block-group-is-layout-grid\">\n<div class=\"wp-block-group layer-faq-text has-global-padding is-layout-constrained wp-block-group-is-layout-constrained\">\n<h2 class=\"wp-block-heading\">Reparatur<\/h2>\n\n\n\n<p>Es kann vorkommen, dass Ihre Werkzeuge reparaturbed\u00fcrftig sind. Wir empfehlen Ihnen, einen Sneeboer-H\u00e4ndler in Ihrer N\u00e4he aufzusuchen.<\/p>\n\n\n\n<p>Es ist auch m\u00f6glich, eine E-Mail mit einer kurzen Beschreibung und einem Foto des Werkzeugs direkt an uns zu senden.<\/p>\n\n\n\n<p>Sie erhalten dann von uns eine Antwort mit einem Reparaturvorschlag und einem Preisangebot.<\/p>\n\n\n\n<p>Dann schicken Sie uns das daf\u00fcr vorgesehene Tool mit Ihrem Namen, Ihrer Adresse, Telefonnummer und E-Mail-Adresse! Nach Zahlungseingang reparieren wir das Ger\u00e4t und senden es an Sie zur\u00fcck. Dies dauert in der Regel 1 bis 2 Wochen.<\/p>\n<\/div>\n\n\n\n<div class=\"wp-block-group layer-faq-cta has-global-padding is-layout-constrained wp-block-group-is-layout-constrained\">\n<div class=\"wp-block-group layer-faq-cta-wrap is-layout-flex wp-block-group-is-layout-flex\">\n<h2 class=\"wp-block-heading has-text-align-right is-style-alt layer-faq-cta-title has-xx-large-font-size\">Kommst <br>du nicht<br> weiter?<\/h2>\n\n\n\n<ul class=\"wp-block-social-links has-visible-labels has-icon-color is-style-buttons layer-faq-cta-buttons is-vertical is-nowrap is-layout-flex wp-container-core-social-links-is-layout-3655d5c7 wp-block-social-links-is-layout-flex\">\n<div class=\"wp-block-outermost-icon-block\"><a class=\"icon-container has-icon-color has-white-color\" href=\"tel:+31-228511365\" style=\"color:#ffffff;width:48px;transform:rotate(0deg) scaleX(1) scaleY(1)\" aria-label=\"Ruf an\"><svg xmlns=\"http:\/\/www.w3.org\/2000\/svg\" viewBox=\"0 0 512 512\" aria-label=\"Ruf an\"><path d=\"M493.4 24.6l-104-24c-11.3-2.6-22.9 3.3-27.5 13.9l-48 112c-4.2 9.8-1.4 21.3 6.9 28l60.6 49.6c-36 76.7-98.9 140.5-177.2 177.2l-49.6-60.6c-6.8-8.3-18.2-11.1-28-6.9l-112 48C3.9 366.5-2 378.1.6 389.4l24 104C27.1 504.2 36.7 512 48 512c256.1 0 464-207.5 464-464 0-11.2-7.7-20.9-18.6-23.4z\"><\/path><\/svg><\/a><\/div>\n\n\n<li style=\"color:#ffffff;\" class=\"wp-social-link wp-social-link-mail has-white-color wp-block-social-link\"><a rel=\"noopener nofollow\" target=\"_blank\" href=\"mailto:info@sneeboer.com\" class=\"wp-block-social-link-anchor\"><svg width=\"24\" height=\"24\" viewBox=\"0 0 24 24\" version=\"1.1\" xmlns=\"http:\/\/www.w3.org\/2000\/svg\" aria-hidden=\"true\" focusable=\"false\"><path d=\"M19,5H5c-1.1,0-2,.9-2,2v10c0,1.1.9,2,2,2h14c1.1,0,2-.9,2-2V7c0-1.1-.9-2-2-2zm.5,12c0,.3-.2.5-.5.5H5c-.3,0-.5-.2-.5-.5V9.8l7.5,5.6,7.5-5.6V17zm0-9.1L12,13.6,4.5,7.9V7c0-.3.2-.5.5-.5h14c.3,0,.5.2.5.5v.9z\"><\/path><\/svg><span class=\"wp-block-social-link-label\">Mail<\/span><\/a><\/li>\n\n<li style=\"color:#ffffff;\" class=\"wp-social-link wp-social-link-whatsapp has-white-color wp-block-social-link\"><a rel=\"noopener nofollow\" target=\"_blank\" href=\"https:\/\/wa.me\/31228511365\" class=\"wp-block-social-link-anchor\"><svg width=\"24\" height=\"24\" viewBox=\"0 0 24 24\" version=\"1.1\" xmlns=\"http:\/\/www.w3.org\/2000\/svg\" aria-hidden=\"true\" focusable=\"false\"><path d=\"M 12.011719 2 C 6.5057187 2 2.0234844 6.478375 2.0214844 11.984375 C 2.0204844 13.744375 2.4814687 15.462563 3.3554688 16.976562 L 2 22 L 7.2324219 20.763672 C 8.6914219 21.559672 10.333859 21.977516 12.005859 21.978516 L 12.009766 21.978516 C 17.514766 21.978516 21.995047 17.499141 21.998047 11.994141 C 22.000047 9.3251406 20.962172 6.8157344 19.076172 4.9277344 C 17.190172 3.0407344 14.683719 2.001 12.011719 2 z M 12.009766 4 C 14.145766 4.001 16.153109 4.8337969 17.662109 6.3417969 C 19.171109 7.8517969 20.000047 9.8581875 19.998047 11.992188 C 19.996047 16.396187 16.413812 19.978516 12.007812 19.978516 C 10.674812 19.977516 9.3544062 19.642812 8.1914062 19.007812 L 7.5175781 18.640625 L 6.7734375 18.816406 L 4.8046875 19.28125 L 5.2851562 17.496094 L 5.5019531 16.695312 L 5.0878906 15.976562 C 4.3898906 14.768562 4.0204844 13.387375 4.0214844 11.984375 C 4.0234844 7.582375 7.6067656 4 12.009766 4 z M 8.4765625 7.375 C 8.3095625 7.375 8.0395469 7.4375 7.8105469 7.6875 C 7.5815469 7.9365 6.9355469 8.5395781 6.9355469 9.7675781 C 6.9355469 10.995578 7.8300781 12.182609 7.9550781 12.349609 C 8.0790781 12.515609 9.68175 15.115234 12.21875 16.115234 C 14.32675 16.946234 14.754891 16.782234 15.212891 16.740234 C 15.670891 16.699234 16.690438 16.137687 16.898438 15.554688 C 17.106437 14.971687 17.106922 14.470187 17.044922 14.367188 C 16.982922 14.263188 16.816406 14.201172 16.566406 14.076172 C 16.317406 13.951172 15.090328 13.348625 14.861328 13.265625 C 14.632328 13.182625 14.464828 13.140625 14.298828 13.390625 C 14.132828 13.640625 13.655766 14.201187 13.509766 14.367188 C 13.363766 14.534188 13.21875 14.556641 12.96875 14.431641 C 12.71875 14.305641 11.914938 14.041406 10.960938 13.191406 C 10.218937 12.530406 9.7182656 11.714844 9.5722656 11.464844 C 9.4272656 11.215844 9.5585938 11.079078 9.6835938 10.955078 C 9.7955938 10.843078 9.9316406 10.663578 10.056641 10.517578 C 10.180641 10.371578 10.223641 10.267562 10.306641 10.101562 C 10.389641 9.9355625 10.347156 9.7890625 10.285156 9.6640625 C 10.223156 9.5390625 9.737625 8.3065 9.515625 7.8125 C 9.328625 7.3975 9.131125 7.3878594 8.953125 7.3808594 C 8.808125 7.3748594 8.6425625 7.375 8.4765625 7.375 z\"><\/path><\/svg><span class=\"wp-block-social-link-label\">WhatsApp<\/span><\/a><\/li><\/ul>\n<\/div>\n<\/div>\n\n\n\n<div class=\"wp-block-group layer-faq-img is-content-justification-right is-nowrap is-layout-flex wp-container-core-group-is-layout-17124a9a wp-block-group-is-layout-flex\">\n<figure class=\"wp-block-image alignright size-large is-resized\"><img loading=\"lazy\" decoding=\"async\" width=\"500\" height=\"343\" src=\"\/wp-content\/uploads\/2025\/02\/faq-example-product-500x343.png\" alt=\"\" class=\"wp-image-47297\" style=\"width:350px\" srcset=\"https:\/\/sneeboer.ratiodesign.dev\/wp-content\/uploads\/2025\/02\/faq-example-product-500x343.png 500w, https:\/\/sneeboer.ratiodesign.dev\/wp-content\/uploads\/2025\/02\/faq-example-product-250x171.png 250w, https:\/\/sneeboer.ratiodesign.dev\/wp-content\/uploads\/2025\/02\/faq-example-product-768x527.png 768w, https:\/\/sneeboer.ratiodesign.dev\/wp-content\/uploads\/2025\/02\/faq-example-product-1536x1053.png 1536w, https:\/\/sneeboer.ratiodesign.dev\/wp-content\/uploads\/2025\/02\/faq-example-product-600x411.png 600w, https:\/\/sneeboer.ratiodesign.dev\/wp-content\/uploads\/2025\/02\/faq-example-product.png 1775w\" sizes=\"auto, (max-width: 500px) 100vw, 500px\" \/><\/figure>\n<\/div>\n<\/section>\n\n\n\n<section class=\"wp-block-group alignfull base-grid layer layer-faq layer-faq-right is-layout-grid wp-container-core-group-is-layout-205bcd65 wp-block-group-is-layout-grid\">\n<div class=\"wp-block-group layer-faq-img has-global-padding is-layout-constrained wp-block-group-is-layout-constrained\">\n<figure class=\"wp-block-image alignfull size-large\"><img loading=\"lazy\" decoding=\"async\" width=\"500\" height=\"336\" src=\"http:\/\/localhost\/wp-content\/uploads\/2025\/02\/sneeboer-loading-500x336.jpg\" alt=\"\" class=\"wp-image-47317\" srcset=\"https:\/\/sneeboer.ratiodesign.dev\/wp-content\/uploads\/2025\/02\/sneeboer-loading-500x336.jpg 500w, https:\/\/sneeboer.ratiodesign.dev\/wp-content\/uploads\/2025\/02\/sneeboer-loading-250x168.jpg 250w, https:\/\/sneeboer.ratiodesign.dev\/wp-content\/uploads\/2025\/02\/sneeboer-loading-768x516.jpg 768w, https:\/\/sneeboer.ratiodesign.dev\/wp-content\/uploads\/2025\/02\/sneeboer-loading-1536x1032.jpg 1536w, https:\/\/sneeboer.ratiodesign.dev\/wp-content\/uploads\/2025\/02\/sneeboer-loading-600x403.jpg 600w, https:\/\/sneeboer.ratiodesign.dev\/wp-content\/uploads\/2025\/02\/sneeboer-loading.jpg 2048w\" sizes=\"auto, (max-width: 500px) 100vw, 500px\" \/><\/figure>\n<\/div>\n\n\n\n<div class=\"wp-block-group layer-faq-text wp-container-content-0562d7ac has-global-padding is-layout-constrained wp-block-group-is-layout-constrained\">\n<h2 class=\"wp-block-heading\">Ger\u00e4tepflege<\/h2>\n\n\n\n<h3 class=\"wp-block-heading\">Vor dem ersten Garteneinsatz:<\/h3>\n\n\n\n<p>Behandeln Sie Ihre Ger\u00e4te vor dem ersten Einsatz mit Lein\u00f6l. Stiele und Griffe bleiben so l\u00e4nger sch\u00f6n, trocknen nicht aus und der Schmutz haftet weniger schnell an. Auch die Edelstahlteile k\u00f6nnen mit Lein\u00f6l eingerieben werden. Die Erde gleitet dann noch besser vom Spatenblatt, von der Harke oder dem Handger\u00e4t.<\/p>\n\n\n\n<h3 class=\"wp-block-heading\">In vier Schritten zu perfekt gepflegten Ger\u00e4ten:<\/h3>\n\n\n\n<details class=\"wp-block-details\"><summary><h4 class=\"wp-block-heading is-layout-flow wp-block-details-is-layout-flow\">Schritt 1: S\u00e4ubern<\/h4><\/summary>\n<p class=\"has-text-align-full wp-embed-aspect-16-9 wp-has-aspect-ratio\">Entfernen Sie zuerst Erdreste und andere Verunreinigungen mit einer harten B\u00fcrste. Unsere speziell entwickelte Sneeboer-Messingb\u00fcrste ist daf\u00fcr nat\u00fcrlich perfekt geeignet. So verhindern Sie auch die Verbreitung von Krankheiten zwischen den Pflanzen. Sollten Sie auch Werkzeuge aus Stahl haben, k\u00f6nnen Sie die Klingen auch mit Schleifpapier abschleifen. Dies ist bei Werkzeugen aus Edelstahl nicht erforderlich.<\/p>\n\n\n\n<figure class=\"wp-block-embed alignfull is-type-video is-provider-youtube wp-block-embed-youtube wp-embed-aspect-16-9 wp-has-aspect-ratio\"><div class=\"wp-block-embed__wrapper\">\n<iframe loading=\"lazy\" title=\"Maintenance Garden tools- Cleaning\" width=\"500\" height=\"281\" src=\"https:\/\/www.youtube.com\/embed\/1jdhNgVmY6Q?feature=oembed\" frameborder=\"0\" allow=\"accelerometer; autoplay; clipboard-write; encrypted-media; gyroscope; picture-in-picture; web-share\" referrerpolicy=\"strict-origin-when-cross-origin\" allowfullscreen><\/iframe>\n<\/div><\/figure>\n<\/details>\n\n\n\n<details class=\"wp-block-details\"><summary><h4 class=\"wp-block-heading is-layout-flow wp-block-details-is-layout-flow\">Schritt 2: Schleifen<\/h4><\/summary>\n<p class=\"has-text-align-full wp-embed-aspect-16-9 wp-has-aspect-ratio\">Ein scharfer Spaten ist der Freund eines jeden G\u00e4rtners. Zum Schleifen der Kanten sollten Sie aber bitte nur Qualit\u00e4tsschleifsteine benutzen. Wir haben f\u00fcr den Schliff der Sneeboer-Gartenger\u00e4te eine perfekte, sehr handliche Schleiffeile entworfen. Schleifen Sie mit leichter Hand ausschlie\u00dflich die schr\u00e4ge Schleifkante und behalten Sie den Schr\u00e4gwinkel bei. Schleifen Sie zuerst die Vorderkante, drehen dann das Ger\u00e4t um und schleifen die r\u00fcckseitige Kante kurz \u00fcber.<\/p>\n\n\n\n<p class=\"has-text-align-full wp-embed-aspect-16-9 wp-has-aspect-ratio\"><em>Hinweis: Sch\u00e4rfen Sie Ihre Werkzeuge niemals mit elektrischen Schleifmaschinen. Hohe Temperaturen beeinflussen die Qualit\u00e4t des Edelstahls.<\/em><\/p>\n\n\n\n<figure class=\"wp-block-embed alignfull is-type-video is-provider-youtube wp-block-embed-youtube wp-embed-aspect-16-9 wp-has-aspect-ratio\"><div class=\"wp-block-embed__wrapper\">\n<iframe loading=\"lazy\" title=\"Maintenance Garden Tools- Sharpening\" width=\"500\" height=\"281\" src=\"https:\/\/www.youtube.com\/embed\/4xBQzvth4aA?feature=oembed\" frameborder=\"0\" allow=\"accelerometer; autoplay; clipboard-write; encrypted-media; gyroscope; picture-in-picture; web-share\" referrerpolicy=\"strict-origin-when-cross-origin\" allowfullscreen><\/iframe>\n<\/div><\/figure>\n<\/details>\n\n\n\n<details class=\"wp-block-details\"><summary><h4 class=\"wp-block-heading is-layout-flow wp-block-details-is-layout-flow\">Schritt 3: Einfetten<\/h4><\/summary>\n<p class=\"has-text-align-full wp-embed-aspect-16-9 wp-has-aspect-ratio\">Nach dem S\u00e4ubern und Schleifen sollten Sie das Blatt, die Klingen, den Holzstiel und die Griffe mit einer d\u00fcnnen Schicht Lein\u00f6l \u00fcberziehen. Achtung: Bewahren Sie nach dem Gebrauch das Putztuch unbedingt in einem luftdichten Beh\u00e4lter auf. Lein\u00f6l kann sich bei trockener Hitze selbst entz\u00fcnden. Es besteht Brandgefahr!<\/p>\n\n\n\n<figure class=\"wp-block-embed alignfull is-type-video is-provider-youtube wp-block-embed-youtube wp-embed-aspect-16-9 wp-has-aspect-ratio\"><div class=\"wp-block-embed__wrapper\">\n<iframe loading=\"lazy\" title=\"Maintenance Garden Tools- Oiling\" width=\"500\" height=\"281\" src=\"https:\/\/www.youtube.com\/embed\/cbtMtFb9d3k?feature=oembed\" frameborder=\"0\" allow=\"accelerometer; autoplay; clipboard-write; encrypted-media; gyroscope; picture-in-picture; web-share\" referrerpolicy=\"strict-origin-when-cross-origin\" allowfullscreen><\/iframe>\n<\/div><\/figure>\n<\/details>\n\n\n\n<details class=\"wp-block-details\"><summary><h4 class=\"wp-block-heading is-layout-flow wp-block-details-is-layout-flow\">Schritt 4: Aufbewahren<\/h4><\/summary>\n<p>F\u00fcr die meisten Gartenliebhaber ist dies ein Schritt, der meist nicht so genau eingehalten wird. Nach einem Tag Gartenarbeit bleibt manchmal noch ein Ger\u00e4t liegen. Aber denken Sie daran \u2013 je besser Sie f\u00fcr Ihre Ger\u00e4te sorgen, umso l\u00e4nger werden sie leben. Bewahren Sie deshalb Ger\u00e4te mit Holzstielen und Griffen an einem trockenen Ort auf und sch\u00fctzen Sie Ihre Werkzeuge vor direkter Sonneneinstrahlung und extremen Temperatur- und Luftfeuchtigkeitsschwankungen. Es ist auch eine gute Idee, die Ger\u00e4te au\u00dferhalb der Reichweite von Kindern zu lagern.<\/p>\n<\/details>\n<\/div>\n<\/section>\n","protected":false},"excerpt":{"rendered":"<p>Ger\u00e4te Garantie Jedes einzigartige Sneeboer-Werkzeug ist f\u00fcr das Leben gemacht, aber sollte es irgendwelche Probleme mit Ihrem Werkzeug geben, lassen Sie es uns bitte wissen. Die Garantie betr\u00e4gt 50 Jahre ab Kauf auf alle Teile aus Edelstahl, Stahl und Titan und 1 Jahr auf alle Teile aus Holz (Stiele, Griffe). Wenn Sie Fragen haben oder [&hellip;]<\/p>\n","protected":false},"author":8062,"featured_media":0,"parent":0,"menu_order":75,"comment_status":"closed","ping_status":"closed","template":"","meta":{"inline_featured_image":false,"home_video_url":"","home_alt_img_url":"","footnotes":""},"class_list":["post-54169","page","type-page","status-publish","hentry","post"],"yoast_head":"<!-- This site is optimized with the Yoast SEO plugin v27.4 - https:\/\/yoast.com\/product\/yoast-seo-wordpress\/ -->\n<title>Service - Sneeboer<\/title>\n<meta name=\"robots\" content=\"index, follow, max-snippet:-1, max-image-preview:large, max-video-preview:-1\" \/>\n<link rel=\"canonical\" href=\"https:\/\/sneeboer.ratiodesign.dev\/de-ch\/service\/\" \/>\n<meta property=\"og:locale\" content=\"de_DE\" \/>\n<meta property=\"og:type\" content=\"article\" \/>\n<meta property=\"og:title\" content=\"Service - Sneeboer\" \/>\n<meta property=\"og:description\" content=\"Ger\u00e4te Garantie Jedes einzigartige Sneeboer-Werkzeug ist f\u00fcr das Leben gemacht, aber sollte es irgendwelche Probleme mit Ihrem Werkzeug geben, lassen Sie es uns bitte wissen. Die Garantie betr\u00e4gt 50 Jahre ab Kauf auf alle Teile aus Edelstahl, Stahl und Titan und 1 Jahr auf alle Teile aus Holz (Stiele, Griffe). Wenn Sie Fragen haben oder [&hellip;]\" \/>\n<meta property=\"og:url\" content=\"https:\/\/sneeboer.ratiodesign.dev\/de-ch\/service\/\" \/>\n<meta property=\"og:site_name\" content=\"Sneeboer\" \/>\n<meta property=\"article:publisher\" content=\"https:\/\/www.facebook.com\/Sneeboer\" \/>\n<meta property=\"og:image\" content=\"http:\/\/localhost\/wp-content\/uploads\/2025\/02\/sneeboer-loading-500x336.jpg\" \/>\n<meta name=\"twitter:card\" content=\"summary_large_image\" \/>\n<meta name=\"twitter:label1\" content=\"Est. reading time\" \/>\n\t<meta name=\"twitter:data1\" content=\"4 minutes\" \/>\n<!-- \/ Yoast SEO plugin. -->","yoast_head_json":{"title":"Service - Sneeboer","robots":{"index":"index","follow":"follow","max-snippet":"max-snippet:-1","max-image-preview":"max-image-preview:large","max-video-preview":"max-video-preview:-1"},"canonical":"https:\/\/sneeboer.ratiodesign.dev\/de-ch\/service\/","og_locale":"de_DE","og_type":"article","og_title":"Service - Sneeboer","og_description":"Ger\u00e4te Garantie Jedes einzigartige Sneeboer-Werkzeug ist f\u00fcr das Leben gemacht, aber sollte es irgendwelche Probleme mit Ihrem Werkzeug geben, lassen Sie es uns bitte wissen. Die Garantie betr\u00e4gt 50 Jahre ab Kauf auf alle Teile aus Edelstahl, Stahl und Titan und 1 Jahr auf alle Teile aus Holz (Stiele, Griffe). Wenn Sie Fragen haben oder [&hellip;]","og_url":"https:\/\/sneeboer.ratiodesign.dev\/de-ch\/service\/","og_site_name":"Sneeboer","article_publisher":"https:\/\/www.facebook.com\/Sneeboer","og_image":[{"url":"http:\/\/localhost\/wp-content\/uploads\/2025\/02\/sneeboer-loading-500x336.jpg","type":"","width":"","height":""}],"twitter_card":"summary_large_image","twitter_misc":{"Est. reading time":"4 minutes"},"schema":{"@context":"https:\/\/schema.org","@graph":[{"@type":"WebPage","@id":"https:\/\/sneeboer.ratiodesign.dev\/de-ch\/service\/","url":"https:\/\/sneeboer.ratiodesign.dev\/de-ch\/service\/","name":"Service - Sneeboer","isPartOf":{"@id":"https:\/\/sneeboer.ratiodesign.dev\/de-ch\/#website"},"primaryImageOfPage":{"@id":"https:\/\/sneeboer.ratiodesign.dev\/de-ch\/service\/#primaryimage"},"image":{"@id":"https:\/\/sneeboer.ratiodesign.dev\/de-ch\/service\/#primaryimage"},"thumbnailUrl":"http:\/\/localhost\/wp-content\/uploads\/2025\/02\/sneeboer-loading-500x336.jpg","datePublished":"2025-02-19T13:50:46+00:00","breadcrumb":{"@id":"https:\/\/sneeboer.ratiodesign.dev\/de-ch\/service\/#breadcrumb"},"inLanguage":"de-CH","potentialAction":[{"@type":"ReadAction","target":["https:\/\/sneeboer.ratiodesign.dev\/de-ch\/service\/"]}]},{"@type":"ImageObject","inLanguage":"de-CH","@id":"https:\/\/sneeboer.ratiodesign.dev\/de-ch\/service\/#primaryimage","url":"http:\/\/localhost\/wp-content\/uploads\/2025\/02\/sneeboer-loading-500x336.jpg","contentUrl":"http:\/\/localhost\/wp-content\/uploads\/2025\/02\/sneeboer-loading-500x336.jpg"},{"@type":"BreadcrumbList","@id":"https:\/\/sneeboer.ratiodesign.dev\/de-ch\/service\/#breadcrumb","itemListElement":[{"@type":"ListItem","position":1,"name":"Home","item":"https:\/\/sneeboer.ratiodesign.dev\/de-ch\/"},{"@type":"ListItem","position":2,"name":"Service"}]},{"@type":"WebSite","@id":"https:\/\/sneeboer.ratiodesign.dev\/de-ch\/#website","url":"https:\/\/sneeboer.ratiodesign.dev\/de-ch\/","name":"Sneeboer","description":"Tools for life - and generations to come...","publisher":{"@id":"https:\/\/sneeboer.ratiodesign.dev\/de-ch\/#organization"},"potentialAction":[{"@type":"SearchAction","target":{"@type":"EntryPoint","urlTemplate":"https:\/\/sneeboer.ratiodesign.dev\/de-ch\/?s={search_term_string}"},"query-input":{"@type":"PropertyValueSpecification","valueRequired":true,"valueName":"search_term_string"}}],"inLanguage":"de-CH"},{"@type":"Organization","@id":"https:\/\/sneeboer.ratiodesign.dev\/de-ch\/#organization","name":"Sneeboer","url":"https:\/\/sneeboer.ratiodesign.dev\/de-ch\/","logo":{"@type":"ImageObject","inLanguage":"de-CH","@id":"https:\/\/sneeboer.ratiodesign.dev\/de-ch\/#\/schema\/logo\/image\/","url":"https:\/\/sneeboer.ratiodesign.dev\/wp-content\/uploads\/2025\/01\/logo-sneeboer.svg","contentUrl":"https:\/\/sneeboer.ratiodesign.dev\/wp-content\/uploads\/2025\/01\/logo-sneeboer.svg","caption":"Sneeboer"},"image":{"@id":"https:\/\/sneeboer.ratiodesign.dev\/de-ch\/#\/schema\/logo\/image\/"},"sameAs":["https:\/\/www.facebook.com\/Sneeboer","https:\/\/www.instagram.com\/sneeboer\/","https:\/\/www.youtube.com\/channel\/UCW9Qf54JFJFwVHzRNJbLAcg","https:\/\/pinterest.com\/sneeboer"]}]}},"_links":{"self":[{"href":"https:\/\/sneeboer.ratiodesign.dev\/de-ch\/wp-json\/wp\/v2\/pages\/54169","targetHints":{"allow":["GET"]}}],"collection":[{"href":"https:\/\/sneeboer.ratiodesign.dev\/de-ch\/wp-json\/wp\/v2\/pages"}],"about":[{"href":"https:\/\/sneeboer.ratiodesign.dev\/de-ch\/wp-json\/wp\/v2\/types\/page"}],"author":[{"embeddable":true,"href":"https:\/\/sneeboer.ratiodesign.dev\/de-ch\/wp-json\/wp\/v2\/users\/8062"}],"replies":[{"embeddable":true,"href":"https:\/\/sneeboer.ratiodesign.dev\/de-ch\/wp-json\/wp\/v2\/comments?post=54169"}],"version-history":[{"count":0,"href":"https:\/\/sneeboer.ratiodesign.dev\/de-ch\/wp-json\/wp\/v2\/pages\/54169\/revisions"}],"wp:attachment":[{"href":"https:\/\/sneeboer.ratiodesign.dev\/de-ch\/wp-json\/wp\/v2\/media?parent=54169"}],"curies":[{"name":"wp","href":"https:\/\/api.w.org\/{rel}","templated":true}]}}